{"id":6061,"date":"2025-07-28T17:03:06","date_gmt":"2025-07-28T17:03:06","guid":{"rendered":"https:\/\/concept05design.com\/produit\/suki\/"},"modified":"2025-07-28T17:03:55","modified_gmt":"2025-07-28T17:03:55","slug":"suki","status":"publish","type":"product","link":"https:\/\/concept05design.com\/en\/produit\/suki\/","title":{"rendered":"Suki"},"content":{"rendered":"<p data-start=\"506\" data-end=\"528\"><strong data-start=\"506\" data-end=\"526\">Features<\/strong><\/p>\n<ul data-start=\"529\" data-end=\"857\">\n<li data-start=\"529\" data-end=\"562\">\n<p data-start=\"531\" data-end=\"562\">Solid brass construction<\/p>\n<\/li>\n<li data-start=\"563\" data-end=\"592\">\n<p data-start=\"565\" data-end=\"592\">Freestanding installation<\/p>\n<\/li>\n<li data-start=\"593\" data-end=\"637\">\n<p data-start=\"595\" data-end=\"637\">Hand shower with limestone spout<\/p>\n<\/li>\n<li data-start=\"638\" data-end=\"666\">\n<p data-start=\"640\" data-end=\"666\">Corrosion-resistant<\/p>\n<\/li>\n<li data-start=\"667\" data-end=\"693\">\n<p data-start=\"669\" data-end=\"693\">Ceramic cartridge<\/p>\n<\/li>\n<li data-start=\"694\" data-end=\"731\">\n<p data-start=\"696\" data-end=\"731\">Pressure regulation system<\/p>\n<\/li>\n<li data-start=\"732\" data-end=\"767\">\n<p data-start=\"734\" data-end=\"767\">1\/2&#8243; pipe connection<\/p>\n<\/li>\n<li data-start=\"768\" data-end=\"816\">\n<p data-start=\"770\" data-end=\"816\">Hand shower flow rate: 2.5 gpm max at 60 psi<\/p>\n<\/li>\n<li data-start=\"817\" data-end=\"857\">\n<p data-start=\"819\" data-end=\"857\">Spout flow: 2.64 gpm max at 60 psi<\/p>\n<\/li>\n<\/ul>\n<p data-start=\"859\" data-end=\"879\"><strong data-start=\"859\" data-end=\"877\">Specifications<\/strong><\/p>\n<ul data-start=\"880\" data-end=\"1094\" data-is-last-node=\"\" data-is-only-node=\"\">\n<li data-start=\"880\" data-end=\"912\">\n<p data-start=\"882\" data-end=\"912\">Available finishes: chrome<\/p>\n<\/li>\n<li data-start=\"913\" data-end=\"1014\">\n<p data-start=\"915\" data-end=\"1014\">This model meets or exceeds the following requirements: CSA (B125.1-18) and CUPC (ASME A112.18.1)<\/p>\n<\/li>\n<li data-start=\"1015\" data-end=\"1050\">\n<p data-start=\"1017\" data-end=\"1050\">Lifetime cartridge warranty<\/p>\n<\/li>\n<li data-start=\"1051\" data-end=\"1094\" data-is-last-node=\"\">\n<p data-start=\"1053\" data-end=\"1094\" data-is-last-node=\"\">15-year warranty on chrome finish<\/p>\n<\/li>\n<\/ul>\n","protected":false},"excerpt":{"rendered":"<p data-start=\"0\" data-end=\"504\">This faucet with its angular lines and futuristic design is sure to add character to your bathroom! Its unique handle makes it easy to control the temperature, while its hand shower with limestone tip will be a real ally when it comes to rinsing. Thanks to its solid brass construction and ceramic cartridge, the <strong data-start=\"370\" data-end=\"378\">SUKI<\/strong> guarantees remarkable durability. It offers balanced pressure, making it an ideal choice for everyday use.   <\/p>\n<p data-start=\"506\" data-end=\"528\">\n<p data-start=\"506\" data-end=\"528\"><img decoding=\"async\" class=\"alignnone size-medium wp-image-6059\" src=\"https:\/\/concept05design.com\/wp-content\/uploads\/2025\/07\/Untitled-53-267x300.png\" alt=\"\" width=\"267\" height=\"300\" srcset=\"https:\/\/concept05design.com\/wp-content\/uploads\/2025\/07\/Untitled-53-200x224.png 200w, https:\/\/concept05design.com\/wp-content\/uploads\/2025\/07\/Untitled-53-267x300.png 267w, https:\/\/concept05design.com\/wp-content\/uploads\/2025\/07\/Untitled-53.png 352w\" sizes=\"(max-width: 267px) 100vw, 267px\" \/><\/p>\n","protected":false},"featured_media":6058,"template":"","meta":[],"product_brand":[],"product_cat":[436,418,433],"product_tag":[],"class_list":{"0":"post-6061","1":"product","2":"type-product","3":"status-publish","4":"has-post-thumbnail","6":"product_cat-bath","7":"product_cat-bathroom","8":"product_cat-faucet-en","10":"first","11":"instock","12":"shipping-taxable","13":"product-type-simple"},"yoast_head":"<!-- This site is optimized with the Yoast SEO plugin v27.4 - https:\/\/yoast.com\/product\/yoast-seo-wordpress\/ -->\n<title>Suki - Concept 05 Design<\/title>\n<meta name=\"robots\" content=\"index, follow, max-snippet:-1, max-image-preview:large, max-video-preview:-1\" \/>\n<link rel=\"canonical\" href=\"https:\/\/concept05design.com\/en\/produit\/suki\/\" \/>\n<meta property=\"og:locale\" content=\"en_US\" \/>\n<meta property=\"og:type\" content=\"article\" \/>\n<meta property=\"og:title\" content=\"Suki - Concept 05 Design\" \/>\n<meta property=\"og:description\" content=\"This faucet with its angular lines and futuristic design is sure to add character to your bathroom! Its unique handle makes it easy to control the temperature, while its hand shower with limestone tip will be a real ally when it comes to rinsing. Thanks to its solid brass construction and ceramic cartridge, the SUKI guarantees remarkable durability. It offers balanced pressure, making it an ideal choice for everyday use.\" \/>\n<meta property=\"og:url\" content=\"https:\/\/concept05design.com\/en\/produit\/suki\/\" \/>\n<meta property=\"og:site_name\" content=\"Concept 05 Design\" \/>\n<meta property=\"article:modified_time\" content=\"2025-07-28T17:03:55+00:00\" \/>\n<meta property=\"og:image\" content=\"https:\/\/concept05design.com\/wp-content\/uploads\/2025\/07\/SUKI_d2248496-8ec5-450c-8eec-d322ef1235e2.webp\" \/>\n\t<meta property=\"og:image:width\" content=\"600\" \/>\n\t<meta property=\"og:image:height\" content=\"600\" \/>\n\t<meta property=\"og:image:type\" content=\"image\/webp\" \/>\n<meta name=\"twitter:card\" content=\"summary_large_image\" \/>\n<script type=\"application\/ld+json\" class=\"yoast-schema-graph\">{\"@context\":\"https:\\\/\\\/schema.org\",\"@graph\":[{\"@type\":\"WebPage\",\"@id\":\"https:\\\/\\\/concept05design.com\\\/en\\\/produit\\\/suki\\\/\",\"url\":\"https:\\\/\\\/concept05design.com\\\/en\\\/produit\\\/suki\\\/\",\"name\":\"Suki - Concept 05 Design\",\"isPartOf\":{\"@id\":\"https:\\\/\\\/concept05design.com\\\/en\\\/#website\"},\"primaryImageOfPage\":{\"@id\":\"https:\\\/\\\/concept05design.com\\\/en\\\/produit\\\/suki\\\/#primaryimage\"},\"image\":{\"@id\":\"https:\\\/\\\/concept05design.com\\\/en\\\/produit\\\/suki\\\/#primaryimage\"},\"thumbnailUrl\":\"https:\\\/\\\/concept05design.com\\\/wp-content\\\/uploads\\\/2025\\\/07\\\/SUKI_d2248496-8ec5-450c-8eec-d322ef1235e2.webp\",\"datePublished\":\"2025-07-28T17:03:06+00:00\",\"dateModified\":\"2025-07-28T17:03:55+00:00\",\"breadcrumb\":{\"@id\":\"https:\\\/\\\/concept05design.com\\\/en\\\/produit\\\/suki\\\/#breadcrumb\"},\"inLanguage\":\"en-US\",\"potentialAction\":[{\"@type\":\"ReadAction\",\"target\":[\"https:\\\/\\\/concept05design.com\\\/en\\\/produit\\\/suki\\\/\"]}]},{\"@type\":\"ImageObject\",\"inLanguage\":\"en-US\",\"@id\":\"https:\\\/\\\/concept05design.com\\\/en\\\/produit\\\/suki\\\/#primaryimage\",\"url\":\"https:\\\/\\\/concept05design.com\\\/wp-content\\\/uploads\\\/2025\\\/07\\\/SUKI_d2248496-8ec5-450c-8eec-d322ef1235e2.webp\",\"contentUrl\":\"https:\\\/\\\/concept05design.com\\\/wp-content\\\/uploads\\\/2025\\\/07\\\/SUKI_d2248496-8ec5-450c-8eec-d322ef1235e2.webp\",\"width\":600,\"height\":600},{\"@type\":\"BreadcrumbList\",\"@id\":\"https:\\\/\\\/concept05design.com\\\/en\\\/produit\\\/suki\\\/#breadcrumb\",\"itemListElement\":[{\"@type\":\"ListItem\",\"position\":1,\"name\":\"Accueil\",\"item\":\"https:\\\/\\\/concept05design.com\\\/en\\\/\"},{\"@type\":\"ListItem\",\"position\":2,\"name\":\"Shop\",\"item\":\"https:\\\/\\\/concept05design.com\\\/shop\\\/\"},{\"@type\":\"ListItem\",\"position\":3,\"name\":\"Suki\"}]},{\"@type\":\"WebSite\",\"@id\":\"https:\\\/\\\/concept05design.com\\\/en\\\/#website\",\"url\":\"https:\\\/\\\/concept05design.com\\\/en\\\/\",\"name\":\"Concept 05 Design\",\"description\":\"Du Concept \u00e0 la R\u00e9alit\u00e9 : Votre Vision, Notre Mission\",\"potentialAction\":[{\"@type\":\"SearchAction\",\"target\":{\"@type\":\"EntryPoint\",\"urlTemplate\":\"https:\\\/\\\/concept05design.com\\\/en\\\/?s={search_term_string}\"},\"query-input\":{\"@type\":\"PropertyValueSpecification\",\"valueRequired\":true,\"valueName\":\"search_term_string\"}}],\"inLanguage\":\"en-US\"}]}<\/script>\n<!-- \/ Yoast SEO plugin. -->","yoast_head_json":{"title":"Suki - Concept 05 Design","robots":{"index":"index","follow":"follow","max-snippet":"max-snippet:-1","max-image-preview":"max-image-preview:large","max-video-preview":"max-video-preview:-1"},"canonical":"https:\/\/concept05design.com\/en\/produit\/suki\/","og_locale":"en_US","og_type":"article","og_title":"Suki - Concept 05 Design","og_description":"This faucet with its angular lines and futuristic design is sure to add character to your bathroom! Its unique handle makes it easy to control the temperature, while its hand shower with limestone tip will be a real ally when it comes to rinsing. Thanks to its solid brass construction and ceramic cartridge, the SUKI guarantees remarkable durability. It offers balanced pressure, making it an ideal choice for everyday use.","og_url":"https:\/\/concept05design.com\/en\/produit\/suki\/","og_site_name":"Concept 05 Design","article_modified_time":"2025-07-28T17:03:55+00:00","og_image":[{"width":600,"height":600,"url":"https:\/\/concept05design.com\/wp-content\/uploads\/2025\/07\/SUKI_d2248496-8ec5-450c-8eec-d322ef1235e2.webp","type":"image\/webp"}],"twitter_card":"summary_large_image","schema":{"@context":"https:\/\/schema.org","@graph":[{"@type":"WebPage","@id":"https:\/\/concept05design.com\/en\/produit\/suki\/","url":"https:\/\/concept05design.com\/en\/produit\/suki\/","name":"Suki - Concept 05 Design","isPartOf":{"@id":"https:\/\/concept05design.com\/en\/#website"},"primaryImageOfPage":{"@id":"https:\/\/concept05design.com\/en\/produit\/suki\/#primaryimage"},"image":{"@id":"https:\/\/concept05design.com\/en\/produit\/suki\/#primaryimage"},"thumbnailUrl":"https:\/\/concept05design.com\/wp-content\/uploads\/2025\/07\/SUKI_d2248496-8ec5-450c-8eec-d322ef1235e2.webp","datePublished":"2025-07-28T17:03:06+00:00","dateModified":"2025-07-28T17:03:55+00:00","breadcrumb":{"@id":"https:\/\/concept05design.com\/en\/produit\/suki\/#breadcrumb"},"inLanguage":"en-US","potentialAction":[{"@type":"ReadAction","target":["https:\/\/concept05design.com\/en\/produit\/suki\/"]}]},{"@type":"ImageObject","inLanguage":"en-US","@id":"https:\/\/concept05design.com\/en\/produit\/suki\/#primaryimage","url":"https:\/\/concept05design.com\/wp-content\/uploads\/2025\/07\/SUKI_d2248496-8ec5-450c-8eec-d322ef1235e2.webp","contentUrl":"https:\/\/concept05design.com\/wp-content\/uploads\/2025\/07\/SUKI_d2248496-8ec5-450c-8eec-d322ef1235e2.webp","width":600,"height":600},{"@type":"BreadcrumbList","@id":"https:\/\/concept05design.com\/en\/produit\/suki\/#breadcrumb","itemListElement":[{"@type":"ListItem","position":1,"name":"Accueil","item":"https:\/\/concept05design.com\/en\/"},{"@type":"ListItem","position":2,"name":"Shop","item":"https:\/\/concept05design.com\/shop\/"},{"@type":"ListItem","position":3,"name":"Suki"}]},{"@type":"WebSite","@id":"https:\/\/concept05design.com\/en\/#website","url":"https:\/\/concept05design.com\/en\/","name":"Concept 05 Design","description":"Du Concept \u00e0 la R\u00e9alit\u00e9 : Votre Vision, Notre Mission","potentialAction":[{"@type":"SearchAction","target":{"@type":"EntryPoint","urlTemplate":"https:\/\/concept05design.com\/en\/?s={search_term_string}"},"query-input":{"@type":"PropertyValueSpecification","valueRequired":true,"valueName":"search_term_string"}}],"inLanguage":"en-US"}]}},"_links":{"self":[{"href":"https:\/\/concept05design.com\/en\/wp-json\/wp\/v2\/product\/6061","targetHints":{"allow":["GET"]}}],"collection":[{"href":"https:\/\/concept05design.com\/en\/wp-json\/wp\/v2\/product"}],"about":[{"href":"https:\/\/concept05design.com\/en\/wp-json\/wp\/v2\/types\/product"}],"wp:featuredmedia":[{"embeddable":true,"href":"https:\/\/concept05design.com\/en\/wp-json\/wp\/v2\/media\/6058"}],"wp:attachment":[{"href":"https:\/\/concept05design.com\/en\/wp-json\/wp\/v2\/media?parent=6061"}],"wp:term":[{"taxonomy":"product_brand","embeddable":true,"href":"https:\/\/concept05design.com\/en\/wp-json\/wp\/v2\/product_brand?post=6061"},{"taxonomy":"product_cat","embeddable":true,"href":"https:\/\/concept05design.com\/en\/wp-json\/wp\/v2\/product_cat?post=6061"},{"taxonomy":"product_tag","embeddable":true,"href":"https:\/\/concept05design.com\/en\/wp-json\/wp\/v2\/product_tag?post=6061"}],"curies":[{"name":"wp","href":"https:\/\/api.w.org\/{rel}","templated":true}]}}