{"id":6069,"date":"2025-07-28T17:06:24","date_gmt":"2025-07-28T17:06:24","guid":{"rendered":"https:\/\/concept05design.com\/produit\/silvia\/"},"modified":"2025-08-01T17:14:21","modified_gmt":"2025-08-01T17:14:21","slug":"silvia","status":"publish","type":"product","link":"https:\/\/concept05design.com\/en\/produit\/silvia\/","title":{"rendered":"Silvia"},"content":{"rendered":"<p data-start=\"505\" data-end=\"527\"><strong data-start=\"505\" data-end=\"525\">Features<\/strong><\/p>\n<ul data-start=\"528\" data-end=\"850\">\n<li data-start=\"528\" data-end=\"561\">\n<p data-start=\"530\" data-end=\"561\">Solid brass construction<\/p>\n<\/li>\n<li data-start=\"562\" data-end=\"585\">\n<p data-start=\"564\" data-end=\"585\">Wall installation<\/p>\n<\/li>\n<li data-start=\"586\" data-end=\"630\">\n<p data-start=\"588\" data-end=\"630\">Hand shower with limestone spout<\/p>\n<\/li>\n<li data-start=\"631\" data-end=\"659\">\n<p data-start=\"633\" data-end=\"659\">Corrosion-resistant<\/p>\n<\/li>\n<li data-start=\"660\" data-end=\"686\">\n<p data-start=\"662\" data-end=\"686\">Ceramic cartridge<\/p>\n<\/li>\n<li data-start=\"687\" data-end=\"724\">\n<p data-start=\"689\" data-end=\"724\">Pressure regulation system<\/p>\n<\/li>\n<li data-start=\"725\" data-end=\"760\">\n<p data-start=\"727\" data-end=\"760\">1\/2&#8243; pipe connection<\/p>\n<\/li>\n<li data-start=\"761\" data-end=\"809\">\n<p data-start=\"763\" data-end=\"809\">Hand shower flow rate: 2.5 gpm max at 60 psi<\/p>\n<\/li>\n<li data-start=\"810\" data-end=\"850\">\n<p data-start=\"812\" data-end=\"850\">Spout flow: 2.77 gpm max at 60 psi<\/p>\n<\/li>\n<\/ul>\n<p data-start=\"852\" data-end=\"872\"><strong data-start=\"852\" data-end=\"870\">Specifications<\/strong><\/p>\n<ul data-start=\"873\" data-end=\"1105\" data-is-last-node=\"\" data-is-only-node=\"\">\n<li data-start=\"873\" data-end=\"919\">\n<p data-start=\"875\" data-end=\"919\">Available finishes: chrome and matt black<\/p>\n<\/li>\n<li data-start=\"920\" data-end=\"1021\">\n<p data-start=\"922\" data-end=\"1021\">This model meets or exceeds the following requirements: CSA (B125.1-18) and CUPC (ASME A112.18.1)<\/p>\n<\/li>\n<li data-start=\"1022\" data-end=\"1057\">\n<p data-start=\"1024\" data-end=\"1057\">Lifetime cartridge warranty<\/p>\n<\/li>\n<li data-start=\"1058\" data-end=\"1105\" data-is-last-node=\"\">\n<p data-start=\"1060\" data-end=\"1105\" data-is-last-node=\"\">15-year warranty on matt black finish<\/p>\n<\/li>\n<\/ul>\n","protected":false},"excerpt":{"rendered":"<p>Discreet and practical, this 3-piece faucet is an ideal option for your bath. Its unique handle makes it easy to control temperature, while its hand shower with limestone tip will be a real ally when it comes to rinsing. Its solid brass construction, ceramic cartridge and 1\/2&#8243; flexible hose ensure outstanding durability. The <strong data-start=\"396\" data-end=\"409\">SILVIA-BK<\/strong> is the perfect addition to any bathroom, and will be with you for years to come!   <\/p>\n<p>&nbsp;<\/p>\n<p><img decoding=\"async\" class=\"alignnone size-medium wp-image-6063\" src=\"https:\/\/concept05design.com\/wp-content\/uploads\/2025\/07\/Untitled-54-286x300.png\" alt=\"\" width=\"286\" height=\"300\" srcset=\"https:\/\/concept05design.com\/wp-content\/uploads\/2025\/07\/Untitled-54-200x210.png 200w, https:\/\/concept05design.com\/wp-content\/uploads\/2025\/07\/Untitled-54-286x300.png 286w, https:\/\/concept05design.com\/wp-content\/uploads\/2025\/07\/Untitled-54.png 344w\" sizes=\"(max-width: 286px) 100vw, 286px\" \/><\/p>\n","protected":false},"featured_media":6066,"template":"","meta":[],"product_brand":[],"product_cat":[436,418,433,434],"product_tag":[],"class_list":{"0":"post-6069","1":"product","2":"type-product","3":"status-publish","4":"has-post-thumbnail","6":"product_cat-bath","7":"product_cat-bathroom","8":"product_cat-faucet-en","9":"product_cat-vedette-bathroom-faucet","11":"first","12":"instock","13":"shipping-taxable","14":"product-type-simple"},"yoast_head":"<!-- This site is optimized with the Yoast SEO plugin v27.4 - https:\/\/yoast.com\/product\/yoast-seo-wordpress\/ -->\n<title>Silvia - Concept 05 Design<\/title>\n<meta name=\"robots\" content=\"index, follow, max-snippet:-1, max-image-preview:large, max-video-preview:-1\" \/>\n<link rel=\"canonical\" href=\"https:\/\/concept05design.com\/en\/produit\/silvia\/\" \/>\n<meta property=\"og:locale\" content=\"en_US\" \/>\n<meta property=\"og:type\" content=\"article\" \/>\n<meta property=\"og:title\" content=\"Silvia - Concept 05 Design\" \/>\n<meta property=\"og:description\" content=\"Discreet and practical, this 3-piece faucet is an ideal option for your bath. Its unique handle makes it easy to control temperature, while its hand shower with limestone tip will be a real ally when it comes to rinsing. Its solid brass construction, ceramic cartridge and 1\/2&quot; flexible hose ensure outstanding durability. The SILVIA-BK is the perfect addition to any bathroom, and will be with you for years to come!   &nbsp;\" \/>\n<meta property=\"og:url\" content=\"https:\/\/concept05design.com\/en\/produit\/silvia\/\" \/>\n<meta property=\"og:site_name\" content=\"Concept 05 Design\" \/>\n<meta property=\"article:modified_time\" content=\"2025-08-01T17:14:21+00:00\" \/>\n<meta property=\"og:image\" content=\"https:\/\/concept05design.com\/wp-content\/uploads\/2025\/07\/SILVIA-BK_e8c00c36-9579-4fad-91af-dead6ee63c15.webp\" \/>\n\t<meta property=\"og:image:width\" content=\"600\" \/>\n\t<meta property=\"og:image:height\" content=\"600\" \/>\n\t<meta property=\"og:image:type\" content=\"image\/webp\" \/>\n<meta name=\"twitter:card\" content=\"summary_large_image\" \/>\n<script type=\"application\/ld+json\" class=\"yoast-schema-graph\">{\"@context\":\"https:\\\/\\\/schema.org\",\"@graph\":[{\"@type\":\"WebPage\",\"@id\":\"https:\\\/\\\/concept05design.com\\\/en\\\/produit\\\/silvia\\\/\",\"url\":\"https:\\\/\\\/concept05design.com\\\/en\\\/produit\\\/silvia\\\/\",\"name\":\"Silvia - Concept 05 Design\",\"isPartOf\":{\"@id\":\"https:\\\/\\\/concept05design.com\\\/en\\\/#website\"},\"primaryImageOfPage\":{\"@id\":\"https:\\\/\\\/concept05design.com\\\/en\\\/produit\\\/silvia\\\/#primaryimage\"},\"image\":{\"@id\":\"https:\\\/\\\/concept05design.com\\\/en\\\/produit\\\/silvia\\\/#primaryimage\"},\"thumbnailUrl\":\"https:\\\/\\\/concept05design.com\\\/wp-content\\\/uploads\\\/2025\\\/07\\\/SILVIA-BK_e8c00c36-9579-4fad-91af-dead6ee63c15.webp\",\"datePublished\":\"2025-07-28T17:06:24+00:00\",\"dateModified\":\"2025-08-01T17:14:21+00:00\",\"breadcrumb\":{\"@id\":\"https:\\\/\\\/concept05design.com\\\/en\\\/produit\\\/silvia\\\/#breadcrumb\"},\"inLanguage\":\"en-US\",\"potentialAction\":[{\"@type\":\"ReadAction\",\"target\":[\"https:\\\/\\\/concept05design.com\\\/en\\\/produit\\\/silvia\\\/\"]}]},{\"@type\":\"ImageObject\",\"inLanguage\":\"en-US\",\"@id\":\"https:\\\/\\\/concept05design.com\\\/en\\\/produit\\\/silvia\\\/#primaryimage\",\"url\":\"https:\\\/\\\/concept05design.com\\\/wp-content\\\/uploads\\\/2025\\\/07\\\/SILVIA-BK_e8c00c36-9579-4fad-91af-dead6ee63c15.webp\",\"contentUrl\":\"https:\\\/\\\/concept05design.com\\\/wp-content\\\/uploads\\\/2025\\\/07\\\/SILVIA-BK_e8c00c36-9579-4fad-91af-dead6ee63c15.webp\",\"width\":600,\"height\":600},{\"@type\":\"BreadcrumbList\",\"@id\":\"https:\\\/\\\/concept05design.com\\\/en\\\/produit\\\/silvia\\\/#breadcrumb\",\"itemListElement\":[{\"@type\":\"ListItem\",\"position\":1,\"name\":\"Accueil\",\"item\":\"https:\\\/\\\/concept05design.com\\\/en\\\/\"},{\"@type\":\"ListItem\",\"position\":2,\"name\":\"Shop\",\"item\":\"https:\\\/\\\/concept05design.com\\\/shop\\\/\"},{\"@type\":\"ListItem\",\"position\":3,\"name\":\"Silvia\"}]},{\"@type\":\"WebSite\",\"@id\":\"https:\\\/\\\/concept05design.com\\\/en\\\/#website\",\"url\":\"https:\\\/\\\/concept05design.com\\\/en\\\/\",\"name\":\"Concept 05 Design\",\"description\":\"Du Concept \u00e0 la R\u00e9alit\u00e9 : Votre Vision, Notre Mission\",\"potentialAction\":[{\"@type\":\"SearchAction\",\"target\":{\"@type\":\"EntryPoint\",\"urlTemplate\":\"https:\\\/\\\/concept05design.com\\\/en\\\/?s={search_term_string}\"},\"query-input\":{\"@type\":\"PropertyValueSpecification\",\"valueRequired\":true,\"valueName\":\"search_term_string\"}}],\"inLanguage\":\"en-US\"}]}<\/script>\n<!-- \/ Yoast SEO plugin. -->","yoast_head_json":{"title":"Silvia - Concept 05 Design","robots":{"index":"index","follow":"follow","max-snippet":"max-snippet:-1","max-image-preview":"max-image-preview:large","max-video-preview":"max-video-preview:-1"},"canonical":"https:\/\/concept05design.com\/en\/produit\/silvia\/","og_locale":"en_US","og_type":"article","og_title":"Silvia - Concept 05 Design","og_description":"Discreet and practical, this 3-piece faucet is an ideal option for your bath. Its unique handle makes it easy to control temperature, while its hand shower with limestone tip will be a real ally when it comes to rinsing. Its solid brass construction, ceramic cartridge and 1\/2\" flexible hose ensure outstanding durability. The SILVIA-BK is the perfect addition to any bathroom, and will be with you for years to come!   &nbsp;","og_url":"https:\/\/concept05design.com\/en\/produit\/silvia\/","og_site_name":"Concept 05 Design","article_modified_time":"2025-08-01T17:14:21+00:00","og_image":[{"width":600,"height":600,"url":"https:\/\/concept05design.com\/wp-content\/uploads\/2025\/07\/SILVIA-BK_e8c00c36-9579-4fad-91af-dead6ee63c15.webp","type":"image\/webp"}],"twitter_card":"summary_large_image","schema":{"@context":"https:\/\/schema.org","@graph":[{"@type":"WebPage","@id":"https:\/\/concept05design.com\/en\/produit\/silvia\/","url":"https:\/\/concept05design.com\/en\/produit\/silvia\/","name":"Silvia - Concept 05 Design","isPartOf":{"@id":"https:\/\/concept05design.com\/en\/#website"},"primaryImageOfPage":{"@id":"https:\/\/concept05design.com\/en\/produit\/silvia\/#primaryimage"},"image":{"@id":"https:\/\/concept05design.com\/en\/produit\/silvia\/#primaryimage"},"thumbnailUrl":"https:\/\/concept05design.com\/wp-content\/uploads\/2025\/07\/SILVIA-BK_e8c00c36-9579-4fad-91af-dead6ee63c15.webp","datePublished":"2025-07-28T17:06:24+00:00","dateModified":"2025-08-01T17:14:21+00:00","breadcrumb":{"@id":"https:\/\/concept05design.com\/en\/produit\/silvia\/#breadcrumb"},"inLanguage":"en-US","potentialAction":[{"@type":"ReadAction","target":["https:\/\/concept05design.com\/en\/produit\/silvia\/"]}]},{"@type":"ImageObject","inLanguage":"en-US","@id":"https:\/\/concept05design.com\/en\/produit\/silvia\/#primaryimage","url":"https:\/\/concept05design.com\/wp-content\/uploads\/2025\/07\/SILVIA-BK_e8c00c36-9579-4fad-91af-dead6ee63c15.webp","contentUrl":"https:\/\/concept05design.com\/wp-content\/uploads\/2025\/07\/SILVIA-BK_e8c00c36-9579-4fad-91af-dead6ee63c15.webp","width":600,"height":600},{"@type":"BreadcrumbList","@id":"https:\/\/concept05design.com\/en\/produit\/silvia\/#breadcrumb","itemListElement":[{"@type":"ListItem","position":1,"name":"Accueil","item":"https:\/\/concept05design.com\/en\/"},{"@type":"ListItem","position":2,"name":"Shop","item":"https:\/\/concept05design.com\/shop\/"},{"@type":"ListItem","position":3,"name":"Silvia"}]},{"@type":"WebSite","@id":"https:\/\/concept05design.com\/en\/#website","url":"https:\/\/concept05design.com\/en\/","name":"Concept 05 Design","description":"Du Concept \u00e0 la R\u00e9alit\u00e9 : Votre Vision, Notre Mission","potentialAction":[{"@type":"SearchAction","target":{"@type":"EntryPoint","urlTemplate":"https:\/\/concept05design.com\/en\/?s={search_term_string}"},"query-input":{"@type":"PropertyValueSpecification","valueRequired":true,"valueName":"search_term_string"}}],"inLanguage":"en-US"}]}},"_links":{"self":[{"href":"https:\/\/concept05design.com\/en\/wp-json\/wp\/v2\/product\/6069","targetHints":{"allow":["GET"]}}],"collection":[{"href":"https:\/\/concept05design.com\/en\/wp-json\/wp\/v2\/product"}],"about":[{"href":"https:\/\/concept05design.com\/en\/wp-json\/wp\/v2\/types\/product"}],"wp:featuredmedia":[{"embeddable":true,"href":"https:\/\/concept05design.com\/en\/wp-json\/wp\/v2\/media\/6066"}],"wp:attachment":[{"href":"https:\/\/concept05design.com\/en\/wp-json\/wp\/v2\/media?parent=6069"}],"wp:term":[{"taxonomy":"product_brand","embeddable":true,"href":"https:\/\/concept05design.com\/en\/wp-json\/wp\/v2\/product_brand?post=6069"},{"taxonomy":"product_cat","embeddable":true,"href":"https:\/\/concept05design.com\/en\/wp-json\/wp\/v2\/product_cat?post=6069"},{"taxonomy":"product_tag","embeddable":true,"href":"https:\/\/concept05design.com\/en\/wp-json\/wp\/v2\/product_tag?post=6069"}],"curies":[{"name":"wp","href":"https:\/\/api.w.org\/{rel}","templated":true}]}}