{"id":6081,"date":"2025-07-28T17:10:16","date_gmt":"2025-07-28T17:10:16","guid":{"rendered":"https:\/\/concept05design.com\/produit\/santo\/"},"modified":"2025-07-28T17:10:46","modified_gmt":"2025-07-28T17:10:46","slug":"santo","status":"publish","type":"product","link":"https:\/\/concept05design.com\/en\/produit\/santo\/","title":{"rendered":"Santo"},"content":{"rendered":"<p data-start=\"455\" data-end=\"477\"><strong data-start=\"455\" data-end=\"475\">Features<\/strong><\/p>\n<ul data-start=\"478\" data-end=\"776\">\n<li data-start=\"478\" data-end=\"511\">\n<p data-start=\"480\" data-end=\"511\">Solid brass construction<\/p>\n<\/li>\n<li data-start=\"512\" data-end=\"556\">\n<p data-start=\"514\" data-end=\"556\">Hand shower with limestone spout<\/p>\n<\/li>\n<li data-start=\"557\" data-end=\"585\">\n<p data-start=\"559\" data-end=\"585\">Corrosion-resistant<\/p>\n<\/li>\n<li data-start=\"586\" data-end=\"612\">\n<p data-start=\"588\" data-end=\"612\">Ceramic cartridge<\/p>\n<\/li>\n<li data-start=\"613\" data-end=\"650\">\n<p data-start=\"615\" data-end=\"650\">Pressure regulation system<\/p>\n<\/li>\n<li data-start=\"651\" data-end=\"686\">\n<p data-start=\"653\" data-end=\"686\">1\/2&#8243; pipe connection<\/p>\n<\/li>\n<li data-start=\"687\" data-end=\"735\">\n<p data-start=\"689\" data-end=\"735\">Hand shower flow rate: 2.5 gpm max at 60 psi<\/p>\n<\/li>\n<li data-start=\"736\" data-end=\"776\">\n<p data-start=\"738\" data-end=\"776\">Spout flow: 2.64 gpm max at 60 psi<\/p>\n<\/li>\n<\/ul>\n<p data-start=\"778\" data-end=\"798\"><strong data-start=\"778\" data-end=\"796\">Specifications<\/strong><\/p>\n<ul data-start=\"799\" data-end=\"1043\" data-is-last-node=\"\" data-is-only-node=\"\">\n<li data-start=\"799\" data-end=\"856\">\n<p data-start=\"801\" data-end=\"856\">Available finishes: chrome, matt black and matt white<\/p>\n<\/li>\n<li data-start=\"857\" data-end=\"958\">\n<p data-start=\"859\" data-end=\"958\">This model meets or exceeds the following requirements: CSA (B125.1-18) and CUPC (ASME A112.18.1)<\/p>\n<\/li>\n<li data-start=\"959\" data-end=\"994\">\n<p data-start=\"961\" data-end=\"994\">Lifetime cartridge warranty<\/p>\n<\/li>\n<li data-start=\"995\" data-end=\"1043\" data-is-last-node=\"\">\n<p data-start=\"997\" data-end=\"1043\" data-is-last-node=\"\">5-year warranty on matt white finish<\/p>\n<\/li>\n<\/ul>\n","protected":false},"excerpt":{"rendered":"<p>Discreet and functional, this 3-piece faucet is an ideal option for your bath. Its unique handle makes temperature control easy, and its hand shower with limestone tip is perfect for rinsing. Thanks to its solid brass construction, ceramic cartridge and 1\/2&#8243; flexible hose, the <strong data-start=\"352\" data-end=\"363\">SANTO<\/strong> guarantees exceptional durability. An elegant and reliable addition to any bathroom!   <\/p>\n<p>&nbsp;<\/p>\n<p><img decoding=\"async\" class=\"alignnone size-medium wp-image-6079\" src=\"https:\/\/concept05design.com\/wp-content\/uploads\/2025\/07\/Untitled-55-226x300.png\" alt=\"\" width=\"226\" height=\"300\" srcset=\"https:\/\/concept05design.com\/wp-content\/uploads\/2025\/07\/Untitled-55-200x265.png 200w, https:\/\/concept05design.com\/wp-content\/uploads\/2025\/07\/Untitled-55-226x300.png 226w, https:\/\/concept05design.com\/wp-content\/uploads\/2025\/07\/Untitled-55.png 292w\" sizes=\"(max-width: 226px) 100vw, 226px\" \/><\/p>\n","protected":false},"featured_media":6072,"template":"","meta":[],"product_brand":[],"product_cat":[436,418,433],"product_tag":[],"class_list":{"0":"post-6081","1":"product","2":"type-product","3":"status-publish","4":"has-post-thumbnail","6":"product_cat-bath","7":"product_cat-bathroom","8":"product_cat-faucet-en","10":"first","11":"instock","12":"shipping-taxable","13":"product-type-simple"},"yoast_head":"<!-- This site is optimized with the Yoast SEO plugin v27.4 - https:\/\/yoast.com\/product\/yoast-seo-wordpress\/ -->\n<title>Santo - Concept 05 Design<\/title>\n<meta name=\"robots\" content=\"index, follow, max-snippet:-1, max-image-preview:large, max-video-preview:-1\" \/>\n<link rel=\"canonical\" href=\"https:\/\/concept05design.com\/en\/produit\/santo\/\" \/>\n<meta property=\"og:locale\" content=\"en_US\" \/>\n<meta property=\"og:type\" content=\"article\" \/>\n<meta property=\"og:title\" content=\"Santo - Concept 05 Design\" \/>\n<meta property=\"og:description\" content=\"Discreet and functional, this 3-piece faucet is an ideal option for your bath. Its unique handle makes temperature control easy, and its hand shower with limestone tip is perfect for rinsing. Thanks to its solid brass construction, ceramic cartridge and 1\/2&quot; flexible hose, the SANTO guarantees exceptional durability. An elegant and reliable addition to any bathroom!   &nbsp;\" \/>\n<meta property=\"og:url\" content=\"https:\/\/concept05design.com\/en\/produit\/santo\/\" \/>\n<meta property=\"og:site_name\" content=\"Concept 05 Design\" \/>\n<meta property=\"article:modified_time\" content=\"2025-07-28T17:10:46+00:00\" \/>\n<meta property=\"og:image\" content=\"https:\/\/concept05design.com\/wp-content\/uploads\/2025\/07\/SANTO_6b510e7a-52d8-4170-bbeb-63b3c6b76adb.webp\" \/>\n\t<meta property=\"og:image:width\" content=\"600\" \/>\n\t<meta property=\"og:image:height\" content=\"600\" \/>\n\t<meta property=\"og:image:type\" content=\"image\/webp\" \/>\n<meta name=\"twitter:card\" content=\"summary_large_image\" \/>\n<script type=\"application\/ld+json\" class=\"yoast-schema-graph\">{\"@context\":\"https:\\\/\\\/schema.org\",\"@graph\":[{\"@type\":\"WebPage\",\"@id\":\"https:\\\/\\\/concept05design.com\\\/en\\\/produit\\\/santo\\\/\",\"url\":\"https:\\\/\\\/concept05design.com\\\/en\\\/produit\\\/santo\\\/\",\"name\":\"Santo - Concept 05 Design\",\"isPartOf\":{\"@id\":\"https:\\\/\\\/concept05design.com\\\/en\\\/#website\"},\"primaryImageOfPage\":{\"@id\":\"https:\\\/\\\/concept05design.com\\\/en\\\/produit\\\/santo\\\/#primaryimage\"},\"image\":{\"@id\":\"https:\\\/\\\/concept05design.com\\\/en\\\/produit\\\/santo\\\/#primaryimage\"},\"thumbnailUrl\":\"https:\\\/\\\/concept05design.com\\\/wp-content\\\/uploads\\\/2025\\\/07\\\/SANTO_6b510e7a-52d8-4170-bbeb-63b3c6b76adb.webp\",\"datePublished\":\"2025-07-28T17:10:16+00:00\",\"dateModified\":\"2025-07-28T17:10:46+00:00\",\"breadcrumb\":{\"@id\":\"https:\\\/\\\/concept05design.com\\\/en\\\/produit\\\/santo\\\/#breadcrumb\"},\"inLanguage\":\"en-US\",\"potentialAction\":[{\"@type\":\"ReadAction\",\"target\":[\"https:\\\/\\\/concept05design.com\\\/en\\\/produit\\\/santo\\\/\"]}]},{\"@type\":\"ImageObject\",\"inLanguage\":\"en-US\",\"@id\":\"https:\\\/\\\/concept05design.com\\\/en\\\/produit\\\/santo\\\/#primaryimage\",\"url\":\"https:\\\/\\\/concept05design.com\\\/wp-content\\\/uploads\\\/2025\\\/07\\\/SANTO_6b510e7a-52d8-4170-bbeb-63b3c6b76adb.webp\",\"contentUrl\":\"https:\\\/\\\/concept05design.com\\\/wp-content\\\/uploads\\\/2025\\\/07\\\/SANTO_6b510e7a-52d8-4170-bbeb-63b3c6b76adb.webp\",\"width\":600,\"height\":600},{\"@type\":\"BreadcrumbList\",\"@id\":\"https:\\\/\\\/concept05design.com\\\/en\\\/produit\\\/santo\\\/#breadcrumb\",\"itemListElement\":[{\"@type\":\"ListItem\",\"position\":1,\"name\":\"Accueil\",\"item\":\"https:\\\/\\\/concept05design.com\\\/en\\\/\"},{\"@type\":\"ListItem\",\"position\":2,\"name\":\"Shop\",\"item\":\"https:\\\/\\\/concept05design.com\\\/shop\\\/\"},{\"@type\":\"ListItem\",\"position\":3,\"name\":\"Santo\"}]},{\"@type\":\"WebSite\",\"@id\":\"https:\\\/\\\/concept05design.com\\\/en\\\/#website\",\"url\":\"https:\\\/\\\/concept05design.com\\\/en\\\/\",\"name\":\"Concept 05 Design\",\"description\":\"Du Concept \u00e0 la R\u00e9alit\u00e9 : Votre Vision, Notre Mission\",\"potentialAction\":[{\"@type\":\"SearchAction\",\"target\":{\"@type\":\"EntryPoint\",\"urlTemplate\":\"https:\\\/\\\/concept05design.com\\\/en\\\/?s={search_term_string}\"},\"query-input\":{\"@type\":\"PropertyValueSpecification\",\"valueRequired\":true,\"valueName\":\"search_term_string\"}}],\"inLanguage\":\"en-US\"}]}<\/script>\n<!-- \/ Yoast SEO plugin. -->","yoast_head_json":{"title":"Santo - Concept 05 Design","robots":{"index":"index","follow":"follow","max-snippet":"max-snippet:-1","max-image-preview":"max-image-preview:large","max-video-preview":"max-video-preview:-1"},"canonical":"https:\/\/concept05design.com\/en\/produit\/santo\/","og_locale":"en_US","og_type":"article","og_title":"Santo - Concept 05 Design","og_description":"Discreet and functional, this 3-piece faucet is an ideal option for your bath. Its unique handle makes temperature control easy, and its hand shower with limestone tip is perfect for rinsing. Thanks to its solid brass construction, ceramic cartridge and 1\/2\" flexible hose, the SANTO guarantees exceptional durability. An elegant and reliable addition to any bathroom!   &nbsp;","og_url":"https:\/\/concept05design.com\/en\/produit\/santo\/","og_site_name":"Concept 05 Design","article_modified_time":"2025-07-28T17:10:46+00:00","og_image":[{"width":600,"height":600,"url":"https:\/\/concept05design.com\/wp-content\/uploads\/2025\/07\/SANTO_6b510e7a-52d8-4170-bbeb-63b3c6b76adb.webp","type":"image\/webp"}],"twitter_card":"summary_large_image","schema":{"@context":"https:\/\/schema.org","@graph":[{"@type":"WebPage","@id":"https:\/\/concept05design.com\/en\/produit\/santo\/","url":"https:\/\/concept05design.com\/en\/produit\/santo\/","name":"Santo - Concept 05 Design","isPartOf":{"@id":"https:\/\/concept05design.com\/en\/#website"},"primaryImageOfPage":{"@id":"https:\/\/concept05design.com\/en\/produit\/santo\/#primaryimage"},"image":{"@id":"https:\/\/concept05design.com\/en\/produit\/santo\/#primaryimage"},"thumbnailUrl":"https:\/\/concept05design.com\/wp-content\/uploads\/2025\/07\/SANTO_6b510e7a-52d8-4170-bbeb-63b3c6b76adb.webp","datePublished":"2025-07-28T17:10:16+00:00","dateModified":"2025-07-28T17:10:46+00:00","breadcrumb":{"@id":"https:\/\/concept05design.com\/en\/produit\/santo\/#breadcrumb"},"inLanguage":"en-US","potentialAction":[{"@type":"ReadAction","target":["https:\/\/concept05design.com\/en\/produit\/santo\/"]}]},{"@type":"ImageObject","inLanguage":"en-US","@id":"https:\/\/concept05design.com\/en\/produit\/santo\/#primaryimage","url":"https:\/\/concept05design.com\/wp-content\/uploads\/2025\/07\/SANTO_6b510e7a-52d8-4170-bbeb-63b3c6b76adb.webp","contentUrl":"https:\/\/concept05design.com\/wp-content\/uploads\/2025\/07\/SANTO_6b510e7a-52d8-4170-bbeb-63b3c6b76adb.webp","width":600,"height":600},{"@type":"BreadcrumbList","@id":"https:\/\/concept05design.com\/en\/produit\/santo\/#breadcrumb","itemListElement":[{"@type":"ListItem","position":1,"name":"Accueil","item":"https:\/\/concept05design.com\/en\/"},{"@type":"ListItem","position":2,"name":"Shop","item":"https:\/\/concept05design.com\/shop\/"},{"@type":"ListItem","position":3,"name":"Santo"}]},{"@type":"WebSite","@id":"https:\/\/concept05design.com\/en\/#website","url":"https:\/\/concept05design.com\/en\/","name":"Concept 05 Design","description":"Du Concept \u00e0 la R\u00e9alit\u00e9 : Votre Vision, Notre Mission","potentialAction":[{"@type":"SearchAction","target":{"@type":"EntryPoint","urlTemplate":"https:\/\/concept05design.com\/en\/?s={search_term_string}"},"query-input":{"@type":"PropertyValueSpecification","valueRequired":true,"valueName":"search_term_string"}}],"inLanguage":"en-US"}]}},"_links":{"self":[{"href":"https:\/\/concept05design.com\/en\/wp-json\/wp\/v2\/product\/6081","targetHints":{"allow":["GET"]}}],"collection":[{"href":"https:\/\/concept05design.com\/en\/wp-json\/wp\/v2\/product"}],"about":[{"href":"https:\/\/concept05design.com\/en\/wp-json\/wp\/v2\/types\/product"}],"wp:featuredmedia":[{"embeddable":true,"href":"https:\/\/concept05design.com\/en\/wp-json\/wp\/v2\/media\/6072"}],"wp:attachment":[{"href":"https:\/\/concept05design.com\/en\/wp-json\/wp\/v2\/media?parent=6081"}],"wp:term":[{"taxonomy":"product_brand","embeddable":true,"href":"https:\/\/concept05design.com\/en\/wp-json\/wp\/v2\/product_brand?post=6081"},{"taxonomy":"product_cat","embeddable":true,"href":"https:\/\/concept05design.com\/en\/wp-json\/wp\/v2\/product_cat?post=6081"},{"taxonomy":"product_tag","embeddable":true,"href":"https:\/\/concept05design.com\/en\/wp-json\/wp\/v2\/product_tag?post=6081"}],"curies":[{"name":"wp","href":"https:\/\/api.w.org\/{rel}","templated":true}]}}