{"id":6091,"date":"2025-07-28T17:15:02","date_gmt":"2025-07-28T17:15:02","guid":{"rendered":"https:\/\/concept05design.com\/produit\/salvatore\/"},"modified":"2025-07-28T17:15:39","modified_gmt":"2025-07-28T17:15:39","slug":"salvatore","status":"publish","type":"product","link":"https:\/\/concept05design.com\/en\/produit\/salvatore\/","title":{"rendered":"Salvatore"},"content":{"rendered":"<article class=\"text-token-text-primary w-full focus:outline-none scroll-mt-[calc(var(--header-height)+min(200px,max(70px,20svh)))]\" dir=\"auto\" tabindex=\"-1\" data-testid=\"conversation-turn-174\" data-scroll-anchor=\"true\" data-turn=\"assistant\">\n<div class=\"text-base my-auto mx-auto pb-10 [--thread-content-margin:--spacing(4)] @[37rem]:[--thread-content-margin:--spacing(6)] @[72rem]:[--thread-content-margin:--spacing(16)] px-(--thread-content-margin)\">\n<div class=\"[--thread-content-max-width:32rem] @[34rem]:[--thread-content-max-width:40rem] @[64rem]:[--thread-content-max-width:48rem] mx-auto max-w-(--thread-content-max-width) flex-1 group\/turn-messages focus-visible:outline-hidden relative flex w-full min-w-0 flex-col agent-turn\" tabindex=\"-1\">\n<div class=\"flex max-w-full flex-col grow\">\n<div class=\"min-h-8 text-message relative flex w-full flex-col items-end gap-2 text-start break-words whitespace-normal [.text-message+&amp;]:mt-5\" dir=\"auto\" data-message-author-role=\"assistant\" data-message-id=\"fb6b730e-3a23-4c7f-a91a-d0d4ca0656ee\" data-message-model-slug=\"gpt-4o\">\n<div class=\"flex w-full flex-col gap-1 empty:hidden first:pt-[3px]\">\n<div class=\"markdown prose dark:prose-invert w-full break-words dark\">\n<p data-start=\"465\" data-end=\"487\"><strong data-start=\"465\" data-end=\"485\">Features<\/strong><\/p>\n<ul data-start=\"488\" data-end=\"786\">\n<li data-start=\"488\" data-end=\"521\">\n<p data-start=\"490\" data-end=\"521\">Solid brass construction<\/p>\n<\/li>\n<li data-start=\"522\" data-end=\"566\">\n<p data-start=\"524\" data-end=\"566\">Hand shower with limestone spout<\/p>\n<\/li>\n<li data-start=\"567\" data-end=\"596\">\n<p data-start=\"569\" data-end=\"596\">Corrosion resistance<\/p>\n<\/li>\n<li data-start=\"597\" data-end=\"623\">\n<p data-start=\"599\" data-end=\"623\">Ceramic cartridge<\/p>\n<\/li>\n<li data-start=\"624\" data-end=\"661\">\n<p data-start=\"626\" data-end=\"661\">Pressure regulation system<\/p>\n<\/li>\n<li data-start=\"662\" data-end=\"697\">\n<p data-start=\"664\" data-end=\"697\">1\/2&#8243; pipe connection<\/p>\n<\/li>\n<li data-start=\"698\" data-end=\"746\">\n<p data-start=\"700\" data-end=\"746\">Hand shower flow rate: 2.5 gpm max at 60 psi<\/p>\n<\/li>\n<li data-start=\"747\" data-end=\"786\">\n<p data-start=\"749\" data-end=\"786\">Spout flow: 2.9 gpm max at 60 psi<\/p>\n<\/li>\n<\/ul>\n<p data-start=\"788\" data-end=\"808\"><strong data-start=\"788\" data-end=\"806\">Specifications<\/strong><\/p>\n<ul data-start=\"809\" data-end=\"1037\" data-is-last-node=\"\" data-is-only-node=\"\">\n<li data-start=\"809\" data-end=\"855\">\n<p data-start=\"811\" data-end=\"855\">Available finishes: chrome and matt black<\/p>\n<\/li>\n<li data-start=\"856\" data-end=\"891\">\n<p data-start=\"858\" data-end=\"891\">Lifetime cartridge warranty<\/p>\n<\/li>\n<li data-start=\"892\" data-end=\"937\">\n<p data-start=\"894\" data-end=\"937\">15-year warranty on chrome finish<\/p>\n<\/li>\n<li data-start=\"938\" data-end=\"1037\" data-is-last-node=\"\">\n<p data-start=\"940\" data-end=\"1037\" data-is-last-node=\"\">This model meets or exceeds the following requirements: CSA (B125.1-18) and CUPC (ASME A112.18.1)<\/p>\n<\/li>\n<\/ul>\n<\/div>\n<\/div>\n<\/div>\n<\/div>\n<div class=\"mx-[var(--mini-thread-content-inset)]\"><\/div>\n<\/div>\n<\/div>\n<\/article>\n","protected":false},"excerpt":{"rendered":"<p>Discreet and practical, this 3-piece faucet is an ideal option for your bath. Its unique handle allows easy temperature control, while its hand shower with limestone tip will be your ally for rinsing. Thanks to its solid brass construction, ceramic cartridge and 1\/2&#8243; flexible hose, the <strong data-start=\"369\" data-end=\"381\">SAVATORE<\/strong> offers outstanding durability and blends perfectly into any bathroom.  <\/p>\n<p>&nbsp;<\/p>\n<p><img decoding=\"async\" class=\"alignnone size-medium wp-image-6089\" src=\"https:\/\/concept05design.com\/wp-content\/uploads\/2025\/07\/Untitled-56-261x300.png\" alt=\"\" width=\"261\" height=\"300\" srcset=\"https:\/\/concept05design.com\/wp-content\/uploads\/2025\/07\/Untitled-56-200x229.png 200w, https:\/\/concept05design.com\/wp-content\/uploads\/2025\/07\/Untitled-56-261x300.png 261w, https:\/\/concept05design.com\/wp-content\/uploads\/2025\/07\/Untitled-56.png 339w\" sizes=\"(max-width: 261px) 100vw, 261px\" \/><\/p>\n","protected":false},"featured_media":6088,"template":"","meta":[],"product_brand":[],"product_cat":[436,418,433],"product_tag":[],"class_list":{"0":"post-6091","1":"product","2":"type-product","3":"status-publish","4":"has-post-thumbnail","6":"product_cat-bath","7":"product_cat-bathroom","8":"product_cat-faucet-en","10":"first","11":"instock","12":"shipping-taxable","13":"product-type-simple"},"yoast_head":"<!-- This site is optimized with the Yoast SEO plugin v27.4 - https:\/\/yoast.com\/product\/yoast-seo-wordpress\/ -->\n<title>Salvatore - Concept 05 Design<\/title>\n<meta name=\"robots\" content=\"index, follow, max-snippet:-1, max-image-preview:large, max-video-preview:-1\" \/>\n<link rel=\"canonical\" href=\"https:\/\/concept05design.com\/en\/produit\/salvatore\/\" \/>\n<meta property=\"og:locale\" content=\"en_US\" \/>\n<meta property=\"og:type\" content=\"article\" \/>\n<meta property=\"og:title\" content=\"Salvatore - Concept 05 Design\" \/>\n<meta property=\"og:description\" content=\"Discreet and practical, this 3-piece faucet is an ideal option for your bath. Its unique handle allows easy temperature control, while its hand shower with limestone tip will be your ally for rinsing. Thanks to its solid brass construction, ceramic cartridge and 1\/2&quot; flexible hose, the SAVATORE offers outstanding durability and blends perfectly into any bathroom.  &nbsp;\" \/>\n<meta property=\"og:url\" content=\"https:\/\/concept05design.com\/en\/produit\/salvatore\/\" \/>\n<meta property=\"og:site_name\" content=\"Concept 05 Design\" \/>\n<meta property=\"article:modified_time\" content=\"2025-07-28T17:15:39+00:00\" \/>\n<meta property=\"og:image\" content=\"https:\/\/concept05design.com\/wp-content\/uploads\/2025\/07\/SALVATORE-GD_a62a946c-1865-4e0f-b6dc-b3f51124a3c5.webp\" \/>\n\t<meta property=\"og:image:width\" content=\"600\" \/>\n\t<meta property=\"og:image:height\" content=\"600\" \/>\n\t<meta property=\"og:image:type\" content=\"image\/webp\" \/>\n<meta name=\"twitter:card\" content=\"summary_large_image\" \/>\n<script type=\"application\/ld+json\" class=\"yoast-schema-graph\">{\"@context\":\"https:\\\/\\\/schema.org\",\"@graph\":[{\"@type\":\"WebPage\",\"@id\":\"https:\\\/\\\/concept05design.com\\\/en\\\/produit\\\/salvatore\\\/\",\"url\":\"https:\\\/\\\/concept05design.com\\\/en\\\/produit\\\/salvatore\\\/\",\"name\":\"Salvatore - Concept 05 Design\",\"isPartOf\":{\"@id\":\"https:\\\/\\\/concept05design.com\\\/en\\\/#website\"},\"primaryImageOfPage\":{\"@id\":\"https:\\\/\\\/concept05design.com\\\/en\\\/produit\\\/salvatore\\\/#primaryimage\"},\"image\":{\"@id\":\"https:\\\/\\\/concept05design.com\\\/en\\\/produit\\\/salvatore\\\/#primaryimage\"},\"thumbnailUrl\":\"https:\\\/\\\/concept05design.com\\\/wp-content\\\/uploads\\\/2025\\\/07\\\/SALVATORE-GD_a62a946c-1865-4e0f-b6dc-b3f51124a3c5.webp\",\"datePublished\":\"2025-07-28T17:15:02+00:00\",\"dateModified\":\"2025-07-28T17:15:39+00:00\",\"breadcrumb\":{\"@id\":\"https:\\\/\\\/concept05design.com\\\/en\\\/produit\\\/salvatore\\\/#breadcrumb\"},\"inLanguage\":\"en-US\",\"potentialAction\":[{\"@type\":\"ReadAction\",\"target\":[\"https:\\\/\\\/concept05design.com\\\/en\\\/produit\\\/salvatore\\\/\"]}]},{\"@type\":\"ImageObject\",\"inLanguage\":\"en-US\",\"@id\":\"https:\\\/\\\/concept05design.com\\\/en\\\/produit\\\/salvatore\\\/#primaryimage\",\"url\":\"https:\\\/\\\/concept05design.com\\\/wp-content\\\/uploads\\\/2025\\\/07\\\/SALVATORE-GD_a62a946c-1865-4e0f-b6dc-b3f51124a3c5.webp\",\"contentUrl\":\"https:\\\/\\\/concept05design.com\\\/wp-content\\\/uploads\\\/2025\\\/07\\\/SALVATORE-GD_a62a946c-1865-4e0f-b6dc-b3f51124a3c5.webp\",\"width\":600,\"height\":600},{\"@type\":\"BreadcrumbList\",\"@id\":\"https:\\\/\\\/concept05design.com\\\/en\\\/produit\\\/salvatore\\\/#breadcrumb\",\"itemListElement\":[{\"@type\":\"ListItem\",\"position\":1,\"name\":\"Accueil\",\"item\":\"https:\\\/\\\/concept05design.com\\\/en\\\/\"},{\"@type\":\"ListItem\",\"position\":2,\"name\":\"Shop\",\"item\":\"https:\\\/\\\/concept05design.com\\\/shop\\\/\"},{\"@type\":\"ListItem\",\"position\":3,\"name\":\"Salvatore\"}]},{\"@type\":\"WebSite\",\"@id\":\"https:\\\/\\\/concept05design.com\\\/en\\\/#website\",\"url\":\"https:\\\/\\\/concept05design.com\\\/en\\\/\",\"name\":\"Concept 05 Design\",\"description\":\"Du Concept \u00e0 la R\u00e9alit\u00e9 : Votre Vision, Notre Mission\",\"potentialAction\":[{\"@type\":\"SearchAction\",\"target\":{\"@type\":\"EntryPoint\",\"urlTemplate\":\"https:\\\/\\\/concept05design.com\\\/en\\\/?s={search_term_string}\"},\"query-input\":{\"@type\":\"PropertyValueSpecification\",\"valueRequired\":true,\"valueName\":\"search_term_string\"}}],\"inLanguage\":\"en-US\"}]}<\/script>\n<!-- \/ Yoast SEO plugin. -->","yoast_head_json":{"title":"Salvatore - Concept 05 Design","robots":{"index":"index","follow":"follow","max-snippet":"max-snippet:-1","max-image-preview":"max-image-preview:large","max-video-preview":"max-video-preview:-1"},"canonical":"https:\/\/concept05design.com\/en\/produit\/salvatore\/","og_locale":"en_US","og_type":"article","og_title":"Salvatore - Concept 05 Design","og_description":"Discreet and practical, this 3-piece faucet is an ideal option for your bath. Its unique handle allows easy temperature control, while its hand shower with limestone tip will be your ally for rinsing. Thanks to its solid brass construction, ceramic cartridge and 1\/2\" flexible hose, the SAVATORE offers outstanding durability and blends perfectly into any bathroom.  &nbsp;","og_url":"https:\/\/concept05design.com\/en\/produit\/salvatore\/","og_site_name":"Concept 05 Design","article_modified_time":"2025-07-28T17:15:39+00:00","og_image":[{"width":600,"height":600,"url":"https:\/\/concept05design.com\/wp-content\/uploads\/2025\/07\/SALVATORE-GD_a62a946c-1865-4e0f-b6dc-b3f51124a3c5.webp","type":"image\/webp"}],"twitter_card":"summary_large_image","schema":{"@context":"https:\/\/schema.org","@graph":[{"@type":"WebPage","@id":"https:\/\/concept05design.com\/en\/produit\/salvatore\/","url":"https:\/\/concept05design.com\/en\/produit\/salvatore\/","name":"Salvatore - Concept 05 Design","isPartOf":{"@id":"https:\/\/concept05design.com\/en\/#website"},"primaryImageOfPage":{"@id":"https:\/\/concept05design.com\/en\/produit\/salvatore\/#primaryimage"},"image":{"@id":"https:\/\/concept05design.com\/en\/produit\/salvatore\/#primaryimage"},"thumbnailUrl":"https:\/\/concept05design.com\/wp-content\/uploads\/2025\/07\/SALVATORE-GD_a62a946c-1865-4e0f-b6dc-b3f51124a3c5.webp","datePublished":"2025-07-28T17:15:02+00:00","dateModified":"2025-07-28T17:15:39+00:00","breadcrumb":{"@id":"https:\/\/concept05design.com\/en\/produit\/salvatore\/#breadcrumb"},"inLanguage":"en-US","potentialAction":[{"@type":"ReadAction","target":["https:\/\/concept05design.com\/en\/produit\/salvatore\/"]}]},{"@type":"ImageObject","inLanguage":"en-US","@id":"https:\/\/concept05design.com\/en\/produit\/salvatore\/#primaryimage","url":"https:\/\/concept05design.com\/wp-content\/uploads\/2025\/07\/SALVATORE-GD_a62a946c-1865-4e0f-b6dc-b3f51124a3c5.webp","contentUrl":"https:\/\/concept05design.com\/wp-content\/uploads\/2025\/07\/SALVATORE-GD_a62a946c-1865-4e0f-b6dc-b3f51124a3c5.webp","width":600,"height":600},{"@type":"BreadcrumbList","@id":"https:\/\/concept05design.com\/en\/produit\/salvatore\/#breadcrumb","itemListElement":[{"@type":"ListItem","position":1,"name":"Accueil","item":"https:\/\/concept05design.com\/en\/"},{"@type":"ListItem","position":2,"name":"Shop","item":"https:\/\/concept05design.com\/shop\/"},{"@type":"ListItem","position":3,"name":"Salvatore"}]},{"@type":"WebSite","@id":"https:\/\/concept05design.com\/en\/#website","url":"https:\/\/concept05design.com\/en\/","name":"Concept 05 Design","description":"Du Concept \u00e0 la R\u00e9alit\u00e9 : Votre Vision, Notre Mission","potentialAction":[{"@type":"SearchAction","target":{"@type":"EntryPoint","urlTemplate":"https:\/\/concept05design.com\/en\/?s={search_term_string}"},"query-input":{"@type":"PropertyValueSpecification","valueRequired":true,"valueName":"search_term_string"}}],"inLanguage":"en-US"}]}},"_links":{"self":[{"href":"https:\/\/concept05design.com\/en\/wp-json\/wp\/v2\/product\/6091","targetHints":{"allow":["GET"]}}],"collection":[{"href":"https:\/\/concept05design.com\/en\/wp-json\/wp\/v2\/product"}],"about":[{"href":"https:\/\/concept05design.com\/en\/wp-json\/wp\/v2\/types\/product"}],"wp:featuredmedia":[{"embeddable":true,"href":"https:\/\/concept05design.com\/en\/wp-json\/wp\/v2\/media\/6088"}],"wp:attachment":[{"href":"https:\/\/concept05design.com\/en\/wp-json\/wp\/v2\/media?parent=6091"}],"wp:term":[{"taxonomy":"product_brand","embeddable":true,"href":"https:\/\/concept05design.com\/en\/wp-json\/wp\/v2\/product_brand?post=6091"},{"taxonomy":"product_cat","embeddable":true,"href":"https:\/\/concept05design.com\/en\/wp-json\/wp\/v2\/product_cat?post=6091"},{"taxonomy":"product_tag","embeddable":true,"href":"https:\/\/concept05design.com\/en\/wp-json\/wp\/v2\/product_tag?post=6091"}],"curies":[{"name":"wp","href":"https:\/\/api.w.org\/{rel}","templated":true}]}}