{"id":6102,"date":"2025-07-28T17:26:38","date_gmt":"2025-07-28T17:26:38","guid":{"rendered":"https:\/\/concept05design.com\/produit\/vito\/"},"modified":"2025-07-28T17:28:18","modified_gmt":"2025-07-28T17:28:18","slug":"vito","status":"publish","type":"product","link":"https:\/\/concept05design.com\/en\/produit\/vito\/","title":{"rendered":"Vito"},"content":{"rendered":"<p data-start=\"383\" data-end=\"405\"><strong data-start=\"383\" data-end=\"403\">Features<\/strong><\/p>\n<ul data-start=\"406\" data-end=\"966\">\n<li data-start=\"406\" data-end=\"435\">\n<p data-start=\"408\" data-end=\"435\">Stainless steel body<\/p>\n<\/li>\n<li data-start=\"436\" data-end=\"499\">\n<p data-start=\"438\" data-end=\"499\">8&#8243; square shower head with 16&#8243; shower arm<\/p>\n<\/li>\n<li data-start=\"500\" data-end=\"528\">\n<p data-start=\"502\" data-end=\"528\">24&#8243; shower rail<\/p>\n<\/li>\n<li data-start=\"529\" data-end=\"623\">\n<p data-start=\"531\" data-end=\"623\">Single-function rectangular showerhead with 59&#8243; stainless steel flexible hose<\/p>\n<\/li>\n<li data-start=\"624\" data-end=\"651\">\n<p data-start=\"626\" data-end=\"651\">Rectangular handles<\/p>\n<\/li>\n<li data-start=\"652\" data-end=\"683\">\n<p data-start=\"654\" data-end=\"683\">Push-button diverter<\/p>\n<\/li>\n<li data-start=\"684\" data-end=\"738\">\n<p data-start=\"686\" data-end=\"738\">Anti-scale silicone nozzles for all jets<\/p>\n<\/li>\n<li data-start=\"739\" data-end=\"765\">\n<p data-start=\"741\" data-end=\"765\">Ceramic cartridge<\/p>\n<\/li>\n<li data-start=\"766\" data-end=\"814\">\n<p data-start=\"768\" data-end=\"814\">Balanced pressure regulation system<\/p>\n<\/li>\n<li data-start=\"815\" data-end=\"837\">\n<p data-start=\"817\" data-end=\"837\">Adjustable pressure<\/p>\n<\/li>\n<li data-start=\"838\" data-end=\"865\">\n<p data-start=\"840\" data-end=\"865\">Built-in valve included<\/p>\n<\/li>\n<li data-start=\"866\" data-end=\"917\">\n<p data-start=\"868\" data-end=\"917\">Rain shower: 2.5 gpm max (9.5 L\/min) at 80 psi<\/p>\n<\/li>\n<li data-start=\"918\" data-end=\"966\">\n<p data-start=\"920\" data-end=\"966\">Hand shower: 2.5 gpm max (9.5 L\/min) at 80 psi<\/p>\n<\/li>\n<\/ul>\n<p data-start=\"968\" data-end=\"988\"><strong data-start=\"968\" data-end=\"986\">Specifications<\/strong><\/p>\n<ul data-start=\"989\" data-end=\"1191\" data-is-last-node=\"\" data-is-only-node=\"\">\n<li data-start=\"989\" data-end=\"1035\">\n<p data-start=\"991\" data-end=\"1035\">Available finishes: chrome and matt black<\/p>\n<\/li>\n<li data-start=\"1036\" data-end=\"1139\">\n<p data-start=\"1038\" data-end=\"1139\">Warranty and certifications: lifetime cartridge warranty, 5-year warranty on matt black finish<\/p>\n<\/li>\n<li data-start=\"1140\" data-end=\"1191\" data-is-last-node=\"\">\n<p data-start=\"1142\" data-end=\"1191\" data-is-last-node=\"\">CSA (B125.1-18) and CUPC (ASME A112.18.1) certified<\/p>\n<\/li>\n<\/ul>\n","protected":false},"excerpt":{"rendered":"<p>Complete your bathroom with this 2-function bath shower faucet. This set includes the rain shower, the hand shower with its bar, the valve and the diverter. Featuring a ceramic cartridge and a solid brass body, <strong data-start=\"282\" data-end=\"293\">VITO<\/strong> is built to last and fits perfectly into a modern bathroom.  <\/p>\n<p>&nbsp;<\/p>\n<p><img decoding=\"async\" class=\"alignnone wp-image-6100\" src=\"https:\/\/concept05design.com\/wp-content\/uploads\/2025\/07\/Untitled-57-300x199.png\" alt=\"\" width=\"396\" height=\"263\" srcset=\"https:\/\/concept05design.com\/wp-content\/uploads\/2025\/07\/Untitled-57-200x133.png 200w, https:\/\/concept05design.com\/wp-content\/uploads\/2025\/07\/Untitled-57-300x199.png 300w, https:\/\/concept05design.com\/wp-content\/uploads\/2025\/07\/Untitled-57-400x265.png 400w, https:\/\/concept05design.com\/wp-content\/uploads\/2025\/07\/Untitled-57-500x332.png 500w, https:\/\/concept05design.com\/wp-content\/uploads\/2025\/07\/Untitled-57-600x398.png 600w, https:\/\/concept05design.com\/wp-content\/uploads\/2025\/07\/Untitled-57.png 624w\" sizes=\"(max-width: 396px) 100vw, 396px\" \/><\/p>\n","protected":false},"featured_media":6095,"template":"","meta":[],"product_brand":[],"product_cat":[418,433,438],"product_tag":[],"class_list":{"0":"post-6102","1":"product","2":"type-product","3":"status-publish","4":"has-post-thumbnail","6":"product_cat-bathroom","7":"product_cat-faucet-en","8":"product_cat-shower","10":"first","11":"instock","12":"shipping-taxable","13":"product-type-simple"},"yoast_head":"<!-- This site is optimized with the Yoast SEO plugin v27.4 - https:\/\/yoast.com\/product\/yoast-seo-wordpress\/ -->\n<title>Vito - Concept 05 Design<\/title>\n<meta name=\"robots\" content=\"index, follow, max-snippet:-1, max-image-preview:large, max-video-preview:-1\" \/>\n<link rel=\"canonical\" href=\"https:\/\/concept05design.com\/en\/produit\/vito\/\" \/>\n<meta property=\"og:locale\" content=\"en_US\" \/>\n<meta property=\"og:type\" content=\"article\" \/>\n<meta property=\"og:title\" content=\"Vito - Concept 05 Design\" \/>\n<meta property=\"og:description\" content=\"Complete your bathroom with this 2-function bath shower faucet. This set includes the rain shower, the hand shower with its bar, the valve and the diverter. Featuring a ceramic cartridge and a solid brass body, VITO is built to last and fits perfectly into a modern bathroom.  &nbsp;\" \/>\n<meta property=\"og:url\" content=\"https:\/\/concept05design.com\/en\/produit\/vito\/\" \/>\n<meta property=\"og:site_name\" content=\"Concept 05 Design\" \/>\n<meta property=\"article:modified_time\" content=\"2025-07-28T17:28:18+00:00\" \/>\n<meta property=\"og:image\" content=\"https:\/\/concept05design.com\/wp-content\/uploads\/2025\/07\/VITO.webp\" \/>\n\t<meta property=\"og:image:width\" content=\"600\" \/>\n\t<meta property=\"og:image:height\" content=\"600\" \/>\n\t<meta property=\"og:image:type\" content=\"image\/webp\" \/>\n<meta name=\"twitter:card\" content=\"summary_large_image\" \/>\n<script type=\"application\/ld+json\" class=\"yoast-schema-graph\">{\"@context\":\"https:\\\/\\\/schema.org\",\"@graph\":[{\"@type\":\"WebPage\",\"@id\":\"https:\\\/\\\/concept05design.com\\\/en\\\/produit\\\/vito\\\/\",\"url\":\"https:\\\/\\\/concept05design.com\\\/en\\\/produit\\\/vito\\\/\",\"name\":\"Vito - Concept 05 Design\",\"isPartOf\":{\"@id\":\"https:\\\/\\\/concept05design.com\\\/en\\\/#website\"},\"primaryImageOfPage\":{\"@id\":\"https:\\\/\\\/concept05design.com\\\/en\\\/produit\\\/vito\\\/#primaryimage\"},\"image\":{\"@id\":\"https:\\\/\\\/concept05design.com\\\/en\\\/produit\\\/vito\\\/#primaryimage\"},\"thumbnailUrl\":\"https:\\\/\\\/concept05design.com\\\/wp-content\\\/uploads\\\/2025\\\/07\\\/VITO.webp\",\"datePublished\":\"2025-07-28T17:26:38+00:00\",\"dateModified\":\"2025-07-28T17:28:18+00:00\",\"breadcrumb\":{\"@id\":\"https:\\\/\\\/concept05design.com\\\/en\\\/produit\\\/vito\\\/#breadcrumb\"},\"inLanguage\":\"en-US\",\"potentialAction\":[{\"@type\":\"ReadAction\",\"target\":[\"https:\\\/\\\/concept05design.com\\\/en\\\/produit\\\/vito\\\/\"]}]},{\"@type\":\"ImageObject\",\"inLanguage\":\"en-US\",\"@id\":\"https:\\\/\\\/concept05design.com\\\/en\\\/produit\\\/vito\\\/#primaryimage\",\"url\":\"https:\\\/\\\/concept05design.com\\\/wp-content\\\/uploads\\\/2025\\\/07\\\/VITO.webp\",\"contentUrl\":\"https:\\\/\\\/concept05design.com\\\/wp-content\\\/uploads\\\/2025\\\/07\\\/VITO.webp\",\"width\":600,\"height\":600},{\"@type\":\"BreadcrumbList\",\"@id\":\"https:\\\/\\\/concept05design.com\\\/en\\\/produit\\\/vito\\\/#breadcrumb\",\"itemListElement\":[{\"@type\":\"ListItem\",\"position\":1,\"name\":\"Accueil\",\"item\":\"https:\\\/\\\/concept05design.com\\\/en\\\/\"},{\"@type\":\"ListItem\",\"position\":2,\"name\":\"Shop\",\"item\":\"https:\\\/\\\/concept05design.com\\\/shop\\\/\"},{\"@type\":\"ListItem\",\"position\":3,\"name\":\"Vito\"}]},{\"@type\":\"WebSite\",\"@id\":\"https:\\\/\\\/concept05design.com\\\/en\\\/#website\",\"url\":\"https:\\\/\\\/concept05design.com\\\/en\\\/\",\"name\":\"Concept 05 Design\",\"description\":\"Du Concept \u00e0 la R\u00e9alit\u00e9 : Votre Vision, Notre Mission\",\"potentialAction\":[{\"@type\":\"SearchAction\",\"target\":{\"@type\":\"EntryPoint\",\"urlTemplate\":\"https:\\\/\\\/concept05design.com\\\/en\\\/?s={search_term_string}\"},\"query-input\":{\"@type\":\"PropertyValueSpecification\",\"valueRequired\":true,\"valueName\":\"search_term_string\"}}],\"inLanguage\":\"en-US\"}]}<\/script>\n<!-- \/ Yoast SEO plugin. -->","yoast_head_json":{"title":"Vito - Concept 05 Design","robots":{"index":"index","follow":"follow","max-snippet":"max-snippet:-1","max-image-preview":"max-image-preview:large","max-video-preview":"max-video-preview:-1"},"canonical":"https:\/\/concept05design.com\/en\/produit\/vito\/","og_locale":"en_US","og_type":"article","og_title":"Vito - Concept 05 Design","og_description":"Complete your bathroom with this 2-function bath shower faucet. This set includes the rain shower, the hand shower with its bar, the valve and the diverter. Featuring a ceramic cartridge and a solid brass body, VITO is built to last and fits perfectly into a modern bathroom.  &nbsp;","og_url":"https:\/\/concept05design.com\/en\/produit\/vito\/","og_site_name":"Concept 05 Design","article_modified_time":"2025-07-28T17:28:18+00:00","og_image":[{"width":600,"height":600,"url":"https:\/\/concept05design.com\/wp-content\/uploads\/2025\/07\/VITO.webp","type":"image\/webp"}],"twitter_card":"summary_large_image","schema":{"@context":"https:\/\/schema.org","@graph":[{"@type":"WebPage","@id":"https:\/\/concept05design.com\/en\/produit\/vito\/","url":"https:\/\/concept05design.com\/en\/produit\/vito\/","name":"Vito - Concept 05 Design","isPartOf":{"@id":"https:\/\/concept05design.com\/en\/#website"},"primaryImageOfPage":{"@id":"https:\/\/concept05design.com\/en\/produit\/vito\/#primaryimage"},"image":{"@id":"https:\/\/concept05design.com\/en\/produit\/vito\/#primaryimage"},"thumbnailUrl":"https:\/\/concept05design.com\/wp-content\/uploads\/2025\/07\/VITO.webp","datePublished":"2025-07-28T17:26:38+00:00","dateModified":"2025-07-28T17:28:18+00:00","breadcrumb":{"@id":"https:\/\/concept05design.com\/en\/produit\/vito\/#breadcrumb"},"inLanguage":"en-US","potentialAction":[{"@type":"ReadAction","target":["https:\/\/concept05design.com\/en\/produit\/vito\/"]}]},{"@type":"ImageObject","inLanguage":"en-US","@id":"https:\/\/concept05design.com\/en\/produit\/vito\/#primaryimage","url":"https:\/\/concept05design.com\/wp-content\/uploads\/2025\/07\/VITO.webp","contentUrl":"https:\/\/concept05design.com\/wp-content\/uploads\/2025\/07\/VITO.webp","width":600,"height":600},{"@type":"BreadcrumbList","@id":"https:\/\/concept05design.com\/en\/produit\/vito\/#breadcrumb","itemListElement":[{"@type":"ListItem","position":1,"name":"Accueil","item":"https:\/\/concept05design.com\/en\/"},{"@type":"ListItem","position":2,"name":"Shop","item":"https:\/\/concept05design.com\/shop\/"},{"@type":"ListItem","position":3,"name":"Vito"}]},{"@type":"WebSite","@id":"https:\/\/concept05design.com\/en\/#website","url":"https:\/\/concept05design.com\/en\/","name":"Concept 05 Design","description":"Du Concept \u00e0 la R\u00e9alit\u00e9 : Votre Vision, Notre Mission","potentialAction":[{"@type":"SearchAction","target":{"@type":"EntryPoint","urlTemplate":"https:\/\/concept05design.com\/en\/?s={search_term_string}"},"query-input":{"@type":"PropertyValueSpecification","valueRequired":true,"valueName":"search_term_string"}}],"inLanguage":"en-US"}]}},"_links":{"self":[{"href":"https:\/\/concept05design.com\/en\/wp-json\/wp\/v2\/product\/6102","targetHints":{"allow":["GET"]}}],"collection":[{"href":"https:\/\/concept05design.com\/en\/wp-json\/wp\/v2\/product"}],"about":[{"href":"https:\/\/concept05design.com\/en\/wp-json\/wp\/v2\/types\/product"}],"wp:featuredmedia":[{"embeddable":true,"href":"https:\/\/concept05design.com\/en\/wp-json\/wp\/v2\/media\/6095"}],"wp:attachment":[{"href":"https:\/\/concept05design.com\/en\/wp-json\/wp\/v2\/media?parent=6102"}],"wp:term":[{"taxonomy":"product_brand","embeddable":true,"href":"https:\/\/concept05design.com\/en\/wp-json\/wp\/v2\/product_brand?post=6102"},{"taxonomy":"product_cat","embeddable":true,"href":"https:\/\/concept05design.com\/en\/wp-json\/wp\/v2\/product_cat?post=6102"},{"taxonomy":"product_tag","embeddable":true,"href":"https:\/\/concept05design.com\/en\/wp-json\/wp\/v2\/product_tag?post=6102"}],"curies":[{"name":"wp","href":"https:\/\/api.w.org\/{rel}","templated":true}]}}