{"id":6108,"date":"2025-07-28T17:30:54","date_gmt":"2025-07-28T17:30:54","guid":{"rendered":"https:\/\/concept05design.com\/produit\/vito-ii\/"},"modified":"2025-08-01T17:18:15","modified_gmt":"2025-08-01T17:18:15","slug":"vito-ii","status":"publish","type":"product","link":"https:\/\/concept05design.com\/en\/produit\/vito-ii\/","title":{"rendered":"Vito-II"},"content":{"rendered":"<p data-start=\"410\" data-end=\"432\"><strong data-start=\"410\" data-end=\"430\">Features<\/strong><\/p>\n<ul data-start=\"433\" data-end=\"973\">\n<li data-start=\"433\" data-end=\"462\">\n<p data-start=\"435\" data-end=\"462\">Stainless steel body<\/p>\n<\/li>\n<li data-start=\"463\" data-end=\"526\">\n<p data-start=\"465\" data-end=\"526\">8&#8243; square shower head with 15&#8243; shower arm<\/p>\n<\/li>\n<li data-start=\"527\" data-end=\"555\">\n<p data-start=\"529\" data-end=\"555\">24&#8243; shower rail<\/p>\n<\/li>\n<li data-start=\"556\" data-end=\"650\">\n<p data-start=\"558\" data-end=\"650\">Single-function rectangular showerhead with 59&#8243; stainless steel flexible hose<\/p>\n<\/li>\n<li data-start=\"651\" data-end=\"689\">\n<p data-start=\"653\" data-end=\"689\">Valve with rectangular handles<\/p>\n<\/li>\n<li data-start=\"690\" data-end=\"713\">\n<p data-start=\"692\" data-end=\"713\">2-way diverter<\/p>\n<\/li>\n<li data-start=\"714\" data-end=\"768\">\n<p data-start=\"716\" data-end=\"768\">Anti-scale silicone nozzles for all jets<\/p>\n<\/li>\n<li data-start=\"769\" data-end=\"795\">\n<p data-start=\"771\" data-end=\"795\">Ceramic cartridge<\/p>\n<\/li>\n<li data-start=\"796\" data-end=\"844\">\n<p data-start=\"798\" data-end=\"844\">Balanced pressure regulation system<\/p>\n<\/li>\n<li data-start=\"845\" data-end=\"872\">\n<p data-start=\"847\" data-end=\"872\">Built-in valve included<\/p>\n<\/li>\n<li data-start=\"873\" data-end=\"924\">\n<p data-start=\"875\" data-end=\"924\">Rain shower: 2.5 gpm max (9.5 L\/min) at 80 psi<\/p>\n<\/li>\n<li data-start=\"925\" data-end=\"973\">\n<p data-start=\"927\" data-end=\"973\">Hand shower: 2.5 gpm max (9.5 L\/min) at 80 psi<\/p>\n<\/li>\n<\/ul>\n<p data-start=\"975\" data-end=\"995\"><strong data-start=\"975\" data-end=\"993\">Specifications<\/strong><\/p>\n<ul data-start=\"996\" data-end=\"1230\" data-is-last-node=\"\" data-is-only-node=\"\">\n<li data-start=\"996\" data-end=\"1062\">\n<p data-start=\"998\" data-end=\"1062\">Available finishes: chrome, matt black and brushed brass (gold)<\/p>\n<\/li>\n<li data-start=\"1063\" data-end=\"1178\">\n<p data-start=\"1065\" data-end=\"1178\">Warranty and certifications: lifetime cartridge warranty, 15-year warranty on brushed brass finish (gold)<\/p>\n<\/li>\n<li data-start=\"1179\" data-end=\"1230\" data-is-last-node=\"\">\n<p data-start=\"1181\" data-end=\"1230\" data-is-last-node=\"\">CSA (B125.1-18) and CUPC (ASME A112.18.1) certified<\/p>\n<\/li>\n<\/ul>\n","protected":false},"excerpt":{"rendered":"<p>Complete your bathroom by adding this 2-function bath shower faucet. This set includes the rain shower, hand shower with bar, valve and diverter. Thanks to its ceramic cartridge and solid brass body, the <strong data-start=\"290\" data-end=\"304\">VITO-II-GD<\/strong> guarantees exceptional durability. Its design is perfect for a modern bathroom.   <\/p>\n<p>&nbsp;<\/p>\n<p><img decoding=\"async\" class=\"alignnone size-medium wp-image-6104\" src=\"https:\/\/concept05design.com\/wp-content\/uploads\/2025\/07\/Untitled-58-300x213.png\" alt=\"\" width=\"300\" height=\"213\" srcset=\"https:\/\/concept05design.com\/wp-content\/uploads\/2025\/07\/Untitled-58-200x142.png 200w, https:\/\/concept05design.com\/wp-content\/uploads\/2025\/07\/Untitled-58-300x214.png 300w, https:\/\/concept05design.com\/wp-content\/uploads\/2025\/07\/Untitled-58-400x283.png 400w, https:\/\/concept05design.com\/wp-content\/uploads\/2025\/07\/Untitled-58-500x354.png 500w, https:\/\/concept05design.com\/wp-content\/uploads\/2025\/07\/Untitled-58-600x425.png 600w, https:\/\/concept05design.com\/wp-content\/uploads\/2025\/07\/Untitled-58-700x496.png 700w, https:\/\/concept05design.com\/wp-content\/uploads\/2025\/07\/Untitled-58.png 741w\" sizes=\"(max-width: 300px) 100vw, 300px\" \/><\/p>\n","protected":false},"featured_media":6107,"template":"","meta":[],"product_brand":[],"product_cat":[418,433,438,434],"product_tag":[],"class_list":{"0":"post-6108","1":"product","2":"type-product","3":"status-publish","4":"has-post-thumbnail","6":"product_cat-bathroom","7":"product_cat-faucet-en","8":"product_cat-shower","9":"product_cat-vedette-bathroom-faucet","11":"first","12":"instock","13":"shipping-taxable","14":"product-type-simple"},"yoast_head":"<!-- This site is optimized with the Yoast SEO plugin v27.4 - https:\/\/yoast.com\/product\/yoast-seo-wordpress\/ -->\n<title>Vito-II - Concept 05 Design<\/title>\n<meta name=\"robots\" content=\"index, follow, max-snippet:-1, max-image-preview:large, max-video-preview:-1\" \/>\n<link rel=\"canonical\" href=\"https:\/\/concept05design.com\/en\/produit\/vito-ii\/\" \/>\n<meta property=\"og:locale\" content=\"en_US\" \/>\n<meta property=\"og:type\" content=\"article\" \/>\n<meta property=\"og:title\" content=\"Vito-II - Concept 05 Design\" \/>\n<meta property=\"og:description\" content=\"Complete your bathroom by adding this 2-function bath shower faucet. This set includes the rain shower, hand shower with bar, valve and diverter. Thanks to its ceramic cartridge and solid brass body, the VITO-II-GD guarantees exceptional durability. Its design is perfect for a modern bathroom.   &nbsp;\" \/>\n<meta property=\"og:url\" content=\"https:\/\/concept05design.com\/en\/produit\/vito-ii\/\" \/>\n<meta property=\"og:site_name\" content=\"Concept 05 Design\" \/>\n<meta property=\"article:modified_time\" content=\"2025-08-01T17:18:15+00:00\" \/>\n<meta property=\"og:image\" content=\"https:\/\/concept05design.com\/wp-content\/uploads\/2025\/07\/VITO-II-GD.webp\" \/>\n\t<meta property=\"og:image:width\" content=\"600\" \/>\n\t<meta property=\"og:image:height\" content=\"600\" \/>\n\t<meta property=\"og:image:type\" content=\"image\/webp\" \/>\n<meta name=\"twitter:card\" content=\"summary_large_image\" \/>\n<script type=\"application\/ld+json\" class=\"yoast-schema-graph\">{\"@context\":\"https:\\\/\\\/schema.org\",\"@graph\":[{\"@type\":\"WebPage\",\"@id\":\"https:\\\/\\\/concept05design.com\\\/en\\\/produit\\\/vito-ii\\\/\",\"url\":\"https:\\\/\\\/concept05design.com\\\/en\\\/produit\\\/vito-ii\\\/\",\"name\":\"Vito-II - Concept 05 Design\",\"isPartOf\":{\"@id\":\"https:\\\/\\\/concept05design.com\\\/en\\\/#website\"},\"primaryImageOfPage\":{\"@id\":\"https:\\\/\\\/concept05design.com\\\/en\\\/produit\\\/vito-ii\\\/#primaryimage\"},\"image\":{\"@id\":\"https:\\\/\\\/concept05design.com\\\/en\\\/produit\\\/vito-ii\\\/#primaryimage\"},\"thumbnailUrl\":\"https:\\\/\\\/concept05design.com\\\/wp-content\\\/uploads\\\/2025\\\/07\\\/VITO-II-GD.webp\",\"datePublished\":\"2025-07-28T17:30:54+00:00\",\"dateModified\":\"2025-08-01T17:18:15+00:00\",\"breadcrumb\":{\"@id\":\"https:\\\/\\\/concept05design.com\\\/en\\\/produit\\\/vito-ii\\\/#breadcrumb\"},\"inLanguage\":\"en-US\",\"potentialAction\":[{\"@type\":\"ReadAction\",\"target\":[\"https:\\\/\\\/concept05design.com\\\/en\\\/produit\\\/vito-ii\\\/\"]}]},{\"@type\":\"ImageObject\",\"inLanguage\":\"en-US\",\"@id\":\"https:\\\/\\\/concept05design.com\\\/en\\\/produit\\\/vito-ii\\\/#primaryimage\",\"url\":\"https:\\\/\\\/concept05design.com\\\/wp-content\\\/uploads\\\/2025\\\/07\\\/VITO-II-GD.webp\",\"contentUrl\":\"https:\\\/\\\/concept05design.com\\\/wp-content\\\/uploads\\\/2025\\\/07\\\/VITO-II-GD.webp\",\"width\":600,\"height\":600},{\"@type\":\"BreadcrumbList\",\"@id\":\"https:\\\/\\\/concept05design.com\\\/en\\\/produit\\\/vito-ii\\\/#breadcrumb\",\"itemListElement\":[{\"@type\":\"ListItem\",\"position\":1,\"name\":\"Accueil\",\"item\":\"https:\\\/\\\/concept05design.com\\\/en\\\/\"},{\"@type\":\"ListItem\",\"position\":2,\"name\":\"Shop\",\"item\":\"https:\\\/\\\/concept05design.com\\\/shop\\\/\"},{\"@type\":\"ListItem\",\"position\":3,\"name\":\"Vito-II\"}]},{\"@type\":\"WebSite\",\"@id\":\"https:\\\/\\\/concept05design.com\\\/en\\\/#website\",\"url\":\"https:\\\/\\\/concept05design.com\\\/en\\\/\",\"name\":\"Concept 05 Design\",\"description\":\"Du Concept \u00e0 la R\u00e9alit\u00e9 : Votre Vision, Notre Mission\",\"potentialAction\":[{\"@type\":\"SearchAction\",\"target\":{\"@type\":\"EntryPoint\",\"urlTemplate\":\"https:\\\/\\\/concept05design.com\\\/en\\\/?s={search_term_string}\"},\"query-input\":{\"@type\":\"PropertyValueSpecification\",\"valueRequired\":true,\"valueName\":\"search_term_string\"}}],\"inLanguage\":\"en-US\"}]}<\/script>\n<!-- \/ Yoast SEO plugin. -->","yoast_head_json":{"title":"Vito-II - Concept 05 Design","robots":{"index":"index","follow":"follow","max-snippet":"max-snippet:-1","max-image-preview":"max-image-preview:large","max-video-preview":"max-video-preview:-1"},"canonical":"https:\/\/concept05design.com\/en\/produit\/vito-ii\/","og_locale":"en_US","og_type":"article","og_title":"Vito-II - Concept 05 Design","og_description":"Complete your bathroom by adding this 2-function bath shower faucet. This set includes the rain shower, hand shower with bar, valve and diverter. Thanks to its ceramic cartridge and solid brass body, the VITO-II-GD guarantees exceptional durability. Its design is perfect for a modern bathroom.   &nbsp;","og_url":"https:\/\/concept05design.com\/en\/produit\/vito-ii\/","og_site_name":"Concept 05 Design","article_modified_time":"2025-08-01T17:18:15+00:00","og_image":[{"width":600,"height":600,"url":"https:\/\/concept05design.com\/wp-content\/uploads\/2025\/07\/VITO-II-GD.webp","type":"image\/webp"}],"twitter_card":"summary_large_image","schema":{"@context":"https:\/\/schema.org","@graph":[{"@type":"WebPage","@id":"https:\/\/concept05design.com\/en\/produit\/vito-ii\/","url":"https:\/\/concept05design.com\/en\/produit\/vito-ii\/","name":"Vito-II - Concept 05 Design","isPartOf":{"@id":"https:\/\/concept05design.com\/en\/#website"},"primaryImageOfPage":{"@id":"https:\/\/concept05design.com\/en\/produit\/vito-ii\/#primaryimage"},"image":{"@id":"https:\/\/concept05design.com\/en\/produit\/vito-ii\/#primaryimage"},"thumbnailUrl":"https:\/\/concept05design.com\/wp-content\/uploads\/2025\/07\/VITO-II-GD.webp","datePublished":"2025-07-28T17:30:54+00:00","dateModified":"2025-08-01T17:18:15+00:00","breadcrumb":{"@id":"https:\/\/concept05design.com\/en\/produit\/vito-ii\/#breadcrumb"},"inLanguage":"en-US","potentialAction":[{"@type":"ReadAction","target":["https:\/\/concept05design.com\/en\/produit\/vito-ii\/"]}]},{"@type":"ImageObject","inLanguage":"en-US","@id":"https:\/\/concept05design.com\/en\/produit\/vito-ii\/#primaryimage","url":"https:\/\/concept05design.com\/wp-content\/uploads\/2025\/07\/VITO-II-GD.webp","contentUrl":"https:\/\/concept05design.com\/wp-content\/uploads\/2025\/07\/VITO-II-GD.webp","width":600,"height":600},{"@type":"BreadcrumbList","@id":"https:\/\/concept05design.com\/en\/produit\/vito-ii\/#breadcrumb","itemListElement":[{"@type":"ListItem","position":1,"name":"Accueil","item":"https:\/\/concept05design.com\/en\/"},{"@type":"ListItem","position":2,"name":"Shop","item":"https:\/\/concept05design.com\/shop\/"},{"@type":"ListItem","position":3,"name":"Vito-II"}]},{"@type":"WebSite","@id":"https:\/\/concept05design.com\/en\/#website","url":"https:\/\/concept05design.com\/en\/","name":"Concept 05 Design","description":"Du Concept \u00e0 la R\u00e9alit\u00e9 : Votre Vision, Notre Mission","potentialAction":[{"@type":"SearchAction","target":{"@type":"EntryPoint","urlTemplate":"https:\/\/concept05design.com\/en\/?s={search_term_string}"},"query-input":{"@type":"PropertyValueSpecification","valueRequired":true,"valueName":"search_term_string"}}],"inLanguage":"en-US"}]}},"_links":{"self":[{"href":"https:\/\/concept05design.com\/en\/wp-json\/wp\/v2\/product\/6108","targetHints":{"allow":["GET"]}}],"collection":[{"href":"https:\/\/concept05design.com\/en\/wp-json\/wp\/v2\/product"}],"about":[{"href":"https:\/\/concept05design.com\/en\/wp-json\/wp\/v2\/types\/product"}],"wp:featuredmedia":[{"embeddable":true,"href":"https:\/\/concept05design.com\/en\/wp-json\/wp\/v2\/media\/6107"}],"wp:attachment":[{"href":"https:\/\/concept05design.com\/en\/wp-json\/wp\/v2\/media?parent=6108"}],"wp:term":[{"taxonomy":"product_brand","embeddable":true,"href":"https:\/\/concept05design.com\/en\/wp-json\/wp\/v2\/product_brand?post=6108"},{"taxonomy":"product_cat","embeddable":true,"href":"https:\/\/concept05design.com\/en\/wp-json\/wp\/v2\/product_cat?post=6108"},{"taxonomy":"product_tag","embeddable":true,"href":"https:\/\/concept05design.com\/en\/wp-json\/wp\/v2\/product_tag?post=6108"}],"curies":[{"name":"wp","href":"https:\/\/api.w.org\/{rel}","templated":true}]}}