{"id":6118,"date":"2025-07-28T17:33:32","date_gmt":"2025-07-28T17:33:32","guid":{"rendered":"https:\/\/concept05design.com\/produit\/vissali\/"},"modified":"2025-07-28T17:34:25","modified_gmt":"2025-07-28T17:34:25","slug":"vissali","status":"publish","type":"product","link":"https:\/\/concept05design.com\/en\/produit\/vissali\/","title":{"rendered":"Vissali"},"content":{"rendered":"<p data-start=\"402\" data-end=\"424\"><strong data-start=\"402\" data-end=\"422\">Features<\/strong><\/p>\n<ul data-start=\"425\" data-end=\"952\">\n<li data-start=\"425\" data-end=\"454\">\n<p data-start=\"427\" data-end=\"454\">Stainless steel body<\/p>\n<\/li>\n<li data-start=\"455\" data-end=\"529\">\n<p data-start=\"457\" data-end=\"529\">8&#8243; diameter round showerhead with 16&#8243; shower arm<\/p>\n<\/li>\n<li data-start=\"530\" data-end=\"558\">\n<p data-start=\"532\" data-end=\"558\">24&#8243; shower rail<\/p>\n<\/li>\n<li data-start=\"559\" data-end=\"645\">\n<p data-start=\"561\" data-end=\"645\">Single-function round showerhead with 59&#8243; stainless steel flexible hose<\/p>\n<\/li>\n<li data-start=\"646\" data-end=\"668\">\n<p data-start=\"648\" data-end=\"668\">Rounded handles<\/p>\n<\/li>\n<li data-start=\"669\" data-end=\"692\">\n<p data-start=\"671\" data-end=\"692\">2-way diverter<\/p>\n<\/li>\n<li data-start=\"693\" data-end=\"747\">\n<p data-start=\"695\" data-end=\"747\">Anti-scale silicone nozzles for all jets<\/p>\n<\/li>\n<li data-start=\"748\" data-end=\"774\">\n<p data-start=\"750\" data-end=\"774\">Ceramic cartridge<\/p>\n<\/li>\n<li data-start=\"775\" data-end=\"823\">\n<p data-start=\"777\" data-end=\"823\">Balanced pressure regulation system<\/p>\n<\/li>\n<li data-start=\"824\" data-end=\"851\">\n<p data-start=\"826\" data-end=\"851\">Built-in valve included<\/p>\n<\/li>\n<li data-start=\"852\" data-end=\"903\">\n<p data-start=\"854\" data-end=\"903\">Rain shower: 2.5 gpm max (9.5 L\/min) at 80 psi<\/p>\n<\/li>\n<li data-start=\"904\" data-end=\"952\">\n<p data-start=\"906\" data-end=\"952\">Hand shower: 2.5 gpm max (9.5 L\/min) at 80 psi<\/p>\n<\/li>\n<\/ul>\n<p data-start=\"954\" data-end=\"974\"><strong data-start=\"954\" data-end=\"972\">Specifications<\/strong><\/p>\n<ul data-start=\"975\" data-end=\"1183\" data-is-last-node=\"\" data-is-only-node=\"\">\n<li data-start=\"975\" data-end=\"1041\">\n<p data-start=\"977\" data-end=\"1041\">Available finishes: chrome, brushed brass (gold) and matt black<\/p>\n<\/li>\n<li data-start=\"1042\" data-end=\"1103\">\n<p data-start=\"1044\" data-end=\"1103\">Certifications: CSA (B125.1-18) and CUPC (ASME A112.18.1)<\/p>\n<\/li>\n<li data-start=\"1104\" data-end=\"1139\">\n<p data-start=\"1106\" data-end=\"1139\">Lifetime cartridge warranty<\/p>\n<\/li>\n<li data-start=\"1140\" data-end=\"1183\" data-is-last-node=\"\">\n<p data-start=\"1142\" data-end=\"1183\" data-is-last-node=\"\">15-year warranty on chrome finish<\/p>\n<\/li>\n<\/ul>\n","protected":false},"excerpt":{"rendered":"<p>Complete your bathroom by adding this 2-function bath shower faucet. This set includes the rain shower, the hand shower with its bar, the valve and the diverter. With its solid brass body and ceramic cartridge, <strong data-start=\"296\" data-end=\"307\">VISSALI<\/strong> is built to last. Its sleek styling makes it an ideal choice for a modern bathroom.   <\/p>\n<p>&nbsp;<\/p>\n<p><img decoding=\"async\" class=\"alignnone size-medium wp-image-6110\" src=\"https:\/\/concept05design.com\/wp-content\/uploads\/2025\/07\/Untitled-59-300x211.png\" alt=\"\" width=\"300\" height=\"211\" srcset=\"https:\/\/concept05design.com\/wp-content\/uploads\/2025\/07\/Untitled-59-200x141.png 200w, https:\/\/concept05design.com\/wp-content\/uploads\/2025\/07\/Untitled-59-300x211.png 300w, https:\/\/concept05design.com\/wp-content\/uploads\/2025\/07\/Untitled-59-400x281.png 400w, https:\/\/concept05design.com\/wp-content\/uploads\/2025\/07\/Untitled-59-500x351.png 500w, https:\/\/concept05design.com\/wp-content\/uploads\/2025\/07\/Untitled-59-600x422.png 600w, https:\/\/concept05design.com\/wp-content\/uploads\/2025\/07\/Untitled-59-700x492.png 700w, https:\/\/concept05design.com\/wp-content\/uploads\/2025\/07\/Untitled-59.png 754w\" sizes=\"(max-width: 300px) 100vw, 300px\" \/><\/p>\n","protected":false},"featured_media":6113,"template":"","meta":[],"product_brand":[],"product_cat":[418,433,438],"product_tag":[],"class_list":{"0":"post-6118","1":"product","2":"type-product","3":"status-publish","4":"has-post-thumbnail","6":"product_cat-bathroom","7":"product_cat-faucet-en","8":"product_cat-shower","10":"first","11":"instock","12":"shipping-taxable","13":"product-type-simple"},"yoast_head":"<!-- This site is optimized with the Yoast SEO plugin v27.4 - https:\/\/yoast.com\/product\/yoast-seo-wordpress\/ -->\n<title>Vissali - Concept 05 Design<\/title>\n<meta name=\"robots\" content=\"index, follow, max-snippet:-1, max-image-preview:large, max-video-preview:-1\" \/>\n<link rel=\"canonical\" href=\"https:\/\/concept05design.com\/en\/produit\/vissali\/\" \/>\n<meta property=\"og:locale\" content=\"en_US\" \/>\n<meta property=\"og:type\" content=\"article\" \/>\n<meta property=\"og:title\" content=\"Vissali - Concept 05 Design\" \/>\n<meta property=\"og:description\" content=\"Complete your bathroom by adding this 2-function bath shower faucet. This set includes the rain shower, the hand shower with its bar, the valve and the diverter. With its solid brass body and ceramic cartridge, VISSALI is built to last. Its sleek styling makes it an ideal choice for a modern bathroom.   &nbsp;\" \/>\n<meta property=\"og:url\" content=\"https:\/\/concept05design.com\/en\/produit\/vissali\/\" \/>\n<meta property=\"og:site_name\" content=\"Concept 05 Design\" \/>\n<meta property=\"article:modified_time\" content=\"2025-07-28T17:34:25+00:00\" \/>\n<meta property=\"og:image\" content=\"https:\/\/concept05design.com\/wp-content\/uploads\/2025\/07\/VISSALI-BK-Main.webp\" \/>\n\t<meta property=\"og:image:width\" content=\"600\" \/>\n\t<meta property=\"og:image:height\" content=\"600\" \/>\n\t<meta property=\"og:image:type\" content=\"image\/webp\" \/>\n<meta name=\"twitter:card\" content=\"summary_large_image\" \/>\n<script type=\"application\/ld+json\" class=\"yoast-schema-graph\">{\"@context\":\"https:\\\/\\\/schema.org\",\"@graph\":[{\"@type\":\"WebPage\",\"@id\":\"https:\\\/\\\/concept05design.com\\\/en\\\/produit\\\/vissali\\\/\",\"url\":\"https:\\\/\\\/concept05design.com\\\/en\\\/produit\\\/vissali\\\/\",\"name\":\"Vissali - Concept 05 Design\",\"isPartOf\":{\"@id\":\"https:\\\/\\\/concept05design.com\\\/en\\\/#website\"},\"primaryImageOfPage\":{\"@id\":\"https:\\\/\\\/concept05design.com\\\/en\\\/produit\\\/vissali\\\/#primaryimage\"},\"image\":{\"@id\":\"https:\\\/\\\/concept05design.com\\\/en\\\/produit\\\/vissali\\\/#primaryimage\"},\"thumbnailUrl\":\"https:\\\/\\\/concept05design.com\\\/wp-content\\\/uploads\\\/2025\\\/07\\\/VISSALI-BK-Main.webp\",\"datePublished\":\"2025-07-28T17:33:32+00:00\",\"dateModified\":\"2025-07-28T17:34:25+00:00\",\"breadcrumb\":{\"@id\":\"https:\\\/\\\/concept05design.com\\\/en\\\/produit\\\/vissali\\\/#breadcrumb\"},\"inLanguage\":\"en-US\",\"potentialAction\":[{\"@type\":\"ReadAction\",\"target\":[\"https:\\\/\\\/concept05design.com\\\/en\\\/produit\\\/vissali\\\/\"]}]},{\"@type\":\"ImageObject\",\"inLanguage\":\"en-US\",\"@id\":\"https:\\\/\\\/concept05design.com\\\/en\\\/produit\\\/vissali\\\/#primaryimage\",\"url\":\"https:\\\/\\\/concept05design.com\\\/wp-content\\\/uploads\\\/2025\\\/07\\\/VISSALI-BK-Main.webp\",\"contentUrl\":\"https:\\\/\\\/concept05design.com\\\/wp-content\\\/uploads\\\/2025\\\/07\\\/VISSALI-BK-Main.webp\",\"width\":600,\"height\":600},{\"@type\":\"BreadcrumbList\",\"@id\":\"https:\\\/\\\/concept05design.com\\\/en\\\/produit\\\/vissali\\\/#breadcrumb\",\"itemListElement\":[{\"@type\":\"ListItem\",\"position\":1,\"name\":\"Accueil\",\"item\":\"https:\\\/\\\/concept05design.com\\\/en\\\/\"},{\"@type\":\"ListItem\",\"position\":2,\"name\":\"Shop\",\"item\":\"https:\\\/\\\/concept05design.com\\\/shop\\\/\"},{\"@type\":\"ListItem\",\"position\":3,\"name\":\"Vissali\"}]},{\"@type\":\"WebSite\",\"@id\":\"https:\\\/\\\/concept05design.com\\\/en\\\/#website\",\"url\":\"https:\\\/\\\/concept05design.com\\\/en\\\/\",\"name\":\"Concept 05 Design\",\"description\":\"Du Concept \u00e0 la R\u00e9alit\u00e9 : Votre Vision, Notre Mission\",\"potentialAction\":[{\"@type\":\"SearchAction\",\"target\":{\"@type\":\"EntryPoint\",\"urlTemplate\":\"https:\\\/\\\/concept05design.com\\\/en\\\/?s={search_term_string}\"},\"query-input\":{\"@type\":\"PropertyValueSpecification\",\"valueRequired\":true,\"valueName\":\"search_term_string\"}}],\"inLanguage\":\"en-US\"}]}<\/script>\n<!-- \/ Yoast SEO plugin. -->","yoast_head_json":{"title":"Vissali - Concept 05 Design","robots":{"index":"index","follow":"follow","max-snippet":"max-snippet:-1","max-image-preview":"max-image-preview:large","max-video-preview":"max-video-preview:-1"},"canonical":"https:\/\/concept05design.com\/en\/produit\/vissali\/","og_locale":"en_US","og_type":"article","og_title":"Vissali - Concept 05 Design","og_description":"Complete your bathroom by adding this 2-function bath shower faucet. This set includes the rain shower, the hand shower with its bar, the valve and the diverter. With its solid brass body and ceramic cartridge, VISSALI is built to last. Its sleek styling makes it an ideal choice for a modern bathroom.   &nbsp;","og_url":"https:\/\/concept05design.com\/en\/produit\/vissali\/","og_site_name":"Concept 05 Design","article_modified_time":"2025-07-28T17:34:25+00:00","og_image":[{"width":600,"height":600,"url":"https:\/\/concept05design.com\/wp-content\/uploads\/2025\/07\/VISSALI-BK-Main.webp","type":"image\/webp"}],"twitter_card":"summary_large_image","schema":{"@context":"https:\/\/schema.org","@graph":[{"@type":"WebPage","@id":"https:\/\/concept05design.com\/en\/produit\/vissali\/","url":"https:\/\/concept05design.com\/en\/produit\/vissali\/","name":"Vissali - Concept 05 Design","isPartOf":{"@id":"https:\/\/concept05design.com\/en\/#website"},"primaryImageOfPage":{"@id":"https:\/\/concept05design.com\/en\/produit\/vissali\/#primaryimage"},"image":{"@id":"https:\/\/concept05design.com\/en\/produit\/vissali\/#primaryimage"},"thumbnailUrl":"https:\/\/concept05design.com\/wp-content\/uploads\/2025\/07\/VISSALI-BK-Main.webp","datePublished":"2025-07-28T17:33:32+00:00","dateModified":"2025-07-28T17:34:25+00:00","breadcrumb":{"@id":"https:\/\/concept05design.com\/en\/produit\/vissali\/#breadcrumb"},"inLanguage":"en-US","potentialAction":[{"@type":"ReadAction","target":["https:\/\/concept05design.com\/en\/produit\/vissali\/"]}]},{"@type":"ImageObject","inLanguage":"en-US","@id":"https:\/\/concept05design.com\/en\/produit\/vissali\/#primaryimage","url":"https:\/\/concept05design.com\/wp-content\/uploads\/2025\/07\/VISSALI-BK-Main.webp","contentUrl":"https:\/\/concept05design.com\/wp-content\/uploads\/2025\/07\/VISSALI-BK-Main.webp","width":600,"height":600},{"@type":"BreadcrumbList","@id":"https:\/\/concept05design.com\/en\/produit\/vissali\/#breadcrumb","itemListElement":[{"@type":"ListItem","position":1,"name":"Accueil","item":"https:\/\/concept05design.com\/en\/"},{"@type":"ListItem","position":2,"name":"Shop","item":"https:\/\/concept05design.com\/shop\/"},{"@type":"ListItem","position":3,"name":"Vissali"}]},{"@type":"WebSite","@id":"https:\/\/concept05design.com\/en\/#website","url":"https:\/\/concept05design.com\/en\/","name":"Concept 05 Design","description":"Du Concept \u00e0 la R\u00e9alit\u00e9 : Votre Vision, Notre Mission","potentialAction":[{"@type":"SearchAction","target":{"@type":"EntryPoint","urlTemplate":"https:\/\/concept05design.com\/en\/?s={search_term_string}"},"query-input":{"@type":"PropertyValueSpecification","valueRequired":true,"valueName":"search_term_string"}}],"inLanguage":"en-US"}]}},"_links":{"self":[{"href":"https:\/\/concept05design.com\/en\/wp-json\/wp\/v2\/product\/6118","targetHints":{"allow":["GET"]}}],"collection":[{"href":"https:\/\/concept05design.com\/en\/wp-json\/wp\/v2\/product"}],"about":[{"href":"https:\/\/concept05design.com\/en\/wp-json\/wp\/v2\/types\/product"}],"wp:featuredmedia":[{"embeddable":true,"href":"https:\/\/concept05design.com\/en\/wp-json\/wp\/v2\/media\/6113"}],"wp:attachment":[{"href":"https:\/\/concept05design.com\/en\/wp-json\/wp\/v2\/media?parent=6118"}],"wp:term":[{"taxonomy":"product_brand","embeddable":true,"href":"https:\/\/concept05design.com\/en\/wp-json\/wp\/v2\/product_brand?post=6118"},{"taxonomy":"product_cat","embeddable":true,"href":"https:\/\/concept05design.com\/en\/wp-json\/wp\/v2\/product_cat?post=6118"},{"taxonomy":"product_tag","embeddable":true,"href":"https:\/\/concept05design.com\/en\/wp-json\/wp\/v2\/product_tag?post=6118"}],"curies":[{"name":"wp","href":"https:\/\/api.w.org\/{rel}","templated":true}]}}