{"id":6132,"date":"2025-07-28T17:38:37","date_gmt":"2025-07-28T17:38:37","guid":{"rendered":"https:\/\/concept05design.com\/produit\/vanika\/"},"modified":"2025-07-28T17:39:04","modified_gmt":"2025-07-28T17:39:04","slug":"vanika","status":"publish","type":"product","link":"https:\/\/concept05design.com\/en\/produit\/vanika\/","title":{"rendered":"Vanika"},"content":{"rendered":"<p data-start=\"380\" data-end=\"402\"><strong data-start=\"380\" data-end=\"400\">Features<\/strong><\/p>\n<ul data-start=\"403\" data-end=\"927\">\n<li data-start=\"403\" data-end=\"432\">\n<p data-start=\"405\" data-end=\"432\">Stainless steel body<\/p>\n<\/li>\n<li data-start=\"433\" data-end=\"478\">\n<p data-start=\"435\" data-end=\"478\">8&#8243; diameter round shower head<\/p>\n<\/li>\n<li data-start=\"479\" data-end=\"506\">\n<p data-start=\"481\" data-end=\"506\">16&#8243; shower arm<\/p>\n<\/li>\n<li data-start=\"507\" data-end=\"602\">\n<p data-start=\"509\" data-end=\"602\">Single-function round metal showerhead with 59&#8243; stainless steel flexible hose<\/p>\n<\/li>\n<li data-start=\"603\" data-end=\"672\">\n<p data-start=\"605\" data-end=\"672\">Rectangular thermostatic valve with textured round handles<\/p>\n<\/li>\n<li data-start=\"673\" data-end=\"727\">\n<p data-start=\"675\" data-end=\"727\">Anti-scale silicone nozzles for all jets<\/p>\n<\/li>\n<li data-start=\"728\" data-end=\"754\">\n<p data-start=\"730\" data-end=\"754\">Ceramic cartridge<\/p>\n<\/li>\n<li data-start=\"755\" data-end=\"798\">\n<p data-start=\"757\" data-end=\"798\">2-way diverter (shared function)<\/p>\n<\/li>\n<li data-start=\"799\" data-end=\"826\">\n<p data-start=\"801\" data-end=\"826\">Built-in valve included<\/p>\n<\/li>\n<li data-start=\"827\" data-end=\"878\">\n<p data-start=\"829\" data-end=\"878\">Rain shower: 2.5 gpm max (9.5 L\/min) at 80 psi<\/p>\n<\/li>\n<li data-start=\"879\" data-end=\"927\">\n<p data-start=\"881\" data-end=\"927\">Hand shower: 2.5 gpm max (9.5 L\/min) at 80 psi<\/p>\n<\/li>\n<\/ul>\n<p data-start=\"929\" data-end=\"949\"><strong data-start=\"929\" data-end=\"947\">Specifications<\/strong><\/p>\n<ul data-start=\"950\" data-end=\"1226\" data-is-last-node=\"\" data-is-only-node=\"\">\n<li data-start=\"950\" data-end=\"1042\">\n<p data-start=\"952\" data-end=\"1042\">Available finishes: chrome, matt black, brushed brass (gold), brushed nickel and matt white<\/p>\n<\/li>\n<li data-start=\"1043\" data-end=\"1144\">\n<p data-start=\"1045\" data-end=\"1144\">This model meets or exceeds the following requirements: CSA (B125.1-18) and CUPC (ASME A112.18.1)<\/p>\n<\/li>\n<li data-start=\"1145\" data-end=\"1180\">\n<p data-start=\"1147\" data-end=\"1180\">Lifetime cartridge warranty<\/p>\n<\/li>\n<li data-start=\"1181\" data-end=\"1226\" data-is-last-node=\"\">\n<p data-start=\"1183\" data-end=\"1226\" data-is-last-node=\"\">5-year warranty on matt white finish<\/p>\n<\/li>\n<\/ul>\n","protected":false},"excerpt":{"rendered":"<p>This shower faucet combines modern design and functional convenience in a complete package. The adjustable handshower provides easy operation and convenient access. The water inlet integrated into the bar makes installation more streamlined and clutter-free. The ceramic cartridge and solid brass body guarantee durability.   <\/p>\n<p>&nbsp;<\/p>\n<p><img decoding=\"async\" class=\"alignnone size-medium wp-image-6130\" src=\"https:\/\/concept05design.com\/wp-content\/uploads\/2025\/07\/Untitled-60-300x218.png\" alt=\"\" width=\"300\" height=\"218\" srcset=\"https:\/\/concept05design.com\/wp-content\/uploads\/2025\/07\/Untitled-60-200x145.png 200w, https:\/\/concept05design.com\/wp-content\/uploads\/2025\/07\/Untitled-60-300x218.png 300w, https:\/\/concept05design.com\/wp-content\/uploads\/2025\/07\/Untitled-60-400x291.png 400w, https:\/\/concept05design.com\/wp-content\/uploads\/2025\/07\/Untitled-60-500x363.png 500w, https:\/\/concept05design.com\/wp-content\/uploads\/2025\/07\/Untitled-60-600x436.png 600w, https:\/\/concept05design.com\/wp-content\/uploads\/2025\/07\/Untitled-60-700x509.png 700w, https:\/\/concept05design.com\/wp-content\/uploads\/2025\/07\/Untitled-60.png 717w\" sizes=\"(max-width: 300px) 100vw, 300px\" \/><\/p>\n","protected":false},"featured_media":6129,"template":"","meta":[],"product_brand":[],"product_cat":[418,433,438],"product_tag":[],"class_list":{"0":"post-6132","1":"product","2":"type-product","3":"status-publish","4":"has-post-thumbnail","6":"product_cat-bathroom","7":"product_cat-faucet-en","8":"product_cat-shower","10":"first","11":"instock","12":"shipping-taxable","13":"product-type-simple"},"yoast_head":"<!-- This site is optimized with the Yoast SEO plugin v27.4 - https:\/\/yoast.com\/product\/yoast-seo-wordpress\/ -->\n<title>Vanika - Concept 05 Design<\/title>\n<meta name=\"robots\" content=\"index, follow, max-snippet:-1, max-image-preview:large, max-video-preview:-1\" \/>\n<link rel=\"canonical\" href=\"https:\/\/concept05design.com\/en\/produit\/vanika\/\" \/>\n<meta property=\"og:locale\" content=\"en_US\" \/>\n<meta property=\"og:type\" content=\"article\" \/>\n<meta property=\"og:title\" content=\"Vanika - Concept 05 Design\" \/>\n<meta property=\"og:description\" content=\"This shower faucet combines modern design and functional convenience in a complete package. The adjustable handshower provides easy operation and convenient access. The water inlet integrated into the bar makes installation more streamlined and clutter-free. The ceramic cartridge and solid brass body guarantee durability.   &nbsp;\" \/>\n<meta property=\"og:url\" content=\"https:\/\/concept05design.com\/en\/produit\/vanika\/\" \/>\n<meta property=\"og:site_name\" content=\"Concept 05 Design\" \/>\n<meta property=\"article:modified_time\" content=\"2025-07-28T17:39:04+00:00\" \/>\n<meta property=\"og:image\" content=\"https:\/\/concept05design.com\/wp-content\/uploads\/2025\/07\/VANIKA.webp\" \/>\n\t<meta property=\"og:image:width\" content=\"600\" \/>\n\t<meta property=\"og:image:height\" content=\"600\" \/>\n\t<meta property=\"og:image:type\" content=\"image\/webp\" \/>\n<meta name=\"twitter:card\" content=\"summary_large_image\" \/>\n<script type=\"application\/ld+json\" class=\"yoast-schema-graph\">{\"@context\":\"https:\\\/\\\/schema.org\",\"@graph\":[{\"@type\":\"WebPage\",\"@id\":\"https:\\\/\\\/concept05design.com\\\/en\\\/produit\\\/vanika\\\/\",\"url\":\"https:\\\/\\\/concept05design.com\\\/en\\\/produit\\\/vanika\\\/\",\"name\":\"Vanika - Concept 05 Design\",\"isPartOf\":{\"@id\":\"https:\\\/\\\/concept05design.com\\\/en\\\/#website\"},\"primaryImageOfPage\":{\"@id\":\"https:\\\/\\\/concept05design.com\\\/en\\\/produit\\\/vanika\\\/#primaryimage\"},\"image\":{\"@id\":\"https:\\\/\\\/concept05design.com\\\/en\\\/produit\\\/vanika\\\/#primaryimage\"},\"thumbnailUrl\":\"https:\\\/\\\/concept05design.com\\\/wp-content\\\/uploads\\\/2025\\\/07\\\/VANIKA.webp\",\"datePublished\":\"2025-07-28T17:38:37+00:00\",\"dateModified\":\"2025-07-28T17:39:04+00:00\",\"breadcrumb\":{\"@id\":\"https:\\\/\\\/concept05design.com\\\/en\\\/produit\\\/vanika\\\/#breadcrumb\"},\"inLanguage\":\"en-US\",\"potentialAction\":[{\"@type\":\"ReadAction\",\"target\":[\"https:\\\/\\\/concept05design.com\\\/en\\\/produit\\\/vanika\\\/\"]}]},{\"@type\":\"ImageObject\",\"inLanguage\":\"en-US\",\"@id\":\"https:\\\/\\\/concept05design.com\\\/en\\\/produit\\\/vanika\\\/#primaryimage\",\"url\":\"https:\\\/\\\/concept05design.com\\\/wp-content\\\/uploads\\\/2025\\\/07\\\/VANIKA.webp\",\"contentUrl\":\"https:\\\/\\\/concept05design.com\\\/wp-content\\\/uploads\\\/2025\\\/07\\\/VANIKA.webp\",\"width\":600,\"height\":600},{\"@type\":\"BreadcrumbList\",\"@id\":\"https:\\\/\\\/concept05design.com\\\/en\\\/produit\\\/vanika\\\/#breadcrumb\",\"itemListElement\":[{\"@type\":\"ListItem\",\"position\":1,\"name\":\"Accueil\",\"item\":\"https:\\\/\\\/concept05design.com\\\/en\\\/\"},{\"@type\":\"ListItem\",\"position\":2,\"name\":\"Shop\",\"item\":\"https:\\\/\\\/concept05design.com\\\/shop\\\/\"},{\"@type\":\"ListItem\",\"position\":3,\"name\":\"Vanika\"}]},{\"@type\":\"WebSite\",\"@id\":\"https:\\\/\\\/concept05design.com\\\/en\\\/#website\",\"url\":\"https:\\\/\\\/concept05design.com\\\/en\\\/\",\"name\":\"Concept 05 Design\",\"description\":\"Du Concept \u00e0 la R\u00e9alit\u00e9 : Votre Vision, Notre Mission\",\"potentialAction\":[{\"@type\":\"SearchAction\",\"target\":{\"@type\":\"EntryPoint\",\"urlTemplate\":\"https:\\\/\\\/concept05design.com\\\/en\\\/?s={search_term_string}\"},\"query-input\":{\"@type\":\"PropertyValueSpecification\",\"valueRequired\":true,\"valueName\":\"search_term_string\"}}],\"inLanguage\":\"en-US\"}]}<\/script>\n<!-- \/ Yoast SEO plugin. -->","yoast_head_json":{"title":"Vanika - Concept 05 Design","robots":{"index":"index","follow":"follow","max-snippet":"max-snippet:-1","max-image-preview":"max-image-preview:large","max-video-preview":"max-video-preview:-1"},"canonical":"https:\/\/concept05design.com\/en\/produit\/vanika\/","og_locale":"en_US","og_type":"article","og_title":"Vanika - Concept 05 Design","og_description":"This shower faucet combines modern design and functional convenience in a complete package. The adjustable handshower provides easy operation and convenient access. The water inlet integrated into the bar makes installation more streamlined and clutter-free. The ceramic cartridge and solid brass body guarantee durability.   &nbsp;","og_url":"https:\/\/concept05design.com\/en\/produit\/vanika\/","og_site_name":"Concept 05 Design","article_modified_time":"2025-07-28T17:39:04+00:00","og_image":[{"width":600,"height":600,"url":"https:\/\/concept05design.com\/wp-content\/uploads\/2025\/07\/VANIKA.webp","type":"image\/webp"}],"twitter_card":"summary_large_image","schema":{"@context":"https:\/\/schema.org","@graph":[{"@type":"WebPage","@id":"https:\/\/concept05design.com\/en\/produit\/vanika\/","url":"https:\/\/concept05design.com\/en\/produit\/vanika\/","name":"Vanika - Concept 05 Design","isPartOf":{"@id":"https:\/\/concept05design.com\/en\/#website"},"primaryImageOfPage":{"@id":"https:\/\/concept05design.com\/en\/produit\/vanika\/#primaryimage"},"image":{"@id":"https:\/\/concept05design.com\/en\/produit\/vanika\/#primaryimage"},"thumbnailUrl":"https:\/\/concept05design.com\/wp-content\/uploads\/2025\/07\/VANIKA.webp","datePublished":"2025-07-28T17:38:37+00:00","dateModified":"2025-07-28T17:39:04+00:00","breadcrumb":{"@id":"https:\/\/concept05design.com\/en\/produit\/vanika\/#breadcrumb"},"inLanguage":"en-US","potentialAction":[{"@type":"ReadAction","target":["https:\/\/concept05design.com\/en\/produit\/vanika\/"]}]},{"@type":"ImageObject","inLanguage":"en-US","@id":"https:\/\/concept05design.com\/en\/produit\/vanika\/#primaryimage","url":"https:\/\/concept05design.com\/wp-content\/uploads\/2025\/07\/VANIKA.webp","contentUrl":"https:\/\/concept05design.com\/wp-content\/uploads\/2025\/07\/VANIKA.webp","width":600,"height":600},{"@type":"BreadcrumbList","@id":"https:\/\/concept05design.com\/en\/produit\/vanika\/#breadcrumb","itemListElement":[{"@type":"ListItem","position":1,"name":"Accueil","item":"https:\/\/concept05design.com\/en\/"},{"@type":"ListItem","position":2,"name":"Shop","item":"https:\/\/concept05design.com\/shop\/"},{"@type":"ListItem","position":3,"name":"Vanika"}]},{"@type":"WebSite","@id":"https:\/\/concept05design.com\/en\/#website","url":"https:\/\/concept05design.com\/en\/","name":"Concept 05 Design","description":"Du Concept \u00e0 la R\u00e9alit\u00e9 : Votre Vision, Notre Mission","potentialAction":[{"@type":"SearchAction","target":{"@type":"EntryPoint","urlTemplate":"https:\/\/concept05design.com\/en\/?s={search_term_string}"},"query-input":{"@type":"PropertyValueSpecification","valueRequired":true,"valueName":"search_term_string"}}],"inLanguage":"en-US"}]}},"_links":{"self":[{"href":"https:\/\/concept05design.com\/en\/wp-json\/wp\/v2\/product\/6132","targetHints":{"allow":["GET"]}}],"collection":[{"href":"https:\/\/concept05design.com\/en\/wp-json\/wp\/v2\/product"}],"about":[{"href":"https:\/\/concept05design.com\/en\/wp-json\/wp\/v2\/types\/product"}],"wp:featuredmedia":[{"embeddable":true,"href":"https:\/\/concept05design.com\/en\/wp-json\/wp\/v2\/media\/6129"}],"wp:attachment":[{"href":"https:\/\/concept05design.com\/en\/wp-json\/wp\/v2\/media?parent=6132"}],"wp:term":[{"taxonomy":"product_brand","embeddable":true,"href":"https:\/\/concept05design.com\/en\/wp-json\/wp\/v2\/product_brand?post=6132"},{"taxonomy":"product_cat","embeddable":true,"href":"https:\/\/concept05design.com\/en\/wp-json\/wp\/v2\/product_cat?post=6132"},{"taxonomy":"product_tag","embeddable":true,"href":"https:\/\/concept05design.com\/en\/wp-json\/wp\/v2\/product_tag?post=6132"}],"curies":[{"name":"wp","href":"https:\/\/api.w.org\/{rel}","templated":true}]}}