{"id":6146,"date":"2025-07-28T18:08:36","date_gmt":"2025-07-28T18:08:36","guid":{"rendered":"https:\/\/concept05design.com\/produit\/vindao\/"},"modified":"2025-07-28T18:09:12","modified_gmt":"2025-07-28T18:09:12","slug":"vindao","status":"publish","type":"product","link":"https:\/\/concept05design.com\/en\/produit\/vindao\/","title":{"rendered":"Vindao"},"content":{"rendered":"<article class=\"text-token-text-primary w-full focus:outline-none scroll-mt-[calc(var(--header-height)+min(200px,max(70px,20svh)))]\" dir=\"auto\" tabindex=\"-1\" data-testid=\"conversation-turn-184\" data-scroll-anchor=\"true\" data-turn=\"assistant\">\n<div class=\"text-base my-auto mx-auto pb-10 [--thread-content-margin:--spacing(4)] @[37rem]:[--thread-content-margin:--spacing(6)] @[72rem]:[--thread-content-margin:--spacing(16)] px-(--thread-content-margin)\">\n<div class=\"[--thread-content-max-width:32rem] @[34rem]:[--thread-content-max-width:40rem] @[64rem]:[--thread-content-max-width:48rem] mx-auto max-w-(--thread-content-max-width) flex-1 group\/turn-messages focus-visible:outline-hidden relative flex w-full min-w-0 flex-col agent-turn\" tabindex=\"-1\">\n<div class=\"flex max-w-full flex-col grow\">\n<div class=\"min-h-8 text-message relative flex w-full flex-col items-end gap-2 text-start break-words whitespace-normal [.text-message+&amp;]:mt-5\" dir=\"auto\" data-message-author-role=\"assistant\" data-message-id=\"2358c71c-74fd-408a-8b91-0a7341bd0db7\" data-message-model-slug=\"gpt-4-1-mini\">\n<div class=\"flex w-full flex-col gap-1 empty:hidden first:pt-[3px]\">\n<div class=\"markdown prose dark:prose-invert w-full break-words dark\">\n<p data-start=\"415\" data-end=\"429\"><strong data-start=\"415\" data-end=\"427\">Features<\/strong><\/p>\n<ul data-start=\"430\" data-end=\"965\">\n<li data-start=\"430\" data-end=\"454\">\n<p data-start=\"432\" data-end=\"454\">Stainless steel body<\/p>\n<\/li>\n<li data-start=\"455\" data-end=\"488\">\n<p data-start=\"457\" data-end=\"488\">Round 8&#8243; diameter shower head<\/p>\n<\/li>\n<li data-start=\"489\" data-end=\"508\">\n<p data-start=\"491\" data-end=\"508\">24&#8243; shower rail<\/p>\n<\/li>\n<li data-start=\"509\" data-end=\"591\">\n<p data-start=\"511\" data-end=\"591\">Single-function round metal hand shower with flexible 59&#8243; stainless steel hose<\/p>\n<\/li>\n<li data-start=\"592\" data-end=\"635\">\n<p data-start=\"594\" data-end=\"635\">Thermostatic valve with rounded handles<\/p>\n<\/li>\n<li data-start=\"636\" data-end=\"675\">\n<p data-start=\"638\" data-end=\"675\">Anti-lime silicone tips on all jets<\/p>\n<\/li>\n<li data-start=\"676\" data-end=\"697\">\n<p data-start=\"678\" data-end=\"697\">Ceramic cartridge<\/p>\n<\/li>\n<li data-start=\"698\" data-end=\"754\">\n<p data-start=\"700\" data-end=\"754\">Balanced pressure regulating and thermostatic system<\/p>\n<\/li>\n<li data-start=\"755\" data-end=\"791\">\n<p data-start=\"757\" data-end=\"791\">2-way diverter (shared function)<\/p>\n<\/li>\n<li data-start=\"792\" data-end=\"813\">\n<p data-start=\"794\" data-end=\"813\">Rough-in included<\/p>\n<\/li>\n<li data-start=\"814\" data-end=\"864\">\n<p data-start=\"816\" data-end=\"864\">Rain shower: 2.5 gpm max (9.5 L\/min) at 80 psi<\/p>\n<\/li>\n<li data-start=\"865\" data-end=\"915\">\n<p data-start=\"867\" data-end=\"915\">Hand shower: 2.5 gpm max (9.5 L\/min) at 80 psi<\/p>\n<\/li>\n<li data-start=\"916\" data-end=\"965\">\n<p data-start=\"918\" data-end=\"965\">Tub filler: 8.24 gpm max (37 L\/min) at 20 psi<\/p>\n<\/li>\n<\/ul>\n<p data-start=\"967\" data-end=\"987\"><strong data-start=\"967\" data-end=\"985\">Specifications<\/strong><\/p>\n<ul data-start=\"988\" data-end=\"1212\" data-is-last-node=\"\" data-is-only-node=\"\">\n<li data-start=\"988\" data-end=\"1078\">\n<p data-start=\"990\" data-end=\"1078\">Available finishes: Matte black, brushed brass (gold), brushed nickel, and matte white<\/p>\n<\/li>\n<li data-start=\"1079\" data-end=\"1134\">\n<p data-start=\"1081\" data-end=\"1134\">CSA (B125.1-18) and CUPC (ASME A112.18.1) certified<\/p>\n<\/li>\n<li data-start=\"1135\" data-end=\"1169\">\n<p data-start=\"1137\" data-end=\"1169\">Lifetime warranty on cartridge<\/p>\n<\/li>\n<li data-start=\"1170\" data-end=\"1212\" data-is-last-node=\"\">\n<p data-start=\"1172\" data-end=\"1212\" data-is-last-node=\"\">5-year warranty on brushed nickel finish<\/p>\n<\/li>\n<\/ul>\n<\/div>\n<\/div>\n<\/div>\n<\/div>\n<div class=\"mx-[var(--mini-thread-content-inset)]\">\n<div class=\"flex min-h-[46px] justify-start\"><\/div>\n<\/div>\n<\/div>\n<\/div>\n<\/article>\n<div class=\"pointer-events-none h-px w-px\" aria-hidden=\"true\" data-edge=\"true\"><\/div>\n","protected":false},"excerpt":{"rendered":"<p data-start=\"0\" data-end=\"413\">The VINDAO shower faucet perfectly blends modern design with practical functionality in a complete set. Its adjustable hand shower provides easy reach and simple use, while the built-in elbow supply integrated into the shower rail ensures a cleaner, less cluttered installation. Crafted with a solid brass body and equipped with a ceramic cartridge, this faucet promises long-lasting durability.  <\/p>\n<p data-start=\"415\" data-end=\"429\">\n<p data-start=\"415\" data-end=\"429\"><img decoding=\"async\" class=\"alignnone wp-image-6144\" src=\"https:\/\/concept05design.com\/wp-content\/uploads\/2025\/07\/Untitled-61-300x288.png\" alt=\"\" width=\"393\" height=\"377\" srcset=\"https:\/\/concept05design.com\/wp-content\/uploads\/2025\/07\/Untitled-61-200x192.png 200w, https:\/\/concept05design.com\/wp-content\/uploads\/2025\/07\/Untitled-61-300x288.png 300w, https:\/\/concept05design.com\/wp-content\/uploads\/2025\/07\/Untitled-61-400x384.png 400w, https:\/\/concept05design.com\/wp-content\/uploads\/2025\/07\/Untitled-61-500x480.png 500w, https:\/\/concept05design.com\/wp-content\/uploads\/2025\/07\/Untitled-61-600x577.png 600w, https:\/\/concept05design.com\/wp-content\/uploads\/2025\/07\/Untitled-61.png 615w\" sizes=\"(max-width: 393px) 100vw, 393px\" \/><\/p>\n","protected":false},"featured_media":6135,"template":"","meta":[],"product_brand":[],"product_cat":[418,433,438],"product_tag":[],"class_list":{"0":"post-6146","1":"product","2":"type-product","3":"status-publish","4":"has-post-thumbnail","6":"product_cat-bathroom","7":"product_cat-faucet-en","8":"product_cat-shower","10":"first","11":"instock","12":"shipping-taxable","13":"product-type-simple"},"yoast_head":"<!-- This site is optimized with the Yoast SEO plugin v27.4 - https:\/\/yoast.com\/product\/yoast-seo-wordpress\/ -->\n<title>Vindao - Concept 05 Design<\/title>\n<meta name=\"robots\" content=\"index, follow, max-snippet:-1, max-image-preview:large, max-video-preview:-1\" \/>\n<link rel=\"canonical\" href=\"https:\/\/concept05design.com\/en\/produit\/vindao\/\" \/>\n<meta property=\"og:locale\" content=\"en_US\" \/>\n<meta property=\"og:type\" content=\"article\" \/>\n<meta property=\"og:title\" content=\"Vindao - Concept 05 Design\" \/>\n<meta property=\"og:description\" content=\"The VINDAO shower faucet perfectly blends modern design with practical functionality in a complete set. Its adjustable hand shower provides easy reach and simple use, while the built-in elbow supply integrated into the shower rail ensures a cleaner, less cluttered installation. Crafted with a solid brass body and equipped with a ceramic cartridge, this faucet promises long-lasting durability.\" \/>\n<meta property=\"og:url\" content=\"https:\/\/concept05design.com\/en\/produit\/vindao\/\" \/>\n<meta property=\"og:site_name\" content=\"Concept 05 Design\" \/>\n<meta property=\"article:modified_time\" content=\"2025-07-28T18:09:12+00:00\" \/>\n<meta property=\"og:image\" content=\"https:\/\/concept05design.com\/wp-content\/uploads\/2025\/07\/VINDAO-BK_5ad360c2-5cb0-478f-90c6-cc1dd636edd3.webp\" \/>\n\t<meta property=\"og:image:width\" content=\"600\" \/>\n\t<meta property=\"og:image:height\" content=\"600\" \/>\n\t<meta property=\"og:image:type\" content=\"image\/webp\" \/>\n<meta name=\"twitter:card\" content=\"summary_large_image\" \/>\n<meta name=\"twitter:label1\" content=\"Est. reading time\" \/>\n\t<meta name=\"twitter:data1\" content=\"1 minute\" \/>\n<script type=\"application\/ld+json\" class=\"yoast-schema-graph\">{\"@context\":\"https:\\\/\\\/schema.org\",\"@graph\":[{\"@type\":\"WebPage\",\"@id\":\"https:\\\/\\\/concept05design.com\\\/en\\\/produit\\\/vindao\\\/\",\"url\":\"https:\\\/\\\/concept05design.com\\\/en\\\/produit\\\/vindao\\\/\",\"name\":\"Vindao - Concept 05 Design\",\"isPartOf\":{\"@id\":\"https:\\\/\\\/concept05design.com\\\/en\\\/#website\"},\"primaryImageOfPage\":{\"@id\":\"https:\\\/\\\/concept05design.com\\\/en\\\/produit\\\/vindao\\\/#primaryimage\"},\"image\":{\"@id\":\"https:\\\/\\\/concept05design.com\\\/en\\\/produit\\\/vindao\\\/#primaryimage\"},\"thumbnailUrl\":\"https:\\\/\\\/concept05design.com\\\/wp-content\\\/uploads\\\/2025\\\/07\\\/VINDAO-BK_5ad360c2-5cb0-478f-90c6-cc1dd636edd3.webp\",\"datePublished\":\"2025-07-28T18:08:36+00:00\",\"dateModified\":\"2025-07-28T18:09:12+00:00\",\"breadcrumb\":{\"@id\":\"https:\\\/\\\/concept05design.com\\\/en\\\/produit\\\/vindao\\\/#breadcrumb\"},\"inLanguage\":\"en-US\",\"potentialAction\":[{\"@type\":\"ReadAction\",\"target\":[\"https:\\\/\\\/concept05design.com\\\/en\\\/produit\\\/vindao\\\/\"]}]},{\"@type\":\"ImageObject\",\"inLanguage\":\"en-US\",\"@id\":\"https:\\\/\\\/concept05design.com\\\/en\\\/produit\\\/vindao\\\/#primaryimage\",\"url\":\"https:\\\/\\\/concept05design.com\\\/wp-content\\\/uploads\\\/2025\\\/07\\\/VINDAO-BK_5ad360c2-5cb0-478f-90c6-cc1dd636edd3.webp\",\"contentUrl\":\"https:\\\/\\\/concept05design.com\\\/wp-content\\\/uploads\\\/2025\\\/07\\\/VINDAO-BK_5ad360c2-5cb0-478f-90c6-cc1dd636edd3.webp\",\"width\":600,\"height\":600},{\"@type\":\"BreadcrumbList\",\"@id\":\"https:\\\/\\\/concept05design.com\\\/en\\\/produit\\\/vindao\\\/#breadcrumb\",\"itemListElement\":[{\"@type\":\"ListItem\",\"position\":1,\"name\":\"Accueil\",\"item\":\"https:\\\/\\\/concept05design.com\\\/en\\\/\"},{\"@type\":\"ListItem\",\"position\":2,\"name\":\"Shop\",\"item\":\"https:\\\/\\\/concept05design.com\\\/shop\\\/\"},{\"@type\":\"ListItem\",\"position\":3,\"name\":\"Vindao\"}]},{\"@type\":\"WebSite\",\"@id\":\"https:\\\/\\\/concept05design.com\\\/en\\\/#website\",\"url\":\"https:\\\/\\\/concept05design.com\\\/en\\\/\",\"name\":\"Concept 05 Design\",\"description\":\"Du Concept \u00e0 la R\u00e9alit\u00e9 : Votre Vision, Notre Mission\",\"potentialAction\":[{\"@type\":\"SearchAction\",\"target\":{\"@type\":\"EntryPoint\",\"urlTemplate\":\"https:\\\/\\\/concept05design.com\\\/en\\\/?s={search_term_string}\"},\"query-input\":{\"@type\":\"PropertyValueSpecification\",\"valueRequired\":true,\"valueName\":\"search_term_string\"}}],\"inLanguage\":\"en-US\"}]}<\/script>\n<!-- \/ Yoast SEO plugin. -->","yoast_head_json":{"title":"Vindao - Concept 05 Design","robots":{"index":"index","follow":"follow","max-snippet":"max-snippet:-1","max-image-preview":"max-image-preview:large","max-video-preview":"max-video-preview:-1"},"canonical":"https:\/\/concept05design.com\/en\/produit\/vindao\/","og_locale":"en_US","og_type":"article","og_title":"Vindao - Concept 05 Design","og_description":"The VINDAO shower faucet perfectly blends modern design with practical functionality in a complete set. Its adjustable hand shower provides easy reach and simple use, while the built-in elbow supply integrated into the shower rail ensures a cleaner, less cluttered installation. Crafted with a solid brass body and equipped with a ceramic cartridge, this faucet promises long-lasting durability.","og_url":"https:\/\/concept05design.com\/en\/produit\/vindao\/","og_site_name":"Concept 05 Design","article_modified_time":"2025-07-28T18:09:12+00:00","og_image":[{"width":600,"height":600,"url":"https:\/\/concept05design.com\/wp-content\/uploads\/2025\/07\/VINDAO-BK_5ad360c2-5cb0-478f-90c6-cc1dd636edd3.webp","type":"image\/webp"}],"twitter_card":"summary_large_image","twitter_misc":{"Est. reading time":"1 minute"},"schema":{"@context":"https:\/\/schema.org","@graph":[{"@type":"WebPage","@id":"https:\/\/concept05design.com\/en\/produit\/vindao\/","url":"https:\/\/concept05design.com\/en\/produit\/vindao\/","name":"Vindao - Concept 05 Design","isPartOf":{"@id":"https:\/\/concept05design.com\/en\/#website"},"primaryImageOfPage":{"@id":"https:\/\/concept05design.com\/en\/produit\/vindao\/#primaryimage"},"image":{"@id":"https:\/\/concept05design.com\/en\/produit\/vindao\/#primaryimage"},"thumbnailUrl":"https:\/\/concept05design.com\/wp-content\/uploads\/2025\/07\/VINDAO-BK_5ad360c2-5cb0-478f-90c6-cc1dd636edd3.webp","datePublished":"2025-07-28T18:08:36+00:00","dateModified":"2025-07-28T18:09:12+00:00","breadcrumb":{"@id":"https:\/\/concept05design.com\/en\/produit\/vindao\/#breadcrumb"},"inLanguage":"en-US","potentialAction":[{"@type":"ReadAction","target":["https:\/\/concept05design.com\/en\/produit\/vindao\/"]}]},{"@type":"ImageObject","inLanguage":"en-US","@id":"https:\/\/concept05design.com\/en\/produit\/vindao\/#primaryimage","url":"https:\/\/concept05design.com\/wp-content\/uploads\/2025\/07\/VINDAO-BK_5ad360c2-5cb0-478f-90c6-cc1dd636edd3.webp","contentUrl":"https:\/\/concept05design.com\/wp-content\/uploads\/2025\/07\/VINDAO-BK_5ad360c2-5cb0-478f-90c6-cc1dd636edd3.webp","width":600,"height":600},{"@type":"BreadcrumbList","@id":"https:\/\/concept05design.com\/en\/produit\/vindao\/#breadcrumb","itemListElement":[{"@type":"ListItem","position":1,"name":"Accueil","item":"https:\/\/concept05design.com\/en\/"},{"@type":"ListItem","position":2,"name":"Shop","item":"https:\/\/concept05design.com\/shop\/"},{"@type":"ListItem","position":3,"name":"Vindao"}]},{"@type":"WebSite","@id":"https:\/\/concept05design.com\/en\/#website","url":"https:\/\/concept05design.com\/en\/","name":"Concept 05 Design","description":"Du Concept \u00e0 la R\u00e9alit\u00e9 : Votre Vision, Notre Mission","potentialAction":[{"@type":"SearchAction","target":{"@type":"EntryPoint","urlTemplate":"https:\/\/concept05design.com\/en\/?s={search_term_string}"},"query-input":{"@type":"PropertyValueSpecification","valueRequired":true,"valueName":"search_term_string"}}],"inLanguage":"en-US"}]}},"_links":{"self":[{"href":"https:\/\/concept05design.com\/en\/wp-json\/wp\/v2\/product\/6146","targetHints":{"allow":["GET"]}}],"collection":[{"href":"https:\/\/concept05design.com\/en\/wp-json\/wp\/v2\/product"}],"about":[{"href":"https:\/\/concept05design.com\/en\/wp-json\/wp\/v2\/types\/product"}],"wp:featuredmedia":[{"embeddable":true,"href":"https:\/\/concept05design.com\/en\/wp-json\/wp\/v2\/media\/6135"}],"wp:attachment":[{"href":"https:\/\/concept05design.com\/en\/wp-json\/wp\/v2\/media?parent=6146"}],"wp:term":[{"taxonomy":"product_brand","embeddable":true,"href":"https:\/\/concept05design.com\/en\/wp-json\/wp\/v2\/product_brand?post=6146"},{"taxonomy":"product_cat","embeddable":true,"href":"https:\/\/concept05design.com\/en\/wp-json\/wp\/v2\/product_cat?post=6146"},{"taxonomy":"product_tag","embeddable":true,"href":"https:\/\/concept05design.com\/en\/wp-json\/wp\/v2\/product_tag?post=6146"}],"curies":[{"name":"wp","href":"https:\/\/api.w.org\/{rel}","templated":true}]}}