{"id":6152,"date":"2025-07-28T18:19:07","date_gmt":"2025-07-28T18:19:07","guid":{"rendered":"https:\/\/concept05design.com\/produit\/vital\/"},"modified":"2025-07-28T18:19:39","modified_gmt":"2025-07-28T18:19:39","slug":"vital","status":"publish","type":"product","link":"https:\/\/concept05design.com\/en\/produit\/vital\/","title":{"rendered":"vital"},"content":{"rendered":"<p data-start=\"105\" data-end=\"323\"><strong>Features<\/strong><\/p>\n<ul data-start=\"348\" data-end=\"668\">\n<li data-start=\"348\" data-end=\"377\">\n<p data-start=\"350\" data-end=\"377\">Stainless steel body<\/p>\n<\/li>\n<li data-start=\"378\" data-end=\"439\">\n<p data-start=\"380\" data-end=\"439\">27&#8221; shower rail with rotating adjustment mechanism<\/p>\n<\/li>\n<li data-start=\"440\" data-end=\"531\">\n<p data-start=\"442\" data-end=\"531\">Single-function round hand shower with 59&#8243; stainless steel flexible hose<\/p>\n<\/li>\n<li data-start=\"532\" data-end=\"586\">\n<p data-start=\"534\" data-end=\"586\">Anti-scale silicone nozzles for all jets<\/p>\n<\/li>\n<li data-start=\"587\" data-end=\"613\">\n<p data-start=\"589\" data-end=\"613\">Ceramic cartridge<\/p>\n<\/li>\n<li data-start=\"614\" data-end=\"668\">\n<p data-start=\"616\" data-end=\"668\">Hand shower flow rate: 2.5 gpm max (9.5 L\/min) at 80 psi<\/p>\n<\/li>\n<\/ul>\n<p data-start=\"670\" data-end=\"690\"><strong data-start=\"670\" data-end=\"688\">Specifications<\/strong><\/p>\n<ul data-start=\"691\" data-end=\"831\">\n<li data-start=\"691\" data-end=\"723\">\n<p data-start=\"693\" data-end=\"723\">Available finish: Chrome<\/p>\n<\/li>\n<li data-start=\"724\" data-end=\"785\">\n<p data-start=\"726\" data-end=\"785\">Certifications: CSA (B125.1-18) and CUPC (ASME A112.18.1)<\/p>\n<\/li>\n<li data-start=\"786\" data-end=\"831\">\n<p data-start=\"788\" data-end=\"831\">15-year warranty on chrome finish<\/p>\n<\/li>\n<\/ul>\n<p data-start=\"833\" data-end=\"907\" data-is-last-node=\"\" data-is-only-node=\"\">\n","protected":false},"excerpt":{"rendered":"<p>VITALE features an ergonomic design offering superior comfort and ease of use. Its timeless chrome finish blends perfectly with all bathroom styles. <\/p>\n<p>&nbsp;<\/p>\n<p><img decoding=\"async\" class=\"alignnone size-medium wp-image-6150\" src=\"https:\/\/concept05design.com\/wp-content\/uploads\/2025\/07\/Untitled-62-180x300.png\" alt=\"\" width=\"180\" height=\"300\" srcset=\"https:\/\/concept05design.com\/wp-content\/uploads\/2025\/07\/Untitled-62-180x300.png 180w, https:\/\/concept05design.com\/wp-content\/uploads\/2025\/07\/Untitled-62-200x334.png 200w, https:\/\/concept05design.com\/wp-content\/uploads\/2025\/07\/Untitled-62.png 214w\" sizes=\"(max-width: 180px) 100vw, 180px\" \/><\/p>\n","protected":false},"featured_media":6149,"template":"","meta":[],"product_brand":[],"product_cat":[418,433,438],"product_tag":[],"class_list":{"0":"post-6152","1":"product","2":"type-product","3":"status-publish","4":"has-post-thumbnail","6":"product_cat-bathroom","7":"product_cat-faucet-en","8":"product_cat-shower","10":"first","11":"instock","12":"shipping-taxable","13":"product-type-simple"},"yoast_head":"<!-- This site is optimized with the Yoast SEO plugin v27.4 - https:\/\/yoast.com\/product\/yoast-seo-wordpress\/ -->\n<title>vital - Concept 05 Design<\/title>\n<meta name=\"robots\" content=\"index, follow, max-snippet:-1, max-image-preview:large, max-video-preview:-1\" \/>\n<link rel=\"canonical\" href=\"https:\/\/concept05design.com\/en\/produit\/vital\/\" \/>\n<meta property=\"og:locale\" content=\"en_US\" \/>\n<meta property=\"og:type\" content=\"article\" \/>\n<meta property=\"og:title\" content=\"vital - Concept 05 Design\" \/>\n<meta property=\"og:description\" content=\"VITALE features an ergonomic design offering superior comfort and ease of use. Its timeless chrome finish blends perfectly with all bathroom styles.  &nbsp;\" \/>\n<meta property=\"og:url\" content=\"https:\/\/concept05design.com\/en\/produit\/vital\/\" \/>\n<meta property=\"og:site_name\" content=\"Concept 05 Design\" \/>\n<meta property=\"article:modified_time\" content=\"2025-07-28T18:19:39+00:00\" \/>\n<meta property=\"og:image\" content=\"https:\/\/concept05design.com\/wp-content\/uploads\/2025\/07\/VITALE.webp\" \/>\n\t<meta property=\"og:image:width\" content=\"600\" \/>\n\t<meta property=\"og:image:height\" content=\"600\" \/>\n\t<meta property=\"og:image:type\" content=\"image\/webp\" \/>\n<meta name=\"twitter:card\" content=\"summary_large_image\" \/>\n<script type=\"application\/ld+json\" class=\"yoast-schema-graph\">{\"@context\":\"https:\\\/\\\/schema.org\",\"@graph\":[{\"@type\":\"WebPage\",\"@id\":\"https:\\\/\\\/concept05design.com\\\/en\\\/produit\\\/vital\\\/\",\"url\":\"https:\\\/\\\/concept05design.com\\\/en\\\/produit\\\/vital\\\/\",\"name\":\"vital - Concept 05 Design\",\"isPartOf\":{\"@id\":\"https:\\\/\\\/concept05design.com\\\/en\\\/#website\"},\"primaryImageOfPage\":{\"@id\":\"https:\\\/\\\/concept05design.com\\\/en\\\/produit\\\/vital\\\/#primaryimage\"},\"image\":{\"@id\":\"https:\\\/\\\/concept05design.com\\\/en\\\/produit\\\/vital\\\/#primaryimage\"},\"thumbnailUrl\":\"https:\\\/\\\/concept05design.com\\\/wp-content\\\/uploads\\\/2025\\\/07\\\/VITALE.webp\",\"datePublished\":\"2025-07-28T18:19:07+00:00\",\"dateModified\":\"2025-07-28T18:19:39+00:00\",\"breadcrumb\":{\"@id\":\"https:\\\/\\\/concept05design.com\\\/en\\\/produit\\\/vital\\\/#breadcrumb\"},\"inLanguage\":\"en-US\",\"potentialAction\":[{\"@type\":\"ReadAction\",\"target\":[\"https:\\\/\\\/concept05design.com\\\/en\\\/produit\\\/vital\\\/\"]}]},{\"@type\":\"ImageObject\",\"inLanguage\":\"en-US\",\"@id\":\"https:\\\/\\\/concept05design.com\\\/en\\\/produit\\\/vital\\\/#primaryimage\",\"url\":\"https:\\\/\\\/concept05design.com\\\/wp-content\\\/uploads\\\/2025\\\/07\\\/VITALE.webp\",\"contentUrl\":\"https:\\\/\\\/concept05design.com\\\/wp-content\\\/uploads\\\/2025\\\/07\\\/VITALE.webp\",\"width\":600,\"height\":600},{\"@type\":\"BreadcrumbList\",\"@id\":\"https:\\\/\\\/concept05design.com\\\/en\\\/produit\\\/vital\\\/#breadcrumb\",\"itemListElement\":[{\"@type\":\"ListItem\",\"position\":1,\"name\":\"Accueil\",\"item\":\"https:\\\/\\\/concept05design.com\\\/en\\\/\"},{\"@type\":\"ListItem\",\"position\":2,\"name\":\"Shop\",\"item\":\"https:\\\/\\\/concept05design.com\\\/shop\\\/\"},{\"@type\":\"ListItem\",\"position\":3,\"name\":\"vital\"}]},{\"@type\":\"WebSite\",\"@id\":\"https:\\\/\\\/concept05design.com\\\/en\\\/#website\",\"url\":\"https:\\\/\\\/concept05design.com\\\/en\\\/\",\"name\":\"Concept 05 Design\",\"description\":\"Du Concept \u00e0 la R\u00e9alit\u00e9 : Votre Vision, Notre Mission\",\"potentialAction\":[{\"@type\":\"SearchAction\",\"target\":{\"@type\":\"EntryPoint\",\"urlTemplate\":\"https:\\\/\\\/concept05design.com\\\/en\\\/?s={search_term_string}\"},\"query-input\":{\"@type\":\"PropertyValueSpecification\",\"valueRequired\":true,\"valueName\":\"search_term_string\"}}],\"inLanguage\":\"en-US\"}]}<\/script>\n<!-- \/ Yoast SEO plugin. -->","yoast_head_json":{"title":"vital - Concept 05 Design","robots":{"index":"index","follow":"follow","max-snippet":"max-snippet:-1","max-image-preview":"max-image-preview:large","max-video-preview":"max-video-preview:-1"},"canonical":"https:\/\/concept05design.com\/en\/produit\/vital\/","og_locale":"en_US","og_type":"article","og_title":"vital - Concept 05 Design","og_description":"VITALE features an ergonomic design offering superior comfort and ease of use. Its timeless chrome finish blends perfectly with all bathroom styles.  &nbsp;","og_url":"https:\/\/concept05design.com\/en\/produit\/vital\/","og_site_name":"Concept 05 Design","article_modified_time":"2025-07-28T18:19:39+00:00","og_image":[{"width":600,"height":600,"url":"https:\/\/concept05design.com\/wp-content\/uploads\/2025\/07\/VITALE.webp","type":"image\/webp"}],"twitter_card":"summary_large_image","schema":{"@context":"https:\/\/schema.org","@graph":[{"@type":"WebPage","@id":"https:\/\/concept05design.com\/en\/produit\/vital\/","url":"https:\/\/concept05design.com\/en\/produit\/vital\/","name":"vital - Concept 05 Design","isPartOf":{"@id":"https:\/\/concept05design.com\/en\/#website"},"primaryImageOfPage":{"@id":"https:\/\/concept05design.com\/en\/produit\/vital\/#primaryimage"},"image":{"@id":"https:\/\/concept05design.com\/en\/produit\/vital\/#primaryimage"},"thumbnailUrl":"https:\/\/concept05design.com\/wp-content\/uploads\/2025\/07\/VITALE.webp","datePublished":"2025-07-28T18:19:07+00:00","dateModified":"2025-07-28T18:19:39+00:00","breadcrumb":{"@id":"https:\/\/concept05design.com\/en\/produit\/vital\/#breadcrumb"},"inLanguage":"en-US","potentialAction":[{"@type":"ReadAction","target":["https:\/\/concept05design.com\/en\/produit\/vital\/"]}]},{"@type":"ImageObject","inLanguage":"en-US","@id":"https:\/\/concept05design.com\/en\/produit\/vital\/#primaryimage","url":"https:\/\/concept05design.com\/wp-content\/uploads\/2025\/07\/VITALE.webp","contentUrl":"https:\/\/concept05design.com\/wp-content\/uploads\/2025\/07\/VITALE.webp","width":600,"height":600},{"@type":"BreadcrumbList","@id":"https:\/\/concept05design.com\/en\/produit\/vital\/#breadcrumb","itemListElement":[{"@type":"ListItem","position":1,"name":"Accueil","item":"https:\/\/concept05design.com\/en\/"},{"@type":"ListItem","position":2,"name":"Shop","item":"https:\/\/concept05design.com\/shop\/"},{"@type":"ListItem","position":3,"name":"vital"}]},{"@type":"WebSite","@id":"https:\/\/concept05design.com\/en\/#website","url":"https:\/\/concept05design.com\/en\/","name":"Concept 05 Design","description":"Du Concept \u00e0 la R\u00e9alit\u00e9 : Votre Vision, Notre Mission","potentialAction":[{"@type":"SearchAction","target":{"@type":"EntryPoint","urlTemplate":"https:\/\/concept05design.com\/en\/?s={search_term_string}"},"query-input":{"@type":"PropertyValueSpecification","valueRequired":true,"valueName":"search_term_string"}}],"inLanguage":"en-US"}]}},"_links":{"self":[{"href":"https:\/\/concept05design.com\/en\/wp-json\/wp\/v2\/product\/6152","targetHints":{"allow":["GET"]}}],"collection":[{"href":"https:\/\/concept05design.com\/en\/wp-json\/wp\/v2\/product"}],"about":[{"href":"https:\/\/concept05design.com\/en\/wp-json\/wp\/v2\/types\/product"}],"wp:featuredmedia":[{"embeddable":true,"href":"https:\/\/concept05design.com\/en\/wp-json\/wp\/v2\/media\/6149"}],"wp:attachment":[{"href":"https:\/\/concept05design.com\/en\/wp-json\/wp\/v2\/media?parent=6152"}],"wp:term":[{"taxonomy":"product_brand","embeddable":true,"href":"https:\/\/concept05design.com\/en\/wp-json\/wp\/v2\/product_brand?post=6152"},{"taxonomy":"product_cat","embeddable":true,"href":"https:\/\/concept05design.com\/en\/wp-json\/wp\/v2\/product_cat?post=6152"},{"taxonomy":"product_tag","embeddable":true,"href":"https:\/\/concept05design.com\/en\/wp-json\/wp\/v2\/product_tag?post=6152"}],"curies":[{"name":"wp","href":"https:\/\/api.w.org\/{rel}","templated":true}]}}