{"id":6158,"date":"2025-07-28T18:21:57","date_gmt":"2025-07-28T18:21:57","guid":{"rendered":"https:\/\/concept05design.com\/produit\/vasso\/"},"modified":"2025-07-28T18:22:34","modified_gmt":"2025-07-28T18:22:34","slug":"vasso","status":"publish","type":"product","link":"https:\/\/concept05design.com\/en\/produit\/vasso\/","title":{"rendered":"Vasso"},"content":{"rendered":"<p data-start=\"483\" data-end=\"505\"><strong data-start=\"483\" data-end=\"503\">Features<\/strong><\/p>\n<ul data-start=\"506\" data-end=\"1131\">\n<li data-start=\"506\" data-end=\"535\">\n<p data-start=\"508\" data-end=\"535\">Stainless steel body<\/p>\n<\/li>\n<li data-start=\"536\" data-end=\"597\">\n<p data-start=\"538\" data-end=\"597\">8&#8221; square shower head with 15&#8221; shower arm<\/p>\n<\/li>\n<li data-start=\"598\" data-end=\"625\">\n<p data-start=\"600\" data-end=\"625\">24&#8221; shower rail<\/p>\n<\/li>\n<li data-start=\"626\" data-end=\"725\">\n<p data-start=\"628\" data-end=\"725\">Single-function rectangular hand shower with 59&#8243; stainless steel flexible hose<\/p>\n<\/li>\n<li data-start=\"726\" data-end=\"753\">\n<p data-start=\"728\" data-end=\"753\">Rectangular handles<\/p>\n<\/li>\n<li data-start=\"754\" data-end=\"774\">\n<p data-start=\"756\" data-end=\"774\">Bathtub spout<\/p>\n<\/li>\n<li data-start=\"775\" data-end=\"829\">\n<p data-start=\"777\" data-end=\"829\">Anti-scale silicone nozzles for all jets<\/p>\n<\/li>\n<li data-start=\"830\" data-end=\"856\">\n<p data-start=\"832\" data-end=\"856\">Ceramic cartridge<\/p>\n<\/li>\n<li data-start=\"857\" data-end=\"905\">\n<p data-start=\"859\" data-end=\"905\">Balanced pressure regulation system<\/p>\n<\/li>\n<li data-start=\"906\" data-end=\"949\">\n<p data-start=\"908\" data-end=\"949\">3-way diverter (shared function)<\/p>\n<\/li>\n<li data-start=\"950\" data-end=\"967\">\n<p data-start=\"952\" data-end=\"967\">Valve included<\/p>\n<\/li>\n<li data-start=\"968\" data-end=\"1019\">\n<p data-start=\"970\" data-end=\"1019\">Rain shower: 2.5 gpm max (9.5 L\/min) at 80 psi<\/p>\n<\/li>\n<li data-start=\"1020\" data-end=\"1068\">\n<p data-start=\"1022\" data-end=\"1068\">Hand shower: 2.5 gpm max (9.5 L\/min) at 80 psi<\/p>\n<\/li>\n<li data-start=\"1069\" data-end=\"1131\">\n<p data-start=\"1071\" data-end=\"1131\">Tub filling: 8.4 gpm max (37 L\/min) at 20 psi<\/p>\n<\/li>\n<\/ul>\n<p data-start=\"1133\" data-end=\"1153\"><strong data-start=\"1133\" data-end=\"1151\">Specifications<\/strong><\/p>\n<ul data-start=\"1154\" data-end=\"1376\">\n<li data-start=\"1154\" data-end=\"1220\">\n<p data-start=\"1156\" data-end=\"1220\">Available finishes: Chrome, matte black and brushed brass (gold)<\/p>\n<\/li>\n<li data-start=\"1221\" data-end=\"1282\">\n<p data-start=\"1223\" data-end=\"1282\">Certifications: CSA (B125.1-18) and CUPC (ASME A112.18.1)<\/p>\n<\/li>\n<li data-start=\"1283\" data-end=\"1318\">\n<p data-start=\"1285\" data-end=\"1318\">Lifetime cartridge warranty<\/p>\n<\/li>\n<li data-start=\"1319\" data-end=\"1376\">\n<p data-start=\"1321\" data-end=\"1376\">15-year warranty on brushed brass (gold) finish<\/p>\n<\/li>\n<\/ul>\n","protected":false},"excerpt":{"rendered":"<p>Complete your bathroom with this 3-function bath shower faucet. This set includes a rain shower, hand shower with bar, bath spout, valve and diverter. The ceramic cartridge and solid brass body ensure exceptional durability. With its rectangular lines, VASSO-GD is the ideal choice for a modern bathroom!   <\/p>\n<p>&nbsp;<\/p>\n<p><img decoding=\"async\" class=\"alignnone wp-image-6156\" src=\"https:\/\/concept05design.com\/wp-content\/uploads\/2025\/07\/Untitled-63-300x226.png\" alt=\"\" width=\"392\" height=\"295\" srcset=\"https:\/\/concept05design.com\/wp-content\/uploads\/2025\/07\/Untitled-63-200x151.png 200w, https:\/\/concept05design.com\/wp-content\/uploads\/2025\/07\/Untitled-63-300x226.png 300w, https:\/\/concept05design.com\/wp-content\/uploads\/2025\/07\/Untitled-63-400x301.png 400w, https:\/\/concept05design.com\/wp-content\/uploads\/2025\/07\/Untitled-63-500x377.png 500w, https:\/\/concept05design.com\/wp-content\/uploads\/2025\/07\/Untitled-63-600x452.png 600w, https:\/\/concept05design.com\/wp-content\/uploads\/2025\/07\/Untitled-63-700x527.png 700w, https:\/\/concept05design.com\/wp-content\/uploads\/2025\/07\/Untitled-63.png 754w\" sizes=\"(max-width: 392px) 100vw, 392px\" \/><\/p>\n","protected":false},"featured_media":6155,"template":"","meta":[],"product_brand":[],"product_cat":[418,433,438],"product_tag":[],"class_list":{"0":"post-6158","1":"product","2":"type-product","3":"status-publish","4":"has-post-thumbnail","6":"product_cat-bathroom","7":"product_cat-faucet-en","8":"product_cat-shower","10":"first","11":"instock","12":"shipping-taxable","13":"product-type-simple"},"yoast_head":"<!-- This site is optimized with the Yoast SEO plugin v27.4 - https:\/\/yoast.com\/product\/yoast-seo-wordpress\/ -->\n<title>Vasso - Concept 05 Design<\/title>\n<meta name=\"robots\" content=\"index, follow, max-snippet:-1, max-image-preview:large, max-video-preview:-1\" \/>\n<link rel=\"canonical\" href=\"https:\/\/concept05design.com\/en\/produit\/vasso\/\" \/>\n<meta property=\"og:locale\" content=\"en_US\" \/>\n<meta property=\"og:type\" content=\"article\" \/>\n<meta property=\"og:title\" content=\"Vasso - Concept 05 Design\" \/>\n<meta property=\"og:description\" content=\"Complete your bathroom with this 3-function bath shower faucet. This set includes a rain shower, hand shower with bar, bath spout, valve and diverter. The ceramic cartridge and solid brass body ensure exceptional durability. With its rectangular lines, VASSO-GD is the ideal choice for a modern bathroom!   &nbsp;\" \/>\n<meta property=\"og:url\" content=\"https:\/\/concept05design.com\/en\/produit\/vasso\/\" \/>\n<meta property=\"og:site_name\" content=\"Concept 05 Design\" \/>\n<meta property=\"article:modified_time\" content=\"2025-07-28T18:22:34+00:00\" \/>\n<meta property=\"og:image\" content=\"https:\/\/concept05design.com\/wp-content\/uploads\/2025\/07\/VASSO-GD_c4259fec-2fe4-46c4-9414-6cace82569fc.webp\" \/>\n\t<meta property=\"og:image:width\" content=\"600\" \/>\n\t<meta property=\"og:image:height\" content=\"600\" \/>\n\t<meta property=\"og:image:type\" content=\"image\/webp\" \/>\n<meta name=\"twitter:card\" content=\"summary_large_image\" \/>\n<script type=\"application\/ld+json\" class=\"yoast-schema-graph\">{\"@context\":\"https:\\\/\\\/schema.org\",\"@graph\":[{\"@type\":\"WebPage\",\"@id\":\"https:\\\/\\\/concept05design.com\\\/en\\\/produit\\\/vasso\\\/\",\"url\":\"https:\\\/\\\/concept05design.com\\\/en\\\/produit\\\/vasso\\\/\",\"name\":\"Vasso - Concept 05 Design\",\"isPartOf\":{\"@id\":\"https:\\\/\\\/concept05design.com\\\/en\\\/#website\"},\"primaryImageOfPage\":{\"@id\":\"https:\\\/\\\/concept05design.com\\\/en\\\/produit\\\/vasso\\\/#primaryimage\"},\"image\":{\"@id\":\"https:\\\/\\\/concept05design.com\\\/en\\\/produit\\\/vasso\\\/#primaryimage\"},\"thumbnailUrl\":\"https:\\\/\\\/concept05design.com\\\/wp-content\\\/uploads\\\/2025\\\/07\\\/VASSO-GD_c4259fec-2fe4-46c4-9414-6cace82569fc.webp\",\"datePublished\":\"2025-07-28T18:21:57+00:00\",\"dateModified\":\"2025-07-28T18:22:34+00:00\",\"breadcrumb\":{\"@id\":\"https:\\\/\\\/concept05design.com\\\/en\\\/produit\\\/vasso\\\/#breadcrumb\"},\"inLanguage\":\"en-US\",\"potentialAction\":[{\"@type\":\"ReadAction\",\"target\":[\"https:\\\/\\\/concept05design.com\\\/en\\\/produit\\\/vasso\\\/\"]}]},{\"@type\":\"ImageObject\",\"inLanguage\":\"en-US\",\"@id\":\"https:\\\/\\\/concept05design.com\\\/en\\\/produit\\\/vasso\\\/#primaryimage\",\"url\":\"https:\\\/\\\/concept05design.com\\\/wp-content\\\/uploads\\\/2025\\\/07\\\/VASSO-GD_c4259fec-2fe4-46c4-9414-6cace82569fc.webp\",\"contentUrl\":\"https:\\\/\\\/concept05design.com\\\/wp-content\\\/uploads\\\/2025\\\/07\\\/VASSO-GD_c4259fec-2fe4-46c4-9414-6cace82569fc.webp\",\"width\":600,\"height\":600},{\"@type\":\"BreadcrumbList\",\"@id\":\"https:\\\/\\\/concept05design.com\\\/en\\\/produit\\\/vasso\\\/#breadcrumb\",\"itemListElement\":[{\"@type\":\"ListItem\",\"position\":1,\"name\":\"Accueil\",\"item\":\"https:\\\/\\\/concept05design.com\\\/en\\\/\"},{\"@type\":\"ListItem\",\"position\":2,\"name\":\"Shop\",\"item\":\"https:\\\/\\\/concept05design.com\\\/shop\\\/\"},{\"@type\":\"ListItem\",\"position\":3,\"name\":\"Vasso\"}]},{\"@type\":\"WebSite\",\"@id\":\"https:\\\/\\\/concept05design.com\\\/en\\\/#website\",\"url\":\"https:\\\/\\\/concept05design.com\\\/en\\\/\",\"name\":\"Concept 05 Design\",\"description\":\"Du Concept \u00e0 la R\u00e9alit\u00e9 : Votre Vision, Notre Mission\",\"potentialAction\":[{\"@type\":\"SearchAction\",\"target\":{\"@type\":\"EntryPoint\",\"urlTemplate\":\"https:\\\/\\\/concept05design.com\\\/en\\\/?s={search_term_string}\"},\"query-input\":{\"@type\":\"PropertyValueSpecification\",\"valueRequired\":true,\"valueName\":\"search_term_string\"}}],\"inLanguage\":\"en-US\"}]}<\/script>\n<!-- \/ Yoast SEO plugin. -->","yoast_head_json":{"title":"Vasso - Concept 05 Design","robots":{"index":"index","follow":"follow","max-snippet":"max-snippet:-1","max-image-preview":"max-image-preview:large","max-video-preview":"max-video-preview:-1"},"canonical":"https:\/\/concept05design.com\/en\/produit\/vasso\/","og_locale":"en_US","og_type":"article","og_title":"Vasso - Concept 05 Design","og_description":"Complete your bathroom with this 3-function bath shower faucet. This set includes a rain shower, hand shower with bar, bath spout, valve and diverter. The ceramic cartridge and solid brass body ensure exceptional durability. With its rectangular lines, VASSO-GD is the ideal choice for a modern bathroom!   &nbsp;","og_url":"https:\/\/concept05design.com\/en\/produit\/vasso\/","og_site_name":"Concept 05 Design","article_modified_time":"2025-07-28T18:22:34+00:00","og_image":[{"width":600,"height":600,"url":"https:\/\/concept05design.com\/wp-content\/uploads\/2025\/07\/VASSO-GD_c4259fec-2fe4-46c4-9414-6cace82569fc.webp","type":"image\/webp"}],"twitter_card":"summary_large_image","schema":{"@context":"https:\/\/schema.org","@graph":[{"@type":"WebPage","@id":"https:\/\/concept05design.com\/en\/produit\/vasso\/","url":"https:\/\/concept05design.com\/en\/produit\/vasso\/","name":"Vasso - Concept 05 Design","isPartOf":{"@id":"https:\/\/concept05design.com\/en\/#website"},"primaryImageOfPage":{"@id":"https:\/\/concept05design.com\/en\/produit\/vasso\/#primaryimage"},"image":{"@id":"https:\/\/concept05design.com\/en\/produit\/vasso\/#primaryimage"},"thumbnailUrl":"https:\/\/concept05design.com\/wp-content\/uploads\/2025\/07\/VASSO-GD_c4259fec-2fe4-46c4-9414-6cace82569fc.webp","datePublished":"2025-07-28T18:21:57+00:00","dateModified":"2025-07-28T18:22:34+00:00","breadcrumb":{"@id":"https:\/\/concept05design.com\/en\/produit\/vasso\/#breadcrumb"},"inLanguage":"en-US","potentialAction":[{"@type":"ReadAction","target":["https:\/\/concept05design.com\/en\/produit\/vasso\/"]}]},{"@type":"ImageObject","inLanguage":"en-US","@id":"https:\/\/concept05design.com\/en\/produit\/vasso\/#primaryimage","url":"https:\/\/concept05design.com\/wp-content\/uploads\/2025\/07\/VASSO-GD_c4259fec-2fe4-46c4-9414-6cace82569fc.webp","contentUrl":"https:\/\/concept05design.com\/wp-content\/uploads\/2025\/07\/VASSO-GD_c4259fec-2fe4-46c4-9414-6cace82569fc.webp","width":600,"height":600},{"@type":"BreadcrumbList","@id":"https:\/\/concept05design.com\/en\/produit\/vasso\/#breadcrumb","itemListElement":[{"@type":"ListItem","position":1,"name":"Accueil","item":"https:\/\/concept05design.com\/en\/"},{"@type":"ListItem","position":2,"name":"Shop","item":"https:\/\/concept05design.com\/shop\/"},{"@type":"ListItem","position":3,"name":"Vasso"}]},{"@type":"WebSite","@id":"https:\/\/concept05design.com\/en\/#website","url":"https:\/\/concept05design.com\/en\/","name":"Concept 05 Design","description":"Du Concept \u00e0 la R\u00e9alit\u00e9 : Votre Vision, Notre Mission","potentialAction":[{"@type":"SearchAction","target":{"@type":"EntryPoint","urlTemplate":"https:\/\/concept05design.com\/en\/?s={search_term_string}"},"query-input":{"@type":"PropertyValueSpecification","valueRequired":true,"valueName":"search_term_string"}}],"inLanguage":"en-US"}]}},"_links":{"self":[{"href":"https:\/\/concept05design.com\/en\/wp-json\/wp\/v2\/product\/6158","targetHints":{"allow":["GET"]}}],"collection":[{"href":"https:\/\/concept05design.com\/en\/wp-json\/wp\/v2\/product"}],"about":[{"href":"https:\/\/concept05design.com\/en\/wp-json\/wp\/v2\/types\/product"}],"wp:featuredmedia":[{"embeddable":true,"href":"https:\/\/concept05design.com\/en\/wp-json\/wp\/v2\/media\/6155"}],"wp:attachment":[{"href":"https:\/\/concept05design.com\/en\/wp-json\/wp\/v2\/media?parent=6158"}],"wp:term":[{"taxonomy":"product_brand","embeddable":true,"href":"https:\/\/concept05design.com\/en\/wp-json\/wp\/v2\/product_brand?post=6158"},{"taxonomy":"product_cat","embeddable":true,"href":"https:\/\/concept05design.com\/en\/wp-json\/wp\/v2\/product_cat?post=6158"},{"taxonomy":"product_tag","embeddable":true,"href":"https:\/\/concept05design.com\/en\/wp-json\/wp\/v2\/product_tag?post=6158"}],"curies":[{"name":"wp","href":"https:\/\/api.w.org\/{rel}","templated":true}]}}