{"id":6166,"date":"2025-07-28T18:24:27","date_gmt":"2025-07-28T18:24:27","guid":{"rendered":"https:\/\/concept05design.com\/produit\/vado\/"},"modified":"2025-07-28T18:26:58","modified_gmt":"2025-07-28T18:26:58","slug":"vado","status":"publish","type":"product","link":"https:\/\/concept05design.com\/en\/produit\/vado\/","title":{"rendered":"Vado"},"content":{"rendered":"<h3 data-start=\"487\" data-end=\"509\">Features<\/h3>\n<ul data-start=\"510\" data-end=\"1145\">\n<li data-start=\"510\" data-end=\"539\">\n<p data-start=\"512\" data-end=\"539\">Stainless steel body<\/p>\n<\/li>\n<li data-start=\"540\" data-end=\"611\">\n<p data-start=\"542\" data-end=\"611\">8&#8221; diameter round shower head with 16&#8221; shower arm<\/p>\n<\/li>\n<li data-start=\"612\" data-end=\"639\">\n<p data-start=\"614\" data-end=\"639\">24&#8221; shower rail<\/p>\n<\/li>\n<li data-start=\"640\" data-end=\"724\">\n<p data-start=\"642\" data-end=\"724\">Single-function round showerhead with 59&#8243; stainless steel hose<\/p>\n<\/li>\n<li data-start=\"725\" data-end=\"747\">\n<p data-start=\"727\" data-end=\"747\">Rounded handles<\/p>\n<\/li>\n<li data-start=\"748\" data-end=\"768\">\n<p data-start=\"750\" data-end=\"768\">Bathtub spout<\/p>\n<\/li>\n<li data-start=\"769\" data-end=\"823\">\n<p data-start=\"771\" data-end=\"823\">Anti-scale silicone nozzles for all jets<\/p>\n<\/li>\n<li data-start=\"824\" data-end=\"850\">\n<p data-start=\"826\" data-end=\"850\">Ceramic cartridge<\/p>\n<\/li>\n<li data-start=\"851\" data-end=\"899\">\n<p data-start=\"853\" data-end=\"899\">Balanced pressure regulation system<\/p>\n<\/li>\n<li data-start=\"900\" data-end=\"943\">\n<p data-start=\"902\" data-end=\"943\">3-way diverter (shared functions)<\/p>\n<\/li>\n<li data-start=\"944\" data-end=\"972\">\n<p data-start=\"946\" data-end=\"972\">Built-in part included<\/p>\n<\/li>\n<li data-start=\"973\" data-end=\"1030\">\n<p data-start=\"975\" data-end=\"1030\">Rain head flow: 2.5 gpm max (9.5L\/min) at 80 psi<\/p>\n<\/li>\n<li data-start=\"1031\" data-end=\"1084\">\n<p data-start=\"1033\" data-end=\"1084\">Hand shower flow rate: 2.5 gpm max (9.5L\/min) at 80 psi<\/p>\n<\/li>\n<li data-start=\"1085\" data-end=\"1145\">\n<p data-start=\"1087\" data-end=\"1145\">Tub spout flow: 8.24 gpm max (37L\/min) at 20 psi<\/p>\n<\/li>\n<\/ul>\n<h3 data-start=\"1147\" data-end=\"1167\">Specifications<\/h3>\n<ul data-start=\"1168\" data-end=\"1367\">\n<li data-start=\"1168\" data-end=\"1226\">\n<p data-start=\"1170\" data-end=\"1226\">Available finishes: Chrome and brushed brass (gold)<\/p>\n<\/li>\n<li data-start=\"1227\" data-end=\"1285\">\n<p data-start=\"1229\" data-end=\"1285\">CSA (B125.1-18) and CUPC (ASME A112.18.1) certified<\/p>\n<\/li>\n<li data-start=\"1286\" data-end=\"1321\">\n<p data-start=\"1288\" data-end=\"1321\">Lifetime cartridge warranty<\/p>\n<\/li>\n<li data-start=\"1322\" data-end=\"1367\">\n<p data-start=\"1324\" data-end=\"1367\">15-year warranty on chrome finish<\/p>\n<\/li>\n<\/ul>\n","protected":false},"excerpt":{"rendered":"<p>Complete your bathroom by adding this 3-function bath shower faucet. This set includes a rain shower, hand shower with bar, bath spout, valve and diverter. The ceramic cartridge and solid brass body ensure long service life. Model VADO-II is the perfect choice for a modern bathroom.   <\/p>\n<p>&nbsp;<\/p>\n<p><img decoding=\"async\" class=\"alignnone size-medium wp-image-6160\" src=\"https:\/\/concept05design.com\/wp-content\/uploads\/2025\/07\/Untitled-64-300x209.png\" alt=\"\" width=\"300\" height=\"209\" srcset=\"https:\/\/concept05design.com\/wp-content\/uploads\/2025\/07\/Untitled-64-200x139.png 200w, https:\/\/concept05design.com\/wp-content\/uploads\/2025\/07\/Untitled-64-300x209.png 300w, https:\/\/concept05design.com\/wp-content\/uploads\/2025\/07\/Untitled-64-400x279.png 400w, https:\/\/concept05design.com\/wp-content\/uploads\/2025\/07\/Untitled-64-500x348.png 500w, https:\/\/concept05design.com\/wp-content\/uploads\/2025\/07\/Untitled-64-600x418.png 600w, https:\/\/concept05design.com\/wp-content\/uploads\/2025\/07\/Untitled-64-700x488.png 700w, https:\/\/concept05design.com\/wp-content\/uploads\/2025\/07\/Untitled-64.png 755w\" sizes=\"(max-width: 300px) 100vw, 300px\" \/><\/p>\n","protected":false},"featured_media":6163,"template":"","meta":[],"product_brand":[],"product_cat":[418,433,438],"product_tag":[],"class_list":{"0":"post-6166","1":"product","2":"type-product","3":"status-publish","4":"has-post-thumbnail","6":"product_cat-bathroom","7":"product_cat-faucet-en","8":"product_cat-shower","10":"first","11":"instock","12":"shipping-taxable","13":"product-type-simple"},"yoast_head":"<!-- This site is optimized with the Yoast SEO plugin v27.4 - https:\/\/yoast.com\/product\/yoast-seo-wordpress\/ -->\n<title>Vado - Concept 05 Design<\/title>\n<meta name=\"robots\" content=\"index, follow, max-snippet:-1, max-image-preview:large, max-video-preview:-1\" \/>\n<link rel=\"canonical\" href=\"https:\/\/concept05design.com\/en\/produit\/vado\/\" \/>\n<meta property=\"og:locale\" content=\"en_US\" \/>\n<meta property=\"og:type\" content=\"article\" \/>\n<meta property=\"og:title\" content=\"Vado - Concept 05 Design\" \/>\n<meta property=\"og:description\" content=\"Complete your bathroom by adding this 3-function bath shower faucet. This set includes a rain shower, hand shower with bar, bath spout, valve and diverter. The ceramic cartridge and solid brass body ensure long service life. Model VADO-II is the perfect choice for a modern bathroom.   &nbsp;\" \/>\n<meta property=\"og:url\" content=\"https:\/\/concept05design.com\/en\/produit\/vado\/\" \/>\n<meta property=\"og:site_name\" content=\"Concept 05 Design\" \/>\n<meta property=\"article:modified_time\" content=\"2025-07-28T18:26:58+00:00\" \/>\n<meta property=\"og:image\" content=\"https:\/\/concept05design.com\/wp-content\/uploads\/2025\/07\/VADO-GD_5aa6eeee-d0b2-479a-bbdb-511181298382.webp\" \/>\n\t<meta property=\"og:image:width\" content=\"600\" \/>\n\t<meta property=\"og:image:height\" content=\"600\" \/>\n\t<meta property=\"og:image:type\" content=\"image\/webp\" \/>\n<meta name=\"twitter:card\" content=\"summary_large_image\" \/>\n<script type=\"application\/ld+json\" class=\"yoast-schema-graph\">{\"@context\":\"https:\\\/\\\/schema.org\",\"@graph\":[{\"@type\":\"WebPage\",\"@id\":\"https:\\\/\\\/concept05design.com\\\/en\\\/produit\\\/vado\\\/\",\"url\":\"https:\\\/\\\/concept05design.com\\\/en\\\/produit\\\/vado\\\/\",\"name\":\"Vado - Concept 05 Design\",\"isPartOf\":{\"@id\":\"https:\\\/\\\/concept05design.com\\\/en\\\/#website\"},\"primaryImageOfPage\":{\"@id\":\"https:\\\/\\\/concept05design.com\\\/en\\\/produit\\\/vado\\\/#primaryimage\"},\"image\":{\"@id\":\"https:\\\/\\\/concept05design.com\\\/en\\\/produit\\\/vado\\\/#primaryimage\"},\"thumbnailUrl\":\"https:\\\/\\\/concept05design.com\\\/wp-content\\\/uploads\\\/2025\\\/07\\\/VADO-GD_5aa6eeee-d0b2-479a-bbdb-511181298382.webp\",\"datePublished\":\"2025-07-28T18:24:27+00:00\",\"dateModified\":\"2025-07-28T18:26:58+00:00\",\"breadcrumb\":{\"@id\":\"https:\\\/\\\/concept05design.com\\\/en\\\/produit\\\/vado\\\/#breadcrumb\"},\"inLanguage\":\"en-US\",\"potentialAction\":[{\"@type\":\"ReadAction\",\"target\":[\"https:\\\/\\\/concept05design.com\\\/en\\\/produit\\\/vado\\\/\"]}]},{\"@type\":\"ImageObject\",\"inLanguage\":\"en-US\",\"@id\":\"https:\\\/\\\/concept05design.com\\\/en\\\/produit\\\/vado\\\/#primaryimage\",\"url\":\"https:\\\/\\\/concept05design.com\\\/wp-content\\\/uploads\\\/2025\\\/07\\\/VADO-GD_5aa6eeee-d0b2-479a-bbdb-511181298382.webp\",\"contentUrl\":\"https:\\\/\\\/concept05design.com\\\/wp-content\\\/uploads\\\/2025\\\/07\\\/VADO-GD_5aa6eeee-d0b2-479a-bbdb-511181298382.webp\",\"width\":600,\"height\":600},{\"@type\":\"BreadcrumbList\",\"@id\":\"https:\\\/\\\/concept05design.com\\\/en\\\/produit\\\/vado\\\/#breadcrumb\",\"itemListElement\":[{\"@type\":\"ListItem\",\"position\":1,\"name\":\"Accueil\",\"item\":\"https:\\\/\\\/concept05design.com\\\/en\\\/\"},{\"@type\":\"ListItem\",\"position\":2,\"name\":\"Shop\",\"item\":\"https:\\\/\\\/concept05design.com\\\/shop\\\/\"},{\"@type\":\"ListItem\",\"position\":3,\"name\":\"Vado\"}]},{\"@type\":\"WebSite\",\"@id\":\"https:\\\/\\\/concept05design.com\\\/en\\\/#website\",\"url\":\"https:\\\/\\\/concept05design.com\\\/en\\\/\",\"name\":\"Concept 05 Design\",\"description\":\"Du Concept \u00e0 la R\u00e9alit\u00e9 : Votre Vision, Notre Mission\",\"potentialAction\":[{\"@type\":\"SearchAction\",\"target\":{\"@type\":\"EntryPoint\",\"urlTemplate\":\"https:\\\/\\\/concept05design.com\\\/en\\\/?s={search_term_string}\"},\"query-input\":{\"@type\":\"PropertyValueSpecification\",\"valueRequired\":true,\"valueName\":\"search_term_string\"}}],\"inLanguage\":\"en-US\"}]}<\/script>\n<!-- \/ Yoast SEO plugin. -->","yoast_head_json":{"title":"Vado - Concept 05 Design","robots":{"index":"index","follow":"follow","max-snippet":"max-snippet:-1","max-image-preview":"max-image-preview:large","max-video-preview":"max-video-preview:-1"},"canonical":"https:\/\/concept05design.com\/en\/produit\/vado\/","og_locale":"en_US","og_type":"article","og_title":"Vado - Concept 05 Design","og_description":"Complete your bathroom by adding this 3-function bath shower faucet. This set includes a rain shower, hand shower with bar, bath spout, valve and diverter. The ceramic cartridge and solid brass body ensure long service life. Model VADO-II is the perfect choice for a modern bathroom.   &nbsp;","og_url":"https:\/\/concept05design.com\/en\/produit\/vado\/","og_site_name":"Concept 05 Design","article_modified_time":"2025-07-28T18:26:58+00:00","og_image":[{"width":600,"height":600,"url":"https:\/\/concept05design.com\/wp-content\/uploads\/2025\/07\/VADO-GD_5aa6eeee-d0b2-479a-bbdb-511181298382.webp","type":"image\/webp"}],"twitter_card":"summary_large_image","schema":{"@context":"https:\/\/schema.org","@graph":[{"@type":"WebPage","@id":"https:\/\/concept05design.com\/en\/produit\/vado\/","url":"https:\/\/concept05design.com\/en\/produit\/vado\/","name":"Vado - Concept 05 Design","isPartOf":{"@id":"https:\/\/concept05design.com\/en\/#website"},"primaryImageOfPage":{"@id":"https:\/\/concept05design.com\/en\/produit\/vado\/#primaryimage"},"image":{"@id":"https:\/\/concept05design.com\/en\/produit\/vado\/#primaryimage"},"thumbnailUrl":"https:\/\/concept05design.com\/wp-content\/uploads\/2025\/07\/VADO-GD_5aa6eeee-d0b2-479a-bbdb-511181298382.webp","datePublished":"2025-07-28T18:24:27+00:00","dateModified":"2025-07-28T18:26:58+00:00","breadcrumb":{"@id":"https:\/\/concept05design.com\/en\/produit\/vado\/#breadcrumb"},"inLanguage":"en-US","potentialAction":[{"@type":"ReadAction","target":["https:\/\/concept05design.com\/en\/produit\/vado\/"]}]},{"@type":"ImageObject","inLanguage":"en-US","@id":"https:\/\/concept05design.com\/en\/produit\/vado\/#primaryimage","url":"https:\/\/concept05design.com\/wp-content\/uploads\/2025\/07\/VADO-GD_5aa6eeee-d0b2-479a-bbdb-511181298382.webp","contentUrl":"https:\/\/concept05design.com\/wp-content\/uploads\/2025\/07\/VADO-GD_5aa6eeee-d0b2-479a-bbdb-511181298382.webp","width":600,"height":600},{"@type":"BreadcrumbList","@id":"https:\/\/concept05design.com\/en\/produit\/vado\/#breadcrumb","itemListElement":[{"@type":"ListItem","position":1,"name":"Accueil","item":"https:\/\/concept05design.com\/en\/"},{"@type":"ListItem","position":2,"name":"Shop","item":"https:\/\/concept05design.com\/shop\/"},{"@type":"ListItem","position":3,"name":"Vado"}]},{"@type":"WebSite","@id":"https:\/\/concept05design.com\/en\/#website","url":"https:\/\/concept05design.com\/en\/","name":"Concept 05 Design","description":"Du Concept \u00e0 la R\u00e9alit\u00e9 : Votre Vision, Notre Mission","potentialAction":[{"@type":"SearchAction","target":{"@type":"EntryPoint","urlTemplate":"https:\/\/concept05design.com\/en\/?s={search_term_string}"},"query-input":{"@type":"PropertyValueSpecification","valueRequired":true,"valueName":"search_term_string"}}],"inLanguage":"en-US"}]}},"_links":{"self":[{"href":"https:\/\/concept05design.com\/en\/wp-json\/wp\/v2\/product\/6166","targetHints":{"allow":["GET"]}}],"collection":[{"href":"https:\/\/concept05design.com\/en\/wp-json\/wp\/v2\/product"}],"about":[{"href":"https:\/\/concept05design.com\/en\/wp-json\/wp\/v2\/types\/product"}],"wp:featuredmedia":[{"embeddable":true,"href":"https:\/\/concept05design.com\/en\/wp-json\/wp\/v2\/media\/6163"}],"wp:attachment":[{"href":"https:\/\/concept05design.com\/en\/wp-json\/wp\/v2\/media?parent=6166"}],"wp:term":[{"taxonomy":"product_brand","embeddable":true,"href":"https:\/\/concept05design.com\/en\/wp-json\/wp\/v2\/product_brand?post=6166"},{"taxonomy":"product_cat","embeddable":true,"href":"https:\/\/concept05design.com\/en\/wp-json\/wp\/v2\/product_cat?post=6166"},{"taxonomy":"product_tag","embeddable":true,"href":"https:\/\/concept05design.com\/en\/wp-json\/wp\/v2\/product_tag?post=6166"}],"curies":[{"name":"wp","href":"https:\/\/api.w.org\/{rel}","templated":true}]}}