{"id":6180,"date":"2025-07-28T18:30:12","date_gmt":"2025-07-28T18:30:12","guid":{"rendered":"https:\/\/concept05design.com\/produit\/veda\/"},"modified":"2025-07-28T18:31:17","modified_gmt":"2025-07-28T18:31:17","slug":"veda","status":"publish","type":"product","link":"https:\/\/concept05design.com\/en\/produit\/veda\/","title":{"rendered":"Veda"},"content":{"rendered":"<p data-start=\"529\" data-end=\"551\"><strong data-start=\"529\" data-end=\"549\">Features<\/strong><\/p>\n<ul data-start=\"552\" data-end=\"1079\">\n<li data-start=\"552\" data-end=\"581\">\n<p data-start=\"554\" data-end=\"581\">Stainless steel body<\/p>\n<\/li>\n<li data-start=\"582\" data-end=\"652\">\n<p data-start=\"584\" data-end=\"652\">8&#8243; diameter round showerhead with 15&#8243; shower arm<\/p>\n<\/li>\n<li data-start=\"653\" data-end=\"679\">\n<p data-start=\"655\" data-end=\"679\">24&#8243; shower rail<\/p>\n<\/li>\n<li data-start=\"680\" data-end=\"782\">\n<p data-start=\"682\" data-end=\"782\">Single-function round metal hand shower with 59&#8243; stainless steel flexible hose<\/p>\n<\/li>\n<li data-start=\"783\" data-end=\"831\">\n<p data-start=\"785\" data-end=\"831\">Thermostatic valve with rounded handles<\/p>\n<\/li>\n<li data-start=\"832\" data-end=\"852\">\n<p data-start=\"834\" data-end=\"852\">Bathtub spout<\/p>\n<\/li>\n<li data-start=\"853\" data-end=\"907\">\n<p data-start=\"855\" data-end=\"907\">Anti-scale silicone tips on all jets<\/p>\n<\/li>\n<li data-start=\"908\" data-end=\"934\">\n<p data-start=\"910\" data-end=\"934\">Ceramic cartridge<\/p>\n<\/li>\n<li data-start=\"935\" data-end=\"1001\">\n<p data-start=\"937\" data-end=\"1001\">Balanced and thermostatic pressure regulation system<\/p>\n<\/li>\n<li data-start=\"1002\" data-end=\"1045\">\n<p data-start=\"1004\" data-end=\"1045\">2-way diverter (shared function)<\/p>\n<\/li>\n<li data-start=\"1046\" data-end=\"1079\">\n<p data-start=\"1048\" data-end=\"1079\">In-wall housing included<\/p>\n<\/li>\n<\/ul>\n<p data-start=\"1081\" data-end=\"1102\"><strong data-start=\"1081\" data-end=\"1100\">Maximum flow rates<\/strong><\/p>\n<ul data-start=\"1103\" data-end=\"1262\">\n<li data-start=\"1103\" data-end=\"1158\">\n<p data-start=\"1105\" data-end=\"1158\">Rain shower: 2.5 gpm (9.5 L\/min) at 80 psi<\/p>\n<\/li>\n<li data-start=\"1159\" data-end=\"1210\">\n<p data-start=\"1161\" data-end=\"1210\">Hand shower: 2.5 gpm (9.5 L\/min) at 80 psi<\/p>\n<\/li>\n<li data-start=\"1211\" data-end=\"1262\">\n<p data-start=\"1213\" data-end=\"1262\">Tub spout: 8.24 gpm (37 L\/min) at 20 psi<\/p>\n<\/li>\n<\/ul>\n<p data-start=\"1264\" data-end=\"1284\"><strong data-start=\"1264\" data-end=\"1282\">Specifications<\/strong><\/p>\n<ul data-start=\"1285\" data-end=\"1519\">\n<li data-start=\"1285\" data-end=\"1377\">\n<p data-start=\"1287\" data-end=\"1377\">Available finishes: matt black, brushed brass (gold), brushed nickel, matt white and chrome<\/p>\n<\/li>\n<li data-start=\"1378\" data-end=\"1432\">\n<p data-start=\"1380\" data-end=\"1432\">CSA (B125.1-18) and CUPC (ASME A112.18.1) certified<\/p>\n<\/li>\n<li data-start=\"1433\" data-end=\"1468\">\n<p data-start=\"1435\" data-end=\"1468\">Lifetime cartridge warranty<\/p>\n<\/li>\n<li data-start=\"1469\" data-end=\"1519\">\n<p data-start=\"1471\" data-end=\"1519\">15-year warranty on brushed nickel finish<\/p>\n<\/li>\n<\/ul>\n","protected":false},"excerpt":{"rendered":"<p>Complete your bathroom with this 3-function bath and shower fitting. This set includes a rain shower, hand shower with bar, bath spout, thermostatic valve and diverter. The ceramic cartridge and solid brass body ensure optimum durability. The VEDA model is ideal for a modern bathroom.   <\/p>\n<p>&nbsp;<\/p>\n<p><img decoding=\"async\" class=\"alignnone wp-image-6178\" src=\"https:\/\/concept05design.com\/wp-content\/uploads\/2025\/07\/Untitled-65-300x222.png\" alt=\"\" width=\"388\" height=\"287\" srcset=\"https:\/\/concept05design.com\/wp-content\/uploads\/2025\/07\/Untitled-65-200x148.png 200w, https:\/\/concept05design.com\/wp-content\/uploads\/2025\/07\/Untitled-65-300x222.png 300w, https:\/\/concept05design.com\/wp-content\/uploads\/2025\/07\/Untitled-65-400x296.png 400w, https:\/\/concept05design.com\/wp-content\/uploads\/2025\/07\/Untitled-65-500x370.png 500w, https:\/\/concept05design.com\/wp-content\/uploads\/2025\/07\/Untitled-65-600x444.png 600w, https:\/\/concept05design.com\/wp-content\/uploads\/2025\/07\/Untitled-65-700x518.png 700w, https:\/\/concept05design.com\/wp-content\/uploads\/2025\/07\/Untitled-65.png 748w\" sizes=\"(max-width: 388px) 100vw, 388px\" \/><\/p>\n","protected":false},"featured_media":6177,"template":"","meta":[],"product_brand":[],"product_cat":[418,433,438],"product_tag":[],"class_list":{"0":"post-6180","1":"product","2":"type-product","3":"status-publish","4":"has-post-thumbnail","6":"product_cat-bathroom","7":"product_cat-faucet-en","8":"product_cat-shower","10":"first","11":"instock","12":"shipping-taxable","13":"product-type-simple"},"yoast_head":"<!-- This site is optimized with the Yoast SEO plugin v27.4 - https:\/\/yoast.com\/product\/yoast-seo-wordpress\/ -->\n<title>Veda - Concept 05 Design<\/title>\n<meta name=\"robots\" content=\"index, follow, max-snippet:-1, max-image-preview:large, max-video-preview:-1\" \/>\n<link rel=\"canonical\" href=\"https:\/\/concept05design.com\/en\/produit\/veda\/\" \/>\n<meta property=\"og:locale\" content=\"en_US\" \/>\n<meta property=\"og:type\" content=\"article\" \/>\n<meta property=\"og:title\" content=\"Veda - Concept 05 Design\" \/>\n<meta property=\"og:description\" content=\"Complete your bathroom with this 3-function bath and shower fitting. This set includes a rain shower, hand shower with bar, bath spout, thermostatic valve and diverter. The ceramic cartridge and solid brass body ensure optimum durability. The VEDA model is ideal for a modern bathroom.   &nbsp;\" \/>\n<meta property=\"og:url\" content=\"https:\/\/concept05design.com\/en\/produit\/veda\/\" \/>\n<meta property=\"og:site_name\" content=\"Concept 05 Design\" \/>\n<meta property=\"article:modified_time\" content=\"2025-07-28T18:31:17+00:00\" \/>\n<meta property=\"og:image\" content=\"https:\/\/concept05design.com\/wp-content\/uploads\/2025\/07\/VEDA.webp\" \/>\n\t<meta property=\"og:image:width\" content=\"600\" \/>\n\t<meta property=\"og:image:height\" content=\"600\" \/>\n\t<meta property=\"og:image:type\" content=\"image\/webp\" \/>\n<meta name=\"twitter:card\" content=\"summary_large_image\" \/>\n<meta name=\"twitter:label1\" content=\"Est. reading time\" \/>\n\t<meta name=\"twitter:data1\" content=\"1 minute\" \/>\n<script type=\"application\/ld+json\" class=\"yoast-schema-graph\">{\"@context\":\"https:\\\/\\\/schema.org\",\"@graph\":[{\"@type\":\"WebPage\",\"@id\":\"https:\\\/\\\/concept05design.com\\\/en\\\/produit\\\/veda\\\/\",\"url\":\"https:\\\/\\\/concept05design.com\\\/en\\\/produit\\\/veda\\\/\",\"name\":\"Veda - Concept 05 Design\",\"isPartOf\":{\"@id\":\"https:\\\/\\\/concept05design.com\\\/en\\\/#website\"},\"primaryImageOfPage\":{\"@id\":\"https:\\\/\\\/concept05design.com\\\/en\\\/produit\\\/veda\\\/#primaryimage\"},\"image\":{\"@id\":\"https:\\\/\\\/concept05design.com\\\/en\\\/produit\\\/veda\\\/#primaryimage\"},\"thumbnailUrl\":\"https:\\\/\\\/concept05design.com\\\/wp-content\\\/uploads\\\/2025\\\/07\\\/VEDA.webp\",\"datePublished\":\"2025-07-28T18:30:12+00:00\",\"dateModified\":\"2025-07-28T18:31:17+00:00\",\"breadcrumb\":{\"@id\":\"https:\\\/\\\/concept05design.com\\\/en\\\/produit\\\/veda\\\/#breadcrumb\"},\"inLanguage\":\"en-US\",\"potentialAction\":[{\"@type\":\"ReadAction\",\"target\":[\"https:\\\/\\\/concept05design.com\\\/en\\\/produit\\\/veda\\\/\"]}]},{\"@type\":\"ImageObject\",\"inLanguage\":\"en-US\",\"@id\":\"https:\\\/\\\/concept05design.com\\\/en\\\/produit\\\/veda\\\/#primaryimage\",\"url\":\"https:\\\/\\\/concept05design.com\\\/wp-content\\\/uploads\\\/2025\\\/07\\\/VEDA.webp\",\"contentUrl\":\"https:\\\/\\\/concept05design.com\\\/wp-content\\\/uploads\\\/2025\\\/07\\\/VEDA.webp\",\"width\":600,\"height\":600},{\"@type\":\"BreadcrumbList\",\"@id\":\"https:\\\/\\\/concept05design.com\\\/en\\\/produit\\\/veda\\\/#breadcrumb\",\"itemListElement\":[{\"@type\":\"ListItem\",\"position\":1,\"name\":\"Accueil\",\"item\":\"https:\\\/\\\/concept05design.com\\\/en\\\/\"},{\"@type\":\"ListItem\",\"position\":2,\"name\":\"Shop\",\"item\":\"https:\\\/\\\/concept05design.com\\\/shop\\\/\"},{\"@type\":\"ListItem\",\"position\":3,\"name\":\"Veda\"}]},{\"@type\":\"WebSite\",\"@id\":\"https:\\\/\\\/concept05design.com\\\/en\\\/#website\",\"url\":\"https:\\\/\\\/concept05design.com\\\/en\\\/\",\"name\":\"Concept 05 Design\",\"description\":\"Du Concept \u00e0 la R\u00e9alit\u00e9 : Votre Vision, Notre Mission\",\"potentialAction\":[{\"@type\":\"SearchAction\",\"target\":{\"@type\":\"EntryPoint\",\"urlTemplate\":\"https:\\\/\\\/concept05design.com\\\/en\\\/?s={search_term_string}\"},\"query-input\":{\"@type\":\"PropertyValueSpecification\",\"valueRequired\":true,\"valueName\":\"search_term_string\"}}],\"inLanguage\":\"en-US\"}]}<\/script>\n<!-- \/ Yoast SEO plugin. -->","yoast_head_json":{"title":"Veda - Concept 05 Design","robots":{"index":"index","follow":"follow","max-snippet":"max-snippet:-1","max-image-preview":"max-image-preview:large","max-video-preview":"max-video-preview:-1"},"canonical":"https:\/\/concept05design.com\/en\/produit\/veda\/","og_locale":"en_US","og_type":"article","og_title":"Veda - Concept 05 Design","og_description":"Complete your bathroom with this 3-function bath and shower fitting. This set includes a rain shower, hand shower with bar, bath spout, thermostatic valve and diverter. The ceramic cartridge and solid brass body ensure optimum durability. The VEDA model is ideal for a modern bathroom.   &nbsp;","og_url":"https:\/\/concept05design.com\/en\/produit\/veda\/","og_site_name":"Concept 05 Design","article_modified_time":"2025-07-28T18:31:17+00:00","og_image":[{"width":600,"height":600,"url":"https:\/\/concept05design.com\/wp-content\/uploads\/2025\/07\/VEDA.webp","type":"image\/webp"}],"twitter_card":"summary_large_image","twitter_misc":{"Est. reading time":"1 minute"},"schema":{"@context":"https:\/\/schema.org","@graph":[{"@type":"WebPage","@id":"https:\/\/concept05design.com\/en\/produit\/veda\/","url":"https:\/\/concept05design.com\/en\/produit\/veda\/","name":"Veda - Concept 05 Design","isPartOf":{"@id":"https:\/\/concept05design.com\/en\/#website"},"primaryImageOfPage":{"@id":"https:\/\/concept05design.com\/en\/produit\/veda\/#primaryimage"},"image":{"@id":"https:\/\/concept05design.com\/en\/produit\/veda\/#primaryimage"},"thumbnailUrl":"https:\/\/concept05design.com\/wp-content\/uploads\/2025\/07\/VEDA.webp","datePublished":"2025-07-28T18:30:12+00:00","dateModified":"2025-07-28T18:31:17+00:00","breadcrumb":{"@id":"https:\/\/concept05design.com\/en\/produit\/veda\/#breadcrumb"},"inLanguage":"en-US","potentialAction":[{"@type":"ReadAction","target":["https:\/\/concept05design.com\/en\/produit\/veda\/"]}]},{"@type":"ImageObject","inLanguage":"en-US","@id":"https:\/\/concept05design.com\/en\/produit\/veda\/#primaryimage","url":"https:\/\/concept05design.com\/wp-content\/uploads\/2025\/07\/VEDA.webp","contentUrl":"https:\/\/concept05design.com\/wp-content\/uploads\/2025\/07\/VEDA.webp","width":600,"height":600},{"@type":"BreadcrumbList","@id":"https:\/\/concept05design.com\/en\/produit\/veda\/#breadcrumb","itemListElement":[{"@type":"ListItem","position":1,"name":"Accueil","item":"https:\/\/concept05design.com\/en\/"},{"@type":"ListItem","position":2,"name":"Shop","item":"https:\/\/concept05design.com\/shop\/"},{"@type":"ListItem","position":3,"name":"Veda"}]},{"@type":"WebSite","@id":"https:\/\/concept05design.com\/en\/#website","url":"https:\/\/concept05design.com\/en\/","name":"Concept 05 Design","description":"Du Concept \u00e0 la R\u00e9alit\u00e9 : Votre Vision, Notre Mission","potentialAction":[{"@type":"SearchAction","target":{"@type":"EntryPoint","urlTemplate":"https:\/\/concept05design.com\/en\/?s={search_term_string}"},"query-input":{"@type":"PropertyValueSpecification","valueRequired":true,"valueName":"search_term_string"}}],"inLanguage":"en-US"}]}},"_links":{"self":[{"href":"https:\/\/concept05design.com\/en\/wp-json\/wp\/v2\/product\/6180","targetHints":{"allow":["GET"]}}],"collection":[{"href":"https:\/\/concept05design.com\/en\/wp-json\/wp\/v2\/product"}],"about":[{"href":"https:\/\/concept05design.com\/en\/wp-json\/wp\/v2\/types\/product"}],"wp:featuredmedia":[{"embeddable":true,"href":"https:\/\/concept05design.com\/en\/wp-json\/wp\/v2\/media\/6177"}],"wp:attachment":[{"href":"https:\/\/concept05design.com\/en\/wp-json\/wp\/v2\/media?parent=6180"}],"wp:term":[{"taxonomy":"product_brand","embeddable":true,"href":"https:\/\/concept05design.com\/en\/wp-json\/wp\/v2\/product_brand?post=6180"},{"taxonomy":"product_cat","embeddable":true,"href":"https:\/\/concept05design.com\/en\/wp-json\/wp\/v2\/product_cat?post=6180"},{"taxonomy":"product_tag","embeddable":true,"href":"https:\/\/concept05design.com\/en\/wp-json\/wp\/v2\/product_tag?post=6180"}],"curies":[{"name":"wp","href":"https:\/\/api.w.org\/{rel}","templated":true}]}}