{"id":6194,"date":"2025-07-28T18:34:48","date_gmt":"2025-07-28T18:34:48","guid":{"rendered":"https:\/\/concept05design.com\/produit\/fiona\/"},"modified":"2025-08-05T16:01:10","modified_gmt":"2025-08-05T16:01:10","slug":"fiona","status":"publish","type":"product","link":"https:\/\/concept05design.com\/en\/produit\/fiona\/","title":{"rendered":"Fiona"},"content":{"rendered":"<p data-start=\"507\" data-end=\"529\"><strong data-start=\"507\" data-end=\"527\">Features<\/strong><\/p>\n<ul data-start=\"530\" data-end=\"883\">\n<li data-start=\"530\" data-end=\"561\">\n<p data-start=\"532\" data-end=\"561\">Porcelain washbasin<\/p>\n<\/li>\n<li data-start=\"562\" data-end=\"607\">\n<p data-start=\"564\" data-end=\"607\">Simple above-counter installation<\/p>\n<\/li>\n<li data-start=\"608\" data-end=\"664\">\n<p data-start=\"610\" data-end=\"664\">Requires basin or wall-mounted faucets<\/p>\n<\/li>\n<li data-start=\"665\" data-end=\"691\">\n<p data-start=\"667\" data-end=\"691\">Drain included and fitted<\/p>\n<\/li>\n<li data-start=\"692\" data-end=\"711\">\n<p data-start=\"694\" data-end=\"711\">Without overflow<\/p>\n<\/li>\n<li data-start=\"712\" data-end=\"733\">\n<p data-start=\"714\" data-end=\"733\">Width: 14 1\/4&#8243;.<\/p>\n<\/li>\n<li data-start=\"734\" data-end=\"756\">\n<p data-start=\"736\" data-end=\"756\">Length: 14 1\/4&#8243;.<\/p>\n<\/li>\n<li data-start=\"757\" data-end=\"780\">\n<p data-start=\"759\" data-end=\"780\">Depth: 4 3\/8<\/p>\n<\/li>\n<li data-start=\"781\" data-end=\"799\">\n<p data-start=\"783\" data-end=\"799\">Shape: Square<\/p>\n<\/li>\n<li data-start=\"800\" data-end=\"824\">\n<p data-start=\"802\" data-end=\"824\">Finish: Matt white<\/p>\n<\/li>\n<li data-start=\"825\" data-end=\"850\">\n<p data-start=\"827\" data-end=\"850\">Installation: Basin<\/p>\n<\/li>\n<li data-start=\"851\" data-end=\"883\">\n<p data-start=\"853\" data-end=\"883\">Drain position: Central<\/p>\n<\/li>\n<\/ul>\n<p data-start=\"885\" data-end=\"1038\"><strong data-start=\"885\" data-end=\"903\">Specifications<\/strong><br data-start=\"903\" data-end=\"906\" \/>This model meets or exceeds the following requirements: CUPC and CSA (B45.1-18)<br data-start=\"985\" data-end=\"988\" \/>One-year warranty against manufacturing defects<\/p>\n","protected":false},"excerpt":{"rendered":"<p>Add a touch of elegance to your bathroom with this square porcelain sink from the FIONA collection. Its contemporary silhouette brings a breath of fresh air and a resolutely modern style to your space. Made from Grade A porcelain, this sink features a matte white finish that&#8217;s sure to enhance your d\u00e9cor while adding functionality and refinement.<\/p>\n<p>&nbsp;<\/p>\n<p><img decoding=\"async\" class=\"alignnone size-medium wp-image-6182\" src=\"https:\/\/concept05design.com\/wp-content\/uploads\/2025\/07\/Untitled-66-222x300.png\" alt=\"\" width=\"222\" height=\"300\" srcset=\"https:\/\/concept05design.com\/wp-content\/uploads\/2025\/07\/Untitled-66-200x270.png 200w, https:\/\/concept05design.com\/wp-content\/uploads\/2025\/07\/Untitled-66-222x300.png 222w, https:\/\/concept05design.com\/wp-content\/uploads\/2025\/07\/Untitled-66.png 287w\" sizes=\"(max-width: 222px) 100vw, 222px\" \/><\/p>\n","protected":false},"featured_media":6193,"template":"","meta":[],"product_brand":[],"product_cat":[418,421,439],"product_tag":[],"class_list":{"0":"post-6194","1":"product","2":"type-product","3":"status-publish","4":"has-post-thumbnail","6":"product_cat-bathroom","7":"product_cat-sink-bathroom","8":"product_cat-vedette-bathroom-sink","10":"first","11":"instock","12":"shipping-taxable","13":"product-type-simple"},"yoast_head":"<!-- This site is optimized with the Yoast SEO plugin v27.4 - https:\/\/yoast.com\/product\/yoast-seo-wordpress\/ -->\n<title>Fiona - Concept 05 Design<\/title>\n<meta name=\"robots\" content=\"index, follow, max-snippet:-1, max-image-preview:large, max-video-preview:-1\" \/>\n<link rel=\"canonical\" href=\"https:\/\/concept05design.com\/en\/produit\/fiona\/\" \/>\n<meta property=\"og:locale\" content=\"en_US\" \/>\n<meta property=\"og:type\" content=\"article\" \/>\n<meta property=\"og:title\" content=\"Fiona - Concept 05 Design\" \/>\n<meta property=\"og:description\" content=\"Add a touch of elegance to your bathroom with this square porcelain sink from the FIONA collection. Its contemporary silhouette brings a breath of fresh air and a resolutely modern style to your space. Made from Grade A porcelain, this sink features a matte white finish that&#039;s sure to enhance your d\u00e9cor while adding functionality and refinement.  &nbsp;\" \/>\n<meta property=\"og:url\" content=\"https:\/\/concept05design.com\/en\/produit\/fiona\/\" \/>\n<meta property=\"og:site_name\" content=\"Concept 05 Design\" \/>\n<meta property=\"article:modified_time\" content=\"2025-08-05T16:01:10+00:00\" \/>\n<meta property=\"og:image\" content=\"https:\/\/concept05design.com\/wp-content\/uploads\/2025\/07\/FIONA.webp\" \/>\n\t<meta property=\"og:image:width\" content=\"600\" \/>\n\t<meta property=\"og:image:height\" content=\"600\" \/>\n\t<meta property=\"og:image:type\" content=\"image\/webp\" \/>\n<meta name=\"twitter:card\" content=\"summary_large_image\" \/>\n<meta name=\"twitter:label1\" content=\"Est. reading time\" \/>\n\t<meta name=\"twitter:data1\" content=\"1 minute\" \/>\n<script type=\"application\/ld+json\" class=\"yoast-schema-graph\">{\"@context\":\"https:\\\/\\\/schema.org\",\"@graph\":[{\"@type\":\"WebPage\",\"@id\":\"https:\\\/\\\/concept05design.com\\\/en\\\/produit\\\/fiona\\\/\",\"url\":\"https:\\\/\\\/concept05design.com\\\/en\\\/produit\\\/fiona\\\/\",\"name\":\"Fiona - Concept 05 Design\",\"isPartOf\":{\"@id\":\"https:\\\/\\\/concept05design.com\\\/en\\\/#website\"},\"primaryImageOfPage\":{\"@id\":\"https:\\\/\\\/concept05design.com\\\/en\\\/produit\\\/fiona\\\/#primaryimage\"},\"image\":{\"@id\":\"https:\\\/\\\/concept05design.com\\\/en\\\/produit\\\/fiona\\\/#primaryimage\"},\"thumbnailUrl\":\"https:\\\/\\\/concept05design.com\\\/wp-content\\\/uploads\\\/2025\\\/07\\\/FIONA.webp\",\"datePublished\":\"2025-07-28T18:34:48+00:00\",\"dateModified\":\"2025-08-05T16:01:10+00:00\",\"breadcrumb\":{\"@id\":\"https:\\\/\\\/concept05design.com\\\/en\\\/produit\\\/fiona\\\/#breadcrumb\"},\"inLanguage\":\"en-US\",\"potentialAction\":[{\"@type\":\"ReadAction\",\"target\":[\"https:\\\/\\\/concept05design.com\\\/en\\\/produit\\\/fiona\\\/\"]}]},{\"@type\":\"ImageObject\",\"inLanguage\":\"en-US\",\"@id\":\"https:\\\/\\\/concept05design.com\\\/en\\\/produit\\\/fiona\\\/#primaryimage\",\"url\":\"https:\\\/\\\/concept05design.com\\\/wp-content\\\/uploads\\\/2025\\\/07\\\/FIONA.webp\",\"contentUrl\":\"https:\\\/\\\/concept05design.com\\\/wp-content\\\/uploads\\\/2025\\\/07\\\/FIONA.webp\",\"width\":600,\"height\":600},{\"@type\":\"BreadcrumbList\",\"@id\":\"https:\\\/\\\/concept05design.com\\\/en\\\/produit\\\/fiona\\\/#breadcrumb\",\"itemListElement\":[{\"@type\":\"ListItem\",\"position\":1,\"name\":\"Accueil\",\"item\":\"https:\\\/\\\/concept05design.com\\\/en\\\/\"},{\"@type\":\"ListItem\",\"position\":2,\"name\":\"Shop\",\"item\":\"https:\\\/\\\/concept05design.com\\\/shop\\\/\"},{\"@type\":\"ListItem\",\"position\":3,\"name\":\"Fiona\"}]},{\"@type\":\"WebSite\",\"@id\":\"https:\\\/\\\/concept05design.com\\\/en\\\/#website\",\"url\":\"https:\\\/\\\/concept05design.com\\\/en\\\/\",\"name\":\"Concept 05 Design\",\"description\":\"Du Concept \u00e0 la R\u00e9alit\u00e9 : Votre Vision, Notre Mission\",\"potentialAction\":[{\"@type\":\"SearchAction\",\"target\":{\"@type\":\"EntryPoint\",\"urlTemplate\":\"https:\\\/\\\/concept05design.com\\\/en\\\/?s={search_term_string}\"},\"query-input\":{\"@type\":\"PropertyValueSpecification\",\"valueRequired\":true,\"valueName\":\"search_term_string\"}}],\"inLanguage\":\"en-US\"}]}<\/script>\n<!-- \/ Yoast SEO plugin. -->","yoast_head_json":{"title":"Fiona - Concept 05 Design","robots":{"index":"index","follow":"follow","max-snippet":"max-snippet:-1","max-image-preview":"max-image-preview:large","max-video-preview":"max-video-preview:-1"},"canonical":"https:\/\/concept05design.com\/en\/produit\/fiona\/","og_locale":"en_US","og_type":"article","og_title":"Fiona - Concept 05 Design","og_description":"Add a touch of elegance to your bathroom with this square porcelain sink from the FIONA collection. Its contemporary silhouette brings a breath of fresh air and a resolutely modern style to your space. Made from Grade A porcelain, this sink features a matte white finish that's sure to enhance your d\u00e9cor while adding functionality and refinement.  &nbsp;","og_url":"https:\/\/concept05design.com\/en\/produit\/fiona\/","og_site_name":"Concept 05 Design","article_modified_time":"2025-08-05T16:01:10+00:00","og_image":[{"width":600,"height":600,"url":"https:\/\/concept05design.com\/wp-content\/uploads\/2025\/07\/FIONA.webp","type":"image\/webp"}],"twitter_card":"summary_large_image","twitter_misc":{"Est. reading time":"1 minute"},"schema":{"@context":"https:\/\/schema.org","@graph":[{"@type":"WebPage","@id":"https:\/\/concept05design.com\/en\/produit\/fiona\/","url":"https:\/\/concept05design.com\/en\/produit\/fiona\/","name":"Fiona - Concept 05 Design","isPartOf":{"@id":"https:\/\/concept05design.com\/en\/#website"},"primaryImageOfPage":{"@id":"https:\/\/concept05design.com\/en\/produit\/fiona\/#primaryimage"},"image":{"@id":"https:\/\/concept05design.com\/en\/produit\/fiona\/#primaryimage"},"thumbnailUrl":"https:\/\/concept05design.com\/wp-content\/uploads\/2025\/07\/FIONA.webp","datePublished":"2025-07-28T18:34:48+00:00","dateModified":"2025-08-05T16:01:10+00:00","breadcrumb":{"@id":"https:\/\/concept05design.com\/en\/produit\/fiona\/#breadcrumb"},"inLanguage":"en-US","potentialAction":[{"@type":"ReadAction","target":["https:\/\/concept05design.com\/en\/produit\/fiona\/"]}]},{"@type":"ImageObject","inLanguage":"en-US","@id":"https:\/\/concept05design.com\/en\/produit\/fiona\/#primaryimage","url":"https:\/\/concept05design.com\/wp-content\/uploads\/2025\/07\/FIONA.webp","contentUrl":"https:\/\/concept05design.com\/wp-content\/uploads\/2025\/07\/FIONA.webp","width":600,"height":600},{"@type":"BreadcrumbList","@id":"https:\/\/concept05design.com\/en\/produit\/fiona\/#breadcrumb","itemListElement":[{"@type":"ListItem","position":1,"name":"Accueil","item":"https:\/\/concept05design.com\/en\/"},{"@type":"ListItem","position":2,"name":"Shop","item":"https:\/\/concept05design.com\/shop\/"},{"@type":"ListItem","position":3,"name":"Fiona"}]},{"@type":"WebSite","@id":"https:\/\/concept05design.com\/en\/#website","url":"https:\/\/concept05design.com\/en\/","name":"Concept 05 Design","description":"Du Concept \u00e0 la R\u00e9alit\u00e9 : Votre Vision, Notre Mission","potentialAction":[{"@type":"SearchAction","target":{"@type":"EntryPoint","urlTemplate":"https:\/\/concept05design.com\/en\/?s={search_term_string}"},"query-input":{"@type":"PropertyValueSpecification","valueRequired":true,"valueName":"search_term_string"}}],"inLanguage":"en-US"}]}},"_links":{"self":[{"href":"https:\/\/concept05design.com\/en\/wp-json\/wp\/v2\/product\/6194","targetHints":{"allow":["GET"]}}],"collection":[{"href":"https:\/\/concept05design.com\/en\/wp-json\/wp\/v2\/product"}],"about":[{"href":"https:\/\/concept05design.com\/en\/wp-json\/wp\/v2\/types\/product"}],"wp:featuredmedia":[{"embeddable":true,"href":"https:\/\/concept05design.com\/en\/wp-json\/wp\/v2\/media\/6193"}],"wp:attachment":[{"href":"https:\/\/concept05design.com\/en\/wp-json\/wp\/v2\/media?parent=6194"}],"wp:term":[{"taxonomy":"product_brand","embeddable":true,"href":"https:\/\/concept05design.com\/en\/wp-json\/wp\/v2\/product_brand?post=6194"},{"taxonomy":"product_cat","embeddable":true,"href":"https:\/\/concept05design.com\/en\/wp-json\/wp\/v2\/product_cat?post=6194"},{"taxonomy":"product_tag","embeddable":true,"href":"https:\/\/concept05design.com\/en\/wp-json\/wp\/v2\/product_tag?post=6194"}],"curies":[{"name":"wp","href":"https:\/\/api.w.org\/{rel}","templated":true}]}}