{"id":6220,"date":"2025-07-28T18:40:59","date_gmt":"2025-07-28T18:40:59","guid":{"rendered":"https:\/\/concept05design.com\/produit\/frido\/"},"modified":"2025-08-05T16:00:00","modified_gmt":"2025-08-05T16:00:00","slug":"frido","status":"publish","type":"product","link":"https:\/\/concept05design.com\/en\/produit\/frido\/","title":{"rendered":"Frido"},"content":{"rendered":"<p data-start=\"462\" data-end=\"484\"><strong data-start=\"462\" data-end=\"482\">Features<\/strong><\/p>\n<ul data-start=\"485\" data-end=\"979\">\n<li data-start=\"485\" data-end=\"516\">\n<p data-start=\"487\" data-end=\"516\">Porcelain washbasin<\/p>\n<\/li>\n<li data-start=\"517\" data-end=\"581\">\n<p data-start=\"519\" data-end=\"581\">Non-porous, durable, scratch-resistant finish<\/p>\n<\/li>\n<li data-start=\"582\" data-end=\"618\">\n<p data-start=\"584\" data-end=\"618\">Available in several colors<\/p>\n<\/li>\n<li data-start=\"619\" data-end=\"664\">\n<p data-start=\"621\" data-end=\"664\">Simple above-counter installation<\/p>\n<\/li>\n<li data-start=\"665\" data-end=\"721\">\n<p data-start=\"667\" data-end=\"721\">Requires basin or wall-mounted faucets<\/p>\n<\/li>\n<li data-start=\"722\" data-end=\"744\">\n<p data-start=\"724\" data-end=\"744\">Tap not included<\/p>\n<\/li>\n<li data-start=\"745\" data-end=\"771\">\n<p data-start=\"747\" data-end=\"771\">Drain included and fitted<\/p>\n<\/li>\n<li data-start=\"772\" data-end=\"791\">\n<p data-start=\"774\" data-end=\"791\">Without overflow<\/p>\n<\/li>\n<li data-start=\"792\" data-end=\"810\">\n<p data-start=\"794\" data-end=\"810\">Width: 14<\/p>\n<\/li>\n<li data-start=\"811\" data-end=\"830\">\n<p data-start=\"813\" data-end=\"830\">Length: 14&#8243;.<\/p>\n<\/li>\n<li data-start=\"831\" data-end=\"855\">\n<p data-start=\"833\" data-end=\"855\">Depth: 4 3\/4<\/p>\n<\/li>\n<li data-start=\"856\" data-end=\"873\">\n<p data-start=\"858\" data-end=\"873\">Shape: Round<\/p>\n<\/li>\n<li data-start=\"874\" data-end=\"920\">\n<p data-start=\"876\" data-end=\"920\">Finish: Matte white and brushed brass (gold)<\/p>\n<\/li>\n<li data-start=\"921\" data-end=\"946\">\n<p data-start=\"923\" data-end=\"946\">Installation: Basin<\/p>\n<\/li>\n<li data-start=\"947\" data-end=\"979\">\n<p data-start=\"949\" data-end=\"979\">Drain position: Central<\/p>\n<\/li>\n<\/ul>\n<p data-start=\"981\" data-end=\"1134\"><strong data-start=\"981\" data-end=\"999\">Specifications<\/strong><br data-start=\"999\" data-end=\"1002\" \/>This model meets or exceeds the following requirements: CUPC and CSA (B45.1-18)<br data-start=\"1081\" data-end=\"1084\" \/>One-year warranty against manufacturing defects<\/p>\n","protected":false},"excerpt":{"rendered":"<p>Made from high-grade porcelain, this white matte countertop basin is easy to clean and maintain. Its central hole ensures optimal water drainage. Perfectly suited to any bathroom style, it adds a touch of modernity. Our washbasins are the ideal solution for turning your finest bathroom design ideas into reality.<\/p>\n<p>&nbsp;<\/p>\n<p><img decoding=\"async\" class=\"alignnone size-medium wp-image-6218\" src=\"https:\/\/concept05design.com\/wp-content\/uploads\/2025\/07\/Untitled-67-234x300.png\" alt=\"\" width=\"234\" height=\"300\" srcset=\"https:\/\/concept05design.com\/wp-content\/uploads\/2025\/07\/Untitled-67-200x256.png 200w, https:\/\/concept05design.com\/wp-content\/uploads\/2025\/07\/Untitled-67-234x300.png 234w, https:\/\/concept05design.com\/wp-content\/uploads\/2025\/07\/Untitled-67.png 286w\" sizes=\"(max-width: 234px) 100vw, 234px\" \/><\/p>\n","protected":false},"featured_media":6211,"template":"","meta":[],"product_brand":[],"product_cat":[418,421],"product_tag":[],"class_list":{"0":"post-6220","1":"product","2":"type-product","3":"status-publish","4":"has-post-thumbnail","6":"product_cat-bathroom","7":"product_cat-sink-bathroom","9":"first","10":"instock","11":"shipping-taxable","12":"product-type-simple"},"yoast_head":"<!-- This site is optimized with the Yoast SEO plugin v27.4 - https:\/\/yoast.com\/product\/yoast-seo-wordpress\/ -->\n<title>Frido - Concept 05 Design<\/title>\n<meta name=\"robots\" content=\"index, follow, max-snippet:-1, max-image-preview:large, max-video-preview:-1\" \/>\n<link rel=\"canonical\" href=\"https:\/\/concept05design.com\/en\/produit\/frido\/\" \/>\n<meta property=\"og:locale\" content=\"en_US\" \/>\n<meta property=\"og:type\" content=\"article\" \/>\n<meta property=\"og:title\" content=\"Frido - Concept 05 Design\" \/>\n<meta property=\"og:description\" content=\"Made from high-grade porcelain, this white matte countertop basin is easy to clean and maintain. Its central hole ensures optimal water drainage. Perfectly suited to any bathroom style, it adds a touch of modernity. Our washbasins are the ideal solution for turning your finest bathroom design ideas into reality.  &nbsp;\" \/>\n<meta property=\"og:url\" content=\"https:\/\/concept05design.com\/en\/produit\/frido\/\" \/>\n<meta property=\"og:site_name\" content=\"Concept 05 Design\" \/>\n<meta property=\"article:modified_time\" content=\"2025-08-05T16:00:00+00:00\" \/>\n<meta property=\"og:image\" content=\"https:\/\/concept05design.com\/wp-content\/uploads\/2025\/07\/FRIDO_477d46a4-c20a-4fd0-bebd-47fe4e98aaf2.webp\" \/>\n\t<meta property=\"og:image:width\" content=\"600\" \/>\n\t<meta property=\"og:image:height\" content=\"600\" \/>\n\t<meta property=\"og:image:type\" content=\"image\/webp\" \/>\n<meta name=\"twitter:card\" content=\"summary_large_image\" \/>\n<meta name=\"twitter:label1\" content=\"Est. reading time\" \/>\n\t<meta name=\"twitter:data1\" content=\"1 minute\" \/>\n<script type=\"application\/ld+json\" class=\"yoast-schema-graph\">{\"@context\":\"https:\\\/\\\/schema.org\",\"@graph\":[{\"@type\":\"WebPage\",\"@id\":\"https:\\\/\\\/concept05design.com\\\/en\\\/produit\\\/frido\\\/\",\"url\":\"https:\\\/\\\/concept05design.com\\\/en\\\/produit\\\/frido\\\/\",\"name\":\"Frido - Concept 05 Design\",\"isPartOf\":{\"@id\":\"https:\\\/\\\/concept05design.com\\\/en\\\/#website\"},\"primaryImageOfPage\":{\"@id\":\"https:\\\/\\\/concept05design.com\\\/en\\\/produit\\\/frido\\\/#primaryimage\"},\"image\":{\"@id\":\"https:\\\/\\\/concept05design.com\\\/en\\\/produit\\\/frido\\\/#primaryimage\"},\"thumbnailUrl\":\"https:\\\/\\\/concept05design.com\\\/wp-content\\\/uploads\\\/2025\\\/07\\\/FRIDO_477d46a4-c20a-4fd0-bebd-47fe4e98aaf2.webp\",\"datePublished\":\"2025-07-28T18:40:59+00:00\",\"dateModified\":\"2025-08-05T16:00:00+00:00\",\"breadcrumb\":{\"@id\":\"https:\\\/\\\/concept05design.com\\\/en\\\/produit\\\/frido\\\/#breadcrumb\"},\"inLanguage\":\"en-US\",\"potentialAction\":[{\"@type\":\"ReadAction\",\"target\":[\"https:\\\/\\\/concept05design.com\\\/en\\\/produit\\\/frido\\\/\"]}]},{\"@type\":\"ImageObject\",\"inLanguage\":\"en-US\",\"@id\":\"https:\\\/\\\/concept05design.com\\\/en\\\/produit\\\/frido\\\/#primaryimage\",\"url\":\"https:\\\/\\\/concept05design.com\\\/wp-content\\\/uploads\\\/2025\\\/07\\\/FRIDO_477d46a4-c20a-4fd0-bebd-47fe4e98aaf2.webp\",\"contentUrl\":\"https:\\\/\\\/concept05design.com\\\/wp-content\\\/uploads\\\/2025\\\/07\\\/FRIDO_477d46a4-c20a-4fd0-bebd-47fe4e98aaf2.webp\",\"width\":600,\"height\":600},{\"@type\":\"BreadcrumbList\",\"@id\":\"https:\\\/\\\/concept05design.com\\\/en\\\/produit\\\/frido\\\/#breadcrumb\",\"itemListElement\":[{\"@type\":\"ListItem\",\"position\":1,\"name\":\"Accueil\",\"item\":\"https:\\\/\\\/concept05design.com\\\/en\\\/\"},{\"@type\":\"ListItem\",\"position\":2,\"name\":\"Shop\",\"item\":\"https:\\\/\\\/concept05design.com\\\/shop\\\/\"},{\"@type\":\"ListItem\",\"position\":3,\"name\":\"Frido\"}]},{\"@type\":\"WebSite\",\"@id\":\"https:\\\/\\\/concept05design.com\\\/en\\\/#website\",\"url\":\"https:\\\/\\\/concept05design.com\\\/en\\\/\",\"name\":\"Concept 05 Design\",\"description\":\"Du Concept \u00e0 la R\u00e9alit\u00e9 : Votre Vision, Notre Mission\",\"potentialAction\":[{\"@type\":\"SearchAction\",\"target\":{\"@type\":\"EntryPoint\",\"urlTemplate\":\"https:\\\/\\\/concept05design.com\\\/en\\\/?s={search_term_string}\"},\"query-input\":{\"@type\":\"PropertyValueSpecification\",\"valueRequired\":true,\"valueName\":\"search_term_string\"}}],\"inLanguage\":\"en-US\"}]}<\/script>\n<!-- \/ Yoast SEO plugin. -->","yoast_head_json":{"title":"Frido - Concept 05 Design","robots":{"index":"index","follow":"follow","max-snippet":"max-snippet:-1","max-image-preview":"max-image-preview:large","max-video-preview":"max-video-preview:-1"},"canonical":"https:\/\/concept05design.com\/en\/produit\/frido\/","og_locale":"en_US","og_type":"article","og_title":"Frido - Concept 05 Design","og_description":"Made from high-grade porcelain, this white matte countertop basin is easy to clean and maintain. Its central hole ensures optimal water drainage. Perfectly suited to any bathroom style, it adds a touch of modernity. Our washbasins are the ideal solution for turning your finest bathroom design ideas into reality.  &nbsp;","og_url":"https:\/\/concept05design.com\/en\/produit\/frido\/","og_site_name":"Concept 05 Design","article_modified_time":"2025-08-05T16:00:00+00:00","og_image":[{"width":600,"height":600,"url":"https:\/\/concept05design.com\/wp-content\/uploads\/2025\/07\/FRIDO_477d46a4-c20a-4fd0-bebd-47fe4e98aaf2.webp","type":"image\/webp"}],"twitter_card":"summary_large_image","twitter_misc":{"Est. reading time":"1 minute"},"schema":{"@context":"https:\/\/schema.org","@graph":[{"@type":"WebPage","@id":"https:\/\/concept05design.com\/en\/produit\/frido\/","url":"https:\/\/concept05design.com\/en\/produit\/frido\/","name":"Frido - Concept 05 Design","isPartOf":{"@id":"https:\/\/concept05design.com\/en\/#website"},"primaryImageOfPage":{"@id":"https:\/\/concept05design.com\/en\/produit\/frido\/#primaryimage"},"image":{"@id":"https:\/\/concept05design.com\/en\/produit\/frido\/#primaryimage"},"thumbnailUrl":"https:\/\/concept05design.com\/wp-content\/uploads\/2025\/07\/FRIDO_477d46a4-c20a-4fd0-bebd-47fe4e98aaf2.webp","datePublished":"2025-07-28T18:40:59+00:00","dateModified":"2025-08-05T16:00:00+00:00","breadcrumb":{"@id":"https:\/\/concept05design.com\/en\/produit\/frido\/#breadcrumb"},"inLanguage":"en-US","potentialAction":[{"@type":"ReadAction","target":["https:\/\/concept05design.com\/en\/produit\/frido\/"]}]},{"@type":"ImageObject","inLanguage":"en-US","@id":"https:\/\/concept05design.com\/en\/produit\/frido\/#primaryimage","url":"https:\/\/concept05design.com\/wp-content\/uploads\/2025\/07\/FRIDO_477d46a4-c20a-4fd0-bebd-47fe4e98aaf2.webp","contentUrl":"https:\/\/concept05design.com\/wp-content\/uploads\/2025\/07\/FRIDO_477d46a4-c20a-4fd0-bebd-47fe4e98aaf2.webp","width":600,"height":600},{"@type":"BreadcrumbList","@id":"https:\/\/concept05design.com\/en\/produit\/frido\/#breadcrumb","itemListElement":[{"@type":"ListItem","position":1,"name":"Accueil","item":"https:\/\/concept05design.com\/en\/"},{"@type":"ListItem","position":2,"name":"Shop","item":"https:\/\/concept05design.com\/shop\/"},{"@type":"ListItem","position":3,"name":"Frido"}]},{"@type":"WebSite","@id":"https:\/\/concept05design.com\/en\/#website","url":"https:\/\/concept05design.com\/en\/","name":"Concept 05 Design","description":"Du Concept \u00e0 la R\u00e9alit\u00e9 : Votre Vision, Notre Mission","potentialAction":[{"@type":"SearchAction","target":{"@type":"EntryPoint","urlTemplate":"https:\/\/concept05design.com\/en\/?s={search_term_string}"},"query-input":{"@type":"PropertyValueSpecification","valueRequired":true,"valueName":"search_term_string"}}],"inLanguage":"en-US"}]}},"_links":{"self":[{"href":"https:\/\/concept05design.com\/en\/wp-json\/wp\/v2\/product\/6220","targetHints":{"allow":["GET"]}}],"collection":[{"href":"https:\/\/concept05design.com\/en\/wp-json\/wp\/v2\/product"}],"about":[{"href":"https:\/\/concept05design.com\/en\/wp-json\/wp\/v2\/types\/product"}],"wp:featuredmedia":[{"embeddable":true,"href":"https:\/\/concept05design.com\/en\/wp-json\/wp\/v2\/media\/6211"}],"wp:attachment":[{"href":"https:\/\/concept05design.com\/en\/wp-json\/wp\/v2\/media?parent=6220"}],"wp:term":[{"taxonomy":"product_brand","embeddable":true,"href":"https:\/\/concept05design.com\/en\/wp-json\/wp\/v2\/product_brand?post=6220"},{"taxonomy":"product_cat","embeddable":true,"href":"https:\/\/concept05design.com\/en\/wp-json\/wp\/v2\/product_cat?post=6220"},{"taxonomy":"product_tag","embeddable":true,"href":"https:\/\/concept05design.com\/en\/wp-json\/wp\/v2\/product_tag?post=6220"}],"curies":[{"name":"wp","href":"https:\/\/api.w.org\/{rel}","templated":true}]}}