{"id":6228,"date":"2025-07-28T18:43:26","date_gmt":"2025-07-28T18:43:26","guid":{"rendered":"https:\/\/concept05design.com\/produit\/fumba\/"},"modified":"2025-08-05T15:57:05","modified_gmt":"2025-08-05T15:57:05","slug":"fumba","status":"publish","type":"product","link":"https:\/\/concept05design.com\/en\/produit\/fumba\/","title":{"rendered":"Fumba"},"content":{"rendered":"<p data-start=\"433\" data-end=\"455\"><strong data-start=\"433\" data-end=\"453\">Features<\/strong><\/p>\n<ul data-start=\"456\" data-end=\"819\">\n<li data-start=\"456\" data-end=\"487\">\n<p data-start=\"458\" data-end=\"487\">Porcelain washbasin<\/p>\n<\/li>\n<li data-start=\"488\" data-end=\"533\">\n<p data-start=\"490\" data-end=\"533\">Simple above-counter installation<\/p>\n<\/li>\n<li data-start=\"534\" data-end=\"590\">\n<p data-start=\"536\" data-end=\"590\">Requires basin or wall-mounted faucets<\/p>\n<\/li>\n<li data-start=\"591\" data-end=\"618\">\n<p data-start=\"593\" data-end=\"618\">Matching drain included<\/p>\n<\/li>\n<li data-start=\"619\" data-end=\"638\">\n<p data-start=\"621\" data-end=\"638\">Without overflow<\/p>\n<\/li>\n<li data-start=\"639\" data-end=\"661\">\n<p data-start=\"641\" data-end=\"661\">Width: 15 3\/4<\/p>\n<\/li>\n<li data-start=\"662\" data-end=\"685\">\n<p data-start=\"664\" data-end=\"685\">Length: 19 7\/8&#8221;.<\/p>\n<\/li>\n<li data-start=\"686\" data-end=\"710\">\n<p data-start=\"688\" data-end=\"710\">Depth: 5 3\/8<\/p>\n<\/li>\n<li data-start=\"711\" data-end=\"736\">\n<p data-start=\"713\" data-end=\"736\">Shape: Rectangular<\/p>\n<\/li>\n<li data-start=\"737\" data-end=\"760\">\n<p data-start=\"739\" data-end=\"760\">Finish: Matt black<\/p>\n<\/li>\n<li data-start=\"761\" data-end=\"786\">\n<p data-start=\"763\" data-end=\"786\">Installation: Basin<\/p>\n<\/li>\n<li data-start=\"787\" data-end=\"819\">\n<p data-start=\"789\" data-end=\"819\">Drain position: Central<\/p>\n<\/li>\n<\/ul>\n<p data-start=\"821\" data-end=\"974\"><strong data-start=\"821\" data-end=\"839\">Specifications<\/strong><br data-start=\"839\" data-end=\"842\" \/>This model meets or exceeds the following requirements: CUPC and CSA (B45.1-18)<br data-start=\"921\" data-end=\"924\" \/>One-year warranty against manufacturing defects<\/p>\n","protected":false},"excerpt":{"rendered":"<p>Add a touch of elegance to your bathroom with this rectangular porcelain sink. Its contemporary silhouette brings a fresh, modern look to your space. Made from Grade A porcelain, this sink features a matte black finish that&#8217;s sure to enhance your d\u00e9cor while offering added functionality.<\/p>\n<p>&nbsp;<\/p>\n<p><img decoding=\"async\" class=\"alignnone size-medium wp-image-6222\" src=\"https:\/\/concept05design.com\/wp-content\/uploads\/2025\/07\/Untitled-68-253x300.png\" alt=\"\" width=\"253\" height=\"300\" srcset=\"https:\/\/concept05design.com\/wp-content\/uploads\/2025\/07\/Untitled-68-200x237.png 200w, https:\/\/concept05design.com\/wp-content\/uploads\/2025\/07\/Untitled-68-253x300.png 253w, https:\/\/concept05design.com\/wp-content\/uploads\/2025\/07\/Untitled-68.png 336w\" sizes=\"(max-width: 253px) 100vw, 253px\" \/><\/p>\n","protected":false},"featured_media":6225,"template":"","meta":[],"product_brand":[],"product_cat":[418,421],"product_tag":[],"class_list":{"0":"post-6228","1":"product","2":"type-product","3":"status-publish","4":"has-post-thumbnail","6":"product_cat-bathroom","7":"product_cat-sink-bathroom","9":"first","10":"instock","11":"shipping-taxable","12":"product-type-simple"},"yoast_head":"<!-- This site is optimized with the Yoast SEO plugin v27.4 - https:\/\/yoast.com\/product\/yoast-seo-wordpress\/ -->\n<title>Fumba - Concept 05 Design<\/title>\n<meta name=\"robots\" content=\"index, follow, max-snippet:-1, max-image-preview:large, max-video-preview:-1\" \/>\n<link rel=\"canonical\" href=\"https:\/\/concept05design.com\/en\/produit\/fumba\/\" \/>\n<meta property=\"og:locale\" content=\"en_US\" \/>\n<meta property=\"og:type\" content=\"article\" \/>\n<meta property=\"og:title\" content=\"Fumba - Concept 05 Design\" \/>\n<meta property=\"og:description\" content=\"Add a touch of elegance to your bathroom with this rectangular porcelain sink. Its contemporary silhouette brings a fresh, modern look to your space. Made from Grade A porcelain, this sink features a matte black finish that&#039;s sure to enhance your d\u00e9cor while offering added functionality.  &nbsp;\" \/>\n<meta property=\"og:url\" content=\"https:\/\/concept05design.com\/en\/produit\/fumba\/\" \/>\n<meta property=\"og:site_name\" content=\"Concept 05 Design\" \/>\n<meta property=\"article:modified_time\" content=\"2025-08-05T15:57:05+00:00\" \/>\n<meta property=\"og:image\" content=\"https:\/\/concept05design.com\/wp-content\/uploads\/2025\/07\/FUMBA_360e1f3a-4ca3-4fbc-9acc-556302632f82.webp\" \/>\n\t<meta property=\"og:image:width\" content=\"600\" \/>\n\t<meta property=\"og:image:height\" content=\"600\" \/>\n\t<meta property=\"og:image:type\" content=\"image\/webp\" \/>\n<meta name=\"twitter:card\" content=\"summary_large_image\" \/>\n<meta name=\"twitter:label1\" content=\"Est. reading time\" \/>\n\t<meta name=\"twitter:data1\" content=\"1 minute\" \/>\n<script type=\"application\/ld+json\" class=\"yoast-schema-graph\">{\"@context\":\"https:\\\/\\\/schema.org\",\"@graph\":[{\"@type\":\"WebPage\",\"@id\":\"https:\\\/\\\/concept05design.com\\\/en\\\/produit\\\/fumba\\\/\",\"url\":\"https:\\\/\\\/concept05design.com\\\/en\\\/produit\\\/fumba\\\/\",\"name\":\"Fumba - Concept 05 Design\",\"isPartOf\":{\"@id\":\"https:\\\/\\\/concept05design.com\\\/en\\\/#website\"},\"primaryImageOfPage\":{\"@id\":\"https:\\\/\\\/concept05design.com\\\/en\\\/produit\\\/fumba\\\/#primaryimage\"},\"image\":{\"@id\":\"https:\\\/\\\/concept05design.com\\\/en\\\/produit\\\/fumba\\\/#primaryimage\"},\"thumbnailUrl\":\"https:\\\/\\\/concept05design.com\\\/wp-content\\\/uploads\\\/2025\\\/07\\\/FUMBA_360e1f3a-4ca3-4fbc-9acc-556302632f82.webp\",\"datePublished\":\"2025-07-28T18:43:26+00:00\",\"dateModified\":\"2025-08-05T15:57:05+00:00\",\"breadcrumb\":{\"@id\":\"https:\\\/\\\/concept05design.com\\\/en\\\/produit\\\/fumba\\\/#breadcrumb\"},\"inLanguage\":\"en-US\",\"potentialAction\":[{\"@type\":\"ReadAction\",\"target\":[\"https:\\\/\\\/concept05design.com\\\/en\\\/produit\\\/fumba\\\/\"]}]},{\"@type\":\"ImageObject\",\"inLanguage\":\"en-US\",\"@id\":\"https:\\\/\\\/concept05design.com\\\/en\\\/produit\\\/fumba\\\/#primaryimage\",\"url\":\"https:\\\/\\\/concept05design.com\\\/wp-content\\\/uploads\\\/2025\\\/07\\\/FUMBA_360e1f3a-4ca3-4fbc-9acc-556302632f82.webp\",\"contentUrl\":\"https:\\\/\\\/concept05design.com\\\/wp-content\\\/uploads\\\/2025\\\/07\\\/FUMBA_360e1f3a-4ca3-4fbc-9acc-556302632f82.webp\",\"width\":600,\"height\":600},{\"@type\":\"BreadcrumbList\",\"@id\":\"https:\\\/\\\/concept05design.com\\\/en\\\/produit\\\/fumba\\\/#breadcrumb\",\"itemListElement\":[{\"@type\":\"ListItem\",\"position\":1,\"name\":\"Accueil\",\"item\":\"https:\\\/\\\/concept05design.com\\\/en\\\/\"},{\"@type\":\"ListItem\",\"position\":2,\"name\":\"Shop\",\"item\":\"https:\\\/\\\/concept05design.com\\\/shop\\\/\"},{\"@type\":\"ListItem\",\"position\":3,\"name\":\"Fumba\"}]},{\"@type\":\"WebSite\",\"@id\":\"https:\\\/\\\/concept05design.com\\\/en\\\/#website\",\"url\":\"https:\\\/\\\/concept05design.com\\\/en\\\/\",\"name\":\"Concept 05 Design\",\"description\":\"Du Concept \u00e0 la R\u00e9alit\u00e9 : Votre Vision, Notre Mission\",\"potentialAction\":[{\"@type\":\"SearchAction\",\"target\":{\"@type\":\"EntryPoint\",\"urlTemplate\":\"https:\\\/\\\/concept05design.com\\\/en\\\/?s={search_term_string}\"},\"query-input\":{\"@type\":\"PropertyValueSpecification\",\"valueRequired\":true,\"valueName\":\"search_term_string\"}}],\"inLanguage\":\"en-US\"}]}<\/script>\n<!-- \/ Yoast SEO plugin. -->","yoast_head_json":{"title":"Fumba - Concept 05 Design","robots":{"index":"index","follow":"follow","max-snippet":"max-snippet:-1","max-image-preview":"max-image-preview:large","max-video-preview":"max-video-preview:-1"},"canonical":"https:\/\/concept05design.com\/en\/produit\/fumba\/","og_locale":"en_US","og_type":"article","og_title":"Fumba - Concept 05 Design","og_description":"Add a touch of elegance to your bathroom with this rectangular porcelain sink. Its contemporary silhouette brings a fresh, modern look to your space. Made from Grade A porcelain, this sink features a matte black finish that's sure to enhance your d\u00e9cor while offering added functionality.  &nbsp;","og_url":"https:\/\/concept05design.com\/en\/produit\/fumba\/","og_site_name":"Concept 05 Design","article_modified_time":"2025-08-05T15:57:05+00:00","og_image":[{"width":600,"height":600,"url":"https:\/\/concept05design.com\/wp-content\/uploads\/2025\/07\/FUMBA_360e1f3a-4ca3-4fbc-9acc-556302632f82.webp","type":"image\/webp"}],"twitter_card":"summary_large_image","twitter_misc":{"Est. reading time":"1 minute"},"schema":{"@context":"https:\/\/schema.org","@graph":[{"@type":"WebPage","@id":"https:\/\/concept05design.com\/en\/produit\/fumba\/","url":"https:\/\/concept05design.com\/en\/produit\/fumba\/","name":"Fumba - Concept 05 Design","isPartOf":{"@id":"https:\/\/concept05design.com\/en\/#website"},"primaryImageOfPage":{"@id":"https:\/\/concept05design.com\/en\/produit\/fumba\/#primaryimage"},"image":{"@id":"https:\/\/concept05design.com\/en\/produit\/fumba\/#primaryimage"},"thumbnailUrl":"https:\/\/concept05design.com\/wp-content\/uploads\/2025\/07\/FUMBA_360e1f3a-4ca3-4fbc-9acc-556302632f82.webp","datePublished":"2025-07-28T18:43:26+00:00","dateModified":"2025-08-05T15:57:05+00:00","breadcrumb":{"@id":"https:\/\/concept05design.com\/en\/produit\/fumba\/#breadcrumb"},"inLanguage":"en-US","potentialAction":[{"@type":"ReadAction","target":["https:\/\/concept05design.com\/en\/produit\/fumba\/"]}]},{"@type":"ImageObject","inLanguage":"en-US","@id":"https:\/\/concept05design.com\/en\/produit\/fumba\/#primaryimage","url":"https:\/\/concept05design.com\/wp-content\/uploads\/2025\/07\/FUMBA_360e1f3a-4ca3-4fbc-9acc-556302632f82.webp","contentUrl":"https:\/\/concept05design.com\/wp-content\/uploads\/2025\/07\/FUMBA_360e1f3a-4ca3-4fbc-9acc-556302632f82.webp","width":600,"height":600},{"@type":"BreadcrumbList","@id":"https:\/\/concept05design.com\/en\/produit\/fumba\/#breadcrumb","itemListElement":[{"@type":"ListItem","position":1,"name":"Accueil","item":"https:\/\/concept05design.com\/en\/"},{"@type":"ListItem","position":2,"name":"Shop","item":"https:\/\/concept05design.com\/shop\/"},{"@type":"ListItem","position":3,"name":"Fumba"}]},{"@type":"WebSite","@id":"https:\/\/concept05design.com\/en\/#website","url":"https:\/\/concept05design.com\/en\/","name":"Concept 05 Design","description":"Du Concept \u00e0 la R\u00e9alit\u00e9 : Votre Vision, Notre Mission","potentialAction":[{"@type":"SearchAction","target":{"@type":"EntryPoint","urlTemplate":"https:\/\/concept05design.com\/en\/?s={search_term_string}"},"query-input":{"@type":"PropertyValueSpecification","valueRequired":true,"valueName":"search_term_string"}}],"inLanguage":"en-US"}]}},"_links":{"self":[{"href":"https:\/\/concept05design.com\/en\/wp-json\/wp\/v2\/product\/6228","targetHints":{"allow":["GET"]}}],"collection":[{"href":"https:\/\/concept05design.com\/en\/wp-json\/wp\/v2\/product"}],"about":[{"href":"https:\/\/concept05design.com\/en\/wp-json\/wp\/v2\/types\/product"}],"wp:featuredmedia":[{"embeddable":true,"href":"https:\/\/concept05design.com\/en\/wp-json\/wp\/v2\/media\/6225"}],"wp:attachment":[{"href":"https:\/\/concept05design.com\/en\/wp-json\/wp\/v2\/media?parent=6228"}],"wp:term":[{"taxonomy":"product_brand","embeddable":true,"href":"https:\/\/concept05design.com\/en\/wp-json\/wp\/v2\/product_brand?post=6228"},{"taxonomy":"product_cat","embeddable":true,"href":"https:\/\/concept05design.com\/en\/wp-json\/wp\/v2\/product_cat?post=6228"},{"taxonomy":"product_tag","embeddable":true,"href":"https:\/\/concept05design.com\/en\/wp-json\/wp\/v2\/product_tag?post=6228"}],"curies":[{"name":"wp","href":"https:\/\/api.w.org\/{rel}","templated":true}]}}