{"id":6236,"date":"2025-07-28T18:46:03","date_gmt":"2025-07-28T18:46:03","guid":{"rendered":"https:\/\/concept05design.com\/produit\/futilo\/"},"modified":"2025-08-05T15:58:59","modified_gmt":"2025-08-05T15:58:59","slug":"futilo","status":"publish","type":"product","link":"https:\/\/concept05design.com\/en\/produit\/futilo\/","title":{"rendered":"Futilo"},"content":{"rendered":"<p data-start=\"484\" data-end=\"506\"><strong data-start=\"484\" data-end=\"504\">Features<\/strong><\/p>\n<ul data-start=\"507\" data-end=\"878\">\n<li data-start=\"507\" data-end=\"538\">\n<p data-start=\"509\" data-end=\"538\">Porcelain washbasin<\/p>\n<\/li>\n<li data-start=\"539\" data-end=\"584\">\n<p data-start=\"541\" data-end=\"584\">Simple above-counter installation<\/p>\n<\/li>\n<li data-start=\"585\" data-end=\"641\">\n<p data-start=\"587\" data-end=\"641\">Requires basin or wall-mounted faucets<\/p>\n<\/li>\n<li data-start=\"642\" data-end=\"673\">\n<p data-start=\"644\" data-end=\"673\">Faucet and drain not included<\/p>\n<\/li>\n<li data-start=\"674\" data-end=\"693\">\n<p data-start=\"676\" data-end=\"693\">Without overflow<\/p>\n<\/li>\n<li data-start=\"694\" data-end=\"716\">\n<p data-start=\"696\" data-end=\"716\">Width: 13 5\/8<\/p>\n<\/li>\n<li data-start=\"717\" data-end=\"740\">\n<p data-start=\"719\" data-end=\"740\">Length: 23 5\/8&#8221;.<\/p>\n<\/li>\n<li data-start=\"741\" data-end=\"765\">\n<p data-start=\"743\" data-end=\"765\">Depth: 4 3\/8<\/p>\n<\/li>\n<li data-start=\"766\" data-end=\"791\">\n<p data-start=\"768\" data-end=\"791\">Shape: Rectangular<\/p>\n<\/li>\n<li data-start=\"792\" data-end=\"819\">\n<p data-start=\"794\" data-end=\"819\">Finish: high-gloss white<\/p>\n<\/li>\n<li data-start=\"820\" data-end=\"845\">\n<p data-start=\"822\" data-end=\"845\">Installation: Basin<\/p>\n<\/li>\n<li data-start=\"846\" data-end=\"878\">\n<p data-start=\"848\" data-end=\"878\">Drain position: Central<\/p>\n<\/li>\n<\/ul>\n<p data-start=\"880\" data-end=\"1033\"><strong data-start=\"880\" data-end=\"898\">Specifications<\/strong><br data-start=\"898\" data-end=\"901\" \/>This model meets or exceeds the following requirements: CUPC and CSA (B45.1-18)<br data-start=\"980\" data-end=\"983\" \/>One-year warranty against manufacturing defects<\/p>\n","protected":false},"excerpt":{"rendered":"<p>Add a touch of elegance to your bathroom with this rectangular porcelain sink. Its contemporary silhouette gives your space a fresh, resolutely modern look. Made from Grade A porcelain, this sink features a lustrous white finish that&#8217;s sure to enhance your d\u00e9cor while improving the functionality of your bathroom.<\/p>\n<p>&nbsp;<\/p>\n<p><img decoding=\"async\" class=\"alignnone size-medium wp-image-6234\" src=\"https:\/\/concept05design.com\/wp-content\/uploads\/2025\/07\/Untitled-69-300x257.png\" alt=\"\" width=\"300\" height=\"257\" srcset=\"https:\/\/concept05design.com\/wp-content\/uploads\/2025\/07\/Untitled-69-200x172.png 200w, https:\/\/concept05design.com\/wp-content\/uploads\/2025\/07\/Untitled-69-300x257.png 300w, https:\/\/concept05design.com\/wp-content\/uploads\/2025\/07\/Untitled-69.png 345w\" sizes=\"(max-width: 300px) 100vw, 300px\" \/><\/p>\n","protected":false},"featured_media":6231,"template":"","meta":[],"product_brand":[],"product_cat":[418,421,439],"product_tag":[],"class_list":{"0":"post-6236","1":"product","2":"type-product","3":"status-publish","4":"has-post-thumbnail","6":"product_cat-bathroom","7":"product_cat-sink-bathroom","8":"product_cat-vedette-bathroom-sink","10":"first","11":"instock","12":"shipping-taxable","13":"product-type-simple"},"yoast_head":"<!-- This site is optimized with the Yoast SEO plugin v27.4 - https:\/\/yoast.com\/product\/yoast-seo-wordpress\/ -->\n<title>Futilo - Concept 05 Design<\/title>\n<meta name=\"robots\" content=\"index, follow, max-snippet:-1, max-image-preview:large, max-video-preview:-1\" \/>\n<link rel=\"canonical\" href=\"https:\/\/concept05design.com\/en\/produit\/futilo\/\" \/>\n<meta property=\"og:locale\" content=\"en_US\" \/>\n<meta property=\"og:type\" content=\"article\" \/>\n<meta property=\"og:title\" content=\"Futilo - Concept 05 Design\" \/>\n<meta property=\"og:description\" content=\"Add a touch of elegance to your bathroom with this rectangular porcelain sink. Its contemporary silhouette gives your space a fresh, resolutely modern look. Made from Grade A porcelain, this sink features a lustrous white finish that&#039;s sure to enhance your d\u00e9cor while improving the functionality of your bathroom.  &nbsp;\" \/>\n<meta property=\"og:url\" content=\"https:\/\/concept05design.com\/en\/produit\/futilo\/\" \/>\n<meta property=\"og:site_name\" content=\"Concept 05 Design\" \/>\n<meta property=\"article:modified_time\" content=\"2025-08-05T15:58:59+00:00\" \/>\n<meta property=\"og:image\" content=\"https:\/\/concept05design.com\/wp-content\/uploads\/2025\/07\/FUTILO_950dedb4-ff60-46cc-8cf1-3a8bb7f2c458.webp\" \/>\n\t<meta property=\"og:image:width\" content=\"600\" \/>\n\t<meta property=\"og:image:height\" content=\"600\" \/>\n\t<meta property=\"og:image:type\" content=\"image\/webp\" \/>\n<meta name=\"twitter:card\" content=\"summary_large_image\" \/>\n<meta name=\"twitter:label1\" content=\"Est. reading time\" \/>\n\t<meta name=\"twitter:data1\" content=\"1 minute\" \/>\n<script type=\"application\/ld+json\" class=\"yoast-schema-graph\">{\"@context\":\"https:\\\/\\\/schema.org\",\"@graph\":[{\"@type\":\"WebPage\",\"@id\":\"https:\\\/\\\/concept05design.com\\\/en\\\/produit\\\/futilo\\\/\",\"url\":\"https:\\\/\\\/concept05design.com\\\/en\\\/produit\\\/futilo\\\/\",\"name\":\"Futilo - Concept 05 Design\",\"isPartOf\":{\"@id\":\"https:\\\/\\\/concept05design.com\\\/en\\\/#website\"},\"primaryImageOfPage\":{\"@id\":\"https:\\\/\\\/concept05design.com\\\/en\\\/produit\\\/futilo\\\/#primaryimage\"},\"image\":{\"@id\":\"https:\\\/\\\/concept05design.com\\\/en\\\/produit\\\/futilo\\\/#primaryimage\"},\"thumbnailUrl\":\"https:\\\/\\\/concept05design.com\\\/wp-content\\\/uploads\\\/2025\\\/07\\\/FUTILO_950dedb4-ff60-46cc-8cf1-3a8bb7f2c458.webp\",\"datePublished\":\"2025-07-28T18:46:03+00:00\",\"dateModified\":\"2025-08-05T15:58:59+00:00\",\"breadcrumb\":{\"@id\":\"https:\\\/\\\/concept05design.com\\\/en\\\/produit\\\/futilo\\\/#breadcrumb\"},\"inLanguage\":\"en-US\",\"potentialAction\":[{\"@type\":\"ReadAction\",\"target\":[\"https:\\\/\\\/concept05design.com\\\/en\\\/produit\\\/futilo\\\/\"]}]},{\"@type\":\"ImageObject\",\"inLanguage\":\"en-US\",\"@id\":\"https:\\\/\\\/concept05design.com\\\/en\\\/produit\\\/futilo\\\/#primaryimage\",\"url\":\"https:\\\/\\\/concept05design.com\\\/wp-content\\\/uploads\\\/2025\\\/07\\\/FUTILO_950dedb4-ff60-46cc-8cf1-3a8bb7f2c458.webp\",\"contentUrl\":\"https:\\\/\\\/concept05design.com\\\/wp-content\\\/uploads\\\/2025\\\/07\\\/FUTILO_950dedb4-ff60-46cc-8cf1-3a8bb7f2c458.webp\",\"width\":600,\"height\":600},{\"@type\":\"BreadcrumbList\",\"@id\":\"https:\\\/\\\/concept05design.com\\\/en\\\/produit\\\/futilo\\\/#breadcrumb\",\"itemListElement\":[{\"@type\":\"ListItem\",\"position\":1,\"name\":\"Accueil\",\"item\":\"https:\\\/\\\/concept05design.com\\\/en\\\/\"},{\"@type\":\"ListItem\",\"position\":2,\"name\":\"Shop\",\"item\":\"https:\\\/\\\/concept05design.com\\\/shop\\\/\"},{\"@type\":\"ListItem\",\"position\":3,\"name\":\"Futilo\"}]},{\"@type\":\"WebSite\",\"@id\":\"https:\\\/\\\/concept05design.com\\\/en\\\/#website\",\"url\":\"https:\\\/\\\/concept05design.com\\\/en\\\/\",\"name\":\"Concept 05 Design\",\"description\":\"Du Concept \u00e0 la R\u00e9alit\u00e9 : Votre Vision, Notre Mission\",\"potentialAction\":[{\"@type\":\"SearchAction\",\"target\":{\"@type\":\"EntryPoint\",\"urlTemplate\":\"https:\\\/\\\/concept05design.com\\\/en\\\/?s={search_term_string}\"},\"query-input\":{\"@type\":\"PropertyValueSpecification\",\"valueRequired\":true,\"valueName\":\"search_term_string\"}}],\"inLanguage\":\"en-US\"}]}<\/script>\n<!-- \/ Yoast SEO plugin. -->","yoast_head_json":{"title":"Futilo - Concept 05 Design","robots":{"index":"index","follow":"follow","max-snippet":"max-snippet:-1","max-image-preview":"max-image-preview:large","max-video-preview":"max-video-preview:-1"},"canonical":"https:\/\/concept05design.com\/en\/produit\/futilo\/","og_locale":"en_US","og_type":"article","og_title":"Futilo - Concept 05 Design","og_description":"Add a touch of elegance to your bathroom with this rectangular porcelain sink. Its contemporary silhouette gives your space a fresh, resolutely modern look. Made from Grade A porcelain, this sink features a lustrous white finish that's sure to enhance your d\u00e9cor while improving the functionality of your bathroom.  &nbsp;","og_url":"https:\/\/concept05design.com\/en\/produit\/futilo\/","og_site_name":"Concept 05 Design","article_modified_time":"2025-08-05T15:58:59+00:00","og_image":[{"width":600,"height":600,"url":"https:\/\/concept05design.com\/wp-content\/uploads\/2025\/07\/FUTILO_950dedb4-ff60-46cc-8cf1-3a8bb7f2c458.webp","type":"image\/webp"}],"twitter_card":"summary_large_image","twitter_misc":{"Est. reading time":"1 minute"},"schema":{"@context":"https:\/\/schema.org","@graph":[{"@type":"WebPage","@id":"https:\/\/concept05design.com\/en\/produit\/futilo\/","url":"https:\/\/concept05design.com\/en\/produit\/futilo\/","name":"Futilo - Concept 05 Design","isPartOf":{"@id":"https:\/\/concept05design.com\/en\/#website"},"primaryImageOfPage":{"@id":"https:\/\/concept05design.com\/en\/produit\/futilo\/#primaryimage"},"image":{"@id":"https:\/\/concept05design.com\/en\/produit\/futilo\/#primaryimage"},"thumbnailUrl":"https:\/\/concept05design.com\/wp-content\/uploads\/2025\/07\/FUTILO_950dedb4-ff60-46cc-8cf1-3a8bb7f2c458.webp","datePublished":"2025-07-28T18:46:03+00:00","dateModified":"2025-08-05T15:58:59+00:00","breadcrumb":{"@id":"https:\/\/concept05design.com\/en\/produit\/futilo\/#breadcrumb"},"inLanguage":"en-US","potentialAction":[{"@type":"ReadAction","target":["https:\/\/concept05design.com\/en\/produit\/futilo\/"]}]},{"@type":"ImageObject","inLanguage":"en-US","@id":"https:\/\/concept05design.com\/en\/produit\/futilo\/#primaryimage","url":"https:\/\/concept05design.com\/wp-content\/uploads\/2025\/07\/FUTILO_950dedb4-ff60-46cc-8cf1-3a8bb7f2c458.webp","contentUrl":"https:\/\/concept05design.com\/wp-content\/uploads\/2025\/07\/FUTILO_950dedb4-ff60-46cc-8cf1-3a8bb7f2c458.webp","width":600,"height":600},{"@type":"BreadcrumbList","@id":"https:\/\/concept05design.com\/en\/produit\/futilo\/#breadcrumb","itemListElement":[{"@type":"ListItem","position":1,"name":"Accueil","item":"https:\/\/concept05design.com\/en\/"},{"@type":"ListItem","position":2,"name":"Shop","item":"https:\/\/concept05design.com\/shop\/"},{"@type":"ListItem","position":3,"name":"Futilo"}]},{"@type":"WebSite","@id":"https:\/\/concept05design.com\/en\/#website","url":"https:\/\/concept05design.com\/en\/","name":"Concept 05 Design","description":"Du Concept \u00e0 la R\u00e9alit\u00e9 : Votre Vision, Notre Mission","potentialAction":[{"@type":"SearchAction","target":{"@type":"EntryPoint","urlTemplate":"https:\/\/concept05design.com\/en\/?s={search_term_string}"},"query-input":{"@type":"PropertyValueSpecification","valueRequired":true,"valueName":"search_term_string"}}],"inLanguage":"en-US"}]}},"_links":{"self":[{"href":"https:\/\/concept05design.com\/en\/wp-json\/wp\/v2\/product\/6236","targetHints":{"allow":["GET"]}}],"collection":[{"href":"https:\/\/concept05design.com\/en\/wp-json\/wp\/v2\/product"}],"about":[{"href":"https:\/\/concept05design.com\/en\/wp-json\/wp\/v2\/types\/product"}],"wp:featuredmedia":[{"embeddable":true,"href":"https:\/\/concept05design.com\/en\/wp-json\/wp\/v2\/media\/6231"}],"wp:attachment":[{"href":"https:\/\/concept05design.com\/en\/wp-json\/wp\/v2\/media?parent=6236"}],"wp:term":[{"taxonomy":"product_brand","embeddable":true,"href":"https:\/\/concept05design.com\/en\/wp-json\/wp\/v2\/product_brand?post=6236"},{"taxonomy":"product_cat","embeddable":true,"href":"https:\/\/concept05design.com\/en\/wp-json\/wp\/v2\/product_cat?post=6236"},{"taxonomy":"product_tag","embeddable":true,"href":"https:\/\/concept05design.com\/en\/wp-json\/wp\/v2\/product_tag?post=6236"}],"curies":[{"name":"wp","href":"https:\/\/api.w.org\/{rel}","templated":true}]}}