{"id":6242,"date":"2025-07-28T18:57:22","date_gmt":"2025-07-28T18:57:22","guid":{"rendered":"https:\/\/concept05design.com\/produit\/fantasio\/"},"modified":"2025-08-05T15:53:15","modified_gmt":"2025-08-05T15:53:15","slug":"fantasio","status":"publish","type":"product","link":"https:\/\/concept05design.com\/en\/produit\/fantasio\/","title":{"rendered":"Fantasio"},"content":{"rendered":"<p data-start=\"579\" data-end=\"601\"><strong data-start=\"579\" data-end=\"599\">Features<\/strong><\/p>\n<ul data-start=\"602\" data-end=\"992\">\n<li data-start=\"602\" data-end=\"633\">\n<p data-start=\"604\" data-end=\"633\">Porcelain washbasin<\/p>\n<\/li>\n<li data-start=\"634\" data-end=\"679\">\n<p data-start=\"636\" data-end=\"679\">Simple above-counter installation<\/p>\n<\/li>\n<li data-start=\"680\" data-end=\"736\">\n<p data-start=\"682\" data-end=\"736\">Requires basin or wall-mounted faucets<\/p>\n<\/li>\n<li data-start=\"737\" data-end=\"768\">\n<p data-start=\"739\" data-end=\"768\">Faucet and drain not included<\/p>\n<\/li>\n<li data-start=\"769\" data-end=\"788\">\n<p data-start=\"771\" data-end=\"788\">Without overflow<\/p>\n<\/li>\n<li data-start=\"789\" data-end=\"811\">\n<p data-start=\"791\" data-end=\"811\">Width: 15 3\/4<\/p>\n<\/li>\n<li data-start=\"812\" data-end=\"835\">\n<p data-start=\"814\" data-end=\"835\">Length: 19 3\/4&#8221;.<\/p>\n<\/li>\n<li data-start=\"836\" data-end=\"860\">\n<p data-start=\"838\" data-end=\"860\">Depth: 5 1\/4<\/p>\n<\/li>\n<li data-start=\"861\" data-end=\"886\">\n<p data-start=\"863\" data-end=\"886\">Shape: Rectangular<\/p>\n<\/li>\n<li data-start=\"887\" data-end=\"933\">\n<p data-start=\"889\" data-end=\"933\">Finish: high-gloss white with black trim<\/p>\n<\/li>\n<li data-start=\"934\" data-end=\"959\">\n<p data-start=\"936\" data-end=\"959\">Installation: Basin<\/p>\n<\/li>\n<li data-start=\"960\" data-end=\"992\">\n<p data-start=\"962\" data-end=\"992\">Drain position: Central<\/p>\n<\/li>\n<\/ul>\n<p data-start=\"994\" data-end=\"1148\"><strong data-start=\"994\" data-end=\"1012\">Specifications<\/strong><br data-start=\"1012\" data-end=\"1015\" \/>This model meets or exceeds the following requirements: CUPC and CSA (B125.1-18)<br data-start=\"1095\" data-end=\"1098\" \/>One-year warranty against manufacturing defects<\/p>\n","protected":false},"excerpt":{"rendered":"<p>Add a touch of elegance to your bathroom with this rectangular porcelain sink. Its contemporary silhouette brings a fresh, modern look to your space. Made from Grade A porcelain, this sink features a glossy white finish with black trim that&#8217;s sure to enhance your decor while offering enhanced functionality. Match it with brushed brass or matte black fittings for a simply exceptional result!<\/p>\n<p>&nbsp;<\/p>\n<p><img decoding=\"async\" class=\"alignnone size-medium wp-image-6238\" src=\"https:\/\/concept05design.com\/wp-content\/uploads\/2025\/07\/Untitled-70-261x300.png\" alt=\"\" width=\"261\" height=\"300\" srcset=\"https:\/\/concept05design.com\/wp-content\/uploads\/2025\/07\/Untitled-70-200x230.png 200w, https:\/\/concept05design.com\/wp-content\/uploads\/2025\/07\/Untitled-70-261x300.png 261w, https:\/\/concept05design.com\/wp-content\/uploads\/2025\/07\/Untitled-70.png 338w\" sizes=\"(max-width: 261px) 100vw, 261px\" \/><\/p>\n","protected":false},"featured_media":6241,"template":"","meta":[],"product_brand":[],"product_cat":[418,421],"product_tag":[],"class_list":{"0":"post-6242","1":"product","2":"type-product","3":"status-publish","4":"has-post-thumbnail","6":"product_cat-bathroom","7":"product_cat-sink-bathroom","9":"first","10":"instock","11":"shipping-taxable","12":"product-type-simple"},"yoast_head":"<!-- This site is optimized with the Yoast SEO plugin v27.4 - https:\/\/yoast.com\/product\/yoast-seo-wordpress\/ -->\n<title>Fantasio - Concept 05 Design<\/title>\n<meta name=\"robots\" content=\"index, follow, max-snippet:-1, max-image-preview:large, max-video-preview:-1\" \/>\n<link rel=\"canonical\" href=\"https:\/\/concept05design.com\/en\/produit\/fantasio\/\" \/>\n<meta property=\"og:locale\" content=\"en_US\" \/>\n<meta property=\"og:type\" content=\"article\" \/>\n<meta property=\"og:title\" content=\"Fantasio - Concept 05 Design\" \/>\n<meta property=\"og:description\" content=\"Add a touch of elegance to your bathroom with this rectangular porcelain sink. Its contemporary silhouette brings a fresh, modern look to your space. Made from Grade A porcelain, this sink features a glossy white finish with black trim that&#039;s sure to enhance your decor while offering enhanced functionality. Match it with brushed brass or matte black fittings for a simply exceptional result!  &nbsp;\" \/>\n<meta property=\"og:url\" content=\"https:\/\/concept05design.com\/en\/produit\/fantasio\/\" \/>\n<meta property=\"og:site_name\" content=\"Concept 05 Design\" \/>\n<meta property=\"article:modified_time\" content=\"2025-08-05T15:53:15+00:00\" \/>\n<meta property=\"og:image\" content=\"https:\/\/concept05design.com\/wp-content\/uploads\/2025\/07\/FANTASIO_81e83eaa-fbcc-4aab-95f5-d3b83f7123af.webp\" \/>\n\t<meta property=\"og:image:width\" content=\"600\" \/>\n\t<meta property=\"og:image:height\" content=\"600\" \/>\n\t<meta property=\"og:image:type\" content=\"image\/webp\" \/>\n<meta name=\"twitter:card\" content=\"summary_large_image\" \/>\n<meta name=\"twitter:label1\" content=\"Est. reading time\" \/>\n\t<meta name=\"twitter:data1\" content=\"1 minute\" \/>\n<script type=\"application\/ld+json\" class=\"yoast-schema-graph\">{\"@context\":\"https:\\\/\\\/schema.org\",\"@graph\":[{\"@type\":\"WebPage\",\"@id\":\"https:\\\/\\\/concept05design.com\\\/en\\\/produit\\\/fantasio\\\/\",\"url\":\"https:\\\/\\\/concept05design.com\\\/en\\\/produit\\\/fantasio\\\/\",\"name\":\"Fantasio - Concept 05 Design\",\"isPartOf\":{\"@id\":\"https:\\\/\\\/concept05design.com\\\/en\\\/#website\"},\"primaryImageOfPage\":{\"@id\":\"https:\\\/\\\/concept05design.com\\\/en\\\/produit\\\/fantasio\\\/#primaryimage\"},\"image\":{\"@id\":\"https:\\\/\\\/concept05design.com\\\/en\\\/produit\\\/fantasio\\\/#primaryimage\"},\"thumbnailUrl\":\"https:\\\/\\\/concept05design.com\\\/wp-content\\\/uploads\\\/2025\\\/07\\\/FANTASIO_81e83eaa-fbcc-4aab-95f5-d3b83f7123af.webp\",\"datePublished\":\"2025-07-28T18:57:22+00:00\",\"dateModified\":\"2025-08-05T15:53:15+00:00\",\"breadcrumb\":{\"@id\":\"https:\\\/\\\/concept05design.com\\\/en\\\/produit\\\/fantasio\\\/#breadcrumb\"},\"inLanguage\":\"en-US\",\"potentialAction\":[{\"@type\":\"ReadAction\",\"target\":[\"https:\\\/\\\/concept05design.com\\\/en\\\/produit\\\/fantasio\\\/\"]}]},{\"@type\":\"ImageObject\",\"inLanguage\":\"en-US\",\"@id\":\"https:\\\/\\\/concept05design.com\\\/en\\\/produit\\\/fantasio\\\/#primaryimage\",\"url\":\"https:\\\/\\\/concept05design.com\\\/wp-content\\\/uploads\\\/2025\\\/07\\\/FANTASIO_81e83eaa-fbcc-4aab-95f5-d3b83f7123af.webp\",\"contentUrl\":\"https:\\\/\\\/concept05design.com\\\/wp-content\\\/uploads\\\/2025\\\/07\\\/FANTASIO_81e83eaa-fbcc-4aab-95f5-d3b83f7123af.webp\",\"width\":600,\"height\":600},{\"@type\":\"BreadcrumbList\",\"@id\":\"https:\\\/\\\/concept05design.com\\\/en\\\/produit\\\/fantasio\\\/#breadcrumb\",\"itemListElement\":[{\"@type\":\"ListItem\",\"position\":1,\"name\":\"Accueil\",\"item\":\"https:\\\/\\\/concept05design.com\\\/en\\\/\"},{\"@type\":\"ListItem\",\"position\":2,\"name\":\"Shop\",\"item\":\"https:\\\/\\\/concept05design.com\\\/shop\\\/\"},{\"@type\":\"ListItem\",\"position\":3,\"name\":\"Fantasio\"}]},{\"@type\":\"WebSite\",\"@id\":\"https:\\\/\\\/concept05design.com\\\/en\\\/#website\",\"url\":\"https:\\\/\\\/concept05design.com\\\/en\\\/\",\"name\":\"Concept 05 Design\",\"description\":\"Du Concept \u00e0 la R\u00e9alit\u00e9 : Votre Vision, Notre Mission\",\"potentialAction\":[{\"@type\":\"SearchAction\",\"target\":{\"@type\":\"EntryPoint\",\"urlTemplate\":\"https:\\\/\\\/concept05design.com\\\/en\\\/?s={search_term_string}\"},\"query-input\":{\"@type\":\"PropertyValueSpecification\",\"valueRequired\":true,\"valueName\":\"search_term_string\"}}],\"inLanguage\":\"en-US\"}]}<\/script>\n<!-- \/ Yoast SEO plugin. -->","yoast_head_json":{"title":"Fantasio - Concept 05 Design","robots":{"index":"index","follow":"follow","max-snippet":"max-snippet:-1","max-image-preview":"max-image-preview:large","max-video-preview":"max-video-preview:-1"},"canonical":"https:\/\/concept05design.com\/en\/produit\/fantasio\/","og_locale":"en_US","og_type":"article","og_title":"Fantasio - Concept 05 Design","og_description":"Add a touch of elegance to your bathroom with this rectangular porcelain sink. Its contemporary silhouette brings a fresh, modern look to your space. Made from Grade A porcelain, this sink features a glossy white finish with black trim that's sure to enhance your decor while offering enhanced functionality. Match it with brushed brass or matte black fittings for a simply exceptional result!  &nbsp;","og_url":"https:\/\/concept05design.com\/en\/produit\/fantasio\/","og_site_name":"Concept 05 Design","article_modified_time":"2025-08-05T15:53:15+00:00","og_image":[{"width":600,"height":600,"url":"https:\/\/concept05design.com\/wp-content\/uploads\/2025\/07\/FANTASIO_81e83eaa-fbcc-4aab-95f5-d3b83f7123af.webp","type":"image\/webp"}],"twitter_card":"summary_large_image","twitter_misc":{"Est. reading time":"1 minute"},"schema":{"@context":"https:\/\/schema.org","@graph":[{"@type":"WebPage","@id":"https:\/\/concept05design.com\/en\/produit\/fantasio\/","url":"https:\/\/concept05design.com\/en\/produit\/fantasio\/","name":"Fantasio - Concept 05 Design","isPartOf":{"@id":"https:\/\/concept05design.com\/en\/#website"},"primaryImageOfPage":{"@id":"https:\/\/concept05design.com\/en\/produit\/fantasio\/#primaryimage"},"image":{"@id":"https:\/\/concept05design.com\/en\/produit\/fantasio\/#primaryimage"},"thumbnailUrl":"https:\/\/concept05design.com\/wp-content\/uploads\/2025\/07\/FANTASIO_81e83eaa-fbcc-4aab-95f5-d3b83f7123af.webp","datePublished":"2025-07-28T18:57:22+00:00","dateModified":"2025-08-05T15:53:15+00:00","breadcrumb":{"@id":"https:\/\/concept05design.com\/en\/produit\/fantasio\/#breadcrumb"},"inLanguage":"en-US","potentialAction":[{"@type":"ReadAction","target":["https:\/\/concept05design.com\/en\/produit\/fantasio\/"]}]},{"@type":"ImageObject","inLanguage":"en-US","@id":"https:\/\/concept05design.com\/en\/produit\/fantasio\/#primaryimage","url":"https:\/\/concept05design.com\/wp-content\/uploads\/2025\/07\/FANTASIO_81e83eaa-fbcc-4aab-95f5-d3b83f7123af.webp","contentUrl":"https:\/\/concept05design.com\/wp-content\/uploads\/2025\/07\/FANTASIO_81e83eaa-fbcc-4aab-95f5-d3b83f7123af.webp","width":600,"height":600},{"@type":"BreadcrumbList","@id":"https:\/\/concept05design.com\/en\/produit\/fantasio\/#breadcrumb","itemListElement":[{"@type":"ListItem","position":1,"name":"Accueil","item":"https:\/\/concept05design.com\/en\/"},{"@type":"ListItem","position":2,"name":"Shop","item":"https:\/\/concept05design.com\/shop\/"},{"@type":"ListItem","position":3,"name":"Fantasio"}]},{"@type":"WebSite","@id":"https:\/\/concept05design.com\/en\/#website","url":"https:\/\/concept05design.com\/en\/","name":"Concept 05 Design","description":"Du Concept \u00e0 la R\u00e9alit\u00e9 : Votre Vision, Notre Mission","potentialAction":[{"@type":"SearchAction","target":{"@type":"EntryPoint","urlTemplate":"https:\/\/concept05design.com\/en\/?s={search_term_string}"},"query-input":{"@type":"PropertyValueSpecification","valueRequired":true,"valueName":"search_term_string"}}],"inLanguage":"en-US"}]}},"_links":{"self":[{"href":"https:\/\/concept05design.com\/en\/wp-json\/wp\/v2\/product\/6242","targetHints":{"allow":["GET"]}}],"collection":[{"href":"https:\/\/concept05design.com\/en\/wp-json\/wp\/v2\/product"}],"about":[{"href":"https:\/\/concept05design.com\/en\/wp-json\/wp\/v2\/types\/product"}],"wp:featuredmedia":[{"embeddable":true,"href":"https:\/\/concept05design.com\/en\/wp-json\/wp\/v2\/media\/6241"}],"wp:attachment":[{"href":"https:\/\/concept05design.com\/en\/wp-json\/wp\/v2\/media?parent=6242"}],"wp:term":[{"taxonomy":"product_brand","embeddable":true,"href":"https:\/\/concept05design.com\/en\/wp-json\/wp\/v2\/product_brand?post=6242"},{"taxonomy":"product_cat","embeddable":true,"href":"https:\/\/concept05design.com\/en\/wp-json\/wp\/v2\/product_cat?post=6242"},{"taxonomy":"product_tag","embeddable":true,"href":"https:\/\/concept05design.com\/en\/wp-json\/wp\/v2\/product_tag?post=6242"}],"curies":[{"name":"wp","href":"https:\/\/api.w.org\/{rel}","templated":true}]}}