{"id":6248,"date":"2025-07-28T18:59:23","date_gmt":"2025-07-28T18:59:23","guid":{"rendered":"https:\/\/concept05design.com\/produit\/falone\/"},"modified":"2025-08-05T15:51:45","modified_gmt":"2025-08-05T15:51:45","slug":"falone","status":"publish","type":"product","link":"https:\/\/concept05design.com\/en\/produit\/falone\/","title":{"rendered":"Falone"},"content":{"rendered":"<p data-start=\"557\" data-end=\"579\"><strong data-start=\"557\" data-end=\"577\">Features<\/strong><\/p>\n<ul data-start=\"580\" data-end=\"975\">\n<li data-start=\"580\" data-end=\"611\">\n<p data-start=\"582\" data-end=\"611\">Porcelain washbasin<\/p>\n<\/li>\n<li data-start=\"612\" data-end=\"657\">\n<p data-start=\"614\" data-end=\"657\">Simple above-counter installation<\/p>\n<\/li>\n<li data-start=\"658\" data-end=\"714\">\n<p data-start=\"660\" data-end=\"714\">Requires basin or wall-mounted faucets<\/p>\n<\/li>\n<li data-start=\"715\" data-end=\"758\">\n<p data-start=\"717\" data-end=\"758\">Faucet and drain connection not included<\/p>\n<\/li>\n<li data-start=\"759\" data-end=\"778\">\n<p data-start=\"761\" data-end=\"778\">Without overflow<\/p>\n<\/li>\n<li data-start=\"779\" data-end=\"801\">\n<p data-start=\"781\" data-end=\"801\">Width: 15 1\/8<\/p>\n<\/li>\n<li data-start=\"802\" data-end=\"825\">\n<p data-start=\"804\" data-end=\"825\">Length: 15 1\/8&#8221;.<\/p>\n<\/li>\n<li data-start=\"826\" data-end=\"850\">\n<p data-start=\"828\" data-end=\"850\">Depth: 5 1\/4<\/p>\n<\/li>\n<li data-start=\"851\" data-end=\"869\">\n<p data-start=\"853\" data-end=\"869\">Shape: Square<\/p>\n<\/li>\n<li data-start=\"870\" data-end=\"916\">\n<p data-start=\"872\" data-end=\"916\">Finish: high-gloss white with black trim<\/p>\n<\/li>\n<li data-start=\"917\" data-end=\"942\">\n<p data-start=\"919\" data-end=\"942\">Installation: Basin<\/p>\n<\/li>\n<li data-start=\"943\" data-end=\"975\">\n<p data-start=\"945\" data-end=\"975\">Drain position: Central<\/p>\n<\/li>\n<\/ul>\n<p data-start=\"977\" data-end=\"1102\"><strong data-start=\"977\" data-end=\"995\">Specifications<\/strong><br data-start=\"995\" data-end=\"998\" \/>This model meets CUPC and CSA standards (B125.1-18)<br data-start=\"1049\" data-end=\"1052\" \/>One-year warranty against manufacturing defects<\/p>\n","protected":false},"excerpt":{"rendered":"<p>Add a beautiful touch to your bathroom with this square porcelain sink. Its contemporary silhouette breathes new life into your room with sought-after modern style. Made from Grade A porcelain, this sink features a glossy white finish with black trim that will sublimate your decor while offering great functionality. Pair it with brushed brass or matte black faucets for an exceptional look!<\/p>\n<p>&nbsp;<\/p>\n<p><img decoding=\"async\" class=\"alignnone size-medium wp-image-6244\" src=\"https:\/\/concept05design.com\/wp-content\/uploads\/2025\/07\/Untitled-71-228x300.png\" alt=\"\" width=\"228\" height=\"300\" srcset=\"https:\/\/concept05design.com\/wp-content\/uploads\/2025\/07\/Untitled-71-200x264.png 200w, https:\/\/concept05design.com\/wp-content\/uploads\/2025\/07\/Untitled-71-228x300.png 228w, https:\/\/concept05design.com\/wp-content\/uploads\/2025\/07\/Untitled-71.png 292w\" sizes=\"(max-width: 228px) 100vw, 228px\" \/><\/p>\n","protected":false},"featured_media":6247,"template":"","meta":[],"product_brand":[],"product_cat":[418,421],"product_tag":[],"class_list":{"0":"post-6248","1":"product","2":"type-product","3":"status-publish","4":"has-post-thumbnail","6":"product_cat-bathroom","7":"product_cat-sink-bathroom","9":"first","10":"instock","11":"shipping-taxable","12":"product-type-simple"},"yoast_head":"<!-- This site is optimized with the Yoast SEO plugin v27.4 - https:\/\/yoast.com\/product\/yoast-seo-wordpress\/ -->\n<title>Falone - Concept 05 Design<\/title>\n<meta name=\"robots\" content=\"index, follow, max-snippet:-1, max-image-preview:large, max-video-preview:-1\" \/>\n<link rel=\"canonical\" href=\"https:\/\/concept05design.com\/en\/produit\/falone\/\" \/>\n<meta property=\"og:locale\" content=\"en_US\" \/>\n<meta property=\"og:type\" content=\"article\" \/>\n<meta property=\"og:title\" content=\"Falone - Concept 05 Design\" \/>\n<meta property=\"og:description\" content=\"Add a beautiful touch to your bathroom with this square porcelain sink. Its contemporary silhouette breathes new life into your room with sought-after modern style. Made from Grade A porcelain, this sink features a glossy white finish with black trim that will sublimate your decor while offering great functionality. Pair it with brushed brass or matte black faucets for an exceptional look!  &nbsp;\" \/>\n<meta property=\"og:url\" content=\"https:\/\/concept05design.com\/en\/produit\/falone\/\" \/>\n<meta property=\"og:site_name\" content=\"Concept 05 Design\" \/>\n<meta property=\"article:modified_time\" content=\"2025-08-05T15:51:45+00:00\" \/>\n<meta property=\"og:image\" content=\"https:\/\/concept05design.com\/wp-content\/uploads\/2025\/07\/FALONE_aa8bc548-cd75-4131-b6cd-b2dc80295e9d.webp\" \/>\n\t<meta property=\"og:image:width\" content=\"600\" \/>\n\t<meta property=\"og:image:height\" content=\"600\" \/>\n\t<meta property=\"og:image:type\" content=\"image\/webp\" \/>\n<meta name=\"twitter:card\" content=\"summary_large_image\" \/>\n<meta name=\"twitter:label1\" content=\"Est. reading time\" \/>\n\t<meta name=\"twitter:data1\" content=\"1 minute\" \/>\n<script type=\"application\/ld+json\" class=\"yoast-schema-graph\">{\"@context\":\"https:\\\/\\\/schema.org\",\"@graph\":[{\"@type\":\"WebPage\",\"@id\":\"https:\\\/\\\/concept05design.com\\\/en\\\/produit\\\/falone\\\/\",\"url\":\"https:\\\/\\\/concept05design.com\\\/en\\\/produit\\\/falone\\\/\",\"name\":\"Falone - Concept 05 Design\",\"isPartOf\":{\"@id\":\"https:\\\/\\\/concept05design.com\\\/en\\\/#website\"},\"primaryImageOfPage\":{\"@id\":\"https:\\\/\\\/concept05design.com\\\/en\\\/produit\\\/falone\\\/#primaryimage\"},\"image\":{\"@id\":\"https:\\\/\\\/concept05design.com\\\/en\\\/produit\\\/falone\\\/#primaryimage\"},\"thumbnailUrl\":\"https:\\\/\\\/concept05design.com\\\/wp-content\\\/uploads\\\/2025\\\/07\\\/FALONE_aa8bc548-cd75-4131-b6cd-b2dc80295e9d.webp\",\"datePublished\":\"2025-07-28T18:59:23+00:00\",\"dateModified\":\"2025-08-05T15:51:45+00:00\",\"breadcrumb\":{\"@id\":\"https:\\\/\\\/concept05design.com\\\/en\\\/produit\\\/falone\\\/#breadcrumb\"},\"inLanguage\":\"en-US\",\"potentialAction\":[{\"@type\":\"ReadAction\",\"target\":[\"https:\\\/\\\/concept05design.com\\\/en\\\/produit\\\/falone\\\/\"]}]},{\"@type\":\"ImageObject\",\"inLanguage\":\"en-US\",\"@id\":\"https:\\\/\\\/concept05design.com\\\/en\\\/produit\\\/falone\\\/#primaryimage\",\"url\":\"https:\\\/\\\/concept05design.com\\\/wp-content\\\/uploads\\\/2025\\\/07\\\/FALONE_aa8bc548-cd75-4131-b6cd-b2dc80295e9d.webp\",\"contentUrl\":\"https:\\\/\\\/concept05design.com\\\/wp-content\\\/uploads\\\/2025\\\/07\\\/FALONE_aa8bc548-cd75-4131-b6cd-b2dc80295e9d.webp\",\"width\":600,\"height\":600},{\"@type\":\"BreadcrumbList\",\"@id\":\"https:\\\/\\\/concept05design.com\\\/en\\\/produit\\\/falone\\\/#breadcrumb\",\"itemListElement\":[{\"@type\":\"ListItem\",\"position\":1,\"name\":\"Accueil\",\"item\":\"https:\\\/\\\/concept05design.com\\\/en\\\/\"},{\"@type\":\"ListItem\",\"position\":2,\"name\":\"Shop\",\"item\":\"https:\\\/\\\/concept05design.com\\\/shop\\\/\"},{\"@type\":\"ListItem\",\"position\":3,\"name\":\"Falone\"}]},{\"@type\":\"WebSite\",\"@id\":\"https:\\\/\\\/concept05design.com\\\/en\\\/#website\",\"url\":\"https:\\\/\\\/concept05design.com\\\/en\\\/\",\"name\":\"Concept 05 Design\",\"description\":\"Du Concept \u00e0 la R\u00e9alit\u00e9 : Votre Vision, Notre Mission\",\"potentialAction\":[{\"@type\":\"SearchAction\",\"target\":{\"@type\":\"EntryPoint\",\"urlTemplate\":\"https:\\\/\\\/concept05design.com\\\/en\\\/?s={search_term_string}\"},\"query-input\":{\"@type\":\"PropertyValueSpecification\",\"valueRequired\":true,\"valueName\":\"search_term_string\"}}],\"inLanguage\":\"en-US\"}]}<\/script>\n<!-- \/ Yoast SEO plugin. -->","yoast_head_json":{"title":"Falone - Concept 05 Design","robots":{"index":"index","follow":"follow","max-snippet":"max-snippet:-1","max-image-preview":"max-image-preview:large","max-video-preview":"max-video-preview:-1"},"canonical":"https:\/\/concept05design.com\/en\/produit\/falone\/","og_locale":"en_US","og_type":"article","og_title":"Falone - Concept 05 Design","og_description":"Add a beautiful touch to your bathroom with this square porcelain sink. Its contemporary silhouette breathes new life into your room with sought-after modern style. Made from Grade A porcelain, this sink features a glossy white finish with black trim that will sublimate your decor while offering great functionality. Pair it with brushed brass or matte black faucets for an exceptional look!  &nbsp;","og_url":"https:\/\/concept05design.com\/en\/produit\/falone\/","og_site_name":"Concept 05 Design","article_modified_time":"2025-08-05T15:51:45+00:00","og_image":[{"width":600,"height":600,"url":"https:\/\/concept05design.com\/wp-content\/uploads\/2025\/07\/FALONE_aa8bc548-cd75-4131-b6cd-b2dc80295e9d.webp","type":"image\/webp"}],"twitter_card":"summary_large_image","twitter_misc":{"Est. reading time":"1 minute"},"schema":{"@context":"https:\/\/schema.org","@graph":[{"@type":"WebPage","@id":"https:\/\/concept05design.com\/en\/produit\/falone\/","url":"https:\/\/concept05design.com\/en\/produit\/falone\/","name":"Falone - Concept 05 Design","isPartOf":{"@id":"https:\/\/concept05design.com\/en\/#website"},"primaryImageOfPage":{"@id":"https:\/\/concept05design.com\/en\/produit\/falone\/#primaryimage"},"image":{"@id":"https:\/\/concept05design.com\/en\/produit\/falone\/#primaryimage"},"thumbnailUrl":"https:\/\/concept05design.com\/wp-content\/uploads\/2025\/07\/FALONE_aa8bc548-cd75-4131-b6cd-b2dc80295e9d.webp","datePublished":"2025-07-28T18:59:23+00:00","dateModified":"2025-08-05T15:51:45+00:00","breadcrumb":{"@id":"https:\/\/concept05design.com\/en\/produit\/falone\/#breadcrumb"},"inLanguage":"en-US","potentialAction":[{"@type":"ReadAction","target":["https:\/\/concept05design.com\/en\/produit\/falone\/"]}]},{"@type":"ImageObject","inLanguage":"en-US","@id":"https:\/\/concept05design.com\/en\/produit\/falone\/#primaryimage","url":"https:\/\/concept05design.com\/wp-content\/uploads\/2025\/07\/FALONE_aa8bc548-cd75-4131-b6cd-b2dc80295e9d.webp","contentUrl":"https:\/\/concept05design.com\/wp-content\/uploads\/2025\/07\/FALONE_aa8bc548-cd75-4131-b6cd-b2dc80295e9d.webp","width":600,"height":600},{"@type":"BreadcrumbList","@id":"https:\/\/concept05design.com\/en\/produit\/falone\/#breadcrumb","itemListElement":[{"@type":"ListItem","position":1,"name":"Accueil","item":"https:\/\/concept05design.com\/en\/"},{"@type":"ListItem","position":2,"name":"Shop","item":"https:\/\/concept05design.com\/shop\/"},{"@type":"ListItem","position":3,"name":"Falone"}]},{"@type":"WebSite","@id":"https:\/\/concept05design.com\/en\/#website","url":"https:\/\/concept05design.com\/en\/","name":"Concept 05 Design","description":"Du Concept \u00e0 la R\u00e9alit\u00e9 : Votre Vision, Notre Mission","potentialAction":[{"@type":"SearchAction","target":{"@type":"EntryPoint","urlTemplate":"https:\/\/concept05design.com\/en\/?s={search_term_string}"},"query-input":{"@type":"PropertyValueSpecification","valueRequired":true,"valueName":"search_term_string"}}],"inLanguage":"en-US"}]}},"_links":{"self":[{"href":"https:\/\/concept05design.com\/en\/wp-json\/wp\/v2\/product\/6248","targetHints":{"allow":["GET"]}}],"collection":[{"href":"https:\/\/concept05design.com\/en\/wp-json\/wp\/v2\/product"}],"about":[{"href":"https:\/\/concept05design.com\/en\/wp-json\/wp\/v2\/types\/product"}],"wp:featuredmedia":[{"embeddable":true,"href":"https:\/\/concept05design.com\/en\/wp-json\/wp\/v2\/media\/6247"}],"wp:attachment":[{"href":"https:\/\/concept05design.com\/en\/wp-json\/wp\/v2\/media?parent=6248"}],"wp:term":[{"taxonomy":"product_brand","embeddable":true,"href":"https:\/\/concept05design.com\/en\/wp-json\/wp\/v2\/product_brand?post=6248"},{"taxonomy":"product_cat","embeddable":true,"href":"https:\/\/concept05design.com\/en\/wp-json\/wp\/v2\/product_cat?post=6248"},{"taxonomy":"product_tag","embeddable":true,"href":"https:\/\/concept05design.com\/en\/wp-json\/wp\/v2\/product_tag?post=6248"}],"curies":[{"name":"wp","href":"https:\/\/api.w.org\/{rel}","templated":true}]}}