{"id":6256,"date":"2025-07-28T19:02:09","date_gmt":"2025-07-28T19:02:09","guid":{"rendered":"https:\/\/concept05design.com\/produit\/frederico\/"},"modified":"2025-08-05T15:51:03","modified_gmt":"2025-08-05T15:51:03","slug":"frederico","status":"publish","type":"product","link":"https:\/\/concept05design.com\/en\/produit\/frederico\/","title":{"rendered":"Frederico"},"content":{"rendered":"<p data-start=\"559\" data-end=\"581\"><strong data-start=\"559\" data-end=\"579\">Features<\/strong><\/p>\n<ul data-start=\"582\" data-end=\"949\">\n<li data-start=\"582\" data-end=\"616\">\n<p data-start=\"584\" data-end=\"616\">Solid surface washbasin<\/p>\n<\/li>\n<li data-start=\"617\" data-end=\"662\">\n<p data-start=\"619\" data-end=\"662\">Simple above-counter installation<\/p>\n<\/li>\n<li data-start=\"663\" data-end=\"719\">\n<p data-start=\"665\" data-end=\"719\">Requires basin or wall-mounted faucets<\/p>\n<\/li>\n<li data-start=\"720\" data-end=\"763\">\n<p data-start=\"722\" data-end=\"763\">Faucet and drain connection not included<\/p>\n<\/li>\n<li data-start=\"764\" data-end=\"783\">\n<p data-start=\"766\" data-end=\"783\">Without overflow<\/p>\n<\/li>\n<li data-start=\"784\" data-end=\"806\">\n<p data-start=\"786\" data-end=\"806\">Width: 12 1\/2<\/p>\n<\/li>\n<li data-start=\"807\" data-end=\"826\">\n<p data-start=\"809\" data-end=\"826\">Length: 22&#8243;.<\/p>\n<\/li>\n<li data-start=\"827\" data-end=\"847\">\n<p data-start=\"829\" data-end=\"847\">Depth: 6&#8221;.<\/p>\n<\/li>\n<li data-start=\"848\" data-end=\"865\">\n<p data-start=\"850\" data-end=\"865\">Shape: Oval<\/p>\n<\/li>\n<li data-start=\"866\" data-end=\"890\">\n<p data-start=\"868\" data-end=\"890\">Finish: Matt white<\/p>\n<\/li>\n<li data-start=\"891\" data-end=\"916\">\n<p data-start=\"893\" data-end=\"916\">Installation: Basin<\/p>\n<\/li>\n<li data-start=\"917\" data-end=\"949\">\n<p data-start=\"919\" data-end=\"949\">Drain position: Central<\/p>\n<\/li>\n<\/ul>\n<p data-start=\"951\" data-end=\"1092\"><strong data-start=\"951\" data-end=\"969\">Specifications<\/strong><br data-start=\"969\" data-end=\"972\" \/>This model meets CUPC (ASME A112.19.1) and CSA (B45.5-17) standards<br data-start=\"1039\" data-end=\"1042\" \/>One-year warranty against manufacturing defects<\/p>\n","protected":false},"excerpt":{"rendered":"<p>The FREDERICO solid surface washbasin is an ideal addition to your bathroom. This washbasin combines a sleek composition with durability. Solid surface is a composite material renowned for its strength, lightness and non-porosity. Designed to last, it&#8217;s easy to maintain and its color won&#8217;t fade over time. Its oval shape combined with a matt white finish brings a much-appreciated modern design to your bathroom.<\/p>\n<p>&nbsp;<\/p>\n<p><img decoding=\"async\" class=\"alignnone size-medium wp-image-6254\" src=\"https:\/\/concept05design.com\/wp-content\/uploads\/2025\/07\/Untitled-72-261x300.png\" alt=\"\" width=\"261\" height=\"300\" srcset=\"https:\/\/concept05design.com\/wp-content\/uploads\/2025\/07\/Untitled-72-200x230.png 200w, https:\/\/concept05design.com\/wp-content\/uploads\/2025\/07\/Untitled-72-261x300.png 261w, https:\/\/concept05design.com\/wp-content\/uploads\/2025\/07\/Untitled-72.png 343w\" sizes=\"(max-width: 261px) 100vw, 261px\" \/><\/p>\n","protected":false},"featured_media":6253,"template":"","meta":[],"product_brand":[],"product_cat":[418,421],"product_tag":[],"class_list":{"0":"post-6256","1":"product","2":"type-product","3":"status-publish","4":"has-post-thumbnail","6":"product_cat-bathroom","7":"product_cat-sink-bathroom","9":"first","10":"instock","11":"shipping-taxable","12":"product-type-simple"},"yoast_head":"<!-- This site is optimized with the Yoast SEO plugin v27.4 - https:\/\/yoast.com\/product\/yoast-seo-wordpress\/ -->\n<title>Frederico - Concept 05 Design<\/title>\n<meta name=\"robots\" content=\"index, follow, max-snippet:-1, max-image-preview:large, max-video-preview:-1\" \/>\n<link rel=\"canonical\" href=\"https:\/\/concept05design.com\/en\/produit\/frederico\/\" \/>\n<meta property=\"og:locale\" content=\"en_US\" \/>\n<meta property=\"og:type\" content=\"article\" \/>\n<meta property=\"og:title\" content=\"Frederico - Concept 05 Design\" \/>\n<meta property=\"og:description\" content=\"The FREDERICO solid surface washbasin is an ideal addition to your bathroom. This washbasin combines a sleek composition with durability. Solid surface is a composite material renowned for its strength, lightness and non-porosity. Designed to last, it&#039;s easy to maintain and its color won&#039;t fade over time. Its oval shape combined with a matt white finish brings a much-appreciated modern design to your bathroom.  &nbsp;\" \/>\n<meta property=\"og:url\" content=\"https:\/\/concept05design.com\/en\/produit\/frederico\/\" \/>\n<meta property=\"og:site_name\" content=\"Concept 05 Design\" \/>\n<meta property=\"article:modified_time\" content=\"2025-08-05T15:51:03+00:00\" \/>\n<meta property=\"og:image\" content=\"https:\/\/concept05design.com\/wp-content\/uploads\/2025\/07\/Copy-of-Your-paragraph-text-29-2.png\" \/>\n\t<meta property=\"og:image:width\" content=\"640\" \/>\n\t<meta property=\"og:image:height\" content=\"640\" \/>\n\t<meta property=\"og:image:type\" content=\"image\/png\" \/>\n<meta name=\"twitter:card\" content=\"summary_large_image\" \/>\n<meta name=\"twitter:label1\" content=\"Est. reading time\" \/>\n\t<meta name=\"twitter:data1\" content=\"1 minute\" \/>\n<script type=\"application\/ld+json\" class=\"yoast-schema-graph\">{\"@context\":\"https:\\\/\\\/schema.org\",\"@graph\":[{\"@type\":\"WebPage\",\"@id\":\"https:\\\/\\\/concept05design.com\\\/en\\\/produit\\\/frederico\\\/\",\"url\":\"https:\\\/\\\/concept05design.com\\\/en\\\/produit\\\/frederico\\\/\",\"name\":\"Frederico - Concept 05 Design\",\"isPartOf\":{\"@id\":\"https:\\\/\\\/concept05design.com\\\/en\\\/#website\"},\"primaryImageOfPage\":{\"@id\":\"https:\\\/\\\/concept05design.com\\\/en\\\/produit\\\/frederico\\\/#primaryimage\"},\"image\":{\"@id\":\"https:\\\/\\\/concept05design.com\\\/en\\\/produit\\\/frederico\\\/#primaryimage\"},\"thumbnailUrl\":\"https:\\\/\\\/concept05design.com\\\/wp-content\\\/uploads\\\/2025\\\/07\\\/Copy-of-Your-paragraph-text-29-2.png\",\"datePublished\":\"2025-07-28T19:02:09+00:00\",\"dateModified\":\"2025-08-05T15:51:03+00:00\",\"breadcrumb\":{\"@id\":\"https:\\\/\\\/concept05design.com\\\/en\\\/produit\\\/frederico\\\/#breadcrumb\"},\"inLanguage\":\"en-US\",\"potentialAction\":[{\"@type\":\"ReadAction\",\"target\":[\"https:\\\/\\\/concept05design.com\\\/en\\\/produit\\\/frederico\\\/\"]}]},{\"@type\":\"ImageObject\",\"inLanguage\":\"en-US\",\"@id\":\"https:\\\/\\\/concept05design.com\\\/en\\\/produit\\\/frederico\\\/#primaryimage\",\"url\":\"https:\\\/\\\/concept05design.com\\\/wp-content\\\/uploads\\\/2025\\\/07\\\/Copy-of-Your-paragraph-text-29-2.png\",\"contentUrl\":\"https:\\\/\\\/concept05design.com\\\/wp-content\\\/uploads\\\/2025\\\/07\\\/Copy-of-Your-paragraph-text-29-2.png\",\"width\":640,\"height\":640},{\"@type\":\"BreadcrumbList\",\"@id\":\"https:\\\/\\\/concept05design.com\\\/en\\\/produit\\\/frederico\\\/#breadcrumb\",\"itemListElement\":[{\"@type\":\"ListItem\",\"position\":1,\"name\":\"Accueil\",\"item\":\"https:\\\/\\\/concept05design.com\\\/en\\\/\"},{\"@type\":\"ListItem\",\"position\":2,\"name\":\"Shop\",\"item\":\"https:\\\/\\\/concept05design.com\\\/shop\\\/\"},{\"@type\":\"ListItem\",\"position\":3,\"name\":\"Frederico\"}]},{\"@type\":\"WebSite\",\"@id\":\"https:\\\/\\\/concept05design.com\\\/en\\\/#website\",\"url\":\"https:\\\/\\\/concept05design.com\\\/en\\\/\",\"name\":\"Concept 05 Design\",\"description\":\"Du Concept \u00e0 la R\u00e9alit\u00e9 : Votre Vision, Notre Mission\",\"potentialAction\":[{\"@type\":\"SearchAction\",\"target\":{\"@type\":\"EntryPoint\",\"urlTemplate\":\"https:\\\/\\\/concept05design.com\\\/en\\\/?s={search_term_string}\"},\"query-input\":{\"@type\":\"PropertyValueSpecification\",\"valueRequired\":true,\"valueName\":\"search_term_string\"}}],\"inLanguage\":\"en-US\"}]}<\/script>\n<!-- \/ Yoast SEO plugin. -->","yoast_head_json":{"title":"Frederico - Concept 05 Design","robots":{"index":"index","follow":"follow","max-snippet":"max-snippet:-1","max-image-preview":"max-image-preview:large","max-video-preview":"max-video-preview:-1"},"canonical":"https:\/\/concept05design.com\/en\/produit\/frederico\/","og_locale":"en_US","og_type":"article","og_title":"Frederico - Concept 05 Design","og_description":"The FREDERICO solid surface washbasin is an ideal addition to your bathroom. This washbasin combines a sleek composition with durability. Solid surface is a composite material renowned for its strength, lightness and non-porosity. Designed to last, it's easy to maintain and its color won't fade over time. Its oval shape combined with a matt white finish brings a much-appreciated modern design to your bathroom.  &nbsp;","og_url":"https:\/\/concept05design.com\/en\/produit\/frederico\/","og_site_name":"Concept 05 Design","article_modified_time":"2025-08-05T15:51:03+00:00","og_image":[{"width":640,"height":640,"url":"https:\/\/concept05design.com\/wp-content\/uploads\/2025\/07\/Copy-of-Your-paragraph-text-29-2.png","type":"image\/png"}],"twitter_card":"summary_large_image","twitter_misc":{"Est. reading time":"1 minute"},"schema":{"@context":"https:\/\/schema.org","@graph":[{"@type":"WebPage","@id":"https:\/\/concept05design.com\/en\/produit\/frederico\/","url":"https:\/\/concept05design.com\/en\/produit\/frederico\/","name":"Frederico - Concept 05 Design","isPartOf":{"@id":"https:\/\/concept05design.com\/en\/#website"},"primaryImageOfPage":{"@id":"https:\/\/concept05design.com\/en\/produit\/frederico\/#primaryimage"},"image":{"@id":"https:\/\/concept05design.com\/en\/produit\/frederico\/#primaryimage"},"thumbnailUrl":"https:\/\/concept05design.com\/wp-content\/uploads\/2025\/07\/Copy-of-Your-paragraph-text-29-2.png","datePublished":"2025-07-28T19:02:09+00:00","dateModified":"2025-08-05T15:51:03+00:00","breadcrumb":{"@id":"https:\/\/concept05design.com\/en\/produit\/frederico\/#breadcrumb"},"inLanguage":"en-US","potentialAction":[{"@type":"ReadAction","target":["https:\/\/concept05design.com\/en\/produit\/frederico\/"]}]},{"@type":"ImageObject","inLanguage":"en-US","@id":"https:\/\/concept05design.com\/en\/produit\/frederico\/#primaryimage","url":"https:\/\/concept05design.com\/wp-content\/uploads\/2025\/07\/Copy-of-Your-paragraph-text-29-2.png","contentUrl":"https:\/\/concept05design.com\/wp-content\/uploads\/2025\/07\/Copy-of-Your-paragraph-text-29-2.png","width":640,"height":640},{"@type":"BreadcrumbList","@id":"https:\/\/concept05design.com\/en\/produit\/frederico\/#breadcrumb","itemListElement":[{"@type":"ListItem","position":1,"name":"Accueil","item":"https:\/\/concept05design.com\/en\/"},{"@type":"ListItem","position":2,"name":"Shop","item":"https:\/\/concept05design.com\/shop\/"},{"@type":"ListItem","position":3,"name":"Frederico"}]},{"@type":"WebSite","@id":"https:\/\/concept05design.com\/en\/#website","url":"https:\/\/concept05design.com\/en\/","name":"Concept 05 Design","description":"Du Concept \u00e0 la R\u00e9alit\u00e9 : Votre Vision, Notre Mission","potentialAction":[{"@type":"SearchAction","target":{"@type":"EntryPoint","urlTemplate":"https:\/\/concept05design.com\/en\/?s={search_term_string}"},"query-input":{"@type":"PropertyValueSpecification","valueRequired":true,"valueName":"search_term_string"}}],"inLanguage":"en-US"}]}},"_links":{"self":[{"href":"https:\/\/concept05design.com\/en\/wp-json\/wp\/v2\/product\/6256","targetHints":{"allow":["GET"]}}],"collection":[{"href":"https:\/\/concept05design.com\/en\/wp-json\/wp\/v2\/product"}],"about":[{"href":"https:\/\/concept05design.com\/en\/wp-json\/wp\/v2\/types\/product"}],"wp:featuredmedia":[{"embeddable":true,"href":"https:\/\/concept05design.com\/en\/wp-json\/wp\/v2\/media\/6253"}],"wp:attachment":[{"href":"https:\/\/concept05design.com\/en\/wp-json\/wp\/v2\/media?parent=6256"}],"wp:term":[{"taxonomy":"product_brand","embeddable":true,"href":"https:\/\/concept05design.com\/en\/wp-json\/wp\/v2\/product_brand?post=6256"},{"taxonomy":"product_cat","embeddable":true,"href":"https:\/\/concept05design.com\/en\/wp-json\/wp\/v2\/product_cat?post=6256"},{"taxonomy":"product_tag","embeddable":true,"href":"https:\/\/concept05design.com\/en\/wp-json\/wp\/v2\/product_tag?post=6256"}],"curies":[{"name":"wp","href":"https:\/\/api.w.org\/{rel}","templated":true}]}}