{"id":6266,"date":"2025-07-28T19:04:55","date_gmt":"2025-07-28T19:04:55","guid":{"rendered":"https:\/\/concept05design.com\/produit\/fabiola\/"},"modified":"2025-08-05T15:57:56","modified_gmt":"2025-08-05T15:57:56","slug":"fabiola","status":"publish","type":"product","link":"https:\/\/concept05design.com\/en\/produit\/fabiola\/","title":{"rendered":"Fabiola"},"content":{"rendered":"<p data-start=\"785\" data-end=\"807\"><strong data-start=\"785\" data-end=\"805\">Features<\/strong><\/p>\n<ul data-start=\"808\" data-end=\"1179\">\n<li data-start=\"808\" data-end=\"842\">\n<p data-start=\"810\" data-end=\"842\">Solid surface washbasin<\/p>\n<\/li>\n<li data-start=\"843\" data-end=\"888\">\n<p data-start=\"845\" data-end=\"888\">Simple above-counter installation<\/p>\n<\/li>\n<li data-start=\"889\" data-end=\"945\">\n<p data-start=\"891\" data-end=\"945\">Requires basin or wall-mounted faucets<\/p>\n<\/li>\n<li data-start=\"946\" data-end=\"989\">\n<p data-start=\"948\" data-end=\"989\">Faucet and drain connection not included<\/p>\n<\/li>\n<li data-start=\"990\" data-end=\"1009\">\n<p data-start=\"992\" data-end=\"1009\">Without overflow<\/p>\n<\/li>\n<li data-start=\"1010\" data-end=\"1032\">\n<p data-start=\"1012\" data-end=\"1032\">Width: 13 1\/2<\/p>\n<\/li>\n<li data-start=\"1033\" data-end=\"1056\">\n<p data-start=\"1035\" data-end=\"1056\">Length: 16 1\/2&#8221;.<\/p>\n<\/li>\n<li data-start=\"1057\" data-end=\"1077\">\n<p data-start=\"1059\" data-end=\"1077\">Depth: 6&#8221;.<\/p>\n<\/li>\n<li data-start=\"1078\" data-end=\"1095\">\n<p data-start=\"1080\" data-end=\"1095\">Shape: Oval<\/p>\n<\/li>\n<li data-start=\"1096\" data-end=\"1120\">\n<p data-start=\"1098\" data-end=\"1120\">Finish: Matt white<\/p>\n<\/li>\n<li data-start=\"1121\" data-end=\"1146\">\n<p data-start=\"1123\" data-end=\"1146\">Installation: Basin<\/p>\n<\/li>\n<li data-start=\"1147\" data-end=\"1179\">\n<p data-start=\"1149\" data-end=\"1179\">Drain position: Central<\/p>\n<\/li>\n<\/ul>\n<p data-start=\"1181\" data-end=\"1322\"><strong data-start=\"1181\" data-end=\"1199\">Specifications<\/strong><br data-start=\"1199\" data-end=\"1202\" \/>This model meets CUPC (ASME A112.19.1) and CSA (B45.1-18) standards<br data-start=\"1269\" data-end=\"1272\" \/>One-year warranty against manufacturing defects<\/p>\n","protected":false},"excerpt":{"rendered":"<p>Simple and trendy, the FABIOLA solid surface washbasin is perfect for any bathroom. With its soft curves, it offers an elegant silhouette and a contemporary look that complements almost any color and decorating style. Its quality material, with a solid, non-porous surface, is scratch and stain resistant, requiring less cleaning and maintenance. Solid surface is a composite material renowned for its strength, lightness and non-porosity. Designed to last, it&#8217;s easy to maintain and its color won&#8217;t fade over time. Its deep oval shape creates a modern ambience while preventing splashes.<\/p>\n<p>&nbsp;<\/p>\n<p><img decoding=\"async\" class=\"alignnone size-medium wp-image-6258\" src=\"https:\/\/concept05design.com\/wp-content\/uploads\/2025\/07\/Untitled-73-232x300.png\" alt=\"\" width=\"232\" height=\"300\" srcset=\"https:\/\/concept05design.com\/wp-content\/uploads\/2025\/07\/Untitled-73-200x259.png 200w, https:\/\/concept05design.com\/wp-content\/uploads\/2025\/07\/Untitled-73-232x300.png 232w, https:\/\/concept05design.com\/wp-content\/uploads\/2025\/07\/Untitled-73.png 294w\" sizes=\"(max-width: 232px) 100vw, 232px\" \/><\/p>\n","protected":false},"featured_media":6261,"template":"","meta":[],"product_brand":[],"product_cat":[418,421,439],"product_tag":[],"class_list":{"0":"post-6266","1":"product","2":"type-product","3":"status-publish","4":"has-post-thumbnail","6":"product_cat-bathroom","7":"product_cat-sink-bathroom","8":"product_cat-vedette-bathroom-sink","10":"first","11":"instock","12":"shipping-taxable","13":"product-type-simple"},"yoast_head":"<!-- This site is optimized with the Yoast SEO plugin v27.4 - https:\/\/yoast.com\/product\/yoast-seo-wordpress\/ -->\n<title>Fabiola - Concept 05 Design<\/title>\n<meta name=\"robots\" content=\"index, follow, max-snippet:-1, max-image-preview:large, max-video-preview:-1\" \/>\n<link rel=\"canonical\" href=\"https:\/\/concept05design.com\/en\/produit\/fabiola\/\" \/>\n<meta property=\"og:locale\" content=\"en_US\" \/>\n<meta property=\"og:type\" content=\"article\" \/>\n<meta property=\"og:title\" content=\"Fabiola - Concept 05 Design\" \/>\n<meta property=\"og:description\" content=\"Simple and trendy, the FABIOLA solid surface washbasin is perfect for any bathroom. With its soft curves, it offers an elegant silhouette and a contemporary look that complements almost any color and decorating style. Its quality material, with a solid, non-porous surface, is scratch and stain resistant, requiring less cleaning and maintenance. Solid surface is a composite material renowned for its strength, lightness and non-porosity. Designed to last, it&#039;s easy to maintain and its color won&#039;t fade over time. Its deep oval shape creates a modern ambience while preventing splashes.  &nbsp;\" \/>\n<meta property=\"og:url\" content=\"https:\/\/concept05design.com\/en\/produit\/fabiola\/\" \/>\n<meta property=\"og:site_name\" content=\"Concept 05 Design\" \/>\n<meta property=\"article:modified_time\" content=\"2025-08-05T15:57:56+00:00\" \/>\n<meta property=\"og:image\" content=\"https:\/\/concept05design.com\/wp-content\/uploads\/2025\/07\/FABIOLA_2.webp\" \/>\n\t<meta property=\"og:image:width\" content=\"600\" \/>\n\t<meta property=\"og:image:height\" content=\"600\" \/>\n\t<meta property=\"og:image:type\" content=\"image\/webp\" \/>\n<meta name=\"twitter:card\" content=\"summary_large_image\" \/>\n<meta name=\"twitter:label1\" content=\"Est. reading time\" \/>\n\t<meta name=\"twitter:data1\" content=\"1 minute\" \/>\n<script type=\"application\/ld+json\" class=\"yoast-schema-graph\">{\"@context\":\"https:\\\/\\\/schema.org\",\"@graph\":[{\"@type\":\"WebPage\",\"@id\":\"https:\\\/\\\/concept05design.com\\\/en\\\/produit\\\/fabiola\\\/\",\"url\":\"https:\\\/\\\/concept05design.com\\\/en\\\/produit\\\/fabiola\\\/\",\"name\":\"Fabiola - Concept 05 Design\",\"isPartOf\":{\"@id\":\"https:\\\/\\\/concept05design.com\\\/en\\\/#website\"},\"primaryImageOfPage\":{\"@id\":\"https:\\\/\\\/concept05design.com\\\/en\\\/produit\\\/fabiola\\\/#primaryimage\"},\"image\":{\"@id\":\"https:\\\/\\\/concept05design.com\\\/en\\\/produit\\\/fabiola\\\/#primaryimage\"},\"thumbnailUrl\":\"https:\\\/\\\/concept05design.com\\\/wp-content\\\/uploads\\\/2025\\\/07\\\/FABIOLA_2.webp\",\"datePublished\":\"2025-07-28T19:04:55+00:00\",\"dateModified\":\"2025-08-05T15:57:56+00:00\",\"breadcrumb\":{\"@id\":\"https:\\\/\\\/concept05design.com\\\/en\\\/produit\\\/fabiola\\\/#breadcrumb\"},\"inLanguage\":\"en-US\",\"potentialAction\":[{\"@type\":\"ReadAction\",\"target\":[\"https:\\\/\\\/concept05design.com\\\/en\\\/produit\\\/fabiola\\\/\"]}]},{\"@type\":\"ImageObject\",\"inLanguage\":\"en-US\",\"@id\":\"https:\\\/\\\/concept05design.com\\\/en\\\/produit\\\/fabiola\\\/#primaryimage\",\"url\":\"https:\\\/\\\/concept05design.com\\\/wp-content\\\/uploads\\\/2025\\\/07\\\/FABIOLA_2.webp\",\"contentUrl\":\"https:\\\/\\\/concept05design.com\\\/wp-content\\\/uploads\\\/2025\\\/07\\\/FABIOLA_2.webp\",\"width\":600,\"height\":600},{\"@type\":\"BreadcrumbList\",\"@id\":\"https:\\\/\\\/concept05design.com\\\/en\\\/produit\\\/fabiola\\\/#breadcrumb\",\"itemListElement\":[{\"@type\":\"ListItem\",\"position\":1,\"name\":\"Accueil\",\"item\":\"https:\\\/\\\/concept05design.com\\\/en\\\/\"},{\"@type\":\"ListItem\",\"position\":2,\"name\":\"Shop\",\"item\":\"https:\\\/\\\/concept05design.com\\\/shop\\\/\"},{\"@type\":\"ListItem\",\"position\":3,\"name\":\"Fabiola\"}]},{\"@type\":\"WebSite\",\"@id\":\"https:\\\/\\\/concept05design.com\\\/en\\\/#website\",\"url\":\"https:\\\/\\\/concept05design.com\\\/en\\\/\",\"name\":\"Concept 05 Design\",\"description\":\"Du Concept \u00e0 la R\u00e9alit\u00e9 : Votre Vision, Notre Mission\",\"potentialAction\":[{\"@type\":\"SearchAction\",\"target\":{\"@type\":\"EntryPoint\",\"urlTemplate\":\"https:\\\/\\\/concept05design.com\\\/en\\\/?s={search_term_string}\"},\"query-input\":{\"@type\":\"PropertyValueSpecification\",\"valueRequired\":true,\"valueName\":\"search_term_string\"}}],\"inLanguage\":\"en-US\"}]}<\/script>\n<!-- \/ Yoast SEO plugin. -->","yoast_head_json":{"title":"Fabiola - Concept 05 Design","robots":{"index":"index","follow":"follow","max-snippet":"max-snippet:-1","max-image-preview":"max-image-preview:large","max-video-preview":"max-video-preview:-1"},"canonical":"https:\/\/concept05design.com\/en\/produit\/fabiola\/","og_locale":"en_US","og_type":"article","og_title":"Fabiola - Concept 05 Design","og_description":"Simple and trendy, the FABIOLA solid surface washbasin is perfect for any bathroom. With its soft curves, it offers an elegant silhouette and a contemporary look that complements almost any color and decorating style. Its quality material, with a solid, non-porous surface, is scratch and stain resistant, requiring less cleaning and maintenance. Solid surface is a composite material renowned for its strength, lightness and non-porosity. Designed to last, it's easy to maintain and its color won't fade over time. Its deep oval shape creates a modern ambience while preventing splashes.  &nbsp;","og_url":"https:\/\/concept05design.com\/en\/produit\/fabiola\/","og_site_name":"Concept 05 Design","article_modified_time":"2025-08-05T15:57:56+00:00","og_image":[{"width":600,"height":600,"url":"https:\/\/concept05design.com\/wp-content\/uploads\/2025\/07\/FABIOLA_2.webp","type":"image\/webp"}],"twitter_card":"summary_large_image","twitter_misc":{"Est. reading time":"1 minute"},"schema":{"@context":"https:\/\/schema.org","@graph":[{"@type":"WebPage","@id":"https:\/\/concept05design.com\/en\/produit\/fabiola\/","url":"https:\/\/concept05design.com\/en\/produit\/fabiola\/","name":"Fabiola - Concept 05 Design","isPartOf":{"@id":"https:\/\/concept05design.com\/en\/#website"},"primaryImageOfPage":{"@id":"https:\/\/concept05design.com\/en\/produit\/fabiola\/#primaryimage"},"image":{"@id":"https:\/\/concept05design.com\/en\/produit\/fabiola\/#primaryimage"},"thumbnailUrl":"https:\/\/concept05design.com\/wp-content\/uploads\/2025\/07\/FABIOLA_2.webp","datePublished":"2025-07-28T19:04:55+00:00","dateModified":"2025-08-05T15:57:56+00:00","breadcrumb":{"@id":"https:\/\/concept05design.com\/en\/produit\/fabiola\/#breadcrumb"},"inLanguage":"en-US","potentialAction":[{"@type":"ReadAction","target":["https:\/\/concept05design.com\/en\/produit\/fabiola\/"]}]},{"@type":"ImageObject","inLanguage":"en-US","@id":"https:\/\/concept05design.com\/en\/produit\/fabiola\/#primaryimage","url":"https:\/\/concept05design.com\/wp-content\/uploads\/2025\/07\/FABIOLA_2.webp","contentUrl":"https:\/\/concept05design.com\/wp-content\/uploads\/2025\/07\/FABIOLA_2.webp","width":600,"height":600},{"@type":"BreadcrumbList","@id":"https:\/\/concept05design.com\/en\/produit\/fabiola\/#breadcrumb","itemListElement":[{"@type":"ListItem","position":1,"name":"Accueil","item":"https:\/\/concept05design.com\/en\/"},{"@type":"ListItem","position":2,"name":"Shop","item":"https:\/\/concept05design.com\/shop\/"},{"@type":"ListItem","position":3,"name":"Fabiola"}]},{"@type":"WebSite","@id":"https:\/\/concept05design.com\/en\/#website","url":"https:\/\/concept05design.com\/en\/","name":"Concept 05 Design","description":"Du Concept \u00e0 la R\u00e9alit\u00e9 : Votre Vision, Notre Mission","potentialAction":[{"@type":"SearchAction","target":{"@type":"EntryPoint","urlTemplate":"https:\/\/concept05design.com\/en\/?s={search_term_string}"},"query-input":{"@type":"PropertyValueSpecification","valueRequired":true,"valueName":"search_term_string"}}],"inLanguage":"en-US"}]}},"_links":{"self":[{"href":"https:\/\/concept05design.com\/en\/wp-json\/wp\/v2\/product\/6266","targetHints":{"allow":["GET"]}}],"collection":[{"href":"https:\/\/concept05design.com\/en\/wp-json\/wp\/v2\/product"}],"about":[{"href":"https:\/\/concept05design.com\/en\/wp-json\/wp\/v2\/types\/product"}],"wp:featuredmedia":[{"embeddable":true,"href":"https:\/\/concept05design.com\/en\/wp-json\/wp\/v2\/media\/6261"}],"wp:attachment":[{"href":"https:\/\/concept05design.com\/en\/wp-json\/wp\/v2\/media?parent=6266"}],"wp:term":[{"taxonomy":"product_brand","embeddable":true,"href":"https:\/\/concept05design.com\/en\/wp-json\/wp\/v2\/product_brand?post=6266"},{"taxonomy":"product_cat","embeddable":true,"href":"https:\/\/concept05design.com\/en\/wp-json\/wp\/v2\/product_cat?post=6266"},{"taxonomy":"product_tag","embeddable":true,"href":"https:\/\/concept05design.com\/en\/wp-json\/wp\/v2\/product_tag?post=6266"}],"curies":[{"name":"wp","href":"https:\/\/api.w.org\/{rel}","templated":true}]}}