{"id":6278,"date":"2025-07-28T19:07:44","date_gmt":"2025-07-28T19:07:44","guid":{"rendered":"https:\/\/concept05design.com\/produit\/foho\/"},"modified":"2025-08-05T15:49:57","modified_gmt":"2025-08-05T15:49:57","slug":"foho","status":"publish","type":"product","link":"https:\/\/concept05design.com\/en\/produit\/foho\/","title":{"rendered":"Foho"},"content":{"rendered":"<p data-start=\"780\" data-end=\"802\"><strong data-start=\"780\" data-end=\"800\">Features<\/strong><\/p>\n<ul data-start=\"803\" data-end=\"1157\">\n<li data-start=\"803\" data-end=\"877\">\n<p data-start=\"805\" data-end=\"877\">Material: Durable solid surface &#8211; smooth, robust and easy to clean<\/p>\n<\/li>\n<li data-start=\"878\" data-end=\"978\">\n<p data-start=\"880\" data-end=\"978\">Type of installation: Basin &#8211; simple above-counter installation for a modern touch<\/p>\n<\/li>\n<li data-start=\"979\" data-end=\"1081\">\n<p data-start=\"981\" data-end=\"1081\">Dimensions: 13 3\/4&#8221; W x 23 1\/2&#8221; D x 6 1\/4&#8221; H &#8211; perfect balance between style and functionality<\/p>\n<\/li>\n<li data-start=\"1082\" data-end=\"1157\">\n<p data-start=\"1084\" data-end=\"1157\">Faucet requirements: Compatible with basin-style or wall-mounted faucets<\/p>\n<\/li>\n<\/ul>\n<p data-start=\"1159\" data-end=\"1300\"><strong data-start=\"1159\" data-end=\"1177\">Specifications<\/strong><br data-start=\"1177\" data-end=\"1180\" \/>This model meets CUPC (ASME A112.19.1) and CSA (B45.5-17) standards<br data-start=\"1247\" data-end=\"1250\" \/>One-year warranty against manufacturing defects<\/p>\n","protected":false},"excerpt":{"rendered":"<p>Simple and elegant, the FOHO-PC solid surface washbasin is ideal for bathrooms. Featuring soft curves and elegant lines, it has a contemporary look that complements almost any color palette and decorating style. Made from a quality material with a non-porous surface, it resists scratches and stains, requiring less cleaning and maintenance. Solid surface is a composite material renowned for its strength, lightness and non-porosity. Designed to last, it&#8217;s easy to maintain and its color won&#8217;t fade over time. Its deep oval shape creates a modern atmosphere while preventing splashes.<\/p>\n<p>&nbsp;<\/p>\n<p><img decoding=\"async\" class=\"alignnone size-medium wp-image-6276\" src=\"https:\/\/concept05design.com\/wp-content\/uploads\/2025\/07\/Untitled-74-225x300.png\" alt=\"\" width=\"225\" height=\"300\" srcset=\"https:\/\/concept05design.com\/wp-content\/uploads\/2025\/07\/Untitled-74-200x267.png 200w, https:\/\/concept05design.com\/wp-content\/uploads\/2025\/07\/Untitled-74-225x300.png 225w, https:\/\/concept05design.com\/wp-content\/uploads\/2025\/07\/Untitled-74.png 285w\" sizes=\"(max-width: 225px) 100vw, 225px\" \/><\/p>\n","protected":false},"featured_media":6275,"template":"","meta":[],"product_brand":[],"product_cat":[418,421],"product_tag":[],"class_list":{"0":"post-6278","1":"product","2":"type-product","3":"status-publish","4":"has-post-thumbnail","6":"product_cat-bathroom","7":"product_cat-sink-bathroom","9":"first","10":"instock","11":"shipping-taxable","12":"product-type-simple"},"yoast_head":"<!-- This site is optimized with the Yoast SEO plugin v27.4 - https:\/\/yoast.com\/product\/yoast-seo-wordpress\/ -->\n<title>Foho - Concept 05 Design<\/title>\n<meta name=\"robots\" content=\"index, follow, max-snippet:-1, max-image-preview:large, max-video-preview:-1\" \/>\n<link rel=\"canonical\" href=\"https:\/\/concept05design.com\/en\/produit\/foho\/\" \/>\n<meta property=\"og:locale\" content=\"en_US\" \/>\n<meta property=\"og:type\" content=\"article\" \/>\n<meta property=\"og:title\" content=\"Foho - Concept 05 Design\" \/>\n<meta property=\"og:description\" content=\"Simple and elegant, the FOHO-PC solid surface washbasin is ideal for bathrooms. Featuring soft curves and elegant lines, it has a contemporary look that complements almost any color palette and decorating style. Made from a quality material with a non-porous surface, it resists scratches and stains, requiring less cleaning and maintenance. Solid surface is a composite material renowned for its strength, lightness and non-porosity. Designed to last, it&#039;s easy to maintain and its color won&#039;t fade over time. Its deep oval shape creates a modern atmosphere while preventing splashes.  &nbsp;\" \/>\n<meta property=\"og:url\" content=\"https:\/\/concept05design.com\/en\/produit\/foho\/\" \/>\n<meta property=\"og:site_name\" content=\"Concept 05 Design\" \/>\n<meta property=\"article:modified_time\" content=\"2025-08-05T15:49:57+00:00\" \/>\n<meta property=\"og:image\" content=\"https:\/\/concept05design.com\/wp-content\/uploads\/2025\/07\/FOHO.webp\" \/>\n\t<meta property=\"og:image:width\" content=\"600\" \/>\n\t<meta property=\"og:image:height\" content=\"600\" \/>\n\t<meta property=\"og:image:type\" content=\"image\/webp\" \/>\n<meta name=\"twitter:card\" content=\"summary_large_image\" \/>\n<meta name=\"twitter:label1\" content=\"Est. reading time\" \/>\n\t<meta name=\"twitter:data1\" content=\"1 minute\" \/>\n<script type=\"application\/ld+json\" class=\"yoast-schema-graph\">{\"@context\":\"https:\\\/\\\/schema.org\",\"@graph\":[{\"@type\":\"WebPage\",\"@id\":\"https:\\\/\\\/concept05design.com\\\/en\\\/produit\\\/foho\\\/\",\"url\":\"https:\\\/\\\/concept05design.com\\\/en\\\/produit\\\/foho\\\/\",\"name\":\"Foho - Concept 05 Design\",\"isPartOf\":{\"@id\":\"https:\\\/\\\/concept05design.com\\\/en\\\/#website\"},\"primaryImageOfPage\":{\"@id\":\"https:\\\/\\\/concept05design.com\\\/en\\\/produit\\\/foho\\\/#primaryimage\"},\"image\":{\"@id\":\"https:\\\/\\\/concept05design.com\\\/en\\\/produit\\\/foho\\\/#primaryimage\"},\"thumbnailUrl\":\"https:\\\/\\\/concept05design.com\\\/wp-content\\\/uploads\\\/2025\\\/07\\\/FOHO.webp\",\"datePublished\":\"2025-07-28T19:07:44+00:00\",\"dateModified\":\"2025-08-05T15:49:57+00:00\",\"breadcrumb\":{\"@id\":\"https:\\\/\\\/concept05design.com\\\/en\\\/produit\\\/foho\\\/#breadcrumb\"},\"inLanguage\":\"en-US\",\"potentialAction\":[{\"@type\":\"ReadAction\",\"target\":[\"https:\\\/\\\/concept05design.com\\\/en\\\/produit\\\/foho\\\/\"]}]},{\"@type\":\"ImageObject\",\"inLanguage\":\"en-US\",\"@id\":\"https:\\\/\\\/concept05design.com\\\/en\\\/produit\\\/foho\\\/#primaryimage\",\"url\":\"https:\\\/\\\/concept05design.com\\\/wp-content\\\/uploads\\\/2025\\\/07\\\/FOHO.webp\",\"contentUrl\":\"https:\\\/\\\/concept05design.com\\\/wp-content\\\/uploads\\\/2025\\\/07\\\/FOHO.webp\",\"width\":600,\"height\":600},{\"@type\":\"BreadcrumbList\",\"@id\":\"https:\\\/\\\/concept05design.com\\\/en\\\/produit\\\/foho\\\/#breadcrumb\",\"itemListElement\":[{\"@type\":\"ListItem\",\"position\":1,\"name\":\"Accueil\",\"item\":\"https:\\\/\\\/concept05design.com\\\/en\\\/\"},{\"@type\":\"ListItem\",\"position\":2,\"name\":\"Shop\",\"item\":\"https:\\\/\\\/concept05design.com\\\/shop\\\/\"},{\"@type\":\"ListItem\",\"position\":3,\"name\":\"Foho\"}]},{\"@type\":\"WebSite\",\"@id\":\"https:\\\/\\\/concept05design.com\\\/en\\\/#website\",\"url\":\"https:\\\/\\\/concept05design.com\\\/en\\\/\",\"name\":\"Concept 05 Design\",\"description\":\"Du Concept \u00e0 la R\u00e9alit\u00e9 : Votre Vision, Notre Mission\",\"potentialAction\":[{\"@type\":\"SearchAction\",\"target\":{\"@type\":\"EntryPoint\",\"urlTemplate\":\"https:\\\/\\\/concept05design.com\\\/en\\\/?s={search_term_string}\"},\"query-input\":{\"@type\":\"PropertyValueSpecification\",\"valueRequired\":true,\"valueName\":\"search_term_string\"}}],\"inLanguage\":\"en-US\"}]}<\/script>\n<!-- \/ Yoast SEO plugin. -->","yoast_head_json":{"title":"Foho - Concept 05 Design","robots":{"index":"index","follow":"follow","max-snippet":"max-snippet:-1","max-image-preview":"max-image-preview:large","max-video-preview":"max-video-preview:-1"},"canonical":"https:\/\/concept05design.com\/en\/produit\/foho\/","og_locale":"en_US","og_type":"article","og_title":"Foho - Concept 05 Design","og_description":"Simple and elegant, the FOHO-PC solid surface washbasin is ideal for bathrooms. Featuring soft curves and elegant lines, it has a contemporary look that complements almost any color palette and decorating style. Made from a quality material with a non-porous surface, it resists scratches and stains, requiring less cleaning and maintenance. Solid surface is a composite material renowned for its strength, lightness and non-porosity. Designed to last, it's easy to maintain and its color won't fade over time. Its deep oval shape creates a modern atmosphere while preventing splashes.  &nbsp;","og_url":"https:\/\/concept05design.com\/en\/produit\/foho\/","og_site_name":"Concept 05 Design","article_modified_time":"2025-08-05T15:49:57+00:00","og_image":[{"width":600,"height":600,"url":"https:\/\/concept05design.com\/wp-content\/uploads\/2025\/07\/FOHO.webp","type":"image\/webp"}],"twitter_card":"summary_large_image","twitter_misc":{"Est. reading time":"1 minute"},"schema":{"@context":"https:\/\/schema.org","@graph":[{"@type":"WebPage","@id":"https:\/\/concept05design.com\/en\/produit\/foho\/","url":"https:\/\/concept05design.com\/en\/produit\/foho\/","name":"Foho - Concept 05 Design","isPartOf":{"@id":"https:\/\/concept05design.com\/en\/#website"},"primaryImageOfPage":{"@id":"https:\/\/concept05design.com\/en\/produit\/foho\/#primaryimage"},"image":{"@id":"https:\/\/concept05design.com\/en\/produit\/foho\/#primaryimage"},"thumbnailUrl":"https:\/\/concept05design.com\/wp-content\/uploads\/2025\/07\/FOHO.webp","datePublished":"2025-07-28T19:07:44+00:00","dateModified":"2025-08-05T15:49:57+00:00","breadcrumb":{"@id":"https:\/\/concept05design.com\/en\/produit\/foho\/#breadcrumb"},"inLanguage":"en-US","potentialAction":[{"@type":"ReadAction","target":["https:\/\/concept05design.com\/en\/produit\/foho\/"]}]},{"@type":"ImageObject","inLanguage":"en-US","@id":"https:\/\/concept05design.com\/en\/produit\/foho\/#primaryimage","url":"https:\/\/concept05design.com\/wp-content\/uploads\/2025\/07\/FOHO.webp","contentUrl":"https:\/\/concept05design.com\/wp-content\/uploads\/2025\/07\/FOHO.webp","width":600,"height":600},{"@type":"BreadcrumbList","@id":"https:\/\/concept05design.com\/en\/produit\/foho\/#breadcrumb","itemListElement":[{"@type":"ListItem","position":1,"name":"Accueil","item":"https:\/\/concept05design.com\/en\/"},{"@type":"ListItem","position":2,"name":"Shop","item":"https:\/\/concept05design.com\/shop\/"},{"@type":"ListItem","position":3,"name":"Foho"}]},{"@type":"WebSite","@id":"https:\/\/concept05design.com\/en\/#website","url":"https:\/\/concept05design.com\/en\/","name":"Concept 05 Design","description":"Du Concept \u00e0 la R\u00e9alit\u00e9 : Votre Vision, Notre Mission","potentialAction":[{"@type":"SearchAction","target":{"@type":"EntryPoint","urlTemplate":"https:\/\/concept05design.com\/en\/?s={search_term_string}"},"query-input":{"@type":"PropertyValueSpecification","valueRequired":true,"valueName":"search_term_string"}}],"inLanguage":"en-US"}]}},"_links":{"self":[{"href":"https:\/\/concept05design.com\/en\/wp-json\/wp\/v2\/product\/6278","targetHints":{"allow":["GET"]}}],"collection":[{"href":"https:\/\/concept05design.com\/en\/wp-json\/wp\/v2\/product"}],"about":[{"href":"https:\/\/concept05design.com\/en\/wp-json\/wp\/v2\/types\/product"}],"wp:featuredmedia":[{"embeddable":true,"href":"https:\/\/concept05design.com\/en\/wp-json\/wp\/v2\/media\/6275"}],"wp:attachment":[{"href":"https:\/\/concept05design.com\/en\/wp-json\/wp\/v2\/media?parent=6278"}],"wp:term":[{"taxonomy":"product_brand","embeddable":true,"href":"https:\/\/concept05design.com\/en\/wp-json\/wp\/v2\/product_brand?post=6278"},{"taxonomy":"product_cat","embeddable":true,"href":"https:\/\/concept05design.com\/en\/wp-json\/wp\/v2\/product_cat?post=6278"},{"taxonomy":"product_tag","embeddable":true,"href":"https:\/\/concept05design.com\/en\/wp-json\/wp\/v2\/product_tag?post=6278"}],"curies":[{"name":"wp","href":"https:\/\/api.w.org\/{rel}","templated":true}]}}