{"id":6307,"date":"2025-07-28T20:04:58","date_gmt":"2025-07-28T20:04:58","guid":{"rendered":"https:\/\/concept05design.com\/produit\/bosco-ii\/"},"modified":"2025-08-01T16:50:01","modified_gmt":"2025-08-01T16:50:01","slug":"bosco-ii","status":"publish","type":"product","link":"https:\/\/concept05design.com\/en\/produit\/bosco-ii\/","title":{"rendered":"Bosco-II"},"content":{"rendered":"<p data-start=\"491\" data-end=\"513\"><strong data-start=\"491\" data-end=\"511\">Features<\/strong><\/p>\n<ul data-start=\"514\" data-end=\"1216\">\n<li data-start=\"514\" data-end=\"561\">\n<p data-start=\"516\" data-end=\"561\">Dimensions: 68-1\/8&#8221; x 30-3\/4&#8221; x 28-3\/4&#8221;<\/p>\n<\/li>\n<li data-start=\"562\" data-end=\"616\">\n<p data-start=\"564\" data-end=\"616\">Fiberglass-reinforced acrylic bathtub<\/p>\n<\/li>\n<li data-start=\"617\" data-end=\"666\">\n<p data-start=\"619\" data-end=\"666\">Black-brown finish with crocodile-skin texture<\/p>\n<\/li>\n<li data-start=\"667\" data-end=\"709\">\n<p data-start=\"669\" data-end=\"709\">Water capacity: 306 L (81 US gallons)<\/p>\n<\/li>\n<li data-start=\"710\" data-end=\"738\">\n<p data-start=\"712\" data-end=\"738\">Immersion point: 14<\/p>\n<\/li>\n<li data-start=\"739\" data-end=\"793\">\n<p data-start=\"741\" data-end=\"793\">Slim overflow, centered and molded in acrylic<\/p>\n<\/li>\n<li data-start=\"794\" data-end=\"897\">\n<p data-start=\"796\" data-end=\"897\">Overflow return pipe molded in fiberglass to eliminate risk of water damage<\/p>\n<\/li>\n<li data-start=\"898\" data-end=\"972\">\n<p data-start=\"900\" data-end=\"972\">Integrated drainage system in matt white (pop-up drain included)<\/p>\n<\/li>\n<li data-start=\"973\" data-end=\"991\">\n<p data-start=\"975\" data-end=\"991\">Off-center drain<\/p>\n<\/li>\n<li data-start=\"992\" data-end=\"1082\">\n<p data-start=\"994\" data-end=\"1082\">Factory-installed drainage system (testing recommended before final installation)<\/p>\n<\/li>\n<li data-start=\"1083\" data-end=\"1136\">\n<p data-start=\"1085\" data-end=\"1136\">Adjustable levelling feet under the bathtub<\/p>\n<\/li>\n<li data-start=\"1137\" data-end=\"1216\">\n<p data-start=\"1139\" data-end=\"1216\">Compatible with wall-mounted and freestanding faucets (not included)<\/p>\n<\/li>\n<\/ul>\n<p data-start=\"1218\" data-end=\"1267\"><strong data-start=\"1218\" data-end=\"1236\">Specifications<\/strong><br data-start=\"1236\" data-end=\"1239\"><strong data-start=\"1239\" data-end=\"1265\">Recommended maintenance :<\/strong><\/p>\n<ul data-start=\"1268\" data-end=\"1520\">\n<li data-start=\"1268\" data-end=\"1344\">\n<p data-start=\"1270\" data-end=\"1344\">Clean with dishwashing soap and water, or lemon and water<\/p>\n<\/li>\n<li data-start=\"1345\" data-end=\"1427\">\n<p data-start=\"1347\" data-end=\"1427\">No standard cleaning products are recommended for black bathtubs.<\/p>\n<\/li>\n<li data-start=\"1428\" data-end=\"1520\">\n<p data-start=\"1430\" data-end=\"1520\">The use of essential oils is not recommended, as they may damage the finish.<\/p>\n<\/li>\n<\/ul>\n<p data-start=\"1522\" data-end=\"1556\"><strong data-start=\"1522\" data-end=\"1554\">Warranty and certifications :<\/strong><\/p>\n<ul data-start=\"1557\" data-end=\"1691\">\n<li data-start=\"1557\" data-end=\"1613\">\n<p data-start=\"1559\" data-end=\"1613\">25-year warranty against manufacturing defects<\/p>\n<\/li>\n<li data-start=\"1614\" data-end=\"1691\">\n<p data-start=\"1616\" data-end=\"1691\">This model meets or exceeds the following standards: CSA (B45.5-17) and CUPC<\/p>\n<\/li>\n<\/ul>\n","protected":false},"excerpt":{"rendered":"<p>Contemporary, ergonomic and comfortable, the Bosco Series freestanding bathtub in fiberglass-reinforced acrylic features clean, harmonious lines that invite you to relax. Designed in one piece with a non-porous surface, it is easy to clean and disinfect, and reinforced at the back with fiberglass. <\/p>\n<p>&nbsp;<\/p>\n<p><img decoding=\"async\" class=\"alignnone size-medium wp-image-6305\" src=\"https:\/\/concept05design.com\/wp-content\/uploads\/2025\/07\/Untitled-77-300x282.png\" alt=\"\" width=\"300\" height=\"282\" srcset=\"https:\/\/concept05design.com\/wp-content\/uploads\/2025\/07\/Untitled-77-200x188.png 200w, https:\/\/concept05design.com\/wp-content\/uploads\/2025\/07\/Untitled-77-300x282.png 300w, https:\/\/concept05design.com\/wp-content\/uploads\/2025\/07\/Untitled-77.png 384w\" sizes=\"(max-width: 300px) 100vw, 300px\" \/><\/p>\n","protected":false},"featured_media":6304,"template":"","meta":[],"product_brand":[],"product_cat":[442,418,466],"product_tag":[],"class_list":{"0":"post-6307","1":"product","2":"type-product","3":"status-publish","4":"has-post-thumbnail","6":"product_cat-bath-en","7":"product_cat-bathroom","8":"product_cat-featured-baths","10":"first","11":"instock","12":"shipping-taxable","13":"product-type-simple"},"yoast_head":"<!-- This site is optimized with the Yoast SEO plugin v27.4 - https:\/\/yoast.com\/product\/yoast-seo-wordpress\/ -->\n<title>Bosco-II - Concept 05 Design<\/title>\n<meta name=\"robots\" content=\"index, follow, max-snippet:-1, max-image-preview:large, max-video-preview:-1\" \/>\n<link rel=\"canonical\" href=\"https:\/\/concept05design.com\/en\/produit\/bosco-ii\/\" \/>\n<meta property=\"og:locale\" content=\"en_US\" \/>\n<meta property=\"og:type\" content=\"article\" \/>\n<meta property=\"og:title\" content=\"Bosco-II - Concept 05 Design\" \/>\n<meta property=\"og:description\" content=\"Contemporary, ergonomic and comfortable, the Bosco Series freestanding bathtub in fiberglass-reinforced acrylic features clean, harmonious lines that invite you to relax. Designed in one piece with a non-porous surface, it is easy to clean and disinfect, and reinforced at the back with fiberglass.  &nbsp;\" \/>\n<meta property=\"og:url\" content=\"https:\/\/concept05design.com\/en\/produit\/bosco-ii\/\" \/>\n<meta property=\"og:site_name\" content=\"Concept 05 Design\" \/>\n<meta property=\"article:modified_time\" content=\"2025-08-01T16:50:01+00:00\" \/>\n<meta property=\"og:image\" content=\"https:\/\/concept05design.com\/wp-content\/uploads\/2025\/07\/BOSCO-II.jpg\" \/>\n\t<meta property=\"og:image:width\" content=\"600\" \/>\n\t<meta property=\"og:image:height\" content=\"600\" \/>\n\t<meta property=\"og:image:type\" content=\"image\/jpeg\" \/>\n<meta name=\"twitter:card\" content=\"summary_large_image\" \/>\n<meta name=\"twitter:label1\" content=\"Est. reading time\" \/>\n\t<meta name=\"twitter:data1\" content=\"1 minute\" \/>\n<script type=\"application\/ld+json\" class=\"yoast-schema-graph\">{\"@context\":\"https:\\\/\\\/schema.org\",\"@graph\":[{\"@type\":\"WebPage\",\"@id\":\"https:\\\/\\\/concept05design.com\\\/en\\\/produit\\\/bosco-ii\\\/\",\"url\":\"https:\\\/\\\/concept05design.com\\\/en\\\/produit\\\/bosco-ii\\\/\",\"name\":\"Bosco-II - Concept 05 Design\",\"isPartOf\":{\"@id\":\"https:\\\/\\\/concept05design.com\\\/en\\\/#website\"},\"primaryImageOfPage\":{\"@id\":\"https:\\\/\\\/concept05design.com\\\/en\\\/produit\\\/bosco-ii\\\/#primaryimage\"},\"image\":{\"@id\":\"https:\\\/\\\/concept05design.com\\\/en\\\/produit\\\/bosco-ii\\\/#primaryimage\"},\"thumbnailUrl\":\"https:\\\/\\\/concept05design.com\\\/wp-content\\\/uploads\\\/2025\\\/07\\\/BOSCO-II.jpg\",\"datePublished\":\"2025-07-28T20:04:58+00:00\",\"dateModified\":\"2025-08-01T16:50:01+00:00\",\"breadcrumb\":{\"@id\":\"https:\\\/\\\/concept05design.com\\\/en\\\/produit\\\/bosco-ii\\\/#breadcrumb\"},\"inLanguage\":\"en-US\",\"potentialAction\":[{\"@type\":\"ReadAction\",\"target\":[\"https:\\\/\\\/concept05design.com\\\/en\\\/produit\\\/bosco-ii\\\/\"]}]},{\"@type\":\"ImageObject\",\"inLanguage\":\"en-US\",\"@id\":\"https:\\\/\\\/concept05design.com\\\/en\\\/produit\\\/bosco-ii\\\/#primaryimage\",\"url\":\"https:\\\/\\\/concept05design.com\\\/wp-content\\\/uploads\\\/2025\\\/07\\\/BOSCO-II.jpg\",\"contentUrl\":\"https:\\\/\\\/concept05design.com\\\/wp-content\\\/uploads\\\/2025\\\/07\\\/BOSCO-II.jpg\",\"width\":600,\"height\":600},{\"@type\":\"BreadcrumbList\",\"@id\":\"https:\\\/\\\/concept05design.com\\\/en\\\/produit\\\/bosco-ii\\\/#breadcrumb\",\"itemListElement\":[{\"@type\":\"ListItem\",\"position\":1,\"name\":\"Accueil\",\"item\":\"https:\\\/\\\/concept05design.com\\\/en\\\/\"},{\"@type\":\"ListItem\",\"position\":2,\"name\":\"Shop\",\"item\":\"https:\\\/\\\/concept05design.com\\\/shop\\\/\"},{\"@type\":\"ListItem\",\"position\":3,\"name\":\"Bosco-II\"}]},{\"@type\":\"WebSite\",\"@id\":\"https:\\\/\\\/concept05design.com\\\/en\\\/#website\",\"url\":\"https:\\\/\\\/concept05design.com\\\/en\\\/\",\"name\":\"Concept 05 Design\",\"description\":\"Du Concept \u00e0 la R\u00e9alit\u00e9 : Votre Vision, Notre Mission\",\"potentialAction\":[{\"@type\":\"SearchAction\",\"target\":{\"@type\":\"EntryPoint\",\"urlTemplate\":\"https:\\\/\\\/concept05design.com\\\/en\\\/?s={search_term_string}\"},\"query-input\":{\"@type\":\"PropertyValueSpecification\",\"valueRequired\":true,\"valueName\":\"search_term_string\"}}],\"inLanguage\":\"en-US\"}]}<\/script>\n<!-- \/ Yoast SEO plugin. -->","yoast_head_json":{"title":"Bosco-II - Concept 05 Design","robots":{"index":"index","follow":"follow","max-snippet":"max-snippet:-1","max-image-preview":"max-image-preview:large","max-video-preview":"max-video-preview:-1"},"canonical":"https:\/\/concept05design.com\/en\/produit\/bosco-ii\/","og_locale":"en_US","og_type":"article","og_title":"Bosco-II - Concept 05 Design","og_description":"Contemporary, ergonomic and comfortable, the Bosco Series freestanding bathtub in fiberglass-reinforced acrylic features clean, harmonious lines that invite you to relax. Designed in one piece with a non-porous surface, it is easy to clean and disinfect, and reinforced at the back with fiberglass.  &nbsp;","og_url":"https:\/\/concept05design.com\/en\/produit\/bosco-ii\/","og_site_name":"Concept 05 Design","article_modified_time":"2025-08-01T16:50:01+00:00","og_image":[{"width":600,"height":600,"url":"https:\/\/concept05design.com\/wp-content\/uploads\/2025\/07\/BOSCO-II.jpg","type":"image\/jpeg"}],"twitter_card":"summary_large_image","twitter_misc":{"Est. reading time":"1 minute"},"schema":{"@context":"https:\/\/schema.org","@graph":[{"@type":"WebPage","@id":"https:\/\/concept05design.com\/en\/produit\/bosco-ii\/","url":"https:\/\/concept05design.com\/en\/produit\/bosco-ii\/","name":"Bosco-II - Concept 05 Design","isPartOf":{"@id":"https:\/\/concept05design.com\/en\/#website"},"primaryImageOfPage":{"@id":"https:\/\/concept05design.com\/en\/produit\/bosco-ii\/#primaryimage"},"image":{"@id":"https:\/\/concept05design.com\/en\/produit\/bosco-ii\/#primaryimage"},"thumbnailUrl":"https:\/\/concept05design.com\/wp-content\/uploads\/2025\/07\/BOSCO-II.jpg","datePublished":"2025-07-28T20:04:58+00:00","dateModified":"2025-08-01T16:50:01+00:00","breadcrumb":{"@id":"https:\/\/concept05design.com\/en\/produit\/bosco-ii\/#breadcrumb"},"inLanguage":"en-US","potentialAction":[{"@type":"ReadAction","target":["https:\/\/concept05design.com\/en\/produit\/bosco-ii\/"]}]},{"@type":"ImageObject","inLanguage":"en-US","@id":"https:\/\/concept05design.com\/en\/produit\/bosco-ii\/#primaryimage","url":"https:\/\/concept05design.com\/wp-content\/uploads\/2025\/07\/BOSCO-II.jpg","contentUrl":"https:\/\/concept05design.com\/wp-content\/uploads\/2025\/07\/BOSCO-II.jpg","width":600,"height":600},{"@type":"BreadcrumbList","@id":"https:\/\/concept05design.com\/en\/produit\/bosco-ii\/#breadcrumb","itemListElement":[{"@type":"ListItem","position":1,"name":"Accueil","item":"https:\/\/concept05design.com\/en\/"},{"@type":"ListItem","position":2,"name":"Shop","item":"https:\/\/concept05design.com\/shop\/"},{"@type":"ListItem","position":3,"name":"Bosco-II"}]},{"@type":"WebSite","@id":"https:\/\/concept05design.com\/en\/#website","url":"https:\/\/concept05design.com\/en\/","name":"Concept 05 Design","description":"Du Concept \u00e0 la R\u00e9alit\u00e9 : Votre Vision, Notre Mission","potentialAction":[{"@type":"SearchAction","target":{"@type":"EntryPoint","urlTemplate":"https:\/\/concept05design.com\/en\/?s={search_term_string}"},"query-input":{"@type":"PropertyValueSpecification","valueRequired":true,"valueName":"search_term_string"}}],"inLanguage":"en-US"}]}},"_links":{"self":[{"href":"https:\/\/concept05design.com\/en\/wp-json\/wp\/v2\/product\/6307","targetHints":{"allow":["GET"]}}],"collection":[{"href":"https:\/\/concept05design.com\/en\/wp-json\/wp\/v2\/product"}],"about":[{"href":"https:\/\/concept05design.com\/en\/wp-json\/wp\/v2\/types\/product"}],"wp:featuredmedia":[{"embeddable":true,"href":"https:\/\/concept05design.com\/en\/wp-json\/wp\/v2\/media\/6304"}],"wp:attachment":[{"href":"https:\/\/concept05design.com\/en\/wp-json\/wp\/v2\/media?parent=6307"}],"wp:term":[{"taxonomy":"product_brand","embeddable":true,"href":"https:\/\/concept05design.com\/en\/wp-json\/wp\/v2\/product_brand?post=6307"},{"taxonomy":"product_cat","embeddable":true,"href":"https:\/\/concept05design.com\/en\/wp-json\/wp\/v2\/product_cat?post=6307"},{"taxonomy":"product_tag","embeddable":true,"href":"https:\/\/concept05design.com\/en\/wp-json\/wp\/v2\/product_tag?post=6307"}],"curies":[{"name":"wp","href":"https:\/\/api.w.org\/{rel}","templated":true}]}}