{"id":6320,"date":"2025-07-28T20:18:03","date_gmt":"2025-07-28T20:18:03","guid":{"rendered":"https:\/\/concept05design.com\/produit\/angela-li\/"},"modified":"2025-07-31T19:11:15","modified_gmt":"2025-07-31T19:11:15","slug":"angela-li","status":"publish","type":"product","link":"https:\/\/concept05design.com\/en\/produit\/angela-li\/","title":{"rendered":"Angela-LI"},"content":{"rendered":"<p data-start=\"407\" data-end=\"429\"><strong data-start=\"407\" data-end=\"427\">Features<\/strong><\/p>\n<ul data-start=\"430\" data-end=\"794\">\n<li data-start=\"430\" data-end=\"459\">\n<p data-start=\"432\" data-end=\"459\">Modern, refined design<\/p>\n<\/li>\n<li data-start=\"460\" data-end=\"497\">\n<p data-start=\"462\" data-end=\"497\">Corner or alcove installation<\/p>\n<\/li>\n<li data-start=\"498\" data-end=\"525\">\n<p data-start=\"500\" data-end=\"525\">Reversible system<\/p>\n<\/li>\n<li data-start=\"526\" data-end=\"577\">\n<p data-start=\"528\" data-end=\"577\">Material: Fiberglass-reinforced acrylic<\/p>\n<\/li>\n<li data-start=\"578\" data-end=\"662\">\n<p data-start=\"580\" data-end=\"662\">Aluminum tile edges included (2 x 36&#8221; edges and 1 x 60&#8221; edge)<\/p>\n<\/li>\n<li data-start=\"663\" data-end=\"757\">\n<p data-start=\"665\" data-end=\"757\">Linear drain cover not included (Compatible with: Grille-BK, Grille-GD, Grille-SS)<\/p>\n<\/li>\n<li data-start=\"758\" data-end=\"772\">\n<p data-start=\"760\" data-end=\"772\">Smooth bottom<\/p>\n<\/li>\n<li data-start=\"773\" data-end=\"794\">\n<p data-start=\"775\" data-end=\"794\">Gloss white finish<\/p>\n<\/li>\n<\/ul>\n<p data-start=\"796\" data-end=\"811\"><strong data-start=\"796\" data-end=\"809\">Important<\/strong><\/p>\n<ul data-start=\"812\" data-end=\"931\">\n<li data-start=\"812\" data-end=\"851\">\n<p data-start=\"814\" data-end=\"851\">Maximum weight capacity: 150 kg<\/p>\n<\/li>\n<li data-start=\"852\" data-end=\"931\">\n<p data-start=\"854\" data-end=\"931\">Floor structure must support a load of 50 lb\/ft\u00b2 (244 kg\/m\u00b2)<\/p>\n<\/li>\n<\/ul>\n<p data-start=\"933\" data-end=\"953\"><strong data-start=\"933\" data-end=\"951\">Specifications<\/strong><\/p>\n<ul data-start=\"954\" data-end=\"1124\" data-is-last-node=\"\" data-is-only-node=\"\">\n<li data-start=\"954\" data-end=\"1043\">\n<p data-start=\"956\" data-end=\"1043\">Other options available: Angela-R, Angela-L, Anais3660-R, Anais3660-L, Apollo3660<\/p>\n<\/li>\n<li data-start=\"1044\" data-end=\"1069\">\n<p data-start=\"1046\" data-end=\"1069\">CUPC and CSA certified<\/p>\n<\/li>\n<li data-start=\"1070\" data-end=\"1124\" data-is-last-node=\"\">\n<p data-start=\"1072\" data-end=\"1124\" data-is-last-node=\"\">10-year warranty against manufacturing defects<\/p>\n<\/li>\n<\/ul>\n","protected":false},"excerpt":{"rendered":"<p data-start=\"0\" data-end=\"405\">This white rectangular shower base is designed for corner or alcove installation. Measuring 36&#8243; x 60&#8243;, <strong data-start=\"147\" data-end=\"160\">ANGELA-LI<\/strong> is made of fiberglass-reinforced acrylic and includes two integrated acrylic tile flanges to simplify installation. Complete your new shower by adding glass doors available from our selection!  <\/p>\n<p data-start=\"407\" data-end=\"429\"><img decoding=\"async\" class=\"alignnone wp-image-6316\" src=\"https:\/\/concept05design.com\/wp-content\/uploads\/2025\/07\/Untitled-79-300x211.png\" alt=\"\" width=\"388\" height=\"273\" srcset=\"https:\/\/concept05design.com\/wp-content\/uploads\/2025\/07\/Untitled-79-200x141.png 200w, https:\/\/concept05design.com\/wp-content\/uploads\/2025\/07\/Untitled-79-300x211.png 300w, https:\/\/concept05design.com\/wp-content\/uploads\/2025\/07\/Untitled-79-400x281.png 400w, https:\/\/concept05design.com\/wp-content\/uploads\/2025\/07\/Untitled-79-500x351.png 500w, https:\/\/concept05design.com\/wp-content\/uploads\/2025\/07\/Untitled-79-600x422.png 600w, https:\/\/concept05design.com\/wp-content\/uploads\/2025\/07\/Untitled-79.png 700w\" sizes=\"(max-width: 388px) 100vw, 388px\" \/><\/p>\n","protected":false},"featured_media":6319,"template":"","meta":[],"product_brand":[],"product_cat":[418,454],"product_tag":[],"class_list":{"0":"post-6320","1":"product","2":"type-product","3":"status-publish","4":"has-post-thumbnail","6":"product_cat-bathroom","7":"product_cat-shower-en","9":"first","10":"instock","11":"shipping-taxable","12":"product-type-simple"},"yoast_head":"<!-- This site is optimized with the Yoast SEO plugin v27.4 - https:\/\/yoast.com\/product\/yoast-seo-wordpress\/ -->\n<title>Angela-LI - Concept 05 Design<\/title>\n<meta name=\"robots\" content=\"index, follow, max-snippet:-1, max-image-preview:large, max-video-preview:-1\" \/>\n<link rel=\"canonical\" href=\"https:\/\/concept05design.com\/en\/produit\/angela-li\/\" \/>\n<meta property=\"og:locale\" content=\"en_US\" \/>\n<meta property=\"og:type\" content=\"article\" \/>\n<meta property=\"og:title\" content=\"Angela-LI - Concept 05 Design\" \/>\n<meta property=\"og:description\" content=\"This white rectangular shower base is designed for corner or alcove installation. Measuring 36&quot; x 60&quot;, ANGELA-LI is made of fiberglass-reinforced acrylic and includes two integrated acrylic tile flanges to simplify installation. Complete your new shower by adding glass doors available from our selection!\" \/>\n<meta property=\"og:url\" content=\"https:\/\/concept05design.com\/en\/produit\/angela-li\/\" \/>\n<meta property=\"og:site_name\" content=\"Concept 05 Design\" \/>\n<meta property=\"article:modified_time\" content=\"2025-07-31T19:11:15+00:00\" \/>\n<meta property=\"og:image\" content=\"https:\/\/concept05design.com\/wp-content\/uploads\/2025\/07\/ANGELA-LI_06536dd0-8aa2-4ed5-8704-7c80f6bf5331.webp\" \/>\n\t<meta property=\"og:image:width\" content=\"600\" \/>\n\t<meta property=\"og:image:height\" content=\"600\" \/>\n\t<meta property=\"og:image:type\" content=\"image\/webp\" \/>\n<meta name=\"twitter:card\" content=\"summary_large_image\" \/>\n<script type=\"application\/ld+json\" class=\"yoast-schema-graph\">{\"@context\":\"https:\\\/\\\/schema.org\",\"@graph\":[{\"@type\":\"WebPage\",\"@id\":\"https:\\\/\\\/concept05design.com\\\/en\\\/produit\\\/angela-li\\\/\",\"url\":\"https:\\\/\\\/concept05design.com\\\/en\\\/produit\\\/angela-li\\\/\",\"name\":\"Angela-LI - Concept 05 Design\",\"isPartOf\":{\"@id\":\"https:\\\/\\\/concept05design.com\\\/en\\\/#website\"},\"primaryImageOfPage\":{\"@id\":\"https:\\\/\\\/concept05design.com\\\/en\\\/produit\\\/angela-li\\\/#primaryimage\"},\"image\":{\"@id\":\"https:\\\/\\\/concept05design.com\\\/en\\\/produit\\\/angela-li\\\/#primaryimage\"},\"thumbnailUrl\":\"https:\\\/\\\/concept05design.com\\\/wp-content\\\/uploads\\\/2025\\\/07\\\/ANGELA-LI_06536dd0-8aa2-4ed5-8704-7c80f6bf5331.webp\",\"datePublished\":\"2025-07-28T20:18:03+00:00\",\"dateModified\":\"2025-07-31T19:11:15+00:00\",\"breadcrumb\":{\"@id\":\"https:\\\/\\\/concept05design.com\\\/en\\\/produit\\\/angela-li\\\/#breadcrumb\"},\"inLanguage\":\"en-US\",\"potentialAction\":[{\"@type\":\"ReadAction\",\"target\":[\"https:\\\/\\\/concept05design.com\\\/en\\\/produit\\\/angela-li\\\/\"]}]},{\"@type\":\"ImageObject\",\"inLanguage\":\"en-US\",\"@id\":\"https:\\\/\\\/concept05design.com\\\/en\\\/produit\\\/angela-li\\\/#primaryimage\",\"url\":\"https:\\\/\\\/concept05design.com\\\/wp-content\\\/uploads\\\/2025\\\/07\\\/ANGELA-LI_06536dd0-8aa2-4ed5-8704-7c80f6bf5331.webp\",\"contentUrl\":\"https:\\\/\\\/concept05design.com\\\/wp-content\\\/uploads\\\/2025\\\/07\\\/ANGELA-LI_06536dd0-8aa2-4ed5-8704-7c80f6bf5331.webp\",\"width\":600,\"height\":600},{\"@type\":\"BreadcrumbList\",\"@id\":\"https:\\\/\\\/concept05design.com\\\/en\\\/produit\\\/angela-li\\\/#breadcrumb\",\"itemListElement\":[{\"@type\":\"ListItem\",\"position\":1,\"name\":\"Accueil\",\"item\":\"https:\\\/\\\/concept05design.com\\\/en\\\/\"},{\"@type\":\"ListItem\",\"position\":2,\"name\":\"Shop\",\"item\":\"https:\\\/\\\/concept05design.com\\\/shop\\\/\"},{\"@type\":\"ListItem\",\"position\":3,\"name\":\"Angela-LI\"}]},{\"@type\":\"WebSite\",\"@id\":\"https:\\\/\\\/concept05design.com\\\/en\\\/#website\",\"url\":\"https:\\\/\\\/concept05design.com\\\/en\\\/\",\"name\":\"Concept 05 Design\",\"description\":\"Du Concept \u00e0 la R\u00e9alit\u00e9 : Votre Vision, Notre Mission\",\"potentialAction\":[{\"@type\":\"SearchAction\",\"target\":{\"@type\":\"EntryPoint\",\"urlTemplate\":\"https:\\\/\\\/concept05design.com\\\/en\\\/?s={search_term_string}\"},\"query-input\":{\"@type\":\"PropertyValueSpecification\",\"valueRequired\":true,\"valueName\":\"search_term_string\"}}],\"inLanguage\":\"en-US\"}]}<\/script>\n<!-- \/ Yoast SEO plugin. -->","yoast_head_json":{"title":"Angela-LI - Concept 05 Design","robots":{"index":"index","follow":"follow","max-snippet":"max-snippet:-1","max-image-preview":"max-image-preview:large","max-video-preview":"max-video-preview:-1"},"canonical":"https:\/\/concept05design.com\/en\/produit\/angela-li\/","og_locale":"en_US","og_type":"article","og_title":"Angela-LI - Concept 05 Design","og_description":"This white rectangular shower base is designed for corner or alcove installation. Measuring 36\" x 60\", ANGELA-LI is made of fiberglass-reinforced acrylic and includes two integrated acrylic tile flanges to simplify installation. Complete your new shower by adding glass doors available from our selection!","og_url":"https:\/\/concept05design.com\/en\/produit\/angela-li\/","og_site_name":"Concept 05 Design","article_modified_time":"2025-07-31T19:11:15+00:00","og_image":[{"width":600,"height":600,"url":"https:\/\/concept05design.com\/wp-content\/uploads\/2025\/07\/ANGELA-LI_06536dd0-8aa2-4ed5-8704-7c80f6bf5331.webp","type":"image\/webp"}],"twitter_card":"summary_large_image","schema":{"@context":"https:\/\/schema.org","@graph":[{"@type":"WebPage","@id":"https:\/\/concept05design.com\/en\/produit\/angela-li\/","url":"https:\/\/concept05design.com\/en\/produit\/angela-li\/","name":"Angela-LI - Concept 05 Design","isPartOf":{"@id":"https:\/\/concept05design.com\/en\/#website"},"primaryImageOfPage":{"@id":"https:\/\/concept05design.com\/en\/produit\/angela-li\/#primaryimage"},"image":{"@id":"https:\/\/concept05design.com\/en\/produit\/angela-li\/#primaryimage"},"thumbnailUrl":"https:\/\/concept05design.com\/wp-content\/uploads\/2025\/07\/ANGELA-LI_06536dd0-8aa2-4ed5-8704-7c80f6bf5331.webp","datePublished":"2025-07-28T20:18:03+00:00","dateModified":"2025-07-31T19:11:15+00:00","breadcrumb":{"@id":"https:\/\/concept05design.com\/en\/produit\/angela-li\/#breadcrumb"},"inLanguage":"en-US","potentialAction":[{"@type":"ReadAction","target":["https:\/\/concept05design.com\/en\/produit\/angela-li\/"]}]},{"@type":"ImageObject","inLanguage":"en-US","@id":"https:\/\/concept05design.com\/en\/produit\/angela-li\/#primaryimage","url":"https:\/\/concept05design.com\/wp-content\/uploads\/2025\/07\/ANGELA-LI_06536dd0-8aa2-4ed5-8704-7c80f6bf5331.webp","contentUrl":"https:\/\/concept05design.com\/wp-content\/uploads\/2025\/07\/ANGELA-LI_06536dd0-8aa2-4ed5-8704-7c80f6bf5331.webp","width":600,"height":600},{"@type":"BreadcrumbList","@id":"https:\/\/concept05design.com\/en\/produit\/angela-li\/#breadcrumb","itemListElement":[{"@type":"ListItem","position":1,"name":"Accueil","item":"https:\/\/concept05design.com\/en\/"},{"@type":"ListItem","position":2,"name":"Shop","item":"https:\/\/concept05design.com\/shop\/"},{"@type":"ListItem","position":3,"name":"Angela-LI"}]},{"@type":"WebSite","@id":"https:\/\/concept05design.com\/en\/#website","url":"https:\/\/concept05design.com\/en\/","name":"Concept 05 Design","description":"Du Concept \u00e0 la R\u00e9alit\u00e9 : Votre Vision, Notre Mission","potentialAction":[{"@type":"SearchAction","target":{"@type":"EntryPoint","urlTemplate":"https:\/\/concept05design.com\/en\/?s={search_term_string}"},"query-input":{"@type":"PropertyValueSpecification","valueRequired":true,"valueName":"search_term_string"}}],"inLanguage":"en-US"}]}},"_links":{"self":[{"href":"https:\/\/concept05design.com\/en\/wp-json\/wp\/v2\/product\/6320","targetHints":{"allow":["GET"]}}],"collection":[{"href":"https:\/\/concept05design.com\/en\/wp-json\/wp\/v2\/product"}],"about":[{"href":"https:\/\/concept05design.com\/en\/wp-json\/wp\/v2\/types\/product"}],"wp:featuredmedia":[{"embeddable":true,"href":"https:\/\/concept05design.com\/en\/wp-json\/wp\/v2\/media\/6319"}],"wp:attachment":[{"href":"https:\/\/concept05design.com\/en\/wp-json\/wp\/v2\/media?parent=6320"}],"wp:term":[{"taxonomy":"product_brand","embeddable":true,"href":"https:\/\/concept05design.com\/en\/wp-json\/wp\/v2\/product_brand?post=6320"},{"taxonomy":"product_cat","embeddable":true,"href":"https:\/\/concept05design.com\/en\/wp-json\/wp\/v2\/product_cat?post=6320"},{"taxonomy":"product_tag","embeddable":true,"href":"https:\/\/concept05design.com\/en\/wp-json\/wp\/v2\/product_tag?post=6320"}],"curies":[{"name":"wp","href":"https:\/\/api.w.org\/{rel}","templated":true}]}}