{"id":6332,"date":"2025-07-28T20:24:17","date_gmt":"2025-07-28T20:24:17","guid":{"rendered":"https:\/\/concept05design.com\/produit\/base36x36-z\/"},"modified":"2025-07-31T19:03:31","modified_gmt":"2025-07-31T19:03:31","slug":"base36x36-z","status":"publish","type":"product","link":"https:\/\/concept05design.com\/en\/produit\/base36x36-z\/","title":{"rendered":"Base36x36-Z"},"content":{"rendered":"<p data-start=\"388\" data-end=\"410\"><strong data-start=\"388\" data-end=\"408\">Features<\/strong><\/p>\n<ul data-start=\"411\" data-end=\"638\">\n<li data-start=\"411\" data-end=\"437\">\n<p data-start=\"413\" data-end=\"437\">Alcove installation<\/p>\n<\/li>\n<li data-start=\"438\" data-end=\"489\">\n<p data-start=\"440\" data-end=\"489\">Material: Fiberglass-reinforced acrylic<\/p>\n<\/li>\n<li data-start=\"490\" data-end=\"538\">\n<p data-start=\"492\" data-end=\"538\">Integrated tile edging (acrylic)<\/p>\n<\/li>\n<li data-start=\"539\" data-end=\"568\">\n<p data-start=\"541\" data-end=\"568\">Standard drain not included<\/p>\n<\/li>\n<li data-start=\"569\" data-end=\"599\">\n<p data-start=\"571\" data-end=\"599\">Drain position: Center<\/p>\n<\/li>\n<li data-start=\"600\" data-end=\"616\">\n<p data-start=\"602\" data-end=\"616\">Textured background<\/p>\n<\/li>\n<li data-start=\"617\" data-end=\"638\">\n<p data-start=\"619\" data-end=\"638\">Gloss white finish<\/p>\n<\/li>\n<\/ul>\n<p data-start=\"640\" data-end=\"660\"><strong data-start=\"640\" data-end=\"658\">Specifications<\/strong><\/p>\n<ul data-start=\"661\" data-end=\"800\" data-is-last-node=\"\" data-is-only-node=\"\">\n<li data-start=\"661\" data-end=\"719\">\n<p data-start=\"663\" data-end=\"719\">Other options available: Base3636-Z, Base-Adonis36<\/p>\n<\/li>\n<li data-start=\"720\" data-end=\"745\">\n<p data-start=\"722\" data-end=\"745\">CUPC and CSA certified<\/p>\n<\/li>\n<li data-start=\"746\" data-end=\"800\" data-is-last-node=\"\">\n<p data-start=\"748\" data-end=\"800\" data-is-last-node=\"\">10-year warranty against manufacturing defects<\/p>\n<\/li>\n<\/ul>\n","protected":false},"excerpt":{"rendered":"<p>This white square shower base is designed for corner installation. Measuring 36&#8243; x 36&#8243;, <strong data-start=\"127\" data-end=\"142\">BASE36X36-Z<\/strong> is made of fiberglass-reinforced acrylic and includes two integrated acrylic tile flanges to simplify installation. Complete your new shower by adding glass doors available in our selection!  <\/p>\n<p>&nbsp;<\/p>\n<p><img decoding=\"async\" class=\"alignnone wp-image-6328\" src=\"https:\/\/concept05design.com\/wp-content\/uploads\/2025\/07\/Untitled-81-300x282.png\" alt=\"\" width=\"327\" height=\"307\" srcset=\"https:\/\/concept05design.com\/wp-content\/uploads\/2025\/07\/Untitled-81-200x188.png 200w, https:\/\/concept05design.com\/wp-content\/uploads\/2025\/07\/Untitled-81-300x282.png 300w, https:\/\/concept05design.com\/wp-content\/uploads\/2025\/07\/Untitled-81-400x375.png 400w, https:\/\/concept05design.com\/wp-content\/uploads\/2025\/07\/Untitled-81.png 439w\" sizes=\"(max-width: 327px) 100vw, 327px\" \/><\/p>\n","protected":false},"featured_media":6331,"template":"","meta":[],"product_brand":[],"product_cat":[418,454],"product_tag":[],"class_list":{"0":"post-6332","1":"product","2":"type-product","3":"status-publish","4":"has-post-thumbnail","6":"product_cat-bathroom","7":"product_cat-shower-en","9":"first","10":"instock","11":"shipping-taxable","12":"product-type-simple"},"yoast_head":"<!-- This site is optimized with the Yoast SEO plugin v27.4 - https:\/\/yoast.com\/product\/yoast-seo-wordpress\/ -->\n<title>Base36x36-Z - Concept 05 Design<\/title>\n<meta name=\"robots\" content=\"index, follow, max-snippet:-1, max-image-preview:large, max-video-preview:-1\" \/>\n<link rel=\"canonical\" href=\"https:\/\/concept05design.com\/en\/produit\/base36x36-z\/\" \/>\n<meta property=\"og:locale\" content=\"en_US\" \/>\n<meta property=\"og:type\" content=\"article\" \/>\n<meta property=\"og:title\" content=\"Base36x36-Z - Concept 05 Design\" \/>\n<meta property=\"og:description\" content=\"This white square shower base is designed for corner installation. Measuring 36&quot; x 36&quot;, BASE36X36-Z is made of fiberglass-reinforced acrylic and includes two integrated acrylic tile flanges to simplify installation. Complete your new shower by adding glass doors available in our selection!  &nbsp;\" \/>\n<meta property=\"og:url\" content=\"https:\/\/concept05design.com\/en\/produit\/base36x36-z\/\" \/>\n<meta property=\"og:site_name\" content=\"Concept 05 Design\" \/>\n<meta property=\"article:modified_time\" content=\"2025-07-31T19:03:31+00:00\" \/>\n<meta property=\"og:image\" content=\"https:\/\/concept05design.com\/wp-content\/uploads\/2025\/07\/BASE36X36-Z.webp\" \/>\n\t<meta property=\"og:image:width\" content=\"600\" \/>\n\t<meta property=\"og:image:height\" content=\"600\" \/>\n\t<meta property=\"og:image:type\" content=\"image\/webp\" \/>\n<meta name=\"twitter:card\" content=\"summary_large_image\" \/>\n<script type=\"application\/ld+json\" class=\"yoast-schema-graph\">{\"@context\":\"https:\\\/\\\/schema.org\",\"@graph\":[{\"@type\":\"WebPage\",\"@id\":\"https:\\\/\\\/concept05design.com\\\/en\\\/produit\\\/base36x36-z\\\/\",\"url\":\"https:\\\/\\\/concept05design.com\\\/en\\\/produit\\\/base36x36-z\\\/\",\"name\":\"Base36x36-Z - Concept 05 Design\",\"isPartOf\":{\"@id\":\"https:\\\/\\\/concept05design.com\\\/en\\\/#website\"},\"primaryImageOfPage\":{\"@id\":\"https:\\\/\\\/concept05design.com\\\/en\\\/produit\\\/base36x36-z\\\/#primaryimage\"},\"image\":{\"@id\":\"https:\\\/\\\/concept05design.com\\\/en\\\/produit\\\/base36x36-z\\\/#primaryimage\"},\"thumbnailUrl\":\"https:\\\/\\\/concept05design.com\\\/wp-content\\\/uploads\\\/2025\\\/07\\\/BASE36X36-Z.webp\",\"datePublished\":\"2025-07-28T20:24:17+00:00\",\"dateModified\":\"2025-07-31T19:03:31+00:00\",\"breadcrumb\":{\"@id\":\"https:\\\/\\\/concept05design.com\\\/en\\\/produit\\\/base36x36-z\\\/#breadcrumb\"},\"inLanguage\":\"en-US\",\"potentialAction\":[{\"@type\":\"ReadAction\",\"target\":[\"https:\\\/\\\/concept05design.com\\\/en\\\/produit\\\/base36x36-z\\\/\"]}]},{\"@type\":\"ImageObject\",\"inLanguage\":\"en-US\",\"@id\":\"https:\\\/\\\/concept05design.com\\\/en\\\/produit\\\/base36x36-z\\\/#primaryimage\",\"url\":\"https:\\\/\\\/concept05design.com\\\/wp-content\\\/uploads\\\/2025\\\/07\\\/BASE36X36-Z.webp\",\"contentUrl\":\"https:\\\/\\\/concept05design.com\\\/wp-content\\\/uploads\\\/2025\\\/07\\\/BASE36X36-Z.webp\",\"width\":600,\"height\":600},{\"@type\":\"BreadcrumbList\",\"@id\":\"https:\\\/\\\/concept05design.com\\\/en\\\/produit\\\/base36x36-z\\\/#breadcrumb\",\"itemListElement\":[{\"@type\":\"ListItem\",\"position\":1,\"name\":\"Accueil\",\"item\":\"https:\\\/\\\/concept05design.com\\\/en\\\/\"},{\"@type\":\"ListItem\",\"position\":2,\"name\":\"Shop\",\"item\":\"https:\\\/\\\/concept05design.com\\\/shop\\\/\"},{\"@type\":\"ListItem\",\"position\":3,\"name\":\"Base36x36-Z\"}]},{\"@type\":\"WebSite\",\"@id\":\"https:\\\/\\\/concept05design.com\\\/en\\\/#website\",\"url\":\"https:\\\/\\\/concept05design.com\\\/en\\\/\",\"name\":\"Concept 05 Design\",\"description\":\"Du Concept \u00e0 la R\u00e9alit\u00e9 : Votre Vision, Notre Mission\",\"potentialAction\":[{\"@type\":\"SearchAction\",\"target\":{\"@type\":\"EntryPoint\",\"urlTemplate\":\"https:\\\/\\\/concept05design.com\\\/en\\\/?s={search_term_string}\"},\"query-input\":{\"@type\":\"PropertyValueSpecification\",\"valueRequired\":true,\"valueName\":\"search_term_string\"}}],\"inLanguage\":\"en-US\"}]}<\/script>\n<!-- \/ Yoast SEO plugin. -->","yoast_head_json":{"title":"Base36x36-Z - Concept 05 Design","robots":{"index":"index","follow":"follow","max-snippet":"max-snippet:-1","max-image-preview":"max-image-preview:large","max-video-preview":"max-video-preview:-1"},"canonical":"https:\/\/concept05design.com\/en\/produit\/base36x36-z\/","og_locale":"en_US","og_type":"article","og_title":"Base36x36-Z - Concept 05 Design","og_description":"This white square shower base is designed for corner installation. Measuring 36\" x 36\", BASE36X36-Z is made of fiberglass-reinforced acrylic and includes two integrated acrylic tile flanges to simplify installation. Complete your new shower by adding glass doors available in our selection!  &nbsp;","og_url":"https:\/\/concept05design.com\/en\/produit\/base36x36-z\/","og_site_name":"Concept 05 Design","article_modified_time":"2025-07-31T19:03:31+00:00","og_image":[{"width":600,"height":600,"url":"https:\/\/concept05design.com\/wp-content\/uploads\/2025\/07\/BASE36X36-Z.webp","type":"image\/webp"}],"twitter_card":"summary_large_image","schema":{"@context":"https:\/\/schema.org","@graph":[{"@type":"WebPage","@id":"https:\/\/concept05design.com\/en\/produit\/base36x36-z\/","url":"https:\/\/concept05design.com\/en\/produit\/base36x36-z\/","name":"Base36x36-Z - Concept 05 Design","isPartOf":{"@id":"https:\/\/concept05design.com\/en\/#website"},"primaryImageOfPage":{"@id":"https:\/\/concept05design.com\/en\/produit\/base36x36-z\/#primaryimage"},"image":{"@id":"https:\/\/concept05design.com\/en\/produit\/base36x36-z\/#primaryimage"},"thumbnailUrl":"https:\/\/concept05design.com\/wp-content\/uploads\/2025\/07\/BASE36X36-Z.webp","datePublished":"2025-07-28T20:24:17+00:00","dateModified":"2025-07-31T19:03:31+00:00","breadcrumb":{"@id":"https:\/\/concept05design.com\/en\/produit\/base36x36-z\/#breadcrumb"},"inLanguage":"en-US","potentialAction":[{"@type":"ReadAction","target":["https:\/\/concept05design.com\/en\/produit\/base36x36-z\/"]}]},{"@type":"ImageObject","inLanguage":"en-US","@id":"https:\/\/concept05design.com\/en\/produit\/base36x36-z\/#primaryimage","url":"https:\/\/concept05design.com\/wp-content\/uploads\/2025\/07\/BASE36X36-Z.webp","contentUrl":"https:\/\/concept05design.com\/wp-content\/uploads\/2025\/07\/BASE36X36-Z.webp","width":600,"height":600},{"@type":"BreadcrumbList","@id":"https:\/\/concept05design.com\/en\/produit\/base36x36-z\/#breadcrumb","itemListElement":[{"@type":"ListItem","position":1,"name":"Accueil","item":"https:\/\/concept05design.com\/en\/"},{"@type":"ListItem","position":2,"name":"Shop","item":"https:\/\/concept05design.com\/shop\/"},{"@type":"ListItem","position":3,"name":"Base36x36-Z"}]},{"@type":"WebSite","@id":"https:\/\/concept05design.com\/en\/#website","url":"https:\/\/concept05design.com\/en\/","name":"Concept 05 Design","description":"Du Concept \u00e0 la R\u00e9alit\u00e9 : Votre Vision, Notre Mission","potentialAction":[{"@type":"SearchAction","target":{"@type":"EntryPoint","urlTemplate":"https:\/\/concept05design.com\/en\/?s={search_term_string}"},"query-input":{"@type":"PropertyValueSpecification","valueRequired":true,"valueName":"search_term_string"}}],"inLanguage":"en-US"}]}},"_links":{"self":[{"href":"https:\/\/concept05design.com\/en\/wp-json\/wp\/v2\/product\/6332","targetHints":{"allow":["GET"]}}],"collection":[{"href":"https:\/\/concept05design.com\/en\/wp-json\/wp\/v2\/product"}],"about":[{"href":"https:\/\/concept05design.com\/en\/wp-json\/wp\/v2\/types\/product"}],"wp:featuredmedia":[{"embeddable":true,"href":"https:\/\/concept05design.com\/en\/wp-json\/wp\/v2\/media\/6331"}],"wp:attachment":[{"href":"https:\/\/concept05design.com\/en\/wp-json\/wp\/v2\/media?parent=6332"}],"wp:term":[{"taxonomy":"product_brand","embeddable":true,"href":"https:\/\/concept05design.com\/en\/wp-json\/wp\/v2\/product_brand?post=6332"},{"taxonomy":"product_cat","embeddable":true,"href":"https:\/\/concept05design.com\/en\/wp-json\/wp\/v2\/product_cat?post=6332"},{"taxonomy":"product_tag","embeddable":true,"href":"https:\/\/concept05design.com\/en\/wp-json\/wp\/v2\/product_tag?post=6332"}],"curies":[{"name":"wp","href":"https:\/\/api.w.org\/{rel}","templated":true}]}}