{"id":6340,"date":"2025-07-28T20:32:26","date_gmt":"2025-07-28T20:32:26","guid":{"rendered":"https:\/\/concept05design.com\/produit\/aurelia\/"},"modified":"2025-07-31T18:56:59","modified_gmt":"2025-07-31T18:56:59","slug":"aurelia","status":"publish","type":"product","link":"https:\/\/concept05design.com\/en\/produit\/aurelia\/","title":{"rendered":"Aurelia"},"content":{"rendered":"<p data-start=\"0\" data-end=\"22\"><strong data-start=\"0\" data-end=\"20\">Features<\/strong><\/p>\n<ul data-start=\"23\" data-end=\"294\">\n<li data-start=\"23\" data-end=\"60\">\n<p data-start=\"25\" data-end=\"60\">Alcove or corner installation<\/p>\n<\/li>\n<li data-start=\"61\" data-end=\"81\">\n<p data-start=\"63\" data-end=\"81\">Textured surface<\/p>\n<\/li>\n<li data-start=\"82\" data-end=\"177\">\n<p data-start=\"84\" data-end=\"177\">Sturdy construction made from a blend of polyurethane resin and marble powder<\/p>\n<\/li>\n<li data-start=\"178\" data-end=\"234\">\n<p data-start=\"180\" data-end=\"234\">Aluminum tile rim kit included<\/p>\n<\/li>\n<li data-start=\"235\" data-end=\"260\">\n<p data-start=\"237\" data-end=\"260\">Standard drain included<\/p>\n<\/li>\n<li data-start=\"261\" data-end=\"294\">\n<p data-start=\"263\" data-end=\"294\">Drain position: off-center<\/p>\n<\/li>\n<\/ul>\n<p data-start=\"296\" data-end=\"311\"><strong data-start=\"296\" data-end=\"309\">Important<\/strong><\/p>\n<ul data-start=\"312\" data-end=\"462\">\n<li data-start=\"312\" data-end=\"371\">\n<p data-start=\"314\" data-end=\"371\">The product&#8217;s maximum load capacity is 150 kg.<\/p>\n<\/li>\n<li data-start=\"372\" data-end=\"462\">\n<p data-start=\"374\" data-end=\"462\">Floor structure must support a load of 50 lb per square foot (244 kg\/m\u00b2)<\/p>\n<\/li>\n<\/ul>\n<p data-start=\"464\" data-end=\"484\"><strong data-start=\"464\" data-end=\"482\">Specifications<\/strong><\/p>\n<ul data-start=\"485\" data-end=\"605\" data-is-last-node=\"\" data-is-only-node=\"\">\n<li data-start=\"485\" data-end=\"540\">\n<p data-start=\"487\" data-end=\"540\">5-year warranty against manufacturing defects<\/p>\n<\/li>\n<li data-start=\"541\" data-end=\"605\" data-is-last-node=\"\">\n<p data-start=\"543\" data-end=\"605\" data-is-last-node=\"\">Available in sizes: 32&#8243; x 60&#8243;, 36&#8243; x 48&#8243;, 36&#8243; x 60&#8243;, 36&#8243; x 72&#8243;.<\/p>\n<\/li>\n<\/ul>\n","protected":false},"excerpt":{"rendered":"<article class=\"text-token-text-primary w-full focus:outline-none scroll-mt-[calc(var(--header-height)+min(200px,max(70px,20svh)))]\" dir=\"auto\" tabindex=\"-1\" data-testid=\"conversation-turn-2\" data-scroll-anchor=\"true\" data-turn=\"assistant\">\n<div class=\"text-base my-auto mx-auto pb-10 [--thread-content-margin:--spacing(4)] @[37rem]:[--thread-content-margin:--spacing(6)] @[72rem]:[--thread-content-margin:--spacing(16)] px-(--thread-content-margin)\">\n<div class=\"[--thread-content-max-width:32rem] @[34rem]:[--thread-content-max-width:40rem] @[64rem]:[--thread-content-max-width:48rem] mx-auto max-w-(--thread-content-max-width) flex-1 group\/turn-messages focus-visible:outline-hidden relative flex w-full min-w-0 flex-col agent-turn\" tabindex=\"-1\">\n<div class=\"flex max-w-full flex-col grow\">\n<div class=\"min-h-8 text-message relative flex w-full flex-col items-end gap-2 text-start break-words whitespace-normal [.text-message+&amp;]:mt-5\" dir=\"auto\" data-message-author-role=\"assistant\" data-message-id=\"e331398c-3b05-4a32-8d14-3677ad2256e0\" data-message-model-slug=\"gpt-4o\">\n<div class=\"flex w-full flex-col gap-1 empty:hidden first:pt-[3px]\">\n<div class=\"markdown prose dark:prose-invert w-full break-words dark\">\n<ul data-start=\"33\" data-end=\"251\" data-is-last-node=\"\" data-is-only-node=\"\">\n<li data-start=\"33\" data-end=\"81\">\n<p data-start=\"35\" data-end=\"81\">Alcove installation, corner installation<\/p>\n<\/li>\n<li data-start=\"82\" data-end=\"171\">\n<p data-start=\"84\" data-end=\"171\">Sturdy construction with a blend of polyurethane resin and marble powder<\/p>\n<\/li>\n<li data-start=\"172\" data-end=\"227\">\n<p data-start=\"174\" data-end=\"227\">Aluminum tile flange kit included<\/p>\n<\/li>\n<li data-start=\"228\" data-end=\"251\" data-is-last-node=\"\">\n<p data-start=\"230\" data-end=\"251\" data-is-last-node=\"\">Standard drain included<\/p>\n<\/li>\n<\/ul>\n<p><img decoding=\"async\" class=\"alignnone wp-image-6338\" src=\"https:\/\/concept05design.com\/wp-content\/uploads\/2025\/07\/Untitled-82-300x213.png\" alt=\"\" width=\"351\" height=\"249\" srcset=\"https:\/\/concept05design.com\/wp-content\/uploads\/2025\/07\/Untitled-82-200x142.png 200w, https:\/\/concept05design.com\/wp-content\/uploads\/2025\/07\/Untitled-82-300x214.png 300w, https:\/\/concept05design.com\/wp-content\/uploads\/2025\/07\/Untitled-82-400x284.png 400w, https:\/\/concept05design.com\/wp-content\/uploads\/2025\/07\/Untitled-82-500x354.png 500w, https:\/\/concept05design.com\/wp-content\/uploads\/2025\/07\/Untitled-82-600x425.png 600w, https:\/\/concept05design.com\/wp-content\/uploads\/2025\/07\/Untitled-82.png 656w\" sizes=\"(max-width: 351px) 100vw, 351px\" \/><\/p>\n<\/div>\n<\/div>\n<\/div>\n<\/div>\n<div class=\"mx-[var(--mini-thread-content-inset)]\"><\/div>\n<\/div>\n<\/div>\n<\/article>\n","protected":false},"featured_media":6337,"template":"","meta":[],"product_brand":[],"product_cat":[418,454],"product_tag":[],"class_list":{"0":"post-6340","1":"product","2":"type-product","3":"status-publish","4":"has-post-thumbnail","6":"product_cat-bathroom","7":"product_cat-shower-en","9":"first","10":"instock","11":"shipping-taxable","12":"product-type-simple"},"yoast_head":"<!-- This site is optimized with the Yoast SEO plugin v27.4 - https:\/\/yoast.com\/product\/yoast-seo-wordpress\/ -->\n<title>Aurelia - Concept 05 Design<\/title>\n<meta name=\"robots\" content=\"index, follow, max-snippet:-1, max-image-preview:large, max-video-preview:-1\" \/>\n<link rel=\"canonical\" href=\"https:\/\/concept05design.com\/en\/produit\/aurelia\/\" \/>\n<meta property=\"og:locale\" content=\"en_US\" \/>\n<meta property=\"og:type\" content=\"article\" \/>\n<meta property=\"og:title\" content=\"Aurelia - Concept 05 Design\" \/>\n<meta property=\"og:description\" content=\"Alcove installation, corner installation   Sturdy construction with a blend of polyurethane resin and marble powder   Aluminum tile flange kit included   Standard drain included\" \/>\n<meta property=\"og:url\" content=\"https:\/\/concept05design.com\/en\/produit\/aurelia\/\" \/>\n<meta property=\"og:site_name\" content=\"Concept 05 Design\" \/>\n<meta property=\"article:modified_time\" content=\"2025-07-31T18:56:59+00:00\" \/>\n<meta property=\"og:image\" content=\"https:\/\/concept05design.com\/wp-content\/uploads\/2025\/07\/AURELIA-W.webp\" \/>\n\t<meta property=\"og:image:width\" content=\"600\" \/>\n\t<meta property=\"og:image:height\" content=\"600\" \/>\n\t<meta property=\"og:image:type\" content=\"image\/webp\" \/>\n<meta name=\"twitter:card\" content=\"summary_large_image\" \/>\n<script type=\"application\/ld+json\" class=\"yoast-schema-graph\">{\"@context\":\"https:\\\/\\\/schema.org\",\"@graph\":[{\"@type\":\"WebPage\",\"@id\":\"https:\\\/\\\/concept05design.com\\\/en\\\/produit\\\/aurelia\\\/\",\"url\":\"https:\\\/\\\/concept05design.com\\\/en\\\/produit\\\/aurelia\\\/\",\"name\":\"Aurelia - Concept 05 Design\",\"isPartOf\":{\"@id\":\"https:\\\/\\\/concept05design.com\\\/en\\\/#website\"},\"primaryImageOfPage\":{\"@id\":\"https:\\\/\\\/concept05design.com\\\/en\\\/produit\\\/aurelia\\\/#primaryimage\"},\"image\":{\"@id\":\"https:\\\/\\\/concept05design.com\\\/en\\\/produit\\\/aurelia\\\/#primaryimage\"},\"thumbnailUrl\":\"https:\\\/\\\/concept05design.com\\\/wp-content\\\/uploads\\\/2025\\\/07\\\/AURELIA-W.webp\",\"datePublished\":\"2025-07-28T20:32:26+00:00\",\"dateModified\":\"2025-07-31T18:56:59+00:00\",\"breadcrumb\":{\"@id\":\"https:\\\/\\\/concept05design.com\\\/en\\\/produit\\\/aurelia\\\/#breadcrumb\"},\"inLanguage\":\"en-US\",\"potentialAction\":[{\"@type\":\"ReadAction\",\"target\":[\"https:\\\/\\\/concept05design.com\\\/en\\\/produit\\\/aurelia\\\/\"]}]},{\"@type\":\"ImageObject\",\"inLanguage\":\"en-US\",\"@id\":\"https:\\\/\\\/concept05design.com\\\/en\\\/produit\\\/aurelia\\\/#primaryimage\",\"url\":\"https:\\\/\\\/concept05design.com\\\/wp-content\\\/uploads\\\/2025\\\/07\\\/AURELIA-W.webp\",\"contentUrl\":\"https:\\\/\\\/concept05design.com\\\/wp-content\\\/uploads\\\/2025\\\/07\\\/AURELIA-W.webp\",\"width\":600,\"height\":600},{\"@type\":\"BreadcrumbList\",\"@id\":\"https:\\\/\\\/concept05design.com\\\/en\\\/produit\\\/aurelia\\\/#breadcrumb\",\"itemListElement\":[{\"@type\":\"ListItem\",\"position\":1,\"name\":\"Accueil\",\"item\":\"https:\\\/\\\/concept05design.com\\\/en\\\/\"},{\"@type\":\"ListItem\",\"position\":2,\"name\":\"Shop\",\"item\":\"https:\\\/\\\/concept05design.com\\\/shop\\\/\"},{\"@type\":\"ListItem\",\"position\":3,\"name\":\"Aurelia\"}]},{\"@type\":\"WebSite\",\"@id\":\"https:\\\/\\\/concept05design.com\\\/en\\\/#website\",\"url\":\"https:\\\/\\\/concept05design.com\\\/en\\\/\",\"name\":\"Concept 05 Design\",\"description\":\"Du Concept \u00e0 la R\u00e9alit\u00e9 : Votre Vision, Notre Mission\",\"potentialAction\":[{\"@type\":\"SearchAction\",\"target\":{\"@type\":\"EntryPoint\",\"urlTemplate\":\"https:\\\/\\\/concept05design.com\\\/en\\\/?s={search_term_string}\"},\"query-input\":{\"@type\":\"PropertyValueSpecification\",\"valueRequired\":true,\"valueName\":\"search_term_string\"}}],\"inLanguage\":\"en-US\"}]}<\/script>\n<!-- \/ Yoast SEO plugin. -->","yoast_head_json":{"title":"Aurelia - Concept 05 Design","robots":{"index":"index","follow":"follow","max-snippet":"max-snippet:-1","max-image-preview":"max-image-preview:large","max-video-preview":"max-video-preview:-1"},"canonical":"https:\/\/concept05design.com\/en\/produit\/aurelia\/","og_locale":"en_US","og_type":"article","og_title":"Aurelia - Concept 05 Design","og_description":"Alcove installation, corner installation   Sturdy construction with a blend of polyurethane resin and marble powder   Aluminum tile flange kit included   Standard drain included","og_url":"https:\/\/concept05design.com\/en\/produit\/aurelia\/","og_site_name":"Concept 05 Design","article_modified_time":"2025-07-31T18:56:59+00:00","og_image":[{"width":600,"height":600,"url":"https:\/\/concept05design.com\/wp-content\/uploads\/2025\/07\/AURELIA-W.webp","type":"image\/webp"}],"twitter_card":"summary_large_image","schema":{"@context":"https:\/\/schema.org","@graph":[{"@type":"WebPage","@id":"https:\/\/concept05design.com\/en\/produit\/aurelia\/","url":"https:\/\/concept05design.com\/en\/produit\/aurelia\/","name":"Aurelia - Concept 05 Design","isPartOf":{"@id":"https:\/\/concept05design.com\/en\/#website"},"primaryImageOfPage":{"@id":"https:\/\/concept05design.com\/en\/produit\/aurelia\/#primaryimage"},"image":{"@id":"https:\/\/concept05design.com\/en\/produit\/aurelia\/#primaryimage"},"thumbnailUrl":"https:\/\/concept05design.com\/wp-content\/uploads\/2025\/07\/AURELIA-W.webp","datePublished":"2025-07-28T20:32:26+00:00","dateModified":"2025-07-31T18:56:59+00:00","breadcrumb":{"@id":"https:\/\/concept05design.com\/en\/produit\/aurelia\/#breadcrumb"},"inLanguage":"en-US","potentialAction":[{"@type":"ReadAction","target":["https:\/\/concept05design.com\/en\/produit\/aurelia\/"]}]},{"@type":"ImageObject","inLanguage":"en-US","@id":"https:\/\/concept05design.com\/en\/produit\/aurelia\/#primaryimage","url":"https:\/\/concept05design.com\/wp-content\/uploads\/2025\/07\/AURELIA-W.webp","contentUrl":"https:\/\/concept05design.com\/wp-content\/uploads\/2025\/07\/AURELIA-W.webp","width":600,"height":600},{"@type":"BreadcrumbList","@id":"https:\/\/concept05design.com\/en\/produit\/aurelia\/#breadcrumb","itemListElement":[{"@type":"ListItem","position":1,"name":"Accueil","item":"https:\/\/concept05design.com\/en\/"},{"@type":"ListItem","position":2,"name":"Shop","item":"https:\/\/concept05design.com\/shop\/"},{"@type":"ListItem","position":3,"name":"Aurelia"}]},{"@type":"WebSite","@id":"https:\/\/concept05design.com\/en\/#website","url":"https:\/\/concept05design.com\/en\/","name":"Concept 05 Design","description":"Du Concept \u00e0 la R\u00e9alit\u00e9 : Votre Vision, Notre Mission","potentialAction":[{"@type":"SearchAction","target":{"@type":"EntryPoint","urlTemplate":"https:\/\/concept05design.com\/en\/?s={search_term_string}"},"query-input":{"@type":"PropertyValueSpecification","valueRequired":true,"valueName":"search_term_string"}}],"inLanguage":"en-US"}]}},"_links":{"self":[{"href":"https:\/\/concept05design.com\/en\/wp-json\/wp\/v2\/product\/6340","targetHints":{"allow":["GET"]}}],"collection":[{"href":"https:\/\/concept05design.com\/en\/wp-json\/wp\/v2\/product"}],"about":[{"href":"https:\/\/concept05design.com\/en\/wp-json\/wp\/v2\/types\/product"}],"wp:featuredmedia":[{"embeddable":true,"href":"https:\/\/concept05design.com\/en\/wp-json\/wp\/v2\/media\/6337"}],"wp:attachment":[{"href":"https:\/\/concept05design.com\/en\/wp-json\/wp\/v2\/media?parent=6340"}],"wp:term":[{"taxonomy":"product_brand","embeddable":true,"href":"https:\/\/concept05design.com\/en\/wp-json\/wp\/v2\/product_brand?post=6340"},{"taxonomy":"product_cat","embeddable":true,"href":"https:\/\/concept05design.com\/en\/wp-json\/wp\/v2\/product_cat?post=6340"},{"taxonomy":"product_tag","embeddable":true,"href":"https:\/\/concept05design.com\/en\/wp-json\/wp\/v2\/product_tag?post=6340"}],"curies":[{"name":"wp","href":"https:\/\/api.w.org\/{rel}","templated":true}]}}