{"id":6355,"date":"2025-07-28T20:43:54","date_gmt":"2025-07-28T20:43:54","guid":{"rendered":"https:\/\/concept05design.com\/produit\/cld-48-ii\/"},"modified":"2025-07-31T18:45:13","modified_gmt":"2025-07-31T18:45:13","slug":"cld-48-ii","status":"publish","type":"product","link":"https:\/\/concept05design.com\/en\/produit\/cld-48-ii\/","title":{"rendered":"CLD-48-II"},"content":{"rendered":"<p data-start=\"473\" data-end=\"495\"><strong data-start=\"473\" data-end=\"493\">Features<\/strong><\/p>\n<ul data-start=\"496\" data-end=\"936\">\n<li data-start=\"496\" data-end=\"549\">\n<p data-start=\"498\" data-end=\"549\">48&#8243; sliding shower door in brushed brass<\/p>\n<\/li>\n<li data-start=\"550\" data-end=\"591\">\n<p data-start=\"552\" data-end=\"591\">High-quality castor system<\/p>\n<\/li>\n<li data-start=\"592\" data-end=\"665\">\n<p data-start=\"594\" data-end=\"665\">Inner display case locks open for easy cleaning<\/p>\n<\/li>\n<li data-start=\"666\" data-end=\"690\">\n<p data-start=\"668\" data-end=\"690\">8 mm tempered glass<\/p>\n<\/li>\n<li data-start=\"691\" data-end=\"733\">\n<p data-start=\"693\" data-end=\"733\">Seals between elements<\/p>\n<\/li>\n<li data-start=\"734\" data-end=\"792\">\n<p data-start=\"736\" data-end=\"792\">Aquapel glass treatment for easy maintenance<\/p>\n<\/li>\n<li data-start=\"793\" data-end=\"842\">\n<p data-start=\"795\" data-end=\"842\">High-quality stainless steel material<\/p>\n<\/li>\n<li data-start=\"843\" data-end=\"882\">\n<p data-start=\"845\" data-end=\"882\">Interior and exterior handles<\/p>\n<\/li>\n<li data-start=\"883\" data-end=\"913\">\n<p data-start=\"885\" data-end=\"913\">Reversible left \/ right<\/p>\n<\/li>\n<li data-start=\"914\" data-end=\"936\">\n<p data-start=\"916\" data-end=\"936\">Height: 78 3\/4<\/p>\n<\/li>\n<\/ul>\n<p data-start=\"938\" data-end=\"958\"><strong data-start=\"938\" data-end=\"956\">Specifications<\/strong><\/p>\n<ul data-start=\"959\" data-end=\"1213\">\n<li data-start=\"959\" data-end=\"1023\">\n<p data-start=\"961\" data-end=\"1023\">CLD-I version not compatible with CLD-II version<\/p>\n<\/li>\n<li data-start=\"1024\" data-end=\"1074\">\n<p data-start=\"1026\" data-end=\"1074\">Aquapel treatment lasts up to 5 years<\/p>\n<\/li>\n<li data-start=\"1075\" data-end=\"1131\">\n<p data-start=\"1077\" data-end=\"1131\">10-year warranty against manufacturing defects<\/p>\n<\/li>\n<li data-start=\"1132\" data-end=\"1213\">\n<p data-start=\"1134\" data-end=\"1213\">The selected model meets or exceeds the following requirements: CUPC and CSA<\/p>\n<\/li>\n<\/ul>\n","protected":false},"excerpt":{"rendered":"<p>Complete your bathroom with a contemporary shower. The sliding door is made of 8 mm tempered glass and treated with Aquapel for durability and ease of maintenance. The door features two large handles and high-quality stainless steel hardware. For a corner shower, the door can be accompanied by a 32&#8243; or 36&#8243; return panel.   <\/p>\n<p>&nbsp;<\/p>\n<p><img decoding=\"async\" class=\"alignnone wp-image-6353\" src=\"https:\/\/concept05design.com\/wp-content\/uploads\/2025\/07\/Untitled-83-300x292.png\" alt=\"\" width=\"398\" height=\"387\" srcset=\"https:\/\/concept05design.com\/wp-content\/uploads\/2025\/07\/Untitled-83-200x194.png 200w, https:\/\/concept05design.com\/wp-content\/uploads\/2025\/07\/Untitled-83-300x292.png 300w, https:\/\/concept05design.com\/wp-content\/uploads\/2025\/07\/Untitled-83-400x389.png 400w, https:\/\/concept05design.com\/wp-content\/uploads\/2025\/07\/Untitled-83.png 433w\" sizes=\"(max-width: 398px) 100vw, 398px\" \/><\/p>\n","protected":false},"featured_media":6344,"template":"","meta":[],"product_brand":[],"product_cat":[418,454],"product_tag":[],"class_list":{"0":"post-6355","1":"product","2":"type-product","3":"status-publish","4":"has-post-thumbnail","6":"product_cat-bathroom","7":"product_cat-shower-en","9":"first","10":"instock","11":"shipping-taxable","12":"product-type-simple"},"yoast_head":"<!-- This site is optimized with the Yoast SEO plugin v27.4 - https:\/\/yoast.com\/product\/yoast-seo-wordpress\/ -->\n<title>CLD-48-II - Concept 05 Design<\/title>\n<meta name=\"robots\" content=\"index, follow, max-snippet:-1, max-image-preview:large, max-video-preview:-1\" \/>\n<link rel=\"canonical\" href=\"https:\/\/concept05design.com\/en\/produit\/cld-48-ii\/\" \/>\n<meta property=\"og:locale\" content=\"en_US\" \/>\n<meta property=\"og:type\" content=\"article\" \/>\n<meta property=\"og:title\" content=\"CLD-48-II - Concept 05 Design\" \/>\n<meta property=\"og:description\" content=\"Complete your bathroom with a contemporary shower. The sliding door is made of 8 mm tempered glass and treated with Aquapel for durability and ease of maintenance. The door features two large handles and high-quality stainless steel hardware. For a corner shower, the door can be accompanied by a 32&quot; or 36&quot; return panel.   &nbsp;\" \/>\n<meta property=\"og:url\" content=\"https:\/\/concept05design.com\/en\/produit\/cld-48-ii\/\" \/>\n<meta property=\"og:site_name\" content=\"Concept 05 Design\" \/>\n<meta property=\"article:modified_time\" content=\"2025-07-31T18:45:13+00:00\" \/>\n<meta property=\"og:image\" content=\"https:\/\/concept05design.com\/wp-content\/uploads\/2025\/07\/CLD-48_28fa95cd-7633-4cc4-a0f9-d8535b54d70d.webp\" \/>\n\t<meta property=\"og:image:width\" content=\"600\" \/>\n\t<meta property=\"og:image:height\" content=\"600\" \/>\n\t<meta property=\"og:image:type\" content=\"image\/webp\" \/>\n<meta name=\"twitter:card\" content=\"summary_large_image\" \/>\n<script type=\"application\/ld+json\" class=\"yoast-schema-graph\">{\"@context\":\"https:\\\/\\\/schema.org\",\"@graph\":[{\"@type\":\"WebPage\",\"@id\":\"https:\\\/\\\/concept05design.com\\\/en\\\/produit\\\/cld-48-ii\\\/\",\"url\":\"https:\\\/\\\/concept05design.com\\\/en\\\/produit\\\/cld-48-ii\\\/\",\"name\":\"CLD-48-II - Concept 05 Design\",\"isPartOf\":{\"@id\":\"https:\\\/\\\/concept05design.com\\\/en\\\/#website\"},\"primaryImageOfPage\":{\"@id\":\"https:\\\/\\\/concept05design.com\\\/en\\\/produit\\\/cld-48-ii\\\/#primaryimage\"},\"image\":{\"@id\":\"https:\\\/\\\/concept05design.com\\\/en\\\/produit\\\/cld-48-ii\\\/#primaryimage\"},\"thumbnailUrl\":\"https:\\\/\\\/concept05design.com\\\/wp-content\\\/uploads\\\/2025\\\/07\\\/CLD-48_28fa95cd-7633-4cc4-a0f9-d8535b54d70d.webp\",\"datePublished\":\"2025-07-28T20:43:54+00:00\",\"dateModified\":\"2025-07-31T18:45:13+00:00\",\"breadcrumb\":{\"@id\":\"https:\\\/\\\/concept05design.com\\\/en\\\/produit\\\/cld-48-ii\\\/#breadcrumb\"},\"inLanguage\":\"en-US\",\"potentialAction\":[{\"@type\":\"ReadAction\",\"target\":[\"https:\\\/\\\/concept05design.com\\\/en\\\/produit\\\/cld-48-ii\\\/\"]}]},{\"@type\":\"ImageObject\",\"inLanguage\":\"en-US\",\"@id\":\"https:\\\/\\\/concept05design.com\\\/en\\\/produit\\\/cld-48-ii\\\/#primaryimage\",\"url\":\"https:\\\/\\\/concept05design.com\\\/wp-content\\\/uploads\\\/2025\\\/07\\\/CLD-48_28fa95cd-7633-4cc4-a0f9-d8535b54d70d.webp\",\"contentUrl\":\"https:\\\/\\\/concept05design.com\\\/wp-content\\\/uploads\\\/2025\\\/07\\\/CLD-48_28fa95cd-7633-4cc4-a0f9-d8535b54d70d.webp\",\"width\":600,\"height\":600},{\"@type\":\"BreadcrumbList\",\"@id\":\"https:\\\/\\\/concept05design.com\\\/en\\\/produit\\\/cld-48-ii\\\/#breadcrumb\",\"itemListElement\":[{\"@type\":\"ListItem\",\"position\":1,\"name\":\"Accueil\",\"item\":\"https:\\\/\\\/concept05design.com\\\/en\\\/\"},{\"@type\":\"ListItem\",\"position\":2,\"name\":\"Shop\",\"item\":\"https:\\\/\\\/concept05design.com\\\/shop\\\/\"},{\"@type\":\"ListItem\",\"position\":3,\"name\":\"CLD-48-II\"}]},{\"@type\":\"WebSite\",\"@id\":\"https:\\\/\\\/concept05design.com\\\/en\\\/#website\",\"url\":\"https:\\\/\\\/concept05design.com\\\/en\\\/\",\"name\":\"Concept 05 Design\",\"description\":\"Du Concept \u00e0 la R\u00e9alit\u00e9 : Votre Vision, Notre Mission\",\"potentialAction\":[{\"@type\":\"SearchAction\",\"target\":{\"@type\":\"EntryPoint\",\"urlTemplate\":\"https:\\\/\\\/concept05design.com\\\/en\\\/?s={search_term_string}\"},\"query-input\":{\"@type\":\"PropertyValueSpecification\",\"valueRequired\":true,\"valueName\":\"search_term_string\"}}],\"inLanguage\":\"en-US\"}]}<\/script>\n<!-- \/ Yoast SEO plugin. -->","yoast_head_json":{"title":"CLD-48-II - Concept 05 Design","robots":{"index":"index","follow":"follow","max-snippet":"max-snippet:-1","max-image-preview":"max-image-preview:large","max-video-preview":"max-video-preview:-1"},"canonical":"https:\/\/concept05design.com\/en\/produit\/cld-48-ii\/","og_locale":"en_US","og_type":"article","og_title":"CLD-48-II - Concept 05 Design","og_description":"Complete your bathroom with a contemporary shower. The sliding door is made of 8 mm tempered glass and treated with Aquapel for durability and ease of maintenance. The door features two large handles and high-quality stainless steel hardware. For a corner shower, the door can be accompanied by a 32\" or 36\" return panel.   &nbsp;","og_url":"https:\/\/concept05design.com\/en\/produit\/cld-48-ii\/","og_site_name":"Concept 05 Design","article_modified_time":"2025-07-31T18:45:13+00:00","og_image":[{"width":600,"height":600,"url":"https:\/\/concept05design.com\/wp-content\/uploads\/2025\/07\/CLD-48_28fa95cd-7633-4cc4-a0f9-d8535b54d70d.webp","type":"image\/webp"}],"twitter_card":"summary_large_image","schema":{"@context":"https:\/\/schema.org","@graph":[{"@type":"WebPage","@id":"https:\/\/concept05design.com\/en\/produit\/cld-48-ii\/","url":"https:\/\/concept05design.com\/en\/produit\/cld-48-ii\/","name":"CLD-48-II - Concept 05 Design","isPartOf":{"@id":"https:\/\/concept05design.com\/en\/#website"},"primaryImageOfPage":{"@id":"https:\/\/concept05design.com\/en\/produit\/cld-48-ii\/#primaryimage"},"image":{"@id":"https:\/\/concept05design.com\/en\/produit\/cld-48-ii\/#primaryimage"},"thumbnailUrl":"https:\/\/concept05design.com\/wp-content\/uploads\/2025\/07\/CLD-48_28fa95cd-7633-4cc4-a0f9-d8535b54d70d.webp","datePublished":"2025-07-28T20:43:54+00:00","dateModified":"2025-07-31T18:45:13+00:00","breadcrumb":{"@id":"https:\/\/concept05design.com\/en\/produit\/cld-48-ii\/#breadcrumb"},"inLanguage":"en-US","potentialAction":[{"@type":"ReadAction","target":["https:\/\/concept05design.com\/en\/produit\/cld-48-ii\/"]}]},{"@type":"ImageObject","inLanguage":"en-US","@id":"https:\/\/concept05design.com\/en\/produit\/cld-48-ii\/#primaryimage","url":"https:\/\/concept05design.com\/wp-content\/uploads\/2025\/07\/CLD-48_28fa95cd-7633-4cc4-a0f9-d8535b54d70d.webp","contentUrl":"https:\/\/concept05design.com\/wp-content\/uploads\/2025\/07\/CLD-48_28fa95cd-7633-4cc4-a0f9-d8535b54d70d.webp","width":600,"height":600},{"@type":"BreadcrumbList","@id":"https:\/\/concept05design.com\/en\/produit\/cld-48-ii\/#breadcrumb","itemListElement":[{"@type":"ListItem","position":1,"name":"Accueil","item":"https:\/\/concept05design.com\/en\/"},{"@type":"ListItem","position":2,"name":"Shop","item":"https:\/\/concept05design.com\/shop\/"},{"@type":"ListItem","position":3,"name":"CLD-48-II"}]},{"@type":"WebSite","@id":"https:\/\/concept05design.com\/en\/#website","url":"https:\/\/concept05design.com\/en\/","name":"Concept 05 Design","description":"Du Concept \u00e0 la R\u00e9alit\u00e9 : Votre Vision, Notre Mission","potentialAction":[{"@type":"SearchAction","target":{"@type":"EntryPoint","urlTemplate":"https:\/\/concept05design.com\/en\/?s={search_term_string}"},"query-input":{"@type":"PropertyValueSpecification","valueRequired":true,"valueName":"search_term_string"}}],"inLanguage":"en-US"}]}},"_links":{"self":[{"href":"https:\/\/concept05design.com\/en\/wp-json\/wp\/v2\/product\/6355","targetHints":{"allow":["GET"]}}],"collection":[{"href":"https:\/\/concept05design.com\/en\/wp-json\/wp\/v2\/product"}],"about":[{"href":"https:\/\/concept05design.com\/en\/wp-json\/wp\/v2\/types\/product"}],"wp:featuredmedia":[{"embeddable":true,"href":"https:\/\/concept05design.com\/en\/wp-json\/wp\/v2\/media\/6344"}],"wp:attachment":[{"href":"https:\/\/concept05design.com\/en\/wp-json\/wp\/v2\/media?parent=6355"}],"wp:term":[{"taxonomy":"product_brand","embeddable":true,"href":"https:\/\/concept05design.com\/en\/wp-json\/wp\/v2\/product_brand?post=6355"},{"taxonomy":"product_cat","embeddable":true,"href":"https:\/\/concept05design.com\/en\/wp-json\/wp\/v2\/product_cat?post=6355"},{"taxonomy":"product_tag","embeddable":true,"href":"https:\/\/concept05design.com\/en\/wp-json\/wp\/v2\/product_tag?post=6355"}],"curies":[{"name":"wp","href":"https:\/\/api.w.org\/{rel}","templated":true}]}}