{"id":6370,"date":"2025-07-28T20:54:20","date_gmt":"2025-07-28T20:54:20","guid":{"rendered":"https:\/\/concept05design.com\/produit\/thor\/"},"modified":"2025-07-28T20:55:15","modified_gmt":"2025-07-28T20:55:15","slug":"thor","status":"publish","type":"product","link":"https:\/\/concept05design.com\/en\/produit\/thor\/","title":{"rendered":"Thor"},"content":{"rendered":"<p data-start=\"426\" data-end=\"448\"><strong data-start=\"426\" data-end=\"446\">Features<\/strong><\/p>\n<ul data-start=\"449\" data-end=\"893\">\n<li data-start=\"449\" data-end=\"471\">\n<p data-start=\"451\" data-end=\"471\">One-piece toilet<\/p>\n<\/li>\n<li data-start=\"472\" data-end=\"499\">\n<p data-start=\"474\" data-end=\"499\">Chrome-plated flush button<\/p>\n<\/li>\n<li data-start=\"500\" data-end=\"527\">\n<p data-start=\"502\" data-end=\"527\">Ideal height (415 mm)<\/p>\n<\/li>\n<li data-start=\"528\" data-end=\"567\">\n<p data-start=\"530\" data-end=\"567\">Soft-close seat included<\/p>\n<\/li>\n<li data-start=\"568\" data-end=\"637\">\n<p data-start=\"570\" data-end=\"637\">Seat with easy-to-remove cover for simplified cleaning<\/p>\n<\/li>\n<li data-start=\"638\" data-end=\"695\">\n<p data-start=\"640\" data-end=\"695\">Standard installation with 12&#8243; (305 mm) clearance<\/p>\n<\/li>\n<li data-start=\"696\" data-end=\"726\">\n<p data-start=\"698\" data-end=\"726\">3 1\/4&#8221; flush valve<\/p>\n<\/li>\n<li data-start=\"727\" data-end=\"746\">\n<p data-start=\"729\" data-end=\"746\">4\/6 L tank<\/p>\n<\/li>\n<li data-start=\"747\" data-end=\"800\">\n<p data-start=\"749\" data-end=\"800\">100% vitrified siphon with 2&#8221; wide opening<\/p>\n<\/li>\n<li data-start=\"801\" data-end=\"843\">\n<p data-start=\"803\" data-end=\"843\">Solid skirt for easy cleaning<\/p>\n<\/li>\n<li data-start=\"844\" data-end=\"865\">\n<p data-start=\"846\" data-end=\"865\">MaP test: 1000 g<\/p>\n<\/li>\n<li data-start=\"866\" data-end=\"893\">\n<p data-start=\"868\" data-end=\"893\">100% factory-tested<\/p>\n<\/li>\n<\/ul>\n<p data-start=\"895\" data-end=\"915\"><strong data-start=\"895\" data-end=\"913\">Specifications<\/strong><\/p>\n<ul data-start=\"916\" data-end=\"1071\" data-is-last-node=\"\" data-is-only-node=\"\">\n<li data-start=\"916\" data-end=\"946\">\n<p data-start=\"918\" data-end=\"946\">Finish offered: Gloss white<\/p>\n<\/li>\n<li data-start=\"947\" data-end=\"1017\">\n<p data-start=\"949\" data-end=\"1017\">Certifications: CSA (B45.1-18), CUPC, Watersense (ASME A112.19.2)<\/p>\n<\/li>\n<li data-start=\"1018\" data-end=\"1071\" data-is-last-node=\"\">\n<p data-start=\"1020\" data-end=\"1071\" data-is-last-node=\"\">5-year warranty against manufacturing defects<\/p>\n<\/li>\n<\/ul>\n","protected":false},"excerpt":{"rendered":"<p>For unique style, choose the <strong data-start=\"63\" data-end=\"71\">THOR<\/strong> toilet. With its clean, uncluttered lines, this one-piece toilet with removable seat is easy to clean. Its ideal height of 415 mm (16-5\/16&#8243;) makes it perfect for people with reduced mobility. The elongated plastic seat with soft closure offers optimum comfort. Watersense-certified, this dual-flush toilet consumes very little water.    <\/p>\n<p>&nbsp;<\/p>\n<p><img decoding=\"async\" class=\"alignnone size-medium wp-image-6368\" src=\"https:\/\/concept05design.com\/wp-content\/uploads\/2025\/07\/Untitled-85-300x279.png\" alt=\"\" width=\"300\" height=\"279\" srcset=\"https:\/\/concept05design.com\/wp-content\/uploads\/2025\/07\/Untitled-85-200x186.png 200w, https:\/\/concept05design.com\/wp-content\/uploads\/2025\/07\/Untitled-85-300x279.png 300w, https:\/\/concept05design.com\/wp-content\/uploads\/2025\/07\/Untitled-85-400x372.png 400w, https:\/\/concept05design.com\/wp-content\/uploads\/2025\/07\/Untitled-85.png 447w\" sizes=\"(max-width: 300px) 100vw, 300px\" \/><\/p>\n","protected":false},"featured_media":6367,"template":"","meta":[],"product_brand":[],"product_cat":[418,448],"product_tag":[],"class_list":{"0":"post-6370","1":"product","2":"type-product","3":"status-publish","4":"has-post-thumbnail","6":"product_cat-bathroom","7":"product_cat-toilet","9":"first","10":"instock","11":"shipping-taxable","12":"product-type-simple"},"yoast_head":"<!-- This site is optimized with the Yoast SEO plugin v27.4 - https:\/\/yoast.com\/product\/yoast-seo-wordpress\/ -->\n<title>Thor - Concept 05 Design<\/title>\n<meta name=\"robots\" content=\"index, follow, max-snippet:-1, max-image-preview:large, max-video-preview:-1\" \/>\n<link rel=\"canonical\" href=\"https:\/\/concept05design.com\/en\/produit\/thor\/\" \/>\n<meta property=\"og:locale\" content=\"en_US\" \/>\n<meta property=\"og:type\" content=\"article\" \/>\n<meta property=\"og:title\" content=\"Thor - Concept 05 Design\" \/>\n<meta property=\"og:description\" content=\"For unique style, choose the THOR toilet. With its clean, uncluttered lines, this one-piece toilet with removable seat is easy to clean. Its ideal height of 415 mm (16-5\/16&quot;) makes it perfect for people with reduced mobility. The elongated plastic seat with soft closure offers optimum comfort. Watersense-certified, this dual-flush toilet consumes very little water.   &nbsp;\" \/>\n<meta property=\"og:url\" content=\"https:\/\/concept05design.com\/en\/produit\/thor\/\" \/>\n<meta property=\"og:site_name\" content=\"Concept 05 Design\" \/>\n<meta property=\"article:modified_time\" content=\"2025-07-28T20:55:15+00:00\" \/>\n<meta property=\"og:image\" content=\"https:\/\/concept05design.com\/wp-content\/uploads\/2025\/07\/THOR-Main.webp\" \/>\n\t<meta property=\"og:image:width\" content=\"600\" \/>\n\t<meta property=\"og:image:height\" content=\"600\" \/>\n\t<meta property=\"og:image:type\" content=\"image\/webp\" \/>\n<meta name=\"twitter:card\" content=\"summary_large_image\" \/>\n<script type=\"application\/ld+json\" class=\"yoast-schema-graph\">{\"@context\":\"https:\\\/\\\/schema.org\",\"@graph\":[{\"@type\":\"WebPage\",\"@id\":\"https:\\\/\\\/concept05design.com\\\/en\\\/produit\\\/thor\\\/\",\"url\":\"https:\\\/\\\/concept05design.com\\\/en\\\/produit\\\/thor\\\/\",\"name\":\"Thor - Concept 05 Design\",\"isPartOf\":{\"@id\":\"https:\\\/\\\/concept05design.com\\\/en\\\/#website\"},\"primaryImageOfPage\":{\"@id\":\"https:\\\/\\\/concept05design.com\\\/en\\\/produit\\\/thor\\\/#primaryimage\"},\"image\":{\"@id\":\"https:\\\/\\\/concept05design.com\\\/en\\\/produit\\\/thor\\\/#primaryimage\"},\"thumbnailUrl\":\"https:\\\/\\\/concept05design.com\\\/wp-content\\\/uploads\\\/2025\\\/07\\\/THOR-Main.webp\",\"datePublished\":\"2025-07-28T20:54:20+00:00\",\"dateModified\":\"2025-07-28T20:55:15+00:00\",\"breadcrumb\":{\"@id\":\"https:\\\/\\\/concept05design.com\\\/en\\\/produit\\\/thor\\\/#breadcrumb\"},\"inLanguage\":\"en-US\",\"potentialAction\":[{\"@type\":\"ReadAction\",\"target\":[\"https:\\\/\\\/concept05design.com\\\/en\\\/produit\\\/thor\\\/\"]}]},{\"@type\":\"ImageObject\",\"inLanguage\":\"en-US\",\"@id\":\"https:\\\/\\\/concept05design.com\\\/en\\\/produit\\\/thor\\\/#primaryimage\",\"url\":\"https:\\\/\\\/concept05design.com\\\/wp-content\\\/uploads\\\/2025\\\/07\\\/THOR-Main.webp\",\"contentUrl\":\"https:\\\/\\\/concept05design.com\\\/wp-content\\\/uploads\\\/2025\\\/07\\\/THOR-Main.webp\",\"width\":600,\"height\":600},{\"@type\":\"BreadcrumbList\",\"@id\":\"https:\\\/\\\/concept05design.com\\\/en\\\/produit\\\/thor\\\/#breadcrumb\",\"itemListElement\":[{\"@type\":\"ListItem\",\"position\":1,\"name\":\"Accueil\",\"item\":\"https:\\\/\\\/concept05design.com\\\/en\\\/\"},{\"@type\":\"ListItem\",\"position\":2,\"name\":\"Shop\",\"item\":\"https:\\\/\\\/concept05design.com\\\/shop\\\/\"},{\"@type\":\"ListItem\",\"position\":3,\"name\":\"Thor\"}]},{\"@type\":\"WebSite\",\"@id\":\"https:\\\/\\\/concept05design.com\\\/en\\\/#website\",\"url\":\"https:\\\/\\\/concept05design.com\\\/en\\\/\",\"name\":\"Concept 05 Design\",\"description\":\"Du Concept \u00e0 la R\u00e9alit\u00e9 : Votre Vision, Notre Mission\",\"potentialAction\":[{\"@type\":\"SearchAction\",\"target\":{\"@type\":\"EntryPoint\",\"urlTemplate\":\"https:\\\/\\\/concept05design.com\\\/en\\\/?s={search_term_string}\"},\"query-input\":{\"@type\":\"PropertyValueSpecification\",\"valueRequired\":true,\"valueName\":\"search_term_string\"}}],\"inLanguage\":\"en-US\"}]}<\/script>\n<!-- \/ Yoast SEO plugin. -->","yoast_head_json":{"title":"Thor - Concept 05 Design","robots":{"index":"index","follow":"follow","max-snippet":"max-snippet:-1","max-image-preview":"max-image-preview:large","max-video-preview":"max-video-preview:-1"},"canonical":"https:\/\/concept05design.com\/en\/produit\/thor\/","og_locale":"en_US","og_type":"article","og_title":"Thor - Concept 05 Design","og_description":"For unique style, choose the THOR toilet. With its clean, uncluttered lines, this one-piece toilet with removable seat is easy to clean. Its ideal height of 415 mm (16-5\/16\") makes it perfect for people with reduced mobility. The elongated plastic seat with soft closure offers optimum comfort. Watersense-certified, this dual-flush toilet consumes very little water.   &nbsp;","og_url":"https:\/\/concept05design.com\/en\/produit\/thor\/","og_site_name":"Concept 05 Design","article_modified_time":"2025-07-28T20:55:15+00:00","og_image":[{"width":600,"height":600,"url":"https:\/\/concept05design.com\/wp-content\/uploads\/2025\/07\/THOR-Main.webp","type":"image\/webp"}],"twitter_card":"summary_large_image","schema":{"@context":"https:\/\/schema.org","@graph":[{"@type":"WebPage","@id":"https:\/\/concept05design.com\/en\/produit\/thor\/","url":"https:\/\/concept05design.com\/en\/produit\/thor\/","name":"Thor - Concept 05 Design","isPartOf":{"@id":"https:\/\/concept05design.com\/en\/#website"},"primaryImageOfPage":{"@id":"https:\/\/concept05design.com\/en\/produit\/thor\/#primaryimage"},"image":{"@id":"https:\/\/concept05design.com\/en\/produit\/thor\/#primaryimage"},"thumbnailUrl":"https:\/\/concept05design.com\/wp-content\/uploads\/2025\/07\/THOR-Main.webp","datePublished":"2025-07-28T20:54:20+00:00","dateModified":"2025-07-28T20:55:15+00:00","breadcrumb":{"@id":"https:\/\/concept05design.com\/en\/produit\/thor\/#breadcrumb"},"inLanguage":"en-US","potentialAction":[{"@type":"ReadAction","target":["https:\/\/concept05design.com\/en\/produit\/thor\/"]}]},{"@type":"ImageObject","inLanguage":"en-US","@id":"https:\/\/concept05design.com\/en\/produit\/thor\/#primaryimage","url":"https:\/\/concept05design.com\/wp-content\/uploads\/2025\/07\/THOR-Main.webp","contentUrl":"https:\/\/concept05design.com\/wp-content\/uploads\/2025\/07\/THOR-Main.webp","width":600,"height":600},{"@type":"BreadcrumbList","@id":"https:\/\/concept05design.com\/en\/produit\/thor\/#breadcrumb","itemListElement":[{"@type":"ListItem","position":1,"name":"Accueil","item":"https:\/\/concept05design.com\/en\/"},{"@type":"ListItem","position":2,"name":"Shop","item":"https:\/\/concept05design.com\/shop\/"},{"@type":"ListItem","position":3,"name":"Thor"}]},{"@type":"WebSite","@id":"https:\/\/concept05design.com\/en\/#website","url":"https:\/\/concept05design.com\/en\/","name":"Concept 05 Design","description":"Du Concept \u00e0 la R\u00e9alit\u00e9 : Votre Vision, Notre Mission","potentialAction":[{"@type":"SearchAction","target":{"@type":"EntryPoint","urlTemplate":"https:\/\/concept05design.com\/en\/?s={search_term_string}"},"query-input":{"@type":"PropertyValueSpecification","valueRequired":true,"valueName":"search_term_string"}}],"inLanguage":"en-US"}]}},"_links":{"self":[{"href":"https:\/\/concept05design.com\/en\/wp-json\/wp\/v2\/product\/6370","targetHints":{"allow":["GET"]}}],"collection":[{"href":"https:\/\/concept05design.com\/en\/wp-json\/wp\/v2\/product"}],"about":[{"href":"https:\/\/concept05design.com\/en\/wp-json\/wp\/v2\/types\/product"}],"wp:featuredmedia":[{"embeddable":true,"href":"https:\/\/concept05design.com\/en\/wp-json\/wp\/v2\/media\/6367"}],"wp:attachment":[{"href":"https:\/\/concept05design.com\/en\/wp-json\/wp\/v2\/media?parent=6370"}],"wp:term":[{"taxonomy":"product_brand","embeddable":true,"href":"https:\/\/concept05design.com\/en\/wp-json\/wp\/v2\/product_brand?post=6370"},{"taxonomy":"product_cat","embeddable":true,"href":"https:\/\/concept05design.com\/en\/wp-json\/wp\/v2\/product_cat?post=6370"},{"taxonomy":"product_tag","embeddable":true,"href":"https:\/\/concept05design.com\/en\/wp-json\/wp\/v2\/product_tag?post=6370"}],"curies":[{"name":"wp","href":"https:\/\/api.w.org\/{rel}","templated":true}]}}