{"id":6378,"date":"2025-07-28T20:57:42","date_gmt":"2025-07-28T20:57:42","guid":{"rendered":"https:\/\/concept05design.com\/produit\/tyrone\/"},"modified":"2025-07-28T20:58:15","modified_gmt":"2025-07-28T20:58:15","slug":"tyrone","status":"publish","type":"product","link":"https:\/\/concept05design.com\/en\/produit\/tyrone\/","title":{"rendered":"Tyrone"},"content":{"rendered":"<p data-start=\"473\" data-end=\"495\"><strong data-start=\"473\" data-end=\"493\">Features<\/strong><\/p>\n<ul data-start=\"496\" data-end=\"996\">\n<li data-start=\"496\" data-end=\"518\">\n<p data-start=\"498\" data-end=\"518\">One-piece toilet<\/p>\n<\/li>\n<li data-start=\"519\" data-end=\"539\">\n<p data-start=\"521\" data-end=\"539\">Flush button<\/p>\n<\/li>\n<li data-start=\"540\" data-end=\"567\">\n<p data-start=\"542\" data-end=\"567\">Ideal height (415 mm)<\/p>\n<\/li>\n<li data-start=\"568\" data-end=\"607\">\n<p data-start=\"570\" data-end=\"607\">Soft-close seat included<\/p>\n<\/li>\n<li data-start=\"608\" data-end=\"677\">\n<p data-start=\"610\" data-end=\"677\">Seat with easy-to-remove cover for simplified cleaning<\/p>\n<\/li>\n<li data-start=\"678\" data-end=\"717\">\n<p data-start=\"680\" data-end=\"717\">Standard clearance 12&#8243; (305 mm)<\/p>\n<\/li>\n<li data-start=\"718\" data-end=\"748\">\n<p data-start=\"720\" data-end=\"748\">3 1\/4&#8221; flush valve<\/p>\n<\/li>\n<li data-start=\"749\" data-end=\"771\">\n<p data-start=\"751\" data-end=\"771\">4\/6 L tank<\/p>\n<\/li>\n<li data-start=\"772\" data-end=\"825\">\n<p data-start=\"774\" data-end=\"825\">100% vitrified siphon with 2&#8221; wide opening<\/p>\n<\/li>\n<li data-start=\"826\" data-end=\"868\">\n<p data-start=\"828\" data-end=\"868\">Solid skirt for easy cleaning<\/p>\n<\/li>\n<li data-start=\"869\" data-end=\"946\">\n<p data-start=\"871\" data-end=\"946\">Tornado-effect rimless flush system for easy maintenance<\/p>\n<\/li>\n<li data-start=\"947\" data-end=\"968\">\n<p data-start=\"949\" data-end=\"968\">MaP test: 1000 g<\/p>\n<\/li>\n<li data-start=\"969\" data-end=\"996\">\n<p data-start=\"971\" data-end=\"996\">100% factory-tested<\/p>\n<\/li>\n<\/ul>\n<p data-start=\"998\" data-end=\"1018\"><strong data-start=\"998\" data-end=\"1016\">Specifications<\/strong><\/p>\n<ul data-start=\"1019\" data-end=\"1190\" data-is-last-node=\"\" data-is-only-node=\"\">\n<li data-start=\"1019\" data-end=\"1065\">\n<p data-start=\"1021\" data-end=\"1065\">Available finishes: Matt white and matt black<\/p>\n<\/li>\n<li data-start=\"1066\" data-end=\"1136\">\n<p data-start=\"1068\" data-end=\"1136\">Certifications: CSA (B45.1-18), CUPC, Watersense (ASME A112.19.2)<\/p>\n<\/li>\n<li data-start=\"1137\" data-end=\"1190\" data-is-last-node=\"\">\n<p data-start=\"1139\" data-end=\"1190\" data-is-last-node=\"\">5-year warranty against manufacturing defects<\/p>\n<\/li>\n<\/ul>\n","protected":false},"excerpt":{"rendered":"<p data-start=\"0\" data-end=\"471\">For a unique style, opt for the <strong data-start=\"63\" data-end=\"76\">TYRONE<\/strong> toilet. With its clean, modern lines, this one-piece toilet features a removable seat for easy maintenance. Its ideal height of 415 mm (16-5\/16&#8243;) is perfect for people with reduced mobility. The elongated plastic seat, with its soft-closing feature, offers optimum comfort. Watersense-certified, this dual-flush toilet ensures low water consumption.    <\/p>\n<p data-start=\"473\" data-end=\"495\">\n<p data-start=\"473\" data-end=\"495\"><img decoding=\"async\" class=\"alignnone wp-image-6376\" src=\"https:\/\/concept05design.com\/wp-content\/uploads\/2025\/07\/Untitled-86-300x270.png\" alt=\"\" width=\"376\" height=\"338\" srcset=\"https:\/\/concept05design.com\/wp-content\/uploads\/2025\/07\/Untitled-86-200x180.png 200w, https:\/\/concept05design.com\/wp-content\/uploads\/2025\/07\/Untitled-86-300x270.png 300w, https:\/\/concept05design.com\/wp-content\/uploads\/2025\/07\/Untitled-86-400x360.png 400w, https:\/\/concept05design.com\/wp-content\/uploads\/2025\/07\/Untitled-86.png 406w\" sizes=\"(max-width: 376px) 100vw, 376px\" \/><\/p>\n","protected":false},"featured_media":6375,"template":"","meta":[],"product_brand":[],"product_cat":[418,448],"product_tag":[],"class_list":{"0":"post-6378","1":"product","2":"type-product","3":"status-publish","4":"has-post-thumbnail","6":"product_cat-bathroom","7":"product_cat-toilet","9":"first","10":"instock","11":"shipping-taxable","12":"product-type-simple"},"yoast_head":"<!-- This site is optimized with the Yoast SEO plugin v27.4 - https:\/\/yoast.com\/product\/yoast-seo-wordpress\/ -->\n<title>Tyrone - Concept 05 Design<\/title>\n<meta name=\"robots\" content=\"index, follow, max-snippet:-1, max-image-preview:large, max-video-preview:-1\" \/>\n<link rel=\"canonical\" href=\"https:\/\/concept05design.com\/en\/produit\/tyrone\/\" \/>\n<meta property=\"og:locale\" content=\"en_US\" \/>\n<meta property=\"og:type\" content=\"article\" \/>\n<meta property=\"og:title\" content=\"Tyrone - Concept 05 Design\" \/>\n<meta property=\"og:description\" content=\"For a unique style, opt for the TYRONE toilet. With its clean, modern lines, this one-piece toilet features a removable seat for easy maintenance. Its ideal height of 415 mm (16-5\/16&quot;) is perfect for people with reduced mobility. The elongated plastic seat, with its soft-closing feature, offers optimum comfort. Watersense-certified, this dual-flush toilet ensures low water consumption.\" \/>\n<meta property=\"og:url\" content=\"https:\/\/concept05design.com\/en\/produit\/tyrone\/\" \/>\n<meta property=\"og:site_name\" content=\"Concept 05 Design\" \/>\n<meta property=\"article:modified_time\" content=\"2025-07-28T20:58:15+00:00\" \/>\n<meta property=\"og:image\" content=\"https:\/\/concept05design.com\/wp-content\/uploads\/2025\/07\/TYRONE-W_0f8f9555-4db6-414f-bf2e-b9c85b590b11.webp\" \/>\n\t<meta property=\"og:image:width\" content=\"600\" \/>\n\t<meta property=\"og:image:height\" content=\"600\" \/>\n\t<meta property=\"og:image:type\" content=\"image\/webp\" \/>\n<meta name=\"twitter:card\" content=\"summary_large_image\" \/>\n<script type=\"application\/ld+json\" class=\"yoast-schema-graph\">{\"@context\":\"https:\\\/\\\/schema.org\",\"@graph\":[{\"@type\":\"WebPage\",\"@id\":\"https:\\\/\\\/concept05design.com\\\/en\\\/produit\\\/tyrone\\\/\",\"url\":\"https:\\\/\\\/concept05design.com\\\/en\\\/produit\\\/tyrone\\\/\",\"name\":\"Tyrone - Concept 05 Design\",\"isPartOf\":{\"@id\":\"https:\\\/\\\/concept05design.com\\\/en\\\/#website\"},\"primaryImageOfPage\":{\"@id\":\"https:\\\/\\\/concept05design.com\\\/en\\\/produit\\\/tyrone\\\/#primaryimage\"},\"image\":{\"@id\":\"https:\\\/\\\/concept05design.com\\\/en\\\/produit\\\/tyrone\\\/#primaryimage\"},\"thumbnailUrl\":\"https:\\\/\\\/concept05design.com\\\/wp-content\\\/uploads\\\/2025\\\/07\\\/TYRONE-W_0f8f9555-4db6-414f-bf2e-b9c85b590b11.webp\",\"datePublished\":\"2025-07-28T20:57:42+00:00\",\"dateModified\":\"2025-07-28T20:58:15+00:00\",\"breadcrumb\":{\"@id\":\"https:\\\/\\\/concept05design.com\\\/en\\\/produit\\\/tyrone\\\/#breadcrumb\"},\"inLanguage\":\"en-US\",\"potentialAction\":[{\"@type\":\"ReadAction\",\"target\":[\"https:\\\/\\\/concept05design.com\\\/en\\\/produit\\\/tyrone\\\/\"]}]},{\"@type\":\"ImageObject\",\"inLanguage\":\"en-US\",\"@id\":\"https:\\\/\\\/concept05design.com\\\/en\\\/produit\\\/tyrone\\\/#primaryimage\",\"url\":\"https:\\\/\\\/concept05design.com\\\/wp-content\\\/uploads\\\/2025\\\/07\\\/TYRONE-W_0f8f9555-4db6-414f-bf2e-b9c85b590b11.webp\",\"contentUrl\":\"https:\\\/\\\/concept05design.com\\\/wp-content\\\/uploads\\\/2025\\\/07\\\/TYRONE-W_0f8f9555-4db6-414f-bf2e-b9c85b590b11.webp\",\"width\":600,\"height\":600},{\"@type\":\"BreadcrumbList\",\"@id\":\"https:\\\/\\\/concept05design.com\\\/en\\\/produit\\\/tyrone\\\/#breadcrumb\",\"itemListElement\":[{\"@type\":\"ListItem\",\"position\":1,\"name\":\"Accueil\",\"item\":\"https:\\\/\\\/concept05design.com\\\/en\\\/\"},{\"@type\":\"ListItem\",\"position\":2,\"name\":\"Shop\",\"item\":\"https:\\\/\\\/concept05design.com\\\/shop\\\/\"},{\"@type\":\"ListItem\",\"position\":3,\"name\":\"Tyrone\"}]},{\"@type\":\"WebSite\",\"@id\":\"https:\\\/\\\/concept05design.com\\\/en\\\/#website\",\"url\":\"https:\\\/\\\/concept05design.com\\\/en\\\/\",\"name\":\"Concept 05 Design\",\"description\":\"Du Concept \u00e0 la R\u00e9alit\u00e9 : Votre Vision, Notre Mission\",\"potentialAction\":[{\"@type\":\"SearchAction\",\"target\":{\"@type\":\"EntryPoint\",\"urlTemplate\":\"https:\\\/\\\/concept05design.com\\\/en\\\/?s={search_term_string}\"},\"query-input\":{\"@type\":\"PropertyValueSpecification\",\"valueRequired\":true,\"valueName\":\"search_term_string\"}}],\"inLanguage\":\"en-US\"}]}<\/script>\n<!-- \/ Yoast SEO plugin. -->","yoast_head_json":{"title":"Tyrone - Concept 05 Design","robots":{"index":"index","follow":"follow","max-snippet":"max-snippet:-1","max-image-preview":"max-image-preview:large","max-video-preview":"max-video-preview:-1"},"canonical":"https:\/\/concept05design.com\/en\/produit\/tyrone\/","og_locale":"en_US","og_type":"article","og_title":"Tyrone - Concept 05 Design","og_description":"For a unique style, opt for the TYRONE toilet. With its clean, modern lines, this one-piece toilet features a removable seat for easy maintenance. Its ideal height of 415 mm (16-5\/16\") is perfect for people with reduced mobility. The elongated plastic seat, with its soft-closing feature, offers optimum comfort. Watersense-certified, this dual-flush toilet ensures low water consumption.","og_url":"https:\/\/concept05design.com\/en\/produit\/tyrone\/","og_site_name":"Concept 05 Design","article_modified_time":"2025-07-28T20:58:15+00:00","og_image":[{"width":600,"height":600,"url":"https:\/\/concept05design.com\/wp-content\/uploads\/2025\/07\/TYRONE-W_0f8f9555-4db6-414f-bf2e-b9c85b590b11.webp","type":"image\/webp"}],"twitter_card":"summary_large_image","schema":{"@context":"https:\/\/schema.org","@graph":[{"@type":"WebPage","@id":"https:\/\/concept05design.com\/en\/produit\/tyrone\/","url":"https:\/\/concept05design.com\/en\/produit\/tyrone\/","name":"Tyrone - Concept 05 Design","isPartOf":{"@id":"https:\/\/concept05design.com\/en\/#website"},"primaryImageOfPage":{"@id":"https:\/\/concept05design.com\/en\/produit\/tyrone\/#primaryimage"},"image":{"@id":"https:\/\/concept05design.com\/en\/produit\/tyrone\/#primaryimage"},"thumbnailUrl":"https:\/\/concept05design.com\/wp-content\/uploads\/2025\/07\/TYRONE-W_0f8f9555-4db6-414f-bf2e-b9c85b590b11.webp","datePublished":"2025-07-28T20:57:42+00:00","dateModified":"2025-07-28T20:58:15+00:00","breadcrumb":{"@id":"https:\/\/concept05design.com\/en\/produit\/tyrone\/#breadcrumb"},"inLanguage":"en-US","potentialAction":[{"@type":"ReadAction","target":["https:\/\/concept05design.com\/en\/produit\/tyrone\/"]}]},{"@type":"ImageObject","inLanguage":"en-US","@id":"https:\/\/concept05design.com\/en\/produit\/tyrone\/#primaryimage","url":"https:\/\/concept05design.com\/wp-content\/uploads\/2025\/07\/TYRONE-W_0f8f9555-4db6-414f-bf2e-b9c85b590b11.webp","contentUrl":"https:\/\/concept05design.com\/wp-content\/uploads\/2025\/07\/TYRONE-W_0f8f9555-4db6-414f-bf2e-b9c85b590b11.webp","width":600,"height":600},{"@type":"BreadcrumbList","@id":"https:\/\/concept05design.com\/en\/produit\/tyrone\/#breadcrumb","itemListElement":[{"@type":"ListItem","position":1,"name":"Accueil","item":"https:\/\/concept05design.com\/en\/"},{"@type":"ListItem","position":2,"name":"Shop","item":"https:\/\/concept05design.com\/shop\/"},{"@type":"ListItem","position":3,"name":"Tyrone"}]},{"@type":"WebSite","@id":"https:\/\/concept05design.com\/en\/#website","url":"https:\/\/concept05design.com\/en\/","name":"Concept 05 Design","description":"Du Concept \u00e0 la R\u00e9alit\u00e9 : Votre Vision, Notre Mission","potentialAction":[{"@type":"SearchAction","target":{"@type":"EntryPoint","urlTemplate":"https:\/\/concept05design.com\/en\/?s={search_term_string}"},"query-input":{"@type":"PropertyValueSpecification","valueRequired":true,"valueName":"search_term_string"}}],"inLanguage":"en-US"}]}},"_links":{"self":[{"href":"https:\/\/concept05design.com\/en\/wp-json\/wp\/v2\/product\/6378","targetHints":{"allow":["GET"]}}],"collection":[{"href":"https:\/\/concept05design.com\/en\/wp-json\/wp\/v2\/product"}],"about":[{"href":"https:\/\/concept05design.com\/en\/wp-json\/wp\/v2\/types\/product"}],"wp:featuredmedia":[{"embeddable":true,"href":"https:\/\/concept05design.com\/en\/wp-json\/wp\/v2\/media\/6375"}],"wp:attachment":[{"href":"https:\/\/concept05design.com\/en\/wp-json\/wp\/v2\/media?parent=6378"}],"wp:term":[{"taxonomy":"product_brand","embeddable":true,"href":"https:\/\/concept05design.com\/en\/wp-json\/wp\/v2\/product_brand?post=6378"},{"taxonomy":"product_cat","embeddable":true,"href":"https:\/\/concept05design.com\/en\/wp-json\/wp\/v2\/product_cat?post=6378"},{"taxonomy":"product_tag","embeddable":true,"href":"https:\/\/concept05design.com\/en\/wp-json\/wp\/v2\/product_tag?post=6378"}],"curies":[{"name":"wp","href":"https:\/\/api.w.org\/{rel}","templated":true}]}}