{"id":6384,"date":"2025-07-28T20:59:55","date_gmt":"2025-07-28T20:59:55","guid":{"rendered":"https:\/\/concept05design.com\/produit\/tulum\/"},"modified":"2025-08-01T15:36:40","modified_gmt":"2025-08-01T15:36:40","slug":"tulum","status":"publish","type":"product","link":"https:\/\/concept05design.com\/en\/produit\/tulum\/","title":{"rendered":"Tulum"},"content":{"rendered":"<p data-start=\"425\" data-end=\"447\"><strong data-start=\"425\" data-end=\"445\">Features<\/strong><\/p>\n<ul data-start=\"448\" data-end=\"889\">\n<li data-start=\"448\" data-end=\"470\">\n<p data-start=\"450\" data-end=\"470\">One-piece toilet<\/p>\n<\/li>\n<li data-start=\"471\" data-end=\"498\">\n<p data-start=\"473\" data-end=\"498\">Chrome-plated flush button<\/p>\n<\/li>\n<li data-start=\"499\" data-end=\"538\">\n<p data-start=\"501\" data-end=\"538\">Soft-close seat included<\/p>\n<\/li>\n<li data-start=\"539\" data-end=\"608\">\n<p data-start=\"541\" data-end=\"608\">Seat with easy-to-remove cover for simplified cleaning<\/p>\n<\/li>\n<li data-start=\"609\" data-end=\"648\">\n<p data-start=\"611\" data-end=\"648\">Standard clearance 12&#8243; (305 mm)<\/p>\n<\/li>\n<li data-start=\"649\" data-end=\"679\">\n<p data-start=\"651\" data-end=\"679\">3 1\/4&#8221; flush valve<\/p>\n<\/li>\n<li data-start=\"680\" data-end=\"704\">\n<p data-start=\"682\" data-end=\"704\">3\/4.8 L tank<\/p>\n<\/li>\n<li data-start=\"705\" data-end=\"742\">\n<p data-start=\"707\" data-end=\"742\">High-efficiency toilet (HET)<\/p>\n<\/li>\n<li data-start=\"743\" data-end=\"796\">\n<p data-start=\"745\" data-end=\"796\">100% vitrified siphon with 2&#8221; wide opening<\/p>\n<\/li>\n<li data-start=\"797\" data-end=\"839\">\n<p data-start=\"799\" data-end=\"839\">Solid skirt for easy cleaning<\/p>\n<\/li>\n<li data-start=\"840\" data-end=\"861\">\n<p data-start=\"842\" data-end=\"861\">MaP test: 1000 g<\/p>\n<\/li>\n<li data-start=\"862\" data-end=\"889\">\n<p data-start=\"864\" data-end=\"889\">100% factory-tested<\/p>\n<\/li>\n<\/ul>\n<p data-start=\"891\" data-end=\"911\"><strong data-start=\"891\" data-end=\"909\">Specifications<\/strong><\/p>\n<ul data-start=\"912\" data-end=\"1072\" data-is-last-node=\"\" data-is-only-node=\"\">\n<li data-start=\"912\" data-end=\"947\">\n<p data-start=\"914\" data-end=\"947\">Finish offered: Gloss white<\/p>\n<\/li>\n<li data-start=\"948\" data-end=\"1018\">\n<p data-start=\"950\" data-end=\"1018\">Certifications: CSA (B45.1-18), CUPC, Watersense (ASME A112.19.2)<\/p>\n<\/li>\n<li data-start=\"1019\" data-end=\"1072\" data-is-last-node=\"\">\n<p data-start=\"1021\" data-end=\"1072\" data-is-last-node=\"\">5-year warranty against manufacturing defects<\/p>\n<\/li>\n<\/ul>\n","protected":false},"excerpt":{"rendered":"<p data-start=\"0\" data-end=\"423\">For a modern design, opt for the <strong data-start=\"65\" data-end=\"74\">TULUM<\/strong> toilet. With its soft lines, this one-piece toilet features a removable seat and a rimless flush system with tornado effect for easy cleaning and maintenance. The elongated plastic seat with soft closure offers optimum comfort. Watersense-certified, this dual-flush toilet ensures low water consumption.   <\/p>\n<p data-start=\"425\" data-end=\"447\"><img decoding=\"async\" class=\"alignnone wp-image-6380\" src=\"https:\/\/concept05design.com\/wp-content\/uploads\/2025\/07\/Untitled-87-300x261.png\" alt=\"\" width=\"349\" height=\"304\" srcset=\"https:\/\/concept05design.com\/wp-content\/uploads\/2025\/07\/Untitled-87-200x174.png 200w, https:\/\/concept05design.com\/wp-content\/uploads\/2025\/07\/Untitled-87-300x261.png 300w, https:\/\/concept05design.com\/wp-content\/uploads\/2025\/07\/Untitled-87-400x348.png 400w, https:\/\/concept05design.com\/wp-content\/uploads\/2025\/07\/Untitled-87.png 423w\" sizes=\"(max-width: 349px) 100vw, 349px\" \/><\/p>\n","protected":false},"featured_media":6383,"template":"","meta":[],"product_brand":[],"product_cat":[418,463,448],"product_tag":[],"class_list":{"0":"post-6384","1":"product","2":"type-product","3":"status-publish","4":"has-post-thumbnail","6":"product_cat-bathroom","7":"product_cat-featured-toilets","8":"product_cat-toilet","10":"first","11":"instock","12":"shipping-taxable","13":"product-type-simple"},"yoast_head":"<!-- This site is optimized with the Yoast SEO plugin v27.4 - https:\/\/yoast.com\/product\/yoast-seo-wordpress\/ -->\n<title>Tulum - Concept 05 Design<\/title>\n<meta name=\"robots\" content=\"index, follow, max-snippet:-1, max-image-preview:large, max-video-preview:-1\" \/>\n<link rel=\"canonical\" href=\"https:\/\/concept05design.com\/en\/produit\/tulum\/\" \/>\n<meta property=\"og:locale\" content=\"en_US\" \/>\n<meta property=\"og:type\" content=\"article\" \/>\n<meta property=\"og:title\" content=\"Tulum - Concept 05 Design\" \/>\n<meta property=\"og:description\" content=\"For a modern design, opt for the TULUM toilet. With its soft lines, this one-piece toilet features a removable seat and a rimless flush system with tornado effect for easy cleaning and maintenance. The elongated plastic seat with soft closure offers optimum comfort. Watersense-certified, this dual-flush toilet ensures low water consumption.\" \/>\n<meta property=\"og:url\" content=\"https:\/\/concept05design.com\/en\/produit\/tulum\/\" \/>\n<meta property=\"og:site_name\" content=\"Concept 05 Design\" \/>\n<meta property=\"article:modified_time\" content=\"2025-08-01T15:36:40+00:00\" \/>\n<meta property=\"og:image\" content=\"https:\/\/concept05design.com\/wp-content\/uploads\/2025\/07\/TULUM.webp\" \/>\n\t<meta property=\"og:image:width\" content=\"600\" \/>\n\t<meta property=\"og:image:height\" content=\"600\" \/>\n\t<meta property=\"og:image:type\" content=\"image\/webp\" \/>\n<meta name=\"twitter:card\" content=\"summary_large_image\" \/>\n<script type=\"application\/ld+json\" class=\"yoast-schema-graph\">{\"@context\":\"https:\\\/\\\/schema.org\",\"@graph\":[{\"@type\":\"WebPage\",\"@id\":\"https:\\\/\\\/concept05design.com\\\/en\\\/produit\\\/tulum\\\/\",\"url\":\"https:\\\/\\\/concept05design.com\\\/en\\\/produit\\\/tulum\\\/\",\"name\":\"Tulum - Concept 05 Design\",\"isPartOf\":{\"@id\":\"https:\\\/\\\/concept05design.com\\\/en\\\/#website\"},\"primaryImageOfPage\":{\"@id\":\"https:\\\/\\\/concept05design.com\\\/en\\\/produit\\\/tulum\\\/#primaryimage\"},\"image\":{\"@id\":\"https:\\\/\\\/concept05design.com\\\/en\\\/produit\\\/tulum\\\/#primaryimage\"},\"thumbnailUrl\":\"https:\\\/\\\/concept05design.com\\\/wp-content\\\/uploads\\\/2025\\\/07\\\/TULUM.webp\",\"datePublished\":\"2025-07-28T20:59:55+00:00\",\"dateModified\":\"2025-08-01T15:36:40+00:00\",\"breadcrumb\":{\"@id\":\"https:\\\/\\\/concept05design.com\\\/en\\\/produit\\\/tulum\\\/#breadcrumb\"},\"inLanguage\":\"en-US\",\"potentialAction\":[{\"@type\":\"ReadAction\",\"target\":[\"https:\\\/\\\/concept05design.com\\\/en\\\/produit\\\/tulum\\\/\"]}]},{\"@type\":\"ImageObject\",\"inLanguage\":\"en-US\",\"@id\":\"https:\\\/\\\/concept05design.com\\\/en\\\/produit\\\/tulum\\\/#primaryimage\",\"url\":\"https:\\\/\\\/concept05design.com\\\/wp-content\\\/uploads\\\/2025\\\/07\\\/TULUM.webp\",\"contentUrl\":\"https:\\\/\\\/concept05design.com\\\/wp-content\\\/uploads\\\/2025\\\/07\\\/TULUM.webp\",\"width\":600,\"height\":600},{\"@type\":\"BreadcrumbList\",\"@id\":\"https:\\\/\\\/concept05design.com\\\/en\\\/produit\\\/tulum\\\/#breadcrumb\",\"itemListElement\":[{\"@type\":\"ListItem\",\"position\":1,\"name\":\"Accueil\",\"item\":\"https:\\\/\\\/concept05design.com\\\/en\\\/\"},{\"@type\":\"ListItem\",\"position\":2,\"name\":\"Shop\",\"item\":\"https:\\\/\\\/concept05design.com\\\/shop\\\/\"},{\"@type\":\"ListItem\",\"position\":3,\"name\":\"Tulum\"}]},{\"@type\":\"WebSite\",\"@id\":\"https:\\\/\\\/concept05design.com\\\/en\\\/#website\",\"url\":\"https:\\\/\\\/concept05design.com\\\/en\\\/\",\"name\":\"Concept 05 Design\",\"description\":\"Du Concept \u00e0 la R\u00e9alit\u00e9 : Votre Vision, Notre Mission\",\"potentialAction\":[{\"@type\":\"SearchAction\",\"target\":{\"@type\":\"EntryPoint\",\"urlTemplate\":\"https:\\\/\\\/concept05design.com\\\/en\\\/?s={search_term_string}\"},\"query-input\":{\"@type\":\"PropertyValueSpecification\",\"valueRequired\":true,\"valueName\":\"search_term_string\"}}],\"inLanguage\":\"en-US\"}]}<\/script>\n<!-- \/ Yoast SEO plugin. -->","yoast_head_json":{"title":"Tulum - Concept 05 Design","robots":{"index":"index","follow":"follow","max-snippet":"max-snippet:-1","max-image-preview":"max-image-preview:large","max-video-preview":"max-video-preview:-1"},"canonical":"https:\/\/concept05design.com\/en\/produit\/tulum\/","og_locale":"en_US","og_type":"article","og_title":"Tulum - Concept 05 Design","og_description":"For a modern design, opt for the TULUM toilet. With its soft lines, this one-piece toilet features a removable seat and a rimless flush system with tornado effect for easy cleaning and maintenance. The elongated plastic seat with soft closure offers optimum comfort. Watersense-certified, this dual-flush toilet ensures low water consumption.","og_url":"https:\/\/concept05design.com\/en\/produit\/tulum\/","og_site_name":"Concept 05 Design","article_modified_time":"2025-08-01T15:36:40+00:00","og_image":[{"width":600,"height":600,"url":"https:\/\/concept05design.com\/wp-content\/uploads\/2025\/07\/TULUM.webp","type":"image\/webp"}],"twitter_card":"summary_large_image","schema":{"@context":"https:\/\/schema.org","@graph":[{"@type":"WebPage","@id":"https:\/\/concept05design.com\/en\/produit\/tulum\/","url":"https:\/\/concept05design.com\/en\/produit\/tulum\/","name":"Tulum - Concept 05 Design","isPartOf":{"@id":"https:\/\/concept05design.com\/en\/#website"},"primaryImageOfPage":{"@id":"https:\/\/concept05design.com\/en\/produit\/tulum\/#primaryimage"},"image":{"@id":"https:\/\/concept05design.com\/en\/produit\/tulum\/#primaryimage"},"thumbnailUrl":"https:\/\/concept05design.com\/wp-content\/uploads\/2025\/07\/TULUM.webp","datePublished":"2025-07-28T20:59:55+00:00","dateModified":"2025-08-01T15:36:40+00:00","breadcrumb":{"@id":"https:\/\/concept05design.com\/en\/produit\/tulum\/#breadcrumb"},"inLanguage":"en-US","potentialAction":[{"@type":"ReadAction","target":["https:\/\/concept05design.com\/en\/produit\/tulum\/"]}]},{"@type":"ImageObject","inLanguage":"en-US","@id":"https:\/\/concept05design.com\/en\/produit\/tulum\/#primaryimage","url":"https:\/\/concept05design.com\/wp-content\/uploads\/2025\/07\/TULUM.webp","contentUrl":"https:\/\/concept05design.com\/wp-content\/uploads\/2025\/07\/TULUM.webp","width":600,"height":600},{"@type":"BreadcrumbList","@id":"https:\/\/concept05design.com\/en\/produit\/tulum\/#breadcrumb","itemListElement":[{"@type":"ListItem","position":1,"name":"Accueil","item":"https:\/\/concept05design.com\/en\/"},{"@type":"ListItem","position":2,"name":"Shop","item":"https:\/\/concept05design.com\/shop\/"},{"@type":"ListItem","position":3,"name":"Tulum"}]},{"@type":"WebSite","@id":"https:\/\/concept05design.com\/en\/#website","url":"https:\/\/concept05design.com\/en\/","name":"Concept 05 Design","description":"Du Concept \u00e0 la R\u00e9alit\u00e9 : Votre Vision, Notre Mission","potentialAction":[{"@type":"SearchAction","target":{"@type":"EntryPoint","urlTemplate":"https:\/\/concept05design.com\/en\/?s={search_term_string}"},"query-input":{"@type":"PropertyValueSpecification","valueRequired":true,"valueName":"search_term_string"}}],"inLanguage":"en-US"}]}},"_links":{"self":[{"href":"https:\/\/concept05design.com\/en\/wp-json\/wp\/v2\/product\/6384","targetHints":{"allow":["GET"]}}],"collection":[{"href":"https:\/\/concept05design.com\/en\/wp-json\/wp\/v2\/product"}],"about":[{"href":"https:\/\/concept05design.com\/en\/wp-json\/wp\/v2\/types\/product"}],"wp:featuredmedia":[{"embeddable":true,"href":"https:\/\/concept05design.com\/en\/wp-json\/wp\/v2\/media\/6383"}],"wp:attachment":[{"href":"https:\/\/concept05design.com\/en\/wp-json\/wp\/v2\/media?parent=6384"}],"wp:term":[{"taxonomy":"product_brand","embeddable":true,"href":"https:\/\/concept05design.com\/en\/wp-json\/wp\/v2\/product_brand?post=6384"},{"taxonomy":"product_cat","embeddable":true,"href":"https:\/\/concept05design.com\/en\/wp-json\/wp\/v2\/product_cat?post=6384"},{"taxonomy":"product_tag","embeddable":true,"href":"https:\/\/concept05design.com\/en\/wp-json\/wp\/v2\/product_tag?post=6384"}],"curies":[{"name":"wp","href":"https:\/\/api.w.org\/{rel}","templated":true}]}}