{"id":6426,"date":"2025-07-28T21:14:00","date_gmt":"2025-07-28T21:14:00","guid":{"rendered":"https:\/\/concept05design.com\/produit\/dennis\/"},"modified":"2025-07-28T21:14:40","modified_gmt":"2025-07-28T21:14:40","slug":"dennis","status":"publish","type":"product","link":"https:\/\/concept05design.com\/en\/produit\/dennis\/","title":{"rendered":"Dennis"},"content":{"rendered":"<p data-start=\"250\" data-end=\"272\"><strong data-start=\"250\" data-end=\"270\">Features<\/strong><\/p>\n<ul data-start=\"273\" data-end=\"571\">\n<li data-start=\"273\" data-end=\"306\">\n<p data-start=\"275\" data-end=\"306\">Solid brass construction<\/p>\n<\/li>\n<li data-start=\"307\" data-end=\"412\">\n<p data-start=\"309\" data-end=\"412\">4 pieces: bath towel holder (25&#8221;), hand towel holder, toilet paper holder and hook<\/p>\n<\/li>\n<li data-start=\"413\" data-end=\"436\">\n<p data-start=\"415\" data-end=\"436\">Wall installation<\/p>\n<\/li>\n<li data-start=\"437\" data-end=\"460\">\n<p data-start=\"439\" data-end=\"460\">Easy to install<\/p>\n<\/li>\n<li data-start=\"461\" data-end=\"509\">\n<p data-start=\"463\" data-end=\"509\">Concealed fasteners (no visible screws)<\/p>\n<\/li>\n<li data-start=\"510\" data-end=\"554\">\n<p data-start=\"512\" data-end=\"554\">Corrosion and rust resistant<\/p>\n<\/li>\n<li data-start=\"555\" data-end=\"571\">\n<p data-start=\"557\" data-end=\"571\">Square shape<\/p>\n<\/li>\n<\/ul>\n<p data-start=\"573\" data-end=\"593\"><strong data-start=\"573\" data-end=\"591\">Specifications<\/strong><\/p>\n<ul data-start=\"594\" data-end=\"830\" data-is-last-node=\"\" data-is-only-node=\"\">\n<li data-start=\"594\" data-end=\"681\">\n<p data-start=\"596\" data-end=\"681\">Available finishes: chrome, matt black, brushed brass (gold), brushed nickel, matt white<\/p>\n<\/li>\n<li data-start=\"682\" data-end=\"747\">\n<p data-start=\"684\" data-end=\"747\">Included in the box: screws, wall anchors and hexagonal key<\/p>\n<\/li>\n<li data-start=\"748\" data-end=\"830\" data-is-last-node=\"\">\n<p data-start=\"750\" data-end=\"830\" data-is-last-node=\"\">Warranty and certifications: 5-year warranty against manufacturing defects<\/p>\n<\/li>\n<\/ul>\n","protected":false},"excerpt":{"rendered":"<p>Complete your bathroom with this set of matching accessories! This kit includes 4 essential items: a bath towel holder (25&#8221;), a hand towel holder, a toilet paper holder and a bathrobe hook. <\/p>\n<p>&nbsp;<\/p>\n<p><img decoding=\"async\" class=\"alignnone wp-image-6414\" src=\"https:\/\/concept05design.com\/wp-content\/uploads\/2025\/07\/Untitled-91-259x300.png\" alt=\"\" width=\"372\" height=\"431\" srcset=\"https:\/\/concept05design.com\/wp-content\/uploads\/2025\/07\/Untitled-91-200x231.png 200w, https:\/\/concept05design.com\/wp-content\/uploads\/2025\/07\/Untitled-91-259x300.png 259w, https:\/\/concept05design.com\/wp-content\/uploads\/2025\/07\/Untitled-91-400x463.png 400w, https:\/\/concept05design.com\/wp-content\/uploads\/2025\/07\/Untitled-91.png 471w\" sizes=\"(max-width: 372px) 100vw, 372px\" \/><\/p>\n","protected":false},"featured_media":6421,"template":"","meta":[],"product_brand":[],"product_cat":[450,418],"product_tag":[],"class_list":{"0":"post-6426","1":"product","2":"type-product","3":"status-publish","4":"has-post-thumbnail","6":"product_cat-accessories","7":"product_cat-bathroom","9":"first","10":"instock","11":"shipping-taxable","12":"product-type-simple"},"yoast_head":"<!-- This site is optimized with the Yoast SEO plugin v27.4 - https:\/\/yoast.com\/product\/yoast-seo-wordpress\/ -->\n<title>Dennis - Concept 05 Design<\/title>\n<meta name=\"robots\" content=\"index, follow, max-snippet:-1, max-image-preview:large, max-video-preview:-1\" \/>\n<link rel=\"canonical\" href=\"https:\/\/concept05design.com\/en\/produit\/dennis\/\" \/>\n<meta property=\"og:locale\" content=\"en_US\" \/>\n<meta property=\"og:type\" content=\"article\" \/>\n<meta property=\"og:title\" content=\"Dennis - Concept 05 Design\" \/>\n<meta property=\"og:description\" content=\"Complete your bathroom with this set of matching accessories! This kit includes 4 essential items: a bath towel holder (25&#039;&#039;), a hand towel holder, a toilet paper holder and a bathrobe hook.  &nbsp;\" \/>\n<meta property=\"og:url\" content=\"https:\/\/concept05design.com\/en\/produit\/dennis\/\" \/>\n<meta property=\"og:site_name\" content=\"Concept 05 Design\" \/>\n<meta property=\"article:modified_time\" content=\"2025-07-28T21:14:40+00:00\" \/>\n<meta property=\"og:image\" content=\"https:\/\/concept05design.com\/wp-content\/uploads\/2025\/07\/DENNIS-C_2b834768-4adc-431e-b747-1c8cfb762a06.webp\" \/>\n\t<meta property=\"og:image:width\" content=\"600\" \/>\n\t<meta property=\"og:image:height\" content=\"600\" \/>\n\t<meta property=\"og:image:type\" content=\"image\/webp\" \/>\n<meta name=\"twitter:card\" content=\"summary_large_image\" \/>\n<script type=\"application\/ld+json\" class=\"yoast-schema-graph\">{\"@context\":\"https:\\\/\\\/schema.org\",\"@graph\":[{\"@type\":\"WebPage\",\"@id\":\"https:\\\/\\\/concept05design.com\\\/en\\\/produit\\\/dennis\\\/\",\"url\":\"https:\\\/\\\/concept05design.com\\\/en\\\/produit\\\/dennis\\\/\",\"name\":\"Dennis - Concept 05 Design\",\"isPartOf\":{\"@id\":\"https:\\\/\\\/concept05design.com\\\/en\\\/#website\"},\"primaryImageOfPage\":{\"@id\":\"https:\\\/\\\/concept05design.com\\\/en\\\/produit\\\/dennis\\\/#primaryimage\"},\"image\":{\"@id\":\"https:\\\/\\\/concept05design.com\\\/en\\\/produit\\\/dennis\\\/#primaryimage\"},\"thumbnailUrl\":\"https:\\\/\\\/concept05design.com\\\/wp-content\\\/uploads\\\/2025\\\/07\\\/DENNIS-C_2b834768-4adc-431e-b747-1c8cfb762a06.webp\",\"datePublished\":\"2025-07-28T21:14:00+00:00\",\"dateModified\":\"2025-07-28T21:14:40+00:00\",\"breadcrumb\":{\"@id\":\"https:\\\/\\\/concept05design.com\\\/en\\\/produit\\\/dennis\\\/#breadcrumb\"},\"inLanguage\":\"en-US\",\"potentialAction\":[{\"@type\":\"ReadAction\",\"target\":[\"https:\\\/\\\/concept05design.com\\\/en\\\/produit\\\/dennis\\\/\"]}]},{\"@type\":\"ImageObject\",\"inLanguage\":\"en-US\",\"@id\":\"https:\\\/\\\/concept05design.com\\\/en\\\/produit\\\/dennis\\\/#primaryimage\",\"url\":\"https:\\\/\\\/concept05design.com\\\/wp-content\\\/uploads\\\/2025\\\/07\\\/DENNIS-C_2b834768-4adc-431e-b747-1c8cfb762a06.webp\",\"contentUrl\":\"https:\\\/\\\/concept05design.com\\\/wp-content\\\/uploads\\\/2025\\\/07\\\/DENNIS-C_2b834768-4adc-431e-b747-1c8cfb762a06.webp\",\"width\":600,\"height\":600},{\"@type\":\"BreadcrumbList\",\"@id\":\"https:\\\/\\\/concept05design.com\\\/en\\\/produit\\\/dennis\\\/#breadcrumb\",\"itemListElement\":[{\"@type\":\"ListItem\",\"position\":1,\"name\":\"Accueil\",\"item\":\"https:\\\/\\\/concept05design.com\\\/en\\\/\"},{\"@type\":\"ListItem\",\"position\":2,\"name\":\"Shop\",\"item\":\"https:\\\/\\\/concept05design.com\\\/shop\\\/\"},{\"@type\":\"ListItem\",\"position\":3,\"name\":\"Dennis\"}]},{\"@type\":\"WebSite\",\"@id\":\"https:\\\/\\\/concept05design.com\\\/en\\\/#website\",\"url\":\"https:\\\/\\\/concept05design.com\\\/en\\\/\",\"name\":\"Concept 05 Design\",\"description\":\"Du Concept \u00e0 la R\u00e9alit\u00e9 : Votre Vision, Notre Mission\",\"potentialAction\":[{\"@type\":\"SearchAction\",\"target\":{\"@type\":\"EntryPoint\",\"urlTemplate\":\"https:\\\/\\\/concept05design.com\\\/en\\\/?s={search_term_string}\"},\"query-input\":{\"@type\":\"PropertyValueSpecification\",\"valueRequired\":true,\"valueName\":\"search_term_string\"}}],\"inLanguage\":\"en-US\"}]}<\/script>\n<!-- \/ Yoast SEO plugin. -->","yoast_head_json":{"title":"Dennis - Concept 05 Design","robots":{"index":"index","follow":"follow","max-snippet":"max-snippet:-1","max-image-preview":"max-image-preview:large","max-video-preview":"max-video-preview:-1"},"canonical":"https:\/\/concept05design.com\/en\/produit\/dennis\/","og_locale":"en_US","og_type":"article","og_title":"Dennis - Concept 05 Design","og_description":"Complete your bathroom with this set of matching accessories! This kit includes 4 essential items: a bath towel holder (25''), a hand towel holder, a toilet paper holder and a bathrobe hook.  &nbsp;","og_url":"https:\/\/concept05design.com\/en\/produit\/dennis\/","og_site_name":"Concept 05 Design","article_modified_time":"2025-07-28T21:14:40+00:00","og_image":[{"width":600,"height":600,"url":"https:\/\/concept05design.com\/wp-content\/uploads\/2025\/07\/DENNIS-C_2b834768-4adc-431e-b747-1c8cfb762a06.webp","type":"image\/webp"}],"twitter_card":"summary_large_image","schema":{"@context":"https:\/\/schema.org","@graph":[{"@type":"WebPage","@id":"https:\/\/concept05design.com\/en\/produit\/dennis\/","url":"https:\/\/concept05design.com\/en\/produit\/dennis\/","name":"Dennis - Concept 05 Design","isPartOf":{"@id":"https:\/\/concept05design.com\/en\/#website"},"primaryImageOfPage":{"@id":"https:\/\/concept05design.com\/en\/produit\/dennis\/#primaryimage"},"image":{"@id":"https:\/\/concept05design.com\/en\/produit\/dennis\/#primaryimage"},"thumbnailUrl":"https:\/\/concept05design.com\/wp-content\/uploads\/2025\/07\/DENNIS-C_2b834768-4adc-431e-b747-1c8cfb762a06.webp","datePublished":"2025-07-28T21:14:00+00:00","dateModified":"2025-07-28T21:14:40+00:00","breadcrumb":{"@id":"https:\/\/concept05design.com\/en\/produit\/dennis\/#breadcrumb"},"inLanguage":"en-US","potentialAction":[{"@type":"ReadAction","target":["https:\/\/concept05design.com\/en\/produit\/dennis\/"]}]},{"@type":"ImageObject","inLanguage":"en-US","@id":"https:\/\/concept05design.com\/en\/produit\/dennis\/#primaryimage","url":"https:\/\/concept05design.com\/wp-content\/uploads\/2025\/07\/DENNIS-C_2b834768-4adc-431e-b747-1c8cfb762a06.webp","contentUrl":"https:\/\/concept05design.com\/wp-content\/uploads\/2025\/07\/DENNIS-C_2b834768-4adc-431e-b747-1c8cfb762a06.webp","width":600,"height":600},{"@type":"BreadcrumbList","@id":"https:\/\/concept05design.com\/en\/produit\/dennis\/#breadcrumb","itemListElement":[{"@type":"ListItem","position":1,"name":"Accueil","item":"https:\/\/concept05design.com\/en\/"},{"@type":"ListItem","position":2,"name":"Shop","item":"https:\/\/concept05design.com\/shop\/"},{"@type":"ListItem","position":3,"name":"Dennis"}]},{"@type":"WebSite","@id":"https:\/\/concept05design.com\/en\/#website","url":"https:\/\/concept05design.com\/en\/","name":"Concept 05 Design","description":"Du Concept \u00e0 la R\u00e9alit\u00e9 : Votre Vision, Notre Mission","potentialAction":[{"@type":"SearchAction","target":{"@type":"EntryPoint","urlTemplate":"https:\/\/concept05design.com\/en\/?s={search_term_string}"},"query-input":{"@type":"PropertyValueSpecification","valueRequired":true,"valueName":"search_term_string"}}],"inLanguage":"en-US"}]}},"_links":{"self":[{"href":"https:\/\/concept05design.com\/en\/wp-json\/wp\/v2\/product\/6426","targetHints":{"allow":["GET"]}}],"collection":[{"href":"https:\/\/concept05design.com\/en\/wp-json\/wp\/v2\/product"}],"about":[{"href":"https:\/\/concept05design.com\/en\/wp-json\/wp\/v2\/types\/product"}],"wp:featuredmedia":[{"embeddable":true,"href":"https:\/\/concept05design.com\/en\/wp-json\/wp\/v2\/media\/6421"}],"wp:attachment":[{"href":"https:\/\/concept05design.com\/en\/wp-json\/wp\/v2\/media?parent=6426"}],"wp:term":[{"taxonomy":"product_brand","embeddable":true,"href":"https:\/\/concept05design.com\/en\/wp-json\/wp\/v2\/product_brand?post=6426"},{"taxonomy":"product_cat","embeddable":true,"href":"https:\/\/concept05design.com\/en\/wp-json\/wp\/v2\/product_cat?post=6426"},{"taxonomy":"product_tag","embeddable":true,"href":"https:\/\/concept05design.com\/en\/wp-json\/wp\/v2\/product_tag?post=6426"}],"curies":[{"name":"wp","href":"https:\/\/api.w.org\/{rel}","templated":true}]}}