{"id":6435,"date":"2025-07-28T21:16:26","date_gmt":"2025-07-28T21:16:26","guid":{"rendered":"https:\/\/concept05design.com\/produit\/dobi\/"},"modified":"2025-07-28T21:21:28","modified_gmt":"2025-07-28T21:21:28","slug":"dobi","status":"publish","type":"product","link":"https:\/\/concept05design.com\/en\/produit\/dobi\/","title":{"rendered":"Dobi"},"content":{"rendered":"<p data-start=\"283\" data-end=\"305\"><strong data-start=\"283\" data-end=\"303\">Features<\/strong><\/p>\n<ul data-start=\"306\" data-end=\"476\">\n<li data-start=\"306\" data-end=\"339\">\n<p data-start=\"308\" data-end=\"339\">Solid brass construction<\/p>\n<\/li>\n<li data-start=\"340\" data-end=\"373\">\n<p data-start=\"342\" data-end=\"373\">2-arm towel rack<\/p>\n<\/li>\n<li data-start=\"374\" data-end=\"431\">\n<p data-start=\"376\" data-end=\"431\">Self-supporting design: no installation required<\/p>\n<\/li>\n<li data-start=\"432\" data-end=\"476\">\n<p data-start=\"434\" data-end=\"476\">Corrosion and rust resistant<\/p>\n<\/li>\n<\/ul>\n<p data-start=\"478\" data-end=\"498\"><strong data-start=\"478\" data-end=\"496\">Specifications<\/strong><\/p>\n<ul data-start=\"499\" data-end=\"625\" data-is-last-node=\"\" data-is-only-node=\"\">\n<li data-start=\"499\" data-end=\"542\">\n<p data-start=\"501\" data-end=\"542\">Available finishes: chrome and matte black<\/p>\n<\/li>\n<li data-start=\"543\" data-end=\"625\" data-is-last-node=\"\">\n<p data-start=\"545\" data-end=\"625\" data-is-last-node=\"\">Warranty and certifications: 5-year warranty against manufacturing defects<\/p>\n<\/li>\n<\/ul>\n","protected":false},"excerpt":{"rendered":"<p>This freestanding towel rack boasts a stunning matte black finish that blends perfectly with all types of interiors and color palettes. Made from solid brass, it is highly durable and its heavy base guarantees stability at all times. <\/p>\n<p>&nbsp;<\/p>\n<p><img decoding=\"async\" class=\"alignnone wp-image-6428\" src=\"https:\/\/concept05design.com\/wp-content\/uploads\/2025\/07\/Untitled-92-300x278.png\" alt=\"\" width=\"386\" height=\"358\" srcset=\"https:\/\/concept05design.com\/wp-content\/uploads\/2025\/07\/Untitled-92-200x186.png 200w, https:\/\/concept05design.com\/wp-content\/uploads\/2025\/07\/Untitled-92-300x278.png 300w, https:\/\/concept05design.com\/wp-content\/uploads\/2025\/07\/Untitled-92-400x371.png 400w, https:\/\/concept05design.com\/wp-content\/uploads\/2025\/07\/Untitled-92.png 432w\" sizes=\"(max-width: 386px) 100vw, 386px\" \/><\/p>\n","protected":false},"featured_media":6431,"template":"","meta":[],"product_brand":[],"product_cat":[450,418],"product_tag":[],"class_list":{"0":"post-6435","1":"product","2":"type-product","3":"status-publish","4":"has-post-thumbnail","6":"product_cat-accessories","7":"product_cat-bathroom","9":"first","10":"instock","11":"shipping-taxable","12":"product-type-simple"},"yoast_head":"<!-- This site is optimized with the Yoast SEO plugin v27.4 - https:\/\/yoast.com\/product\/yoast-seo-wordpress\/ -->\n<title>Dobi - Concept 05 Design<\/title>\n<meta name=\"robots\" content=\"index, follow, max-snippet:-1, max-image-preview:large, max-video-preview:-1\" \/>\n<link rel=\"canonical\" href=\"https:\/\/concept05design.com\/en\/produit\/dobi\/\" \/>\n<meta property=\"og:locale\" content=\"en_US\" \/>\n<meta property=\"og:type\" content=\"article\" \/>\n<meta property=\"og:title\" content=\"Dobi - Concept 05 Design\" \/>\n<meta property=\"og:description\" content=\"This freestanding towel rack boasts a stunning matte black finish that blends perfectly with all types of interiors and color palettes. Made from solid brass, it is highly durable and its heavy base guarantees stability at all times.  &nbsp;\" \/>\n<meta property=\"og:url\" content=\"https:\/\/concept05design.com\/en\/produit\/dobi\/\" \/>\n<meta property=\"og:site_name\" content=\"Concept 05 Design\" \/>\n<meta property=\"article:modified_time\" content=\"2025-07-28T21:21:28+00:00\" \/>\n<meta property=\"og:image\" content=\"https:\/\/concept05design.com\/wp-content\/uploads\/2025\/07\/DOBI-BK.webp\" \/>\n\t<meta property=\"og:image:width\" content=\"600\" \/>\n\t<meta property=\"og:image:height\" content=\"600\" \/>\n\t<meta property=\"og:image:type\" content=\"image\/webp\" \/>\n<meta name=\"twitter:card\" content=\"summary_large_image\" \/>\n<script type=\"application\/ld+json\" class=\"yoast-schema-graph\">{\"@context\":\"https:\\\/\\\/schema.org\",\"@graph\":[{\"@type\":\"WebPage\",\"@id\":\"https:\\\/\\\/concept05design.com\\\/en\\\/produit\\\/dobi\\\/\",\"url\":\"https:\\\/\\\/concept05design.com\\\/en\\\/produit\\\/dobi\\\/\",\"name\":\"Dobi - Concept 05 Design\",\"isPartOf\":{\"@id\":\"https:\\\/\\\/concept05design.com\\\/en\\\/#website\"},\"primaryImageOfPage\":{\"@id\":\"https:\\\/\\\/concept05design.com\\\/en\\\/produit\\\/dobi\\\/#primaryimage\"},\"image\":{\"@id\":\"https:\\\/\\\/concept05design.com\\\/en\\\/produit\\\/dobi\\\/#primaryimage\"},\"thumbnailUrl\":\"https:\\\/\\\/concept05design.com\\\/wp-content\\\/uploads\\\/2025\\\/07\\\/DOBI-BK.webp\",\"datePublished\":\"2025-07-28T21:16:26+00:00\",\"dateModified\":\"2025-07-28T21:21:28+00:00\",\"breadcrumb\":{\"@id\":\"https:\\\/\\\/concept05design.com\\\/en\\\/produit\\\/dobi\\\/#breadcrumb\"},\"inLanguage\":\"en-US\",\"potentialAction\":[{\"@type\":\"ReadAction\",\"target\":[\"https:\\\/\\\/concept05design.com\\\/en\\\/produit\\\/dobi\\\/\"]}]},{\"@type\":\"ImageObject\",\"inLanguage\":\"en-US\",\"@id\":\"https:\\\/\\\/concept05design.com\\\/en\\\/produit\\\/dobi\\\/#primaryimage\",\"url\":\"https:\\\/\\\/concept05design.com\\\/wp-content\\\/uploads\\\/2025\\\/07\\\/DOBI-BK.webp\",\"contentUrl\":\"https:\\\/\\\/concept05design.com\\\/wp-content\\\/uploads\\\/2025\\\/07\\\/DOBI-BK.webp\",\"width\":600,\"height\":600},{\"@type\":\"BreadcrumbList\",\"@id\":\"https:\\\/\\\/concept05design.com\\\/en\\\/produit\\\/dobi\\\/#breadcrumb\",\"itemListElement\":[{\"@type\":\"ListItem\",\"position\":1,\"name\":\"Accueil\",\"item\":\"https:\\\/\\\/concept05design.com\\\/en\\\/\"},{\"@type\":\"ListItem\",\"position\":2,\"name\":\"Shop\",\"item\":\"https:\\\/\\\/concept05design.com\\\/shop\\\/\"},{\"@type\":\"ListItem\",\"position\":3,\"name\":\"Dobi\"}]},{\"@type\":\"WebSite\",\"@id\":\"https:\\\/\\\/concept05design.com\\\/en\\\/#website\",\"url\":\"https:\\\/\\\/concept05design.com\\\/en\\\/\",\"name\":\"Concept 05 Design\",\"description\":\"Du Concept \u00e0 la R\u00e9alit\u00e9 : Votre Vision, Notre Mission\",\"potentialAction\":[{\"@type\":\"SearchAction\",\"target\":{\"@type\":\"EntryPoint\",\"urlTemplate\":\"https:\\\/\\\/concept05design.com\\\/en\\\/?s={search_term_string}\"},\"query-input\":{\"@type\":\"PropertyValueSpecification\",\"valueRequired\":true,\"valueName\":\"search_term_string\"}}],\"inLanguage\":\"en-US\"}]}<\/script>\n<!-- \/ Yoast SEO plugin. -->","yoast_head_json":{"title":"Dobi - Concept 05 Design","robots":{"index":"index","follow":"follow","max-snippet":"max-snippet:-1","max-image-preview":"max-image-preview:large","max-video-preview":"max-video-preview:-1"},"canonical":"https:\/\/concept05design.com\/en\/produit\/dobi\/","og_locale":"en_US","og_type":"article","og_title":"Dobi - Concept 05 Design","og_description":"This freestanding towel rack boasts a stunning matte black finish that blends perfectly with all types of interiors and color palettes. Made from solid brass, it is highly durable and its heavy base guarantees stability at all times.  &nbsp;","og_url":"https:\/\/concept05design.com\/en\/produit\/dobi\/","og_site_name":"Concept 05 Design","article_modified_time":"2025-07-28T21:21:28+00:00","og_image":[{"width":600,"height":600,"url":"https:\/\/concept05design.com\/wp-content\/uploads\/2025\/07\/DOBI-BK.webp","type":"image\/webp"}],"twitter_card":"summary_large_image","schema":{"@context":"https:\/\/schema.org","@graph":[{"@type":"WebPage","@id":"https:\/\/concept05design.com\/en\/produit\/dobi\/","url":"https:\/\/concept05design.com\/en\/produit\/dobi\/","name":"Dobi - Concept 05 Design","isPartOf":{"@id":"https:\/\/concept05design.com\/en\/#website"},"primaryImageOfPage":{"@id":"https:\/\/concept05design.com\/en\/produit\/dobi\/#primaryimage"},"image":{"@id":"https:\/\/concept05design.com\/en\/produit\/dobi\/#primaryimage"},"thumbnailUrl":"https:\/\/concept05design.com\/wp-content\/uploads\/2025\/07\/DOBI-BK.webp","datePublished":"2025-07-28T21:16:26+00:00","dateModified":"2025-07-28T21:21:28+00:00","breadcrumb":{"@id":"https:\/\/concept05design.com\/en\/produit\/dobi\/#breadcrumb"},"inLanguage":"en-US","potentialAction":[{"@type":"ReadAction","target":["https:\/\/concept05design.com\/en\/produit\/dobi\/"]}]},{"@type":"ImageObject","inLanguage":"en-US","@id":"https:\/\/concept05design.com\/en\/produit\/dobi\/#primaryimage","url":"https:\/\/concept05design.com\/wp-content\/uploads\/2025\/07\/DOBI-BK.webp","contentUrl":"https:\/\/concept05design.com\/wp-content\/uploads\/2025\/07\/DOBI-BK.webp","width":600,"height":600},{"@type":"BreadcrumbList","@id":"https:\/\/concept05design.com\/en\/produit\/dobi\/#breadcrumb","itemListElement":[{"@type":"ListItem","position":1,"name":"Accueil","item":"https:\/\/concept05design.com\/en\/"},{"@type":"ListItem","position":2,"name":"Shop","item":"https:\/\/concept05design.com\/shop\/"},{"@type":"ListItem","position":3,"name":"Dobi"}]},{"@type":"WebSite","@id":"https:\/\/concept05design.com\/en\/#website","url":"https:\/\/concept05design.com\/en\/","name":"Concept 05 Design","description":"Du Concept \u00e0 la R\u00e9alit\u00e9 : Votre Vision, Notre Mission","potentialAction":[{"@type":"SearchAction","target":{"@type":"EntryPoint","urlTemplate":"https:\/\/concept05design.com\/en\/?s={search_term_string}"},"query-input":{"@type":"PropertyValueSpecification","valueRequired":true,"valueName":"search_term_string"}}],"inLanguage":"en-US"}]}},"_links":{"self":[{"href":"https:\/\/concept05design.com\/en\/wp-json\/wp\/v2\/product\/6435","targetHints":{"allow":["GET"]}}],"collection":[{"href":"https:\/\/concept05design.com\/en\/wp-json\/wp\/v2\/product"}],"about":[{"href":"https:\/\/concept05design.com\/en\/wp-json\/wp\/v2\/types\/product"}],"wp:featuredmedia":[{"embeddable":true,"href":"https:\/\/concept05design.com\/en\/wp-json\/wp\/v2\/media\/6431"}],"wp:attachment":[{"href":"https:\/\/concept05design.com\/en\/wp-json\/wp\/v2\/media?parent=6435"}],"wp:term":[{"taxonomy":"product_brand","embeddable":true,"href":"https:\/\/concept05design.com\/en\/wp-json\/wp\/v2\/product_brand?post=6435"},{"taxonomy":"product_cat","embeddable":true,"href":"https:\/\/concept05design.com\/en\/wp-json\/wp\/v2\/product_cat?post=6435"},{"taxonomy":"product_tag","embeddable":true,"href":"https:\/\/concept05design.com\/en\/wp-json\/wp\/v2\/product_tag?post=6435"}],"curies":[{"name":"wp","href":"https:\/\/api.w.org\/{rel}","templated":true}]}}