{"id":6447,"date":"2025-07-28T21:28:17","date_gmt":"2025-07-28T21:28:17","guid":{"rendered":"https:\/\/concept05design.com\/produit\/nicola12x12\/"},"modified":"2025-08-01T16:31:25","modified_gmt":"2025-08-01T16:31:25","slug":"nicola12x12","status":"publish","type":"product","link":"https:\/\/concept05design.com\/en\/produit\/nicola12x12\/","title":{"rendered":"Nicola12x12"},"content":{"rendered":"<p data-start=\"299\" data-end=\"321\"><strong data-start=\"299\" data-end=\"319\">Features<\/strong><\/p>\n<ul data-start=\"322\" data-end=\"512\">\n<li data-start=\"322\" data-end=\"368\">\n<p data-start=\"324\" data-end=\"368\">Made of 16-gauge stainless steel<\/p>\n<\/li>\n<li data-start=\"369\" data-end=\"411\">\n<p data-start=\"371\" data-end=\"411\">Dimensions: 13-1\/4&#8221; x 13-1\/4&#8221; x 4&#8221;.<\/p>\n<\/li>\n<li data-start=\"412\" data-end=\"449\">\n<p data-start=\"414\" data-end=\"449\">Easy to clean and maintain<\/p>\n<\/li>\n<li data-start=\"450\" data-end=\"495\">\n<p data-start=\"452\" data-end=\"495\">Corrosion and rust resistant<\/p>\n<\/li>\n<li data-start=\"496\" data-end=\"512\">\n<p data-start=\"498\" data-end=\"512\">Square shape<\/p>\n<\/li>\n<\/ul>\n<p data-start=\"514\" data-end=\"534\"><strong data-start=\"514\" data-end=\"532\">Specifications<\/strong><\/p>\n<ul data-start=\"535\" data-end=\"702\" data-is-last-node=\"\" data-is-only-node=\"\">\n<li data-start=\"535\" data-end=\"619\">\n<p data-start=\"537\" data-end=\"619\">Available finishes: stainless steel, matt black, brushed brass (gold) and matt white<\/p>\n<\/li>\n<li data-start=\"620\" data-end=\"702\" data-is-last-node=\"\">\n<p data-start=\"622\" data-end=\"702\" data-is-last-node=\"\">Warranty and certifications: 5-year warranty against manufacturing defects<\/p>\n<\/li>\n<\/ul>\n","protected":false},"excerpt":{"rendered":"<p data-start=\"0\" data-end=\"297\">Add storage without compromising the style of your bathroom with this square shower niche! With its sober, elegant design, it blends in perfectly with all bathroom styles. Its stainless steel finish is easy to maintain and highly durable.  <\/p>\n<p data-start=\"622\" data-end=\"702\" data-is-last-node=\"\"><img decoding=\"async\" class=\"alignnone wp-image-6444\" src=\"https:\/\/concept05design.com\/wp-content\/uploads\/2025\/07\/Untitled-93-300x177.png\" alt=\"\" width=\"388\" height=\"229\" srcset=\"https:\/\/concept05design.com\/wp-content\/uploads\/2025\/07\/Untitled-93-200x118.png 200w, https:\/\/concept05design.com\/wp-content\/uploads\/2025\/07\/Untitled-93-300x177.png 300w, https:\/\/concept05design.com\/wp-content\/uploads\/2025\/07\/Untitled-93-400x236.png 400w, https:\/\/concept05design.com\/wp-content\/uploads\/2025\/07\/Untitled-93.png 419w\" sizes=\"(max-width: 388px) 100vw, 388px\" \/><\/p>\n","protected":false},"featured_media":6443,"template":"","meta":[],"product_brand":[],"product_cat":[465,454],"product_tag":[],"class_list":{"0":"post-6447","1":"product","2":"type-product","3":"status-publish","4":"has-post-thumbnail","6":"product_cat-featured-showers","7":"product_cat-shower-en","9":"first","10":"instock","11":"shipping-taxable","12":"product-type-simple"},"yoast_head":"<!-- This site is optimized with the Yoast SEO plugin v27.4 - https:\/\/yoast.com\/product\/yoast-seo-wordpress\/ -->\n<title>Nicola12x12 - Concept 05 Design<\/title>\n<meta name=\"robots\" content=\"index, follow, max-snippet:-1, max-image-preview:large, max-video-preview:-1\" \/>\n<link rel=\"canonical\" href=\"https:\/\/concept05design.com\/en\/produit\/nicola12x12\/\" \/>\n<meta property=\"og:locale\" content=\"en_US\" \/>\n<meta property=\"og:type\" content=\"article\" \/>\n<meta property=\"og:title\" content=\"Nicola12x12 - Concept 05 Design\" \/>\n<meta property=\"og:description\" content=\"Add storage without compromising the style of your bathroom with this square shower niche! With its sober, elegant design, it blends in perfectly with all bathroom styles. Its stainless steel finish is easy to maintain and highly durable.\" \/>\n<meta property=\"og:url\" content=\"https:\/\/concept05design.com\/en\/produit\/nicola12x12\/\" \/>\n<meta property=\"og:site_name\" content=\"Concept 05 Design\" \/>\n<meta property=\"article:modified_time\" content=\"2025-08-01T16:31:25+00:00\" \/>\n<meta property=\"og:image\" content=\"https:\/\/concept05design.com\/wp-content\/uploads\/2025\/07\/NICOLA12X12-W.webp\" \/>\n\t<meta property=\"og:image:width\" content=\"600\" \/>\n\t<meta property=\"og:image:height\" content=\"600\" \/>\n\t<meta property=\"og:image:type\" content=\"image\/webp\" \/>\n<meta name=\"twitter:card\" content=\"summary_large_image\" \/>\n<script type=\"application\/ld+json\" class=\"yoast-schema-graph\">{\"@context\":\"https:\\\/\\\/schema.org\",\"@graph\":[{\"@type\":\"WebPage\",\"@id\":\"https:\\\/\\\/concept05design.com\\\/en\\\/produit\\\/nicola12x12\\\/\",\"url\":\"https:\\\/\\\/concept05design.com\\\/en\\\/produit\\\/nicola12x12\\\/\",\"name\":\"Nicola12x12 - Concept 05 Design\",\"isPartOf\":{\"@id\":\"https:\\\/\\\/concept05design.com\\\/en\\\/#website\"},\"primaryImageOfPage\":{\"@id\":\"https:\\\/\\\/concept05design.com\\\/en\\\/produit\\\/nicola12x12\\\/#primaryimage\"},\"image\":{\"@id\":\"https:\\\/\\\/concept05design.com\\\/en\\\/produit\\\/nicola12x12\\\/#primaryimage\"},\"thumbnailUrl\":\"https:\\\/\\\/concept05design.com\\\/wp-content\\\/uploads\\\/2025\\\/07\\\/NICOLA12X12-W.webp\",\"datePublished\":\"2025-07-28T21:28:17+00:00\",\"dateModified\":\"2025-08-01T16:31:25+00:00\",\"breadcrumb\":{\"@id\":\"https:\\\/\\\/concept05design.com\\\/en\\\/produit\\\/nicola12x12\\\/#breadcrumb\"},\"inLanguage\":\"en-US\",\"potentialAction\":[{\"@type\":\"ReadAction\",\"target\":[\"https:\\\/\\\/concept05design.com\\\/en\\\/produit\\\/nicola12x12\\\/\"]}]},{\"@type\":\"ImageObject\",\"inLanguage\":\"en-US\",\"@id\":\"https:\\\/\\\/concept05design.com\\\/en\\\/produit\\\/nicola12x12\\\/#primaryimage\",\"url\":\"https:\\\/\\\/concept05design.com\\\/wp-content\\\/uploads\\\/2025\\\/07\\\/NICOLA12X12-W.webp\",\"contentUrl\":\"https:\\\/\\\/concept05design.com\\\/wp-content\\\/uploads\\\/2025\\\/07\\\/NICOLA12X12-W.webp\",\"width\":600,\"height\":600},{\"@type\":\"BreadcrumbList\",\"@id\":\"https:\\\/\\\/concept05design.com\\\/en\\\/produit\\\/nicola12x12\\\/#breadcrumb\",\"itemListElement\":[{\"@type\":\"ListItem\",\"position\":1,\"name\":\"Accueil\",\"item\":\"https:\\\/\\\/concept05design.com\\\/en\\\/\"},{\"@type\":\"ListItem\",\"position\":2,\"name\":\"Shop\",\"item\":\"https:\\\/\\\/concept05design.com\\\/shop\\\/\"},{\"@type\":\"ListItem\",\"position\":3,\"name\":\"Nicola12x12\"}]},{\"@type\":\"WebSite\",\"@id\":\"https:\\\/\\\/concept05design.com\\\/en\\\/#website\",\"url\":\"https:\\\/\\\/concept05design.com\\\/en\\\/\",\"name\":\"Concept 05 Design\",\"description\":\"Du Concept \u00e0 la R\u00e9alit\u00e9 : Votre Vision, Notre Mission\",\"potentialAction\":[{\"@type\":\"SearchAction\",\"target\":{\"@type\":\"EntryPoint\",\"urlTemplate\":\"https:\\\/\\\/concept05design.com\\\/en\\\/?s={search_term_string}\"},\"query-input\":{\"@type\":\"PropertyValueSpecification\",\"valueRequired\":true,\"valueName\":\"search_term_string\"}}],\"inLanguage\":\"en-US\"}]}<\/script>\n<!-- \/ Yoast SEO plugin. -->","yoast_head_json":{"title":"Nicola12x12 - Concept 05 Design","robots":{"index":"index","follow":"follow","max-snippet":"max-snippet:-1","max-image-preview":"max-image-preview:large","max-video-preview":"max-video-preview:-1"},"canonical":"https:\/\/concept05design.com\/en\/produit\/nicola12x12\/","og_locale":"en_US","og_type":"article","og_title":"Nicola12x12 - Concept 05 Design","og_description":"Add storage without compromising the style of your bathroom with this square shower niche! With its sober, elegant design, it blends in perfectly with all bathroom styles. Its stainless steel finish is easy to maintain and highly durable.","og_url":"https:\/\/concept05design.com\/en\/produit\/nicola12x12\/","og_site_name":"Concept 05 Design","article_modified_time":"2025-08-01T16:31:25+00:00","og_image":[{"width":600,"height":600,"url":"https:\/\/concept05design.com\/wp-content\/uploads\/2025\/07\/NICOLA12X12-W.webp","type":"image\/webp"}],"twitter_card":"summary_large_image","schema":{"@context":"https:\/\/schema.org","@graph":[{"@type":"WebPage","@id":"https:\/\/concept05design.com\/en\/produit\/nicola12x12\/","url":"https:\/\/concept05design.com\/en\/produit\/nicola12x12\/","name":"Nicola12x12 - Concept 05 Design","isPartOf":{"@id":"https:\/\/concept05design.com\/en\/#website"},"primaryImageOfPage":{"@id":"https:\/\/concept05design.com\/en\/produit\/nicola12x12\/#primaryimage"},"image":{"@id":"https:\/\/concept05design.com\/en\/produit\/nicola12x12\/#primaryimage"},"thumbnailUrl":"https:\/\/concept05design.com\/wp-content\/uploads\/2025\/07\/NICOLA12X12-W.webp","datePublished":"2025-07-28T21:28:17+00:00","dateModified":"2025-08-01T16:31:25+00:00","breadcrumb":{"@id":"https:\/\/concept05design.com\/en\/produit\/nicola12x12\/#breadcrumb"},"inLanguage":"en-US","potentialAction":[{"@type":"ReadAction","target":["https:\/\/concept05design.com\/en\/produit\/nicola12x12\/"]}]},{"@type":"ImageObject","inLanguage":"en-US","@id":"https:\/\/concept05design.com\/en\/produit\/nicola12x12\/#primaryimage","url":"https:\/\/concept05design.com\/wp-content\/uploads\/2025\/07\/NICOLA12X12-W.webp","contentUrl":"https:\/\/concept05design.com\/wp-content\/uploads\/2025\/07\/NICOLA12X12-W.webp","width":600,"height":600},{"@type":"BreadcrumbList","@id":"https:\/\/concept05design.com\/en\/produit\/nicola12x12\/#breadcrumb","itemListElement":[{"@type":"ListItem","position":1,"name":"Accueil","item":"https:\/\/concept05design.com\/en\/"},{"@type":"ListItem","position":2,"name":"Shop","item":"https:\/\/concept05design.com\/shop\/"},{"@type":"ListItem","position":3,"name":"Nicola12x12"}]},{"@type":"WebSite","@id":"https:\/\/concept05design.com\/en\/#website","url":"https:\/\/concept05design.com\/en\/","name":"Concept 05 Design","description":"Du Concept \u00e0 la R\u00e9alit\u00e9 : Votre Vision, Notre Mission","potentialAction":[{"@type":"SearchAction","target":{"@type":"EntryPoint","urlTemplate":"https:\/\/concept05design.com\/en\/?s={search_term_string}"},"query-input":{"@type":"PropertyValueSpecification","valueRequired":true,"valueName":"search_term_string"}}],"inLanguage":"en-US"}]}},"_links":{"self":[{"href":"https:\/\/concept05design.com\/en\/wp-json\/wp\/v2\/product\/6447","targetHints":{"allow":["GET"]}}],"collection":[{"href":"https:\/\/concept05design.com\/en\/wp-json\/wp\/v2\/product"}],"about":[{"href":"https:\/\/concept05design.com\/en\/wp-json\/wp\/v2\/types\/product"}],"wp:featuredmedia":[{"embeddable":true,"href":"https:\/\/concept05design.com\/en\/wp-json\/wp\/v2\/media\/6443"}],"wp:attachment":[{"href":"https:\/\/concept05design.com\/en\/wp-json\/wp\/v2\/media?parent=6447"}],"wp:term":[{"taxonomy":"product_brand","embeddable":true,"href":"https:\/\/concept05design.com\/en\/wp-json\/wp\/v2\/product_brand?post=6447"},{"taxonomy":"product_cat","embeddable":true,"href":"https:\/\/concept05design.com\/en\/wp-json\/wp\/v2\/product_cat?post=6447"},{"taxonomy":"product_tag","embeddable":true,"href":"https:\/\/concept05design.com\/en\/wp-json\/wp\/v2\/product_tag?post=6447"}],"curies":[{"name":"wp","href":"https:\/\/api.w.org\/{rel}","templated":true}]}}