{"id":6459,"date":"2025-07-28T21:32:29","date_gmt":"2025-07-28T21:32:29","guid":{"rendered":"https:\/\/concept05design.com\/produit\/noah12x24\/"},"modified":"2025-07-28T21:33:16","modified_gmt":"2025-07-28T21:33:16","slug":"noah12x24","status":"publish","type":"product","link":"https:\/\/concept05design.com\/en\/produit\/noah12x24\/","title":{"rendered":"Noah12x24"},"content":{"rendered":"<p data-start=\"326\" data-end=\"348\"><strong data-start=\"326\" data-end=\"346\">Features<\/strong><\/p>\n<ul data-start=\"349\" data-end=\"566\">\n<li data-start=\"349\" data-end=\"396\">\n<p data-start=\"351\" data-end=\"396\">16-gauge stainless steel construction<\/p>\n<\/li>\n<li data-start=\"397\" data-end=\"439\">\n<p data-start=\"399\" data-end=\"439\">Dimensions: 13-1\/4&#8221; x 25-1\/4&#8221; x 4&#8221;.<\/p>\n<\/li>\n<li data-start=\"440\" data-end=\"458\">\n<p data-start=\"442\" data-end=\"458\">Baked paint<\/p>\n<\/li>\n<li data-start=\"459\" data-end=\"496\">\n<p data-start=\"461\" data-end=\"496\">Easy to clean and maintain<\/p>\n<\/li>\n<li data-start=\"497\" data-end=\"542\">\n<p data-start=\"499\" data-end=\"542\">Corrosion and rust resistant<\/p>\n<\/li>\n<li data-start=\"543\" data-end=\"566\">\n<p data-start=\"545\" data-end=\"566\">Rectangular shape<\/p>\n<\/li>\n<\/ul>\n<p data-start=\"568\" data-end=\"588\"><strong data-start=\"568\" data-end=\"586\">Specifications<\/strong><\/p>\n<ul data-start=\"589\" data-end=\"759\" data-is-last-node=\"\" data-is-only-node=\"\">\n<li data-start=\"589\" data-end=\"676\">\n<p data-start=\"591\" data-end=\"676\">Available finishes: stainless steel, matt black, brushed brass (gold) and matt white<\/p>\n<\/li>\n<li data-start=\"677\" data-end=\"759\" data-is-last-node=\"\">\n<p data-start=\"679\" data-end=\"759\" data-is-last-node=\"\">Warranty and certifications: 5-year warranty against manufacturing defects<\/p>\n<\/li>\n<\/ul>\n","protected":false},"excerpt":{"rendered":"<p>Add storage without compromising the style of your bathroom with this spacious rectangular shower niche. Thanks to its sober, elegant design, this niche blends in perfectly with all bathroom styles. Its baked-on paint guarantees easy maintenance and unsurpassed durability!  <\/p>\n<p>&nbsp;<\/p>\n<p><img decoding=\"async\" class=\"alignnone wp-image-6457\" src=\"https:\/\/concept05design.com\/wp-content\/uploads\/2025\/07\/Untitled-94-300x222.png\" alt=\"\" width=\"381\" height=\"282\" srcset=\"https:\/\/concept05design.com\/wp-content\/uploads\/2025\/07\/Untitled-94-200x148.png 200w, https:\/\/concept05design.com\/wp-content\/uploads\/2025\/07\/Untitled-94-300x222.png 300w, https:\/\/concept05design.com\/wp-content\/uploads\/2025\/07\/Untitled-94-400x296.png 400w, https:\/\/concept05design.com\/wp-content\/uploads\/2025\/07\/Untitled-94.png 474w\" sizes=\"(max-width: 381px) 100vw, 381px\" \/><\/p>\n","protected":false},"featured_media":6456,"template":"","meta":[],"product_brand":[],"product_cat":[418,454],"product_tag":[],"class_list":{"0":"post-6459","1":"product","2":"type-product","3":"status-publish","4":"has-post-thumbnail","6":"product_cat-bathroom","7":"product_cat-shower-en","9":"first","10":"instock","11":"shipping-taxable","12":"product-type-simple"},"yoast_head":"<!-- This site is optimized with the Yoast SEO plugin v27.4 - https:\/\/yoast.com\/product\/yoast-seo-wordpress\/ -->\n<title>Noah12x24 - Concept 05 Design<\/title>\n<meta name=\"robots\" content=\"index, follow, max-snippet:-1, max-image-preview:large, max-video-preview:-1\" \/>\n<link rel=\"canonical\" href=\"https:\/\/concept05design.com\/en\/produit\/noah12x24\/\" \/>\n<meta property=\"og:locale\" content=\"en_US\" \/>\n<meta property=\"og:type\" content=\"article\" \/>\n<meta property=\"og:title\" content=\"Noah12x24 - Concept 05 Design\" \/>\n<meta property=\"og:description\" content=\"Add storage without compromising the style of your bathroom with this spacious rectangular shower niche. Thanks to its sober, elegant design, this niche blends in perfectly with all bathroom styles. Its baked-on paint guarantees easy maintenance and unsurpassed durability!  &nbsp;\" \/>\n<meta property=\"og:url\" content=\"https:\/\/concept05design.com\/en\/produit\/noah12x24\/\" \/>\n<meta property=\"og:site_name\" content=\"Concept 05 Design\" \/>\n<meta property=\"article:modified_time\" content=\"2025-07-28T21:33:16+00:00\" \/>\n<meta property=\"og:image\" content=\"https:\/\/concept05design.com\/wp-content\/uploads\/2025\/07\/NOAH12X24-W-Main.webp\" \/>\n\t<meta property=\"og:image:width\" content=\"600\" \/>\n\t<meta property=\"og:image:height\" content=\"600\" \/>\n\t<meta property=\"og:image:type\" content=\"image\/webp\" \/>\n<meta name=\"twitter:card\" content=\"summary_large_image\" \/>\n<script type=\"application\/ld+json\" class=\"yoast-schema-graph\">{\"@context\":\"https:\\\/\\\/schema.org\",\"@graph\":[{\"@type\":\"WebPage\",\"@id\":\"https:\\\/\\\/concept05design.com\\\/en\\\/produit\\\/noah12x24\\\/\",\"url\":\"https:\\\/\\\/concept05design.com\\\/en\\\/produit\\\/noah12x24\\\/\",\"name\":\"Noah12x24 - Concept 05 Design\",\"isPartOf\":{\"@id\":\"https:\\\/\\\/concept05design.com\\\/en\\\/#website\"},\"primaryImageOfPage\":{\"@id\":\"https:\\\/\\\/concept05design.com\\\/en\\\/produit\\\/noah12x24\\\/#primaryimage\"},\"image\":{\"@id\":\"https:\\\/\\\/concept05design.com\\\/en\\\/produit\\\/noah12x24\\\/#primaryimage\"},\"thumbnailUrl\":\"https:\\\/\\\/concept05design.com\\\/wp-content\\\/uploads\\\/2025\\\/07\\\/NOAH12X24-W-Main.webp\",\"datePublished\":\"2025-07-28T21:32:29+00:00\",\"dateModified\":\"2025-07-28T21:33:16+00:00\",\"breadcrumb\":{\"@id\":\"https:\\\/\\\/concept05design.com\\\/en\\\/produit\\\/noah12x24\\\/#breadcrumb\"},\"inLanguage\":\"en-US\",\"potentialAction\":[{\"@type\":\"ReadAction\",\"target\":[\"https:\\\/\\\/concept05design.com\\\/en\\\/produit\\\/noah12x24\\\/\"]}]},{\"@type\":\"ImageObject\",\"inLanguage\":\"en-US\",\"@id\":\"https:\\\/\\\/concept05design.com\\\/en\\\/produit\\\/noah12x24\\\/#primaryimage\",\"url\":\"https:\\\/\\\/concept05design.com\\\/wp-content\\\/uploads\\\/2025\\\/07\\\/NOAH12X24-W-Main.webp\",\"contentUrl\":\"https:\\\/\\\/concept05design.com\\\/wp-content\\\/uploads\\\/2025\\\/07\\\/NOAH12X24-W-Main.webp\",\"width\":600,\"height\":600},{\"@type\":\"BreadcrumbList\",\"@id\":\"https:\\\/\\\/concept05design.com\\\/en\\\/produit\\\/noah12x24\\\/#breadcrumb\",\"itemListElement\":[{\"@type\":\"ListItem\",\"position\":1,\"name\":\"Accueil\",\"item\":\"https:\\\/\\\/concept05design.com\\\/en\\\/\"},{\"@type\":\"ListItem\",\"position\":2,\"name\":\"Shop\",\"item\":\"https:\\\/\\\/concept05design.com\\\/shop\\\/\"},{\"@type\":\"ListItem\",\"position\":3,\"name\":\"Noah12x24\"}]},{\"@type\":\"WebSite\",\"@id\":\"https:\\\/\\\/concept05design.com\\\/en\\\/#website\",\"url\":\"https:\\\/\\\/concept05design.com\\\/en\\\/\",\"name\":\"Concept 05 Design\",\"description\":\"Du Concept \u00e0 la R\u00e9alit\u00e9 : Votre Vision, Notre Mission\",\"potentialAction\":[{\"@type\":\"SearchAction\",\"target\":{\"@type\":\"EntryPoint\",\"urlTemplate\":\"https:\\\/\\\/concept05design.com\\\/en\\\/?s={search_term_string}\"},\"query-input\":{\"@type\":\"PropertyValueSpecification\",\"valueRequired\":true,\"valueName\":\"search_term_string\"}}],\"inLanguage\":\"en-US\"}]}<\/script>\n<!-- \/ Yoast SEO plugin. -->","yoast_head_json":{"title":"Noah12x24 - Concept 05 Design","robots":{"index":"index","follow":"follow","max-snippet":"max-snippet:-1","max-image-preview":"max-image-preview:large","max-video-preview":"max-video-preview:-1"},"canonical":"https:\/\/concept05design.com\/en\/produit\/noah12x24\/","og_locale":"en_US","og_type":"article","og_title":"Noah12x24 - Concept 05 Design","og_description":"Add storage without compromising the style of your bathroom with this spacious rectangular shower niche. Thanks to its sober, elegant design, this niche blends in perfectly with all bathroom styles. Its baked-on paint guarantees easy maintenance and unsurpassed durability!  &nbsp;","og_url":"https:\/\/concept05design.com\/en\/produit\/noah12x24\/","og_site_name":"Concept 05 Design","article_modified_time":"2025-07-28T21:33:16+00:00","og_image":[{"width":600,"height":600,"url":"https:\/\/concept05design.com\/wp-content\/uploads\/2025\/07\/NOAH12X24-W-Main.webp","type":"image\/webp"}],"twitter_card":"summary_large_image","schema":{"@context":"https:\/\/schema.org","@graph":[{"@type":"WebPage","@id":"https:\/\/concept05design.com\/en\/produit\/noah12x24\/","url":"https:\/\/concept05design.com\/en\/produit\/noah12x24\/","name":"Noah12x24 - Concept 05 Design","isPartOf":{"@id":"https:\/\/concept05design.com\/en\/#website"},"primaryImageOfPage":{"@id":"https:\/\/concept05design.com\/en\/produit\/noah12x24\/#primaryimage"},"image":{"@id":"https:\/\/concept05design.com\/en\/produit\/noah12x24\/#primaryimage"},"thumbnailUrl":"https:\/\/concept05design.com\/wp-content\/uploads\/2025\/07\/NOAH12X24-W-Main.webp","datePublished":"2025-07-28T21:32:29+00:00","dateModified":"2025-07-28T21:33:16+00:00","breadcrumb":{"@id":"https:\/\/concept05design.com\/en\/produit\/noah12x24\/#breadcrumb"},"inLanguage":"en-US","potentialAction":[{"@type":"ReadAction","target":["https:\/\/concept05design.com\/en\/produit\/noah12x24\/"]}]},{"@type":"ImageObject","inLanguage":"en-US","@id":"https:\/\/concept05design.com\/en\/produit\/noah12x24\/#primaryimage","url":"https:\/\/concept05design.com\/wp-content\/uploads\/2025\/07\/NOAH12X24-W-Main.webp","contentUrl":"https:\/\/concept05design.com\/wp-content\/uploads\/2025\/07\/NOAH12X24-W-Main.webp","width":600,"height":600},{"@type":"BreadcrumbList","@id":"https:\/\/concept05design.com\/en\/produit\/noah12x24\/#breadcrumb","itemListElement":[{"@type":"ListItem","position":1,"name":"Accueil","item":"https:\/\/concept05design.com\/en\/"},{"@type":"ListItem","position":2,"name":"Shop","item":"https:\/\/concept05design.com\/shop\/"},{"@type":"ListItem","position":3,"name":"Noah12x24"}]},{"@type":"WebSite","@id":"https:\/\/concept05design.com\/en\/#website","url":"https:\/\/concept05design.com\/en\/","name":"Concept 05 Design","description":"Du Concept \u00e0 la R\u00e9alit\u00e9 : Votre Vision, Notre Mission","potentialAction":[{"@type":"SearchAction","target":{"@type":"EntryPoint","urlTemplate":"https:\/\/concept05design.com\/en\/?s={search_term_string}"},"query-input":{"@type":"PropertyValueSpecification","valueRequired":true,"valueName":"search_term_string"}}],"inLanguage":"en-US"}]}},"_links":{"self":[{"href":"https:\/\/concept05design.com\/en\/wp-json\/wp\/v2\/product\/6459","targetHints":{"allow":["GET"]}}],"collection":[{"href":"https:\/\/concept05design.com\/en\/wp-json\/wp\/v2\/product"}],"about":[{"href":"https:\/\/concept05design.com\/en\/wp-json\/wp\/v2\/types\/product"}],"wp:featuredmedia":[{"embeddable":true,"href":"https:\/\/concept05design.com\/en\/wp-json\/wp\/v2\/media\/6456"}],"wp:attachment":[{"href":"https:\/\/concept05design.com\/en\/wp-json\/wp\/v2\/media?parent=6459"}],"wp:term":[{"taxonomy":"product_brand","embeddable":true,"href":"https:\/\/concept05design.com\/en\/wp-json\/wp\/v2\/product_brand?post=6459"},{"taxonomy":"product_cat","embeddable":true,"href":"https:\/\/concept05design.com\/en\/wp-json\/wp\/v2\/product_cat?post=6459"},{"taxonomy":"product_tag","embeddable":true,"href":"https:\/\/concept05design.com\/en\/wp-json\/wp\/v2\/product_tag?post=6459"}],"curies":[{"name":"wp","href":"https:\/\/api.w.org\/{rel}","templated":true}]}}