{"id":6483,"date":"2025-07-28T21:41:09","date_gmt":"2025-07-28T21:41:09","guid":{"rendered":"https:\/\/concept05design.com\/produit\/natalia8x36\/"},"modified":"2025-07-28T21:43:40","modified_gmt":"2025-07-28T21:43:40","slug":"natalia8x36","status":"publish","type":"product","link":"https:\/\/concept05design.com\/en\/produit\/natalia8x36\/","title":{"rendered":"Natalia8X36"},"content":{"rendered":"<p data-start=\"397\" data-end=\"419\"><strong data-start=\"397\" data-end=\"417\">Features<\/strong><\/p>\n<ul data-start=\"420\" data-end=\"716\">\n<li data-start=\"420\" data-end=\"467\">\n<p data-start=\"422\" data-end=\"467\">16-gauge stainless steel construction<\/p>\n<\/li>\n<li data-start=\"468\" data-end=\"498\">\n<p data-start=\"470\" data-end=\"498\">Dimensions: 36&#8243; x 8&#8243; x 4&#8243;.<\/p>\n<\/li>\n<li data-start=\"499\" data-end=\"517\">\n<p data-start=\"501\" data-end=\"517\">Baked paint<\/p>\n<\/li>\n<li data-start=\"518\" data-end=\"550\">\n<p data-start=\"520\" data-end=\"550\">3 storage compartments<\/p>\n<\/li>\n<li data-start=\"551\" data-end=\"608\">\n<p data-start=\"553\" data-end=\"608\">Perforated shelves for efficient water drainage<\/p>\n<\/li>\n<li data-start=\"609\" data-end=\"646\">\n<p data-start=\"611\" data-end=\"646\">Easy to clean and maintain<\/p>\n<\/li>\n<li data-start=\"647\" data-end=\"692\">\n<p data-start=\"649\" data-end=\"692\">Corrosion and rust resistant<\/p>\n<\/li>\n<li data-start=\"693\" data-end=\"716\">\n<p data-start=\"695\" data-end=\"716\">Rectangular shape<\/p>\n<\/li>\n<\/ul>\n<p data-start=\"718\" data-end=\"738\"><strong data-start=\"718\" data-end=\"736\">Specifications<\/strong><\/p>\n<ul data-start=\"739\" data-end=\"909\" data-is-last-node=\"\" data-is-only-node=\"\">\n<li data-start=\"739\" data-end=\"826\">\n<p data-start=\"741\" data-end=\"826\">Available finishes: stainless steel, matt black, brushed brass (gold) and matt white<\/p>\n<\/li>\n<li data-start=\"827\" data-end=\"909\" data-is-last-node=\"\">\n<p data-start=\"829\" data-end=\"909\" data-is-last-node=\"\">Warranty and certifications: 5-year warranty against manufacturing defects<\/p>\n<\/li>\n<\/ul>\n","protected":false},"excerpt":{"rendered":"<p>Add storage without compromising the style of your bathroom with this rectangular shower niche! The shelves create three separate compartments to better organize your shower items. With its sober, elegant design, this niche blends in perfectly with all bathroom styles. The matt white finish is easy to maintain and highly durable!   <\/p>\n<p>&nbsp;<\/p>\n<p><img decoding=\"async\" class=\"alignnone wp-image-6481\" src=\"https:\/\/concept05design.com\/wp-content\/uploads\/2025\/07\/Untitled-96-300x287.png\" alt=\"\" width=\"380\" height=\"364\" srcset=\"https:\/\/concept05design.com\/wp-content\/uploads\/2025\/07\/Untitled-96-200x191.png 200w, https:\/\/concept05design.com\/wp-content\/uploads\/2025\/07\/Untitled-96-300x287.png 300w, https:\/\/concept05design.com\/wp-content\/uploads\/2025\/07\/Untitled-96-400x382.png 400w, https:\/\/concept05design.com\/wp-content\/uploads\/2025\/07\/Untitled-96.png 478w\" sizes=\"(max-width: 380px) 100vw, 380px\" \/><\/p>\n","protected":false},"featured_media":6474,"template":"","meta":[],"product_brand":[],"product_cat":[418,454],"product_tag":[],"class_list":{"0":"post-6483","1":"product","2":"type-product","3":"status-publish","4":"has-post-thumbnail","6":"product_cat-bathroom","7":"product_cat-shower-en","9":"first","10":"instock","11":"shipping-taxable","12":"product-type-simple"},"yoast_head":"<!-- This site is optimized with the Yoast SEO plugin v27.4 - https:\/\/yoast.com\/product\/yoast-seo-wordpress\/ -->\n<title>Natalia8X36 - Concept 05 Design<\/title>\n<meta name=\"robots\" content=\"index, follow, max-snippet:-1, max-image-preview:large, max-video-preview:-1\" \/>\n<link rel=\"canonical\" href=\"https:\/\/concept05design.com\/en\/produit\/natalia8x36\/\" \/>\n<meta property=\"og:locale\" content=\"en_US\" \/>\n<meta property=\"og:type\" content=\"article\" \/>\n<meta property=\"og:title\" content=\"Natalia8X36 - Concept 05 Design\" \/>\n<meta property=\"og:description\" content=\"Add storage without compromising the style of your bathroom with this rectangular shower niche! The shelves create three separate compartments to better organize your shower items. With its sober, elegant design, this niche blends in perfectly with all bathroom styles. The matt white finish is easy to maintain and highly durable!   &nbsp;\" \/>\n<meta property=\"og:url\" content=\"https:\/\/concept05design.com\/en\/produit\/natalia8x36\/\" \/>\n<meta property=\"og:site_name\" content=\"Concept 05 Design\" \/>\n<meta property=\"article:modified_time\" content=\"2025-07-28T21:43:40+00:00\" \/>\n<meta property=\"og:image\" content=\"https:\/\/concept05design.com\/wp-content\/uploads\/2025\/07\/NATALIA8X36-BK_8ea1e762-22d7-4511-b8ae-3e5b8d3d3114.webp\" \/>\n\t<meta property=\"og:image:width\" content=\"400\" \/>\n\t<meta property=\"og:image:height\" content=\"629\" \/>\n\t<meta property=\"og:image:type\" content=\"image\/webp\" \/>\n<meta name=\"twitter:card\" content=\"summary_large_image\" \/>\n<script type=\"application\/ld+json\" class=\"yoast-schema-graph\">{\"@context\":\"https:\\\/\\\/schema.org\",\"@graph\":[{\"@type\":\"WebPage\",\"@id\":\"https:\\\/\\\/concept05design.com\\\/en\\\/produit\\\/natalia8x36\\\/\",\"url\":\"https:\\\/\\\/concept05design.com\\\/en\\\/produit\\\/natalia8x36\\\/\",\"name\":\"Natalia8X36 - Concept 05 Design\",\"isPartOf\":{\"@id\":\"https:\\\/\\\/concept05design.com\\\/en\\\/#website\"},\"primaryImageOfPage\":{\"@id\":\"https:\\\/\\\/concept05design.com\\\/en\\\/produit\\\/natalia8x36\\\/#primaryimage\"},\"image\":{\"@id\":\"https:\\\/\\\/concept05design.com\\\/en\\\/produit\\\/natalia8x36\\\/#primaryimage\"},\"thumbnailUrl\":\"https:\\\/\\\/concept05design.com\\\/wp-content\\\/uploads\\\/2025\\\/07\\\/NATALIA8X36-BK_8ea1e762-22d7-4511-b8ae-3e5b8d3d3114.webp\",\"datePublished\":\"2025-07-28T21:41:09+00:00\",\"dateModified\":\"2025-07-28T21:43:40+00:00\",\"breadcrumb\":{\"@id\":\"https:\\\/\\\/concept05design.com\\\/en\\\/produit\\\/natalia8x36\\\/#breadcrumb\"},\"inLanguage\":\"en-US\",\"potentialAction\":[{\"@type\":\"ReadAction\",\"target\":[\"https:\\\/\\\/concept05design.com\\\/en\\\/produit\\\/natalia8x36\\\/\"]}]},{\"@type\":\"ImageObject\",\"inLanguage\":\"en-US\",\"@id\":\"https:\\\/\\\/concept05design.com\\\/en\\\/produit\\\/natalia8x36\\\/#primaryimage\",\"url\":\"https:\\\/\\\/concept05design.com\\\/wp-content\\\/uploads\\\/2025\\\/07\\\/NATALIA8X36-BK_8ea1e762-22d7-4511-b8ae-3e5b8d3d3114.webp\",\"contentUrl\":\"https:\\\/\\\/concept05design.com\\\/wp-content\\\/uploads\\\/2025\\\/07\\\/NATALIA8X36-BK_8ea1e762-22d7-4511-b8ae-3e5b8d3d3114.webp\",\"width\":400,\"height\":629},{\"@type\":\"BreadcrumbList\",\"@id\":\"https:\\\/\\\/concept05design.com\\\/en\\\/produit\\\/natalia8x36\\\/#breadcrumb\",\"itemListElement\":[{\"@type\":\"ListItem\",\"position\":1,\"name\":\"Accueil\",\"item\":\"https:\\\/\\\/concept05design.com\\\/en\\\/\"},{\"@type\":\"ListItem\",\"position\":2,\"name\":\"Shop\",\"item\":\"https:\\\/\\\/concept05design.com\\\/shop\\\/\"},{\"@type\":\"ListItem\",\"position\":3,\"name\":\"Natalia8X36\"}]},{\"@type\":\"WebSite\",\"@id\":\"https:\\\/\\\/concept05design.com\\\/en\\\/#website\",\"url\":\"https:\\\/\\\/concept05design.com\\\/en\\\/\",\"name\":\"Concept 05 Design\",\"description\":\"Du Concept \u00e0 la R\u00e9alit\u00e9 : Votre Vision, Notre Mission\",\"potentialAction\":[{\"@type\":\"SearchAction\",\"target\":{\"@type\":\"EntryPoint\",\"urlTemplate\":\"https:\\\/\\\/concept05design.com\\\/en\\\/?s={search_term_string}\"},\"query-input\":{\"@type\":\"PropertyValueSpecification\",\"valueRequired\":true,\"valueName\":\"search_term_string\"}}],\"inLanguage\":\"en-US\"}]}<\/script>\n<!-- \/ Yoast SEO plugin. -->","yoast_head_json":{"title":"Natalia8X36 - Concept 05 Design","robots":{"index":"index","follow":"follow","max-snippet":"max-snippet:-1","max-image-preview":"max-image-preview:large","max-video-preview":"max-video-preview:-1"},"canonical":"https:\/\/concept05design.com\/en\/produit\/natalia8x36\/","og_locale":"en_US","og_type":"article","og_title":"Natalia8X36 - Concept 05 Design","og_description":"Add storage without compromising the style of your bathroom with this rectangular shower niche! The shelves create three separate compartments to better organize your shower items. With its sober, elegant design, this niche blends in perfectly with all bathroom styles. The matt white finish is easy to maintain and highly durable!   &nbsp;","og_url":"https:\/\/concept05design.com\/en\/produit\/natalia8x36\/","og_site_name":"Concept 05 Design","article_modified_time":"2025-07-28T21:43:40+00:00","og_image":[{"width":400,"height":629,"url":"https:\/\/concept05design.com\/wp-content\/uploads\/2025\/07\/NATALIA8X36-BK_8ea1e762-22d7-4511-b8ae-3e5b8d3d3114.webp","type":"image\/webp"}],"twitter_card":"summary_large_image","schema":{"@context":"https:\/\/schema.org","@graph":[{"@type":"WebPage","@id":"https:\/\/concept05design.com\/en\/produit\/natalia8x36\/","url":"https:\/\/concept05design.com\/en\/produit\/natalia8x36\/","name":"Natalia8X36 - Concept 05 Design","isPartOf":{"@id":"https:\/\/concept05design.com\/en\/#website"},"primaryImageOfPage":{"@id":"https:\/\/concept05design.com\/en\/produit\/natalia8x36\/#primaryimage"},"image":{"@id":"https:\/\/concept05design.com\/en\/produit\/natalia8x36\/#primaryimage"},"thumbnailUrl":"https:\/\/concept05design.com\/wp-content\/uploads\/2025\/07\/NATALIA8X36-BK_8ea1e762-22d7-4511-b8ae-3e5b8d3d3114.webp","datePublished":"2025-07-28T21:41:09+00:00","dateModified":"2025-07-28T21:43:40+00:00","breadcrumb":{"@id":"https:\/\/concept05design.com\/en\/produit\/natalia8x36\/#breadcrumb"},"inLanguage":"en-US","potentialAction":[{"@type":"ReadAction","target":["https:\/\/concept05design.com\/en\/produit\/natalia8x36\/"]}]},{"@type":"ImageObject","inLanguage":"en-US","@id":"https:\/\/concept05design.com\/en\/produit\/natalia8x36\/#primaryimage","url":"https:\/\/concept05design.com\/wp-content\/uploads\/2025\/07\/NATALIA8X36-BK_8ea1e762-22d7-4511-b8ae-3e5b8d3d3114.webp","contentUrl":"https:\/\/concept05design.com\/wp-content\/uploads\/2025\/07\/NATALIA8X36-BK_8ea1e762-22d7-4511-b8ae-3e5b8d3d3114.webp","width":400,"height":629},{"@type":"BreadcrumbList","@id":"https:\/\/concept05design.com\/en\/produit\/natalia8x36\/#breadcrumb","itemListElement":[{"@type":"ListItem","position":1,"name":"Accueil","item":"https:\/\/concept05design.com\/en\/"},{"@type":"ListItem","position":2,"name":"Shop","item":"https:\/\/concept05design.com\/shop\/"},{"@type":"ListItem","position":3,"name":"Natalia8X36"}]},{"@type":"WebSite","@id":"https:\/\/concept05design.com\/en\/#website","url":"https:\/\/concept05design.com\/en\/","name":"Concept 05 Design","description":"Du Concept \u00e0 la R\u00e9alit\u00e9 : Votre Vision, Notre Mission","potentialAction":[{"@type":"SearchAction","target":{"@type":"EntryPoint","urlTemplate":"https:\/\/concept05design.com\/en\/?s={search_term_string}"},"query-input":{"@type":"PropertyValueSpecification","valueRequired":true,"valueName":"search_term_string"}}],"inLanguage":"en-US"}]}},"_links":{"self":[{"href":"https:\/\/concept05design.com\/en\/wp-json\/wp\/v2\/product\/6483","targetHints":{"allow":["GET"]}}],"collection":[{"href":"https:\/\/concept05design.com\/en\/wp-json\/wp\/v2\/product"}],"about":[{"href":"https:\/\/concept05design.com\/en\/wp-json\/wp\/v2\/types\/product"}],"wp:featuredmedia":[{"embeddable":true,"href":"https:\/\/concept05design.com\/en\/wp-json\/wp\/v2\/media\/6474"}],"wp:attachment":[{"href":"https:\/\/concept05design.com\/en\/wp-json\/wp\/v2\/media?parent=6483"}],"wp:term":[{"taxonomy":"product_brand","embeddable":true,"href":"https:\/\/concept05design.com\/en\/wp-json\/wp\/v2\/product_brand?post=6483"},{"taxonomy":"product_cat","embeddable":true,"href":"https:\/\/concept05design.com\/en\/wp-json\/wp\/v2\/product_cat?post=6483"},{"taxonomy":"product_tag","embeddable":true,"href":"https:\/\/concept05design.com\/en\/wp-json\/wp\/v2\/product_tag?post=6483"}],"curies":[{"name":"wp","href":"https:\/\/api.w.org\/{rel}","templated":true}]}}