{"id":6517,"date":"2025-07-31T13:34:13","date_gmt":"2025-07-31T13:34:13","guid":{"rendered":"https:\/\/concept05design.com\/produit\/madison\/"},"modified":"2025-08-01T15:52:25","modified_gmt":"2025-08-01T15:52:25","slug":"madison","status":"publish","type":"product","link":"https:\/\/concept05design.com\/en\/produit\/madison\/","title":{"rendered":"Madison"},"content":{"rendered":"<p data-start=\"0\" data-end=\"308\"><strong data-start=\"310\" data-end=\"321\">Details<\/strong><\/p>\n<ul data-start=\"324\" data-end=\"596\">\n<li data-start=\"324\" data-end=\"426\">\n<p data-start=\"326\" data-end=\"426\">Available finishes: Chrome and Brushed Nickel, for superior aesthetics and durability<\/p>\n<\/li>\n<li data-start=\"427\" data-end=\"505\">\n<p data-start=\"429\" data-end=\"505\">Harmonizes perfectly with other items in the MADISON collection<\/p>\n<\/li>\n<li data-start=\"506\" data-end=\"553\">\n<p data-start=\"508\" data-end=\"553\">Template supplied for easy installation<\/p>\n<\/li>\n<li data-start=\"554\" data-end=\"596\">\n<p data-start=\"556\" data-end=\"596\">Requires only basic tools<\/p>\n<\/li>\n<\/ul>\n<p data-start=\"598\" data-end=\"627\"><strong data-start=\"598\" data-end=\"625\">Materials &amp; Construction<\/strong><\/p>\n<ul data-start=\"628\" data-end=\"638\">\n<li data-start=\"628\" data-end=\"638\">\n<p data-start=\"630\" data-end=\"638\">Brass<\/p>\n<\/li>\n<\/ul>\n<p data-start=\"640\" data-end=\"664\"><strong data-start=\"640\" data-end=\"662\">Overall dimensions<\/strong><\/p>\n<ul data-start=\"665\" data-end=\"801\">\n<li data-start=\"665\" data-end=\"695\">\n<p data-start=\"667\" data-end=\"695\">Width: 7 1\/8&#8243; (18.1 cm)<\/p>\n<\/li>\n<li data-start=\"696\" data-end=\"721\">\n<p data-start=\"698\" data-end=\"721\">Height: 3&#8243; (7.6 cm)<\/p>\n<\/li>\n<li data-start=\"722\" data-end=\"801\">\n<p data-start=\"724\" data-end=\"801\">Length: 7 1\/2&#8243; (19 cm)<br data-start=\"749\" data-end=\"752\"><em data-start=\"752\" data-end=\"799\">Shipping dimensions may differ.<\/em><\/p>\n<\/li>\n<\/ul>\n<p data-start=\"803\" data-end=\"821\"><strong data-start=\"803\" data-end=\"819\">Installation<\/strong><\/p>\n<ul data-start=\"822\" data-end=\"851\">\n<li data-start=\"822\" data-end=\"851\">\n<p data-start=\"824\" data-end=\"851\">Mounting template included<\/p>\n<\/li>\n<\/ul>\n<p data-start=\"853\" data-end=\"899\"><strong data-start=\"853\" data-end=\"897\">Other items in the MADISON collection<\/strong><\/p>\n<ul data-start=\"900\" data-end=\"949\" data-is-last-node=\"\" data-is-only-node=\"\">\n<li data-start=\"900\" data-end=\"910\">\n<p data-start=\"902\" data-end=\"910\">Coat hook<\/p>\n<\/li>\n<li data-start=\"911\" data-end=\"928\">\n<p data-start=\"913\" data-end=\"928\">Roll holder<\/p>\n<\/li>\n<li data-start=\"929\" data-end=\"949\" data-is-last-node=\"\">\n<p data-start=\"931\" data-end=\"949\" data-is-last-node=\"\">Towel bar<\/p>\n<\/li>\n<\/ul>\n","protected":false},"excerpt":{"rendered":"<p>The sophisticated design of MADISON bathroom accessories features elegant curves, exceptional functionality and easy installation. Perfect for the bathroom or powder room, these accessories add a refined, timeless touch to any space. <\/p>\n<p>&nbsp;<\/p>\n<p><img decoding=\"async\" class=\"alignnone wp-image-6511\" src=\"https:\/\/concept05design.com\/wp-content\/uploads\/2025\/07\/Untitled1-6-300x84.png\" alt=\"\" width=\"215\" height=\"60\" srcset=\"https:\/\/concept05design.com\/wp-content\/uploads\/2025\/07\/Untitled1-6-200x56.png 200w, https:\/\/concept05design.com\/wp-content\/uploads\/2025\/07\/Untitled1-6-300x84.png 300w, https:\/\/concept05design.com\/wp-content\/uploads\/2025\/07\/Untitled1-6.png 381w\" sizes=\"(max-width: 215px) 100vw, 215px\" \/> <img decoding=\"async\" class=\"alignnone wp-image-6513\" src=\"https:\/\/concept05design.com\/wp-content\/uploads\/2025\/07\/Untitled3-1-300x183.png\" alt=\"\" width=\"216\" height=\"132\" srcset=\"https:\/\/concept05design.com\/wp-content\/uploads\/2025\/07\/Untitled3-1-200x122.png 200w, https:\/\/concept05design.com\/wp-content\/uploads\/2025\/07\/Untitled3-1-300x183.png 300w, https:\/\/concept05design.com\/wp-content\/uploads\/2025\/07\/Untitled3-1.png 355w\" sizes=\"(max-width: 216px) 100vw, 216px\" \/> <img decoding=\"async\" class=\"alignnone wp-image-6515\" src=\"https:\/\/concept05design.com\/wp-content\/uploads\/2025\/07\/Untitled4-1-300x223.png\" alt=\"\" width=\"237\" height=\"176\" srcset=\"https:\/\/concept05design.com\/wp-content\/uploads\/2025\/07\/Untitled4-1-200x149.png 200w, https:\/\/concept05design.com\/wp-content\/uploads\/2025\/07\/Untitled4-1-300x223.png 300w, https:\/\/concept05design.com\/wp-content\/uploads\/2025\/07\/Untitled4-1.png 307w\" sizes=\"(max-width: 237px) 100vw, 237px\" \/><\/p>\n<p><img decoding=\"async\" class=\"alignnone wp-image-6509\" src=\"https:\/\/concept05design.com\/wp-content\/uploads\/2025\/07\/Untitled-98-300x111.png\" alt=\"\" width=\"457\" height=\"169\" srcset=\"https:\/\/concept05design.com\/wp-content\/uploads\/2025\/07\/Untitled-98-200x74.png 200w, https:\/\/concept05design.com\/wp-content\/uploads\/2025\/07\/Untitled-98-300x111.png 300w, https:\/\/concept05design.com\/wp-content\/uploads\/2025\/07\/Untitled-98.png 371w\" sizes=\"(max-width: 457px) 100vw, 457px\" \/><\/p>\n","protected":false},"featured_media":6508,"template":"","meta":[],"product_brand":[],"product_cat":[450,418,462],"product_tag":[],"class_list":{"0":"post-6517","1":"product","2":"type-product","3":"status-publish","4":"has-post-thumbnail","6":"product_cat-accessories","7":"product_cat-bathroom","8":"product_cat-featured-accessories","10":"first","11":"instock","12":"shipping-taxable","13":"product-type-simple"},"yoast_head":"<!-- This site is optimized with the Yoast SEO plugin v27.4 - https:\/\/yoast.com\/product\/yoast-seo-wordpress\/ -->\n<title>Madison - Concept 05 Design<\/title>\n<meta name=\"robots\" content=\"index, follow, max-snippet:-1, max-image-preview:large, max-video-preview:-1\" \/>\n<link rel=\"canonical\" href=\"https:\/\/concept05design.com\/en\/produit\/madison\/\" \/>\n<meta property=\"og:locale\" content=\"en_US\" \/>\n<meta property=\"og:type\" content=\"article\" \/>\n<meta property=\"og:title\" content=\"Madison - Concept 05 Design\" \/>\n<meta property=\"og:description\" content=\"The sophisticated design of MADISON bathroom accessories features elegant curves, exceptional functionality and easy installation. Perfect for the bathroom or powder room, these accessories add a refined, timeless touch to any space.  &nbsp;\" \/>\n<meta property=\"og:url\" content=\"https:\/\/concept05design.com\/en\/produit\/madison\/\" \/>\n<meta property=\"og:site_name\" content=\"Concept 05 Design\" \/>\n<meta property=\"article:modified_time\" content=\"2025-08-01T15:52:25+00:00\" \/>\n<meta property=\"og:image\" content=\"https:\/\/concept05design.com\/wp-content\/uploads\/2025\/07\/Copy-of-Copy-of-Your-paragraph-text-1.png\" \/>\n\t<meta property=\"og:image:width\" content=\"640\" \/>\n\t<meta property=\"og:image:height\" content=\"640\" \/>\n\t<meta property=\"og:image:type\" content=\"image\/png\" \/>\n<meta name=\"twitter:card\" content=\"summary_large_image\" \/>\n<script type=\"application\/ld+json\" class=\"yoast-schema-graph\">{\"@context\":\"https:\\\/\\\/schema.org\",\"@graph\":[{\"@type\":\"WebPage\",\"@id\":\"https:\\\/\\\/concept05design.com\\\/en\\\/produit\\\/madison\\\/\",\"url\":\"https:\\\/\\\/concept05design.com\\\/en\\\/produit\\\/madison\\\/\",\"name\":\"Madison - Concept 05 Design\",\"isPartOf\":{\"@id\":\"https:\\\/\\\/concept05design.com\\\/en\\\/#website\"},\"primaryImageOfPage\":{\"@id\":\"https:\\\/\\\/concept05design.com\\\/en\\\/produit\\\/madison\\\/#primaryimage\"},\"image\":{\"@id\":\"https:\\\/\\\/concept05design.com\\\/en\\\/produit\\\/madison\\\/#primaryimage\"},\"thumbnailUrl\":\"https:\\\/\\\/concept05design.com\\\/wp-content\\\/uploads\\\/2025\\\/07\\\/Copy-of-Copy-of-Your-paragraph-text-1.png\",\"datePublished\":\"2025-07-31T13:34:13+00:00\",\"dateModified\":\"2025-08-01T15:52:25+00:00\",\"breadcrumb\":{\"@id\":\"https:\\\/\\\/concept05design.com\\\/en\\\/produit\\\/madison\\\/#breadcrumb\"},\"inLanguage\":\"en-US\",\"potentialAction\":[{\"@type\":\"ReadAction\",\"target\":[\"https:\\\/\\\/concept05design.com\\\/en\\\/produit\\\/madison\\\/\"]}]},{\"@type\":\"ImageObject\",\"inLanguage\":\"en-US\",\"@id\":\"https:\\\/\\\/concept05design.com\\\/en\\\/produit\\\/madison\\\/#primaryimage\",\"url\":\"https:\\\/\\\/concept05design.com\\\/wp-content\\\/uploads\\\/2025\\\/07\\\/Copy-of-Copy-of-Your-paragraph-text-1.png\",\"contentUrl\":\"https:\\\/\\\/concept05design.com\\\/wp-content\\\/uploads\\\/2025\\\/07\\\/Copy-of-Copy-of-Your-paragraph-text-1.png\",\"width\":640,\"height\":640},{\"@type\":\"BreadcrumbList\",\"@id\":\"https:\\\/\\\/concept05design.com\\\/en\\\/produit\\\/madison\\\/#breadcrumb\",\"itemListElement\":[{\"@type\":\"ListItem\",\"position\":1,\"name\":\"Accueil\",\"item\":\"https:\\\/\\\/concept05design.com\\\/en\\\/\"},{\"@type\":\"ListItem\",\"position\":2,\"name\":\"Shop\",\"item\":\"https:\\\/\\\/concept05design.com\\\/shop\\\/\"},{\"@type\":\"ListItem\",\"position\":3,\"name\":\"Madison\"}]},{\"@type\":\"WebSite\",\"@id\":\"https:\\\/\\\/concept05design.com\\\/en\\\/#website\",\"url\":\"https:\\\/\\\/concept05design.com\\\/en\\\/\",\"name\":\"Concept 05 Design\",\"description\":\"Du Concept \u00e0 la R\u00e9alit\u00e9 : Votre Vision, Notre Mission\",\"potentialAction\":[{\"@type\":\"SearchAction\",\"target\":{\"@type\":\"EntryPoint\",\"urlTemplate\":\"https:\\\/\\\/concept05design.com\\\/en\\\/?s={search_term_string}\"},\"query-input\":{\"@type\":\"PropertyValueSpecification\",\"valueRequired\":true,\"valueName\":\"search_term_string\"}}],\"inLanguage\":\"en-US\"}]}<\/script>\n<!-- \/ Yoast SEO plugin. -->","yoast_head_json":{"title":"Madison - Concept 05 Design","robots":{"index":"index","follow":"follow","max-snippet":"max-snippet:-1","max-image-preview":"max-image-preview:large","max-video-preview":"max-video-preview:-1"},"canonical":"https:\/\/concept05design.com\/en\/produit\/madison\/","og_locale":"en_US","og_type":"article","og_title":"Madison - Concept 05 Design","og_description":"The sophisticated design of MADISON bathroom accessories features elegant curves, exceptional functionality and easy installation. Perfect for the bathroom or powder room, these accessories add a refined, timeless touch to any space.  &nbsp;","og_url":"https:\/\/concept05design.com\/en\/produit\/madison\/","og_site_name":"Concept 05 Design","article_modified_time":"2025-08-01T15:52:25+00:00","og_image":[{"width":640,"height":640,"url":"https:\/\/concept05design.com\/wp-content\/uploads\/2025\/07\/Copy-of-Copy-of-Your-paragraph-text-1.png","type":"image\/png"}],"twitter_card":"summary_large_image","schema":{"@context":"https:\/\/schema.org","@graph":[{"@type":"WebPage","@id":"https:\/\/concept05design.com\/en\/produit\/madison\/","url":"https:\/\/concept05design.com\/en\/produit\/madison\/","name":"Madison - Concept 05 Design","isPartOf":{"@id":"https:\/\/concept05design.com\/en\/#website"},"primaryImageOfPage":{"@id":"https:\/\/concept05design.com\/en\/produit\/madison\/#primaryimage"},"image":{"@id":"https:\/\/concept05design.com\/en\/produit\/madison\/#primaryimage"},"thumbnailUrl":"https:\/\/concept05design.com\/wp-content\/uploads\/2025\/07\/Copy-of-Copy-of-Your-paragraph-text-1.png","datePublished":"2025-07-31T13:34:13+00:00","dateModified":"2025-08-01T15:52:25+00:00","breadcrumb":{"@id":"https:\/\/concept05design.com\/en\/produit\/madison\/#breadcrumb"},"inLanguage":"en-US","potentialAction":[{"@type":"ReadAction","target":["https:\/\/concept05design.com\/en\/produit\/madison\/"]}]},{"@type":"ImageObject","inLanguage":"en-US","@id":"https:\/\/concept05design.com\/en\/produit\/madison\/#primaryimage","url":"https:\/\/concept05design.com\/wp-content\/uploads\/2025\/07\/Copy-of-Copy-of-Your-paragraph-text-1.png","contentUrl":"https:\/\/concept05design.com\/wp-content\/uploads\/2025\/07\/Copy-of-Copy-of-Your-paragraph-text-1.png","width":640,"height":640},{"@type":"BreadcrumbList","@id":"https:\/\/concept05design.com\/en\/produit\/madison\/#breadcrumb","itemListElement":[{"@type":"ListItem","position":1,"name":"Accueil","item":"https:\/\/concept05design.com\/en\/"},{"@type":"ListItem","position":2,"name":"Shop","item":"https:\/\/concept05design.com\/shop\/"},{"@type":"ListItem","position":3,"name":"Madison"}]},{"@type":"WebSite","@id":"https:\/\/concept05design.com\/en\/#website","url":"https:\/\/concept05design.com\/en\/","name":"Concept 05 Design","description":"Du Concept \u00e0 la R\u00e9alit\u00e9 : Votre Vision, Notre Mission","potentialAction":[{"@type":"SearchAction","target":{"@type":"EntryPoint","urlTemplate":"https:\/\/concept05design.com\/en\/?s={search_term_string}"},"query-input":{"@type":"PropertyValueSpecification","valueRequired":true,"valueName":"search_term_string"}}],"inLanguage":"en-US"}]}},"_links":{"self":[{"href":"https:\/\/concept05design.com\/en\/wp-json\/wp\/v2\/product\/6517","targetHints":{"allow":["GET"]}}],"collection":[{"href":"https:\/\/concept05design.com\/en\/wp-json\/wp\/v2\/product"}],"about":[{"href":"https:\/\/concept05design.com\/en\/wp-json\/wp\/v2\/types\/product"}],"wp:featuredmedia":[{"embeddable":true,"href":"https:\/\/concept05design.com\/en\/wp-json\/wp\/v2\/media\/6508"}],"wp:attachment":[{"href":"https:\/\/concept05design.com\/en\/wp-json\/wp\/v2\/media?parent=6517"}],"wp:term":[{"taxonomy":"product_brand","embeddable":true,"href":"https:\/\/concept05design.com\/en\/wp-json\/wp\/v2\/product_brand?post=6517"},{"taxonomy":"product_cat","embeddable":true,"href":"https:\/\/concept05design.com\/en\/wp-json\/wp\/v2\/product_cat?post=6517"},{"taxonomy":"product_tag","embeddable":true,"href":"https:\/\/concept05design.com\/en\/wp-json\/wp\/v2\/product_tag?post=6517"}],"curies":[{"name":"wp","href":"https:\/\/api.w.org\/{rel}","templated":true}]}}