{"id":6552,"date":"2025-07-31T16:28:37","date_gmt":"2025-07-31T16:28:37","guid":{"rendered":"https:\/\/concept05design.com\/produit\/isla\/"},"modified":"2025-07-31T16:44:24","modified_gmt":"2025-07-31T16:44:24","slug":"isla","status":"publish","type":"product","link":"https:\/\/concept05design.com\/en\/produit\/isla\/","title":{"rendered":"Isla"},"content":{"rendered":"<p data-start=\"322\" data-end=\"335\"><strong data-start=\"322\" data-end=\"333\">Details<\/strong><\/p>\n<ul data-start=\"336\" data-end=\"529\">\n<li data-start=\"336\" data-end=\"378\">\n<p data-start=\"338\" data-end=\"378\">Available finishes: Gold and Matte Black<\/p>\n<\/li>\n<li data-start=\"379\" data-end=\"433\">\n<p data-start=\"381\" data-end=\"433\">Sizes available: 24&#8243; (61 cm) and 30&#8243; (76.2 cm)<\/p>\n<\/li>\n<li data-start=\"434\" data-end=\"493\">\n<p data-start=\"436\" data-end=\"493\">Sleek, timeless design to enhance any interior<\/p>\n<\/li>\n<li data-start=\"494\" data-end=\"511\">\n<p data-start=\"496\" data-end=\"511\">Sustainable frame<\/p>\n<\/li>\n<li data-start=\"512\" data-end=\"529\">\n<p data-start=\"514\" data-end=\"529\">Electroplated<\/p>\n<\/li>\n<\/ul>\n<p data-start=\"531\" data-end=\"560\"><strong data-start=\"531\" data-end=\"558\">Materials &amp; Construction<\/strong><\/p>\n<ul data-start=\"561\" data-end=\"631\">\n<li data-start=\"561\" data-end=\"596\">\n<p data-start=\"563\" data-end=\"596\">Heavy-duty solid steel frame<\/p>\n<\/li>\n<li data-start=\"597\" data-end=\"631\">\n<p data-start=\"599\" data-end=\"631\">High-resistance PVD coating<\/p>\n<\/li>\n<\/ul>\n<p data-start=\"633\" data-end=\"657\"><strong data-start=\"633\" data-end=\"655\">Overall dimensions<\/strong><\/p>\n<ul data-start=\"658\" data-end=\"727\">\n<li data-start=\"658\" data-end=\"727\">\n<p data-start=\"660\" data-end=\"727\">Round: 24&#8243; or 30&#8243;<br data-start=\"677\" data-end=\"680\"><em data-start=\"680\" data-end=\"727\">Shipping dimensions may differ.<\/em><\/p>\n<\/li>\n<\/ul>\n<p data-start=\"729\" data-end=\"747\"><strong data-start=\"729\" data-end=\"745\">Installation<\/strong><\/p>\n<ul data-start=\"748\" data-end=\"781\" data-is-last-node=\"\" data-is-only-node=\"\">\n<li data-start=\"748\" data-end=\"781\" data-is-last-node=\"\">\n<p data-start=\"750\" data-end=\"781\" data-is-last-node=\"\">Single-point wall mounting<\/p>\n<\/li>\n<\/ul>\n","protected":false},"excerpt":{"rendered":"<p><strong data-start=\"0\" data-end=\"46\">Inspired Design &amp; Exceptional Craftsmanship<\/strong><br data-start=\"46\" data-end=\"49\">The <strong data-start=\"69\" data-end=\"77\">ISLA<\/strong> decorative mirror is the perfect touch to enhance your space, bringing sophistication, versatility and functionality. Made from top-quality materials, the ISLA mirror is designed to make a lasting statement, without losing its lustre. <\/p>\n<p>&nbsp;<\/p>\n<p><img decoding=\"async\" class=\"alignnone size-full wp-image-6548\" src=\"https:\/\/concept05design.com\/wp-content\/uploads\/2025\/07\/Untitled-101.png\" alt=\"\" width=\"248\" height=\"275\" srcset=\"https:\/\/concept05design.com\/wp-content\/uploads\/2025\/07\/Untitled-101-200x222.png 200w, https:\/\/concept05design.com\/wp-content\/uploads\/2025\/07\/Untitled-101.png 248w\" sizes=\"(max-width: 248px) 100vw, 248px\" \/> <img decoding=\"async\" class=\"alignnone size-full wp-image-6550\" src=\"https:\/\/concept05design.com\/wp-content\/uploads\/2025\/07\/Untitled1-8.png\" alt=\"\" width=\"253\" height=\"275\" srcset=\"https:\/\/concept05design.com\/wp-content\/uploads\/2025\/07\/Untitled1-8-200x217.png 200w, https:\/\/concept05design.com\/wp-content\/uploads\/2025\/07\/Untitled1-8.png 253w\" sizes=\"(max-width: 253px) 100vw, 253px\" \/><\/p>\n","protected":false},"featured_media":6545,"template":"","meta":[],"product_brand":[],"product_cat":[418,456],"product_tag":[],"class_list":{"0":"post-6552","1":"product","2":"type-product","3":"status-publish","4":"has-post-thumbnail","6":"product_cat-bathroom","7":"product_cat-mirror","9":"first","10":"instock","11":"shipping-taxable","12":"product-type-simple"},"yoast_head":"<!-- This site is optimized with the Yoast SEO plugin v27.4 - https:\/\/yoast.com\/product\/yoast-seo-wordpress\/ -->\n<title>Isla - Concept 05 Design<\/title>\n<meta name=\"robots\" content=\"index, follow, max-snippet:-1, max-image-preview:large, max-video-preview:-1\" \/>\n<link rel=\"canonical\" href=\"https:\/\/concept05design.com\/en\/produit\/isla\/\" \/>\n<meta property=\"og:locale\" content=\"en_US\" \/>\n<meta property=\"og:type\" content=\"article\" \/>\n<meta property=\"og:title\" content=\"Isla - Concept 05 Design\" \/>\n<meta property=\"og:description\" content=\"Inspired Design &amp; Exceptional CraftsmanshipThe ISLA decorative mirror is the perfect touch to enhance your space, bringing sophistication, versatility and functionality. Made from top-quality materials, the ISLA mirror is designed to make a lasting statement, without losing its lustre.  &nbsp;\" \/>\n<meta property=\"og:url\" content=\"https:\/\/concept05design.com\/en\/produit\/isla\/\" \/>\n<meta property=\"og:site_name\" content=\"Concept 05 Design\" \/>\n<meta property=\"article:modified_time\" content=\"2025-07-31T16:44:24+00:00\" \/>\n<meta property=\"og:image\" content=\"https:\/\/concept05design.com\/wp-content\/uploads\/2025\/07\/isla-round-decorative-mirror-tgdi__01827.jpg\" \/>\n\t<meta property=\"og:image:width\" content=\"1280\" \/>\n\t<meta property=\"og:image:height\" content=\"1280\" \/>\n\t<meta property=\"og:image:type\" content=\"image\/jpeg\" \/>\n<meta name=\"twitter:card\" content=\"summary_large_image\" \/>\n<script type=\"application\/ld+json\" class=\"yoast-schema-graph\">{\"@context\":\"https:\\\/\\\/schema.org\",\"@graph\":[{\"@type\":\"WebPage\",\"@id\":\"https:\\\/\\\/concept05design.com\\\/en\\\/produit\\\/isla\\\/\",\"url\":\"https:\\\/\\\/concept05design.com\\\/en\\\/produit\\\/isla\\\/\",\"name\":\"Isla - Concept 05 Design\",\"isPartOf\":{\"@id\":\"https:\\\/\\\/concept05design.com\\\/en\\\/#website\"},\"primaryImageOfPage\":{\"@id\":\"https:\\\/\\\/concept05design.com\\\/en\\\/produit\\\/isla\\\/#primaryimage\"},\"image\":{\"@id\":\"https:\\\/\\\/concept05design.com\\\/en\\\/produit\\\/isla\\\/#primaryimage\"},\"thumbnailUrl\":\"https:\\\/\\\/concept05design.com\\\/wp-content\\\/uploads\\\/2025\\\/07\\\/isla-round-decorative-mirror-tgdi__01827.jpg\",\"datePublished\":\"2025-07-31T16:28:37+00:00\",\"dateModified\":\"2025-07-31T16:44:24+00:00\",\"breadcrumb\":{\"@id\":\"https:\\\/\\\/concept05design.com\\\/en\\\/produit\\\/isla\\\/#breadcrumb\"},\"inLanguage\":\"en-US\",\"potentialAction\":[{\"@type\":\"ReadAction\",\"target\":[\"https:\\\/\\\/concept05design.com\\\/en\\\/produit\\\/isla\\\/\"]}]},{\"@type\":\"ImageObject\",\"inLanguage\":\"en-US\",\"@id\":\"https:\\\/\\\/concept05design.com\\\/en\\\/produit\\\/isla\\\/#primaryimage\",\"url\":\"https:\\\/\\\/concept05design.com\\\/wp-content\\\/uploads\\\/2025\\\/07\\\/isla-round-decorative-mirror-tgdi__01827.jpg\",\"contentUrl\":\"https:\\\/\\\/concept05design.com\\\/wp-content\\\/uploads\\\/2025\\\/07\\\/isla-round-decorative-mirror-tgdi__01827.jpg\",\"width\":1280,\"height\":1280},{\"@type\":\"BreadcrumbList\",\"@id\":\"https:\\\/\\\/concept05design.com\\\/en\\\/produit\\\/isla\\\/#breadcrumb\",\"itemListElement\":[{\"@type\":\"ListItem\",\"position\":1,\"name\":\"Accueil\",\"item\":\"https:\\\/\\\/concept05design.com\\\/en\\\/\"},{\"@type\":\"ListItem\",\"position\":2,\"name\":\"Shop\",\"item\":\"https:\\\/\\\/concept05design.com\\\/shop\\\/\"},{\"@type\":\"ListItem\",\"position\":3,\"name\":\"Isla\"}]},{\"@type\":\"WebSite\",\"@id\":\"https:\\\/\\\/concept05design.com\\\/en\\\/#website\",\"url\":\"https:\\\/\\\/concept05design.com\\\/en\\\/\",\"name\":\"Concept 05 Design\",\"description\":\"Du Concept \u00e0 la R\u00e9alit\u00e9 : Votre Vision, Notre Mission\",\"potentialAction\":[{\"@type\":\"SearchAction\",\"target\":{\"@type\":\"EntryPoint\",\"urlTemplate\":\"https:\\\/\\\/concept05design.com\\\/en\\\/?s={search_term_string}\"},\"query-input\":{\"@type\":\"PropertyValueSpecification\",\"valueRequired\":true,\"valueName\":\"search_term_string\"}}],\"inLanguage\":\"en-US\"}]}<\/script>\n<!-- \/ Yoast SEO plugin. -->","yoast_head_json":{"title":"Isla - Concept 05 Design","robots":{"index":"index","follow":"follow","max-snippet":"max-snippet:-1","max-image-preview":"max-image-preview:large","max-video-preview":"max-video-preview:-1"},"canonical":"https:\/\/concept05design.com\/en\/produit\/isla\/","og_locale":"en_US","og_type":"article","og_title":"Isla - Concept 05 Design","og_description":"Inspired Design &amp; Exceptional CraftsmanshipThe ISLA decorative mirror is the perfect touch to enhance your space, bringing sophistication, versatility and functionality. Made from top-quality materials, the ISLA mirror is designed to make a lasting statement, without losing its lustre.  &nbsp;","og_url":"https:\/\/concept05design.com\/en\/produit\/isla\/","og_site_name":"Concept 05 Design","article_modified_time":"2025-07-31T16:44:24+00:00","og_image":[{"width":1280,"height":1280,"url":"https:\/\/concept05design.com\/wp-content\/uploads\/2025\/07\/isla-round-decorative-mirror-tgdi__01827.jpg","type":"image\/jpeg"}],"twitter_card":"summary_large_image","schema":{"@context":"https:\/\/schema.org","@graph":[{"@type":"WebPage","@id":"https:\/\/concept05design.com\/en\/produit\/isla\/","url":"https:\/\/concept05design.com\/en\/produit\/isla\/","name":"Isla - Concept 05 Design","isPartOf":{"@id":"https:\/\/concept05design.com\/en\/#website"},"primaryImageOfPage":{"@id":"https:\/\/concept05design.com\/en\/produit\/isla\/#primaryimage"},"image":{"@id":"https:\/\/concept05design.com\/en\/produit\/isla\/#primaryimage"},"thumbnailUrl":"https:\/\/concept05design.com\/wp-content\/uploads\/2025\/07\/isla-round-decorative-mirror-tgdi__01827.jpg","datePublished":"2025-07-31T16:28:37+00:00","dateModified":"2025-07-31T16:44:24+00:00","breadcrumb":{"@id":"https:\/\/concept05design.com\/en\/produit\/isla\/#breadcrumb"},"inLanguage":"en-US","potentialAction":[{"@type":"ReadAction","target":["https:\/\/concept05design.com\/en\/produit\/isla\/"]}]},{"@type":"ImageObject","inLanguage":"en-US","@id":"https:\/\/concept05design.com\/en\/produit\/isla\/#primaryimage","url":"https:\/\/concept05design.com\/wp-content\/uploads\/2025\/07\/isla-round-decorative-mirror-tgdi__01827.jpg","contentUrl":"https:\/\/concept05design.com\/wp-content\/uploads\/2025\/07\/isla-round-decorative-mirror-tgdi__01827.jpg","width":1280,"height":1280},{"@type":"BreadcrumbList","@id":"https:\/\/concept05design.com\/en\/produit\/isla\/#breadcrumb","itemListElement":[{"@type":"ListItem","position":1,"name":"Accueil","item":"https:\/\/concept05design.com\/en\/"},{"@type":"ListItem","position":2,"name":"Shop","item":"https:\/\/concept05design.com\/shop\/"},{"@type":"ListItem","position":3,"name":"Isla"}]},{"@type":"WebSite","@id":"https:\/\/concept05design.com\/en\/#website","url":"https:\/\/concept05design.com\/en\/","name":"Concept 05 Design","description":"Du Concept \u00e0 la R\u00e9alit\u00e9 : Votre Vision, Notre Mission","potentialAction":[{"@type":"SearchAction","target":{"@type":"EntryPoint","urlTemplate":"https:\/\/concept05design.com\/en\/?s={search_term_string}"},"query-input":{"@type":"PropertyValueSpecification","valueRequired":true,"valueName":"search_term_string"}}],"inLanguage":"en-US"}]}},"_links":{"self":[{"href":"https:\/\/concept05design.com\/en\/wp-json\/wp\/v2\/product\/6552","targetHints":{"allow":["GET"]}}],"collection":[{"href":"https:\/\/concept05design.com\/en\/wp-json\/wp\/v2\/product"}],"about":[{"href":"https:\/\/concept05design.com\/en\/wp-json\/wp\/v2\/types\/product"}],"wp:featuredmedia":[{"embeddable":true,"href":"https:\/\/concept05design.com\/en\/wp-json\/wp\/v2\/media\/6545"}],"wp:attachment":[{"href":"https:\/\/concept05design.com\/en\/wp-json\/wp\/v2\/media?parent=6552"}],"wp:term":[{"taxonomy":"product_brand","embeddable":true,"href":"https:\/\/concept05design.com\/en\/wp-json\/wp\/v2\/product_brand?post=6552"},{"taxonomy":"product_cat","embeddable":true,"href":"https:\/\/concept05design.com\/en\/wp-json\/wp\/v2\/product_cat?post=6552"},{"taxonomy":"product_tag","embeddable":true,"href":"https:\/\/concept05design.com\/en\/wp-json\/wp\/v2\/product_tag?post=6552"}],"curies":[{"name":"wp","href":"https:\/\/api.w.org\/{rel}","templated":true}]}}