{"id":6560,"date":"2025-07-31T16:48:32","date_gmt":"2025-07-31T16:48:32","guid":{"rendered":"https:\/\/concept05design.com\/produit\/rylee\/"},"modified":"2025-07-31T16:48:56","modified_gmt":"2025-07-31T16:48:56","slug":"rylee","status":"publish","type":"product","link":"https:\/\/concept05design.com\/en\/produit\/rylee\/","title":{"rendered":"Rylee"},"content":{"rendered":"<p data-start=\"322\" data-end=\"335\"><strong data-start=\"322\" data-end=\"333\">Details<\/strong><\/p>\n<ul data-start=\"336\" data-end=\"533\">\n<li data-start=\"336\" data-end=\"378\">\n<p data-start=\"338\" data-end=\"378\">Available finishes: Gold and Matte Black<\/p>\n<\/li>\n<li data-start=\"379\" data-end=\"440\">\n<p data-start=\"381\" data-end=\"440\">Clean, timeless design to match any decor<\/p>\n<\/li>\n<li data-start=\"441\" data-end=\"458\">\n<p data-start=\"443\" data-end=\"458\">Sturdy frame<\/p>\n<\/li>\n<li data-start=\"459\" data-end=\"476\">\n<p data-start=\"461\" data-end=\"476\">Electroplated<\/p>\n<\/li>\n<li data-start=\"477\" data-end=\"533\">\n<p data-start=\"479\" data-end=\"533\">Can be installed horizontally or vertically<\/p>\n<\/li>\n<\/ul>\n<p data-start=\"535\" data-end=\"564\"><strong data-start=\"535\" data-end=\"562\">Materials &amp; Construction<\/strong><\/p>\n<ul data-start=\"565\" data-end=\"635\">\n<li data-start=\"565\" data-end=\"600\">\n<p data-start=\"567\" data-end=\"600\">Heavy-duty solid steel frame<\/p>\n<\/li>\n<li data-start=\"601\" data-end=\"635\">\n<p data-start=\"603\" data-end=\"635\">High-resistance PVD coating<\/p>\n<\/li>\n<\/ul>\n<p data-start=\"637\" data-end=\"661\"><strong data-start=\"637\" data-end=\"659\">Overall dimensions<\/strong><\/p>\n<ul data-start=\"662\" data-end=\"761\">\n<li data-start=\"662\" data-end=\"689\">\n<p data-start=\"664\" data-end=\"689\">Height: 36&#8243; (91.4 cm)<\/p>\n<\/li>\n<li data-start=\"690\" data-end=\"761\">\n<p data-start=\"692\" data-end=\"761\">Width: 24&#8243; (61 cm)<br data-start=\"713\" data-end=\"716\"><em data-start=\"716\" data-end=\"761\">Shipping dimensions may vary.<\/em><\/p>\n<\/li>\n<\/ul>\n<p data-start=\"763\" data-end=\"781\"><strong data-start=\"763\" data-end=\"779\">Installation<\/strong><\/p>\n<ul data-start=\"782\" data-end=\"815\" data-is-last-node=\"\" data-is-only-node=\"\">\n<li data-start=\"782\" data-end=\"815\" data-is-last-node=\"\">\n<p data-start=\"784\" data-end=\"815\" data-is-last-node=\"\">Single-point wall mounting<\/p>\n<\/li>\n<\/ul>\n","protected":false},"excerpt":{"rendered":"<p><strong data-start=\"0\" data-end=\"46\">Inspired Design &amp; Exceptional Craftsmanship<\/strong><br data-start=\"46\" data-end=\"49\">The <strong data-start=\"69\" data-end=\"78\">RYLEE<\/strong> decorative mirror is the ideal solution to enhance your space, adding a touch of sophistication, versatility and functionality. Designed with top-of-the-range materials, RYLEE is made to stand out without losing its lustre over time. <\/p>\n<p>&nbsp;<\/p>\n<p><img decoding=\"async\" class=\"alignnone wp-image-6558\" src=\"https:\/\/concept05design.com\/wp-content\/uploads\/2025\/07\/Untitled-102-300x215.png\" alt=\"\" width=\"338\" height=\"242\" srcset=\"https:\/\/concept05design.com\/wp-content\/uploads\/2025\/07\/Untitled-102-200x144.png 200w, https:\/\/concept05design.com\/wp-content\/uploads\/2025\/07\/Untitled-102-300x214.png 300w, https:\/\/concept05design.com\/wp-content\/uploads\/2025\/07\/Untitled-102.png 326w\" sizes=\"(max-width: 338px) 100vw, 338px\" \/><\/p>\n","protected":false},"featured_media":6557,"template":"","meta":[],"product_brand":[],"product_cat":[418,456],"product_tag":[],"class_list":{"0":"post-6560","1":"product","2":"type-product","3":"status-publish","4":"has-post-thumbnail","6":"product_cat-bathroom","7":"product_cat-mirror","9":"first","10":"instock","11":"shipping-taxable","12":"product-type-simple"},"yoast_head":"<!-- This site is optimized with the Yoast SEO plugin v27.4 - https:\/\/yoast.com\/product\/yoast-seo-wordpress\/ -->\n<title>Rylee - Concept 05 Design<\/title>\n<meta name=\"robots\" content=\"index, follow, max-snippet:-1, max-image-preview:large, max-video-preview:-1\" \/>\n<link rel=\"canonical\" href=\"https:\/\/concept05design.com\/en\/produit\/rylee\/\" \/>\n<meta property=\"og:locale\" content=\"en_US\" \/>\n<meta property=\"og:type\" content=\"article\" \/>\n<meta property=\"og:title\" content=\"Rylee - Concept 05 Design\" \/>\n<meta property=\"og:description\" content=\"Inspired Design &amp; Exceptional CraftsmanshipThe RYLEE decorative mirror is the ideal solution to enhance your space, adding a touch of sophistication, versatility and functionality. Designed with top-of-the-range materials, RYLEE is made to stand out without losing its lustre over time.  &nbsp;\" \/>\n<meta property=\"og:url\" content=\"https:\/\/concept05design.com\/en\/produit\/rylee\/\" \/>\n<meta property=\"og:site_name\" content=\"Concept 05 Design\" \/>\n<meta property=\"article:modified_time\" content=\"2025-07-31T16:48:56+00:00\" \/>\n<meta property=\"og:image\" content=\"https:\/\/concept05design.com\/wp-content\/uploads\/2025\/07\/rylee-rectangular-decorative-mirror-tgdr2436__33845.jpg\" \/>\n\t<meta property=\"og:image:width\" content=\"640\" \/>\n\t<meta property=\"og:image:height\" content=\"640\" \/>\n\t<meta property=\"og:image:type\" content=\"image\/jpeg\" \/>\n<meta name=\"twitter:card\" content=\"summary_large_image\" \/>\n<script type=\"application\/ld+json\" class=\"yoast-schema-graph\">{\"@context\":\"https:\\\/\\\/schema.org\",\"@graph\":[{\"@type\":\"WebPage\",\"@id\":\"https:\\\/\\\/concept05design.com\\\/en\\\/produit\\\/rylee\\\/\",\"url\":\"https:\\\/\\\/concept05design.com\\\/en\\\/produit\\\/rylee\\\/\",\"name\":\"Rylee - Concept 05 Design\",\"isPartOf\":{\"@id\":\"https:\\\/\\\/concept05design.com\\\/en\\\/#website\"},\"primaryImageOfPage\":{\"@id\":\"https:\\\/\\\/concept05design.com\\\/en\\\/produit\\\/rylee\\\/#primaryimage\"},\"image\":{\"@id\":\"https:\\\/\\\/concept05design.com\\\/en\\\/produit\\\/rylee\\\/#primaryimage\"},\"thumbnailUrl\":\"https:\\\/\\\/concept05design.com\\\/wp-content\\\/uploads\\\/2025\\\/07\\\/rylee-rectangular-decorative-mirror-tgdr2436__33845.jpg\",\"datePublished\":\"2025-07-31T16:48:32+00:00\",\"dateModified\":\"2025-07-31T16:48:56+00:00\",\"breadcrumb\":{\"@id\":\"https:\\\/\\\/concept05design.com\\\/en\\\/produit\\\/rylee\\\/#breadcrumb\"},\"inLanguage\":\"en-US\",\"potentialAction\":[{\"@type\":\"ReadAction\",\"target\":[\"https:\\\/\\\/concept05design.com\\\/en\\\/produit\\\/rylee\\\/\"]}]},{\"@type\":\"ImageObject\",\"inLanguage\":\"en-US\",\"@id\":\"https:\\\/\\\/concept05design.com\\\/en\\\/produit\\\/rylee\\\/#primaryimage\",\"url\":\"https:\\\/\\\/concept05design.com\\\/wp-content\\\/uploads\\\/2025\\\/07\\\/rylee-rectangular-decorative-mirror-tgdr2436__33845.jpg\",\"contentUrl\":\"https:\\\/\\\/concept05design.com\\\/wp-content\\\/uploads\\\/2025\\\/07\\\/rylee-rectangular-decorative-mirror-tgdr2436__33845.jpg\",\"width\":640,\"height\":640},{\"@type\":\"BreadcrumbList\",\"@id\":\"https:\\\/\\\/concept05design.com\\\/en\\\/produit\\\/rylee\\\/#breadcrumb\",\"itemListElement\":[{\"@type\":\"ListItem\",\"position\":1,\"name\":\"Accueil\",\"item\":\"https:\\\/\\\/concept05design.com\\\/en\\\/\"},{\"@type\":\"ListItem\",\"position\":2,\"name\":\"Shop\",\"item\":\"https:\\\/\\\/concept05design.com\\\/shop\\\/\"},{\"@type\":\"ListItem\",\"position\":3,\"name\":\"Rylee\"}]},{\"@type\":\"WebSite\",\"@id\":\"https:\\\/\\\/concept05design.com\\\/en\\\/#website\",\"url\":\"https:\\\/\\\/concept05design.com\\\/en\\\/\",\"name\":\"Concept 05 Design\",\"description\":\"Du Concept \u00e0 la R\u00e9alit\u00e9 : Votre Vision, Notre Mission\",\"potentialAction\":[{\"@type\":\"SearchAction\",\"target\":{\"@type\":\"EntryPoint\",\"urlTemplate\":\"https:\\\/\\\/concept05design.com\\\/en\\\/?s={search_term_string}\"},\"query-input\":{\"@type\":\"PropertyValueSpecification\",\"valueRequired\":true,\"valueName\":\"search_term_string\"}}],\"inLanguage\":\"en-US\"}]}<\/script>\n<!-- \/ Yoast SEO plugin. -->","yoast_head_json":{"title":"Rylee - Concept 05 Design","robots":{"index":"index","follow":"follow","max-snippet":"max-snippet:-1","max-image-preview":"max-image-preview:large","max-video-preview":"max-video-preview:-1"},"canonical":"https:\/\/concept05design.com\/en\/produit\/rylee\/","og_locale":"en_US","og_type":"article","og_title":"Rylee - Concept 05 Design","og_description":"Inspired Design &amp; Exceptional CraftsmanshipThe RYLEE decorative mirror is the ideal solution to enhance your space, adding a touch of sophistication, versatility and functionality. Designed with top-of-the-range materials, RYLEE is made to stand out without losing its lustre over time.  &nbsp;","og_url":"https:\/\/concept05design.com\/en\/produit\/rylee\/","og_site_name":"Concept 05 Design","article_modified_time":"2025-07-31T16:48:56+00:00","og_image":[{"width":640,"height":640,"url":"https:\/\/concept05design.com\/wp-content\/uploads\/2025\/07\/rylee-rectangular-decorative-mirror-tgdr2436__33845.jpg","type":"image\/jpeg"}],"twitter_card":"summary_large_image","schema":{"@context":"https:\/\/schema.org","@graph":[{"@type":"WebPage","@id":"https:\/\/concept05design.com\/en\/produit\/rylee\/","url":"https:\/\/concept05design.com\/en\/produit\/rylee\/","name":"Rylee - Concept 05 Design","isPartOf":{"@id":"https:\/\/concept05design.com\/en\/#website"},"primaryImageOfPage":{"@id":"https:\/\/concept05design.com\/en\/produit\/rylee\/#primaryimage"},"image":{"@id":"https:\/\/concept05design.com\/en\/produit\/rylee\/#primaryimage"},"thumbnailUrl":"https:\/\/concept05design.com\/wp-content\/uploads\/2025\/07\/rylee-rectangular-decorative-mirror-tgdr2436__33845.jpg","datePublished":"2025-07-31T16:48:32+00:00","dateModified":"2025-07-31T16:48:56+00:00","breadcrumb":{"@id":"https:\/\/concept05design.com\/en\/produit\/rylee\/#breadcrumb"},"inLanguage":"en-US","potentialAction":[{"@type":"ReadAction","target":["https:\/\/concept05design.com\/en\/produit\/rylee\/"]}]},{"@type":"ImageObject","inLanguage":"en-US","@id":"https:\/\/concept05design.com\/en\/produit\/rylee\/#primaryimage","url":"https:\/\/concept05design.com\/wp-content\/uploads\/2025\/07\/rylee-rectangular-decorative-mirror-tgdr2436__33845.jpg","contentUrl":"https:\/\/concept05design.com\/wp-content\/uploads\/2025\/07\/rylee-rectangular-decorative-mirror-tgdr2436__33845.jpg","width":640,"height":640},{"@type":"BreadcrumbList","@id":"https:\/\/concept05design.com\/en\/produit\/rylee\/#breadcrumb","itemListElement":[{"@type":"ListItem","position":1,"name":"Accueil","item":"https:\/\/concept05design.com\/en\/"},{"@type":"ListItem","position":2,"name":"Shop","item":"https:\/\/concept05design.com\/shop\/"},{"@type":"ListItem","position":3,"name":"Rylee"}]},{"@type":"WebSite","@id":"https:\/\/concept05design.com\/en\/#website","url":"https:\/\/concept05design.com\/en\/","name":"Concept 05 Design","description":"Du Concept \u00e0 la R\u00e9alit\u00e9 : Votre Vision, Notre Mission","potentialAction":[{"@type":"SearchAction","target":{"@type":"EntryPoint","urlTemplate":"https:\/\/concept05design.com\/en\/?s={search_term_string}"},"query-input":{"@type":"PropertyValueSpecification","valueRequired":true,"valueName":"search_term_string"}}],"inLanguage":"en-US"}]}},"_links":{"self":[{"href":"https:\/\/concept05design.com\/en\/wp-json\/wp\/v2\/product\/6560","targetHints":{"allow":["GET"]}}],"collection":[{"href":"https:\/\/concept05design.com\/en\/wp-json\/wp\/v2\/product"}],"about":[{"href":"https:\/\/concept05design.com\/en\/wp-json\/wp\/v2\/types\/product"}],"wp:featuredmedia":[{"embeddable":true,"href":"https:\/\/concept05design.com\/en\/wp-json\/wp\/v2\/media\/6557"}],"wp:attachment":[{"href":"https:\/\/concept05design.com\/en\/wp-json\/wp\/v2\/media?parent=6560"}],"wp:term":[{"taxonomy":"product_brand","embeddable":true,"href":"https:\/\/concept05design.com\/en\/wp-json\/wp\/v2\/product_brand?post=6560"},{"taxonomy":"product_cat","embeddable":true,"href":"https:\/\/concept05design.com\/en\/wp-json\/wp\/v2\/product_cat?post=6560"},{"taxonomy":"product_tag","embeddable":true,"href":"https:\/\/concept05design.com\/en\/wp-json\/wp\/v2\/product_tag?post=6560"}],"curies":[{"name":"wp","href":"https:\/\/api.w.org\/{rel}","templated":true}]}}