{"id":6584,"date":"2025-07-31T16:58:14","date_gmt":"2025-07-31T16:58:14","guid":{"rendered":"https:\/\/concept05design.com\/produit\/audrey\/"},"modified":"2025-07-31T16:59:16","modified_gmt":"2025-07-31T16:59:16","slug":"audrey","status":"publish","type":"product","link":"https:\/\/concept05design.com\/en\/produit\/audrey\/","title":{"rendered":"Audrey"},"content":{"rendered":"<div class=\"text-base my-auto mx-auto pb-10 [--thread-content-margin:--spacing(4)] @[37rem]:[--thread-content-margin:--spacing(6)] @[72rem]:[--thread-content-margin:--spacing(16)] px-(--thread-content-margin)\">\n<div class=\"[--thread-content-max-width:32rem] @[34rem]:[--thread-content-max-width:40rem] @[64rem]:[--thread-content-max-width:48rem] mx-auto max-w-(--thread-content-max-width) flex-1 group\/turn-messages focus-visible:outline-hidden relative flex w-full min-w-0 flex-col agent-turn\" tabindex=\"-1\">\n<div class=\"flex max-w-full flex-col grow\">\n<div class=\"min-h-8 text-message relative flex w-full flex-col items-end gap-2 text-start break-words whitespace-normal [.text-message+&amp;]:mt-5\" dir=\"auto\" data-message-author-role=\"assistant\" data-message-id=\"48ddcb50-863e-4b4d-ae82-c0d4bd272ef4\" data-message-model-slug=\"gpt-4o\">\n<div class=\"flex w-full flex-col gap-1 empty:hidden first:pt-[3px]\">\n<div class=\"markdown prose dark:prose-invert w-full break-words dark\">\n<p data-start=\"394\" data-end=\"407\"><strong data-start=\"394\" data-end=\"405\">Details<\/strong><\/p>\n<ul data-start=\"408\" data-end=\"580\">\n<li data-start=\"408\" data-end=\"446\">\n<p data-start=\"410\" data-end=\"446\">LED mirror with touch control<\/p>\n<\/li>\n<li data-start=\"447\" data-end=\"496\">\n<p data-start=\"449\" data-end=\"496\">3 LED light shades: 3000K, 4000K and 6000K<\/p>\n<\/li>\n<li data-start=\"497\" data-end=\"536\">\n<p data-start=\"499\" data-end=\"536\">Suitable for humid environments<\/p>\n<\/li>\n<li data-start=\"537\" data-end=\"580\">\n<p data-start=\"539\" data-end=\"580\">For indoor wall mounting only<\/p>\n<\/li>\n<\/ul>\n<p data-start=\"582\" data-end=\"612\"><strong data-start=\"582\" data-end=\"610\">Electrical Information<\/strong><\/p>\n<ul data-start=\"613\" data-end=\"728\">\n<li data-start=\"613\" data-end=\"643\">\n<p data-start=\"615\" data-end=\"643\">12V DC LED strip light<\/p>\n<\/li>\n<li data-start=\"644\" data-end=\"657\">\n<p data-start=\"646\" data-end=\"657\">120 Volts<\/p>\n<\/li>\n<li data-start=\"658\" data-end=\"670\">\n<p data-start=\"660\" data-end=\"670\">24 Watts<\/p>\n<\/li>\n<li data-start=\"671\" data-end=\"680\">\n<p data-start=\"673\" data-end=\"680\">60 Hz<\/p>\n<\/li>\n<li data-start=\"681\" data-end=\"728\">\n<p data-start=\"683\" data-end=\"728\">Hardwire installation<\/p>\n<\/li>\n<\/ul>\n<p data-start=\"730\" data-end=\"754\"><strong data-start=\"730\" data-end=\"752\">Overall dimensions<\/strong><\/p>\n<ul data-start=\"755\" data-end=\"842\">\n<li data-start=\"755\" data-end=\"772\">\n<p data-start=\"757\" data-end=\"772\">Height: 32&#8243;<\/p>\n<\/li>\n<li data-start=\"773\" data-end=\"842\">\n<p data-start=\"775\" data-end=\"842\">Width: 24&#8243;<br data-start=\"788\" data-end=\"791\">*Shipping dimensions may differ.<\/p>\n<\/li>\n<\/ul>\n<p data-start=\"844\" data-end=\"898\" data-is-last-node=\"\" data-is-only-node=\"\"><strong data-start=\"844\" data-end=\"860\">Installation<\/strong><br data-start=\"860\" data-end=\"863\">Indoor wall mounting only.<\/p>\n<\/div>\n<\/div>\n<\/div>\n<\/div>\n<\/div>\n<\/div>\n","protected":false},"excerpt":{"rendered":"<h6 class=\"sr-only\"><strong style=\"font-size: 16px;\" data-start=\"0\" data-end=\"46\">Inspired Design &amp; Exceptional Craftsmanship<\/strong><\/h6>\n<div class=\"text-base my-auto mx-auto pb-10 [--thread-content-margin:--spacing(4)] @[37rem]:[--thread-content-margin:--spacing(6)] @[72rem]:[--thread-content-margin:--spacing(16)] px-(--thread-content-margin)\">\n<div class=\"[--thread-content-max-width:32rem] @[34rem]:[--thread-content-max-width:40rem] @[64rem]:[--thread-content-max-width:48rem] mx-auto max-w-(--thread-content-max-width) flex-1 group\/turn-messages focus-visible:outline-hidden relative flex w-full min-w-0 flex-col agent-turn\" tabindex=\"-1\">\n<div class=\"flex max-w-full flex-col grow\">\n<div class=\"min-h-8 text-message relative flex w-full flex-col items-end gap-2 text-start break-words whitespace-normal [.text-message+&amp;]:mt-5\" dir=\"auto\" data-message-author-role=\"assistant\" data-message-id=\"48ddcb50-863e-4b4d-ae82-c0d4bd272ef4\" data-message-model-slug=\"gpt-4o\">\n<div class=\"flex w-full flex-col gap-1 empty:hidden first:pt-[3px]\">\n<div class=\"markdown prose dark:prose-invert w-full break-words dark\">\n<p data-start=\"0\" data-end=\"392\">The <strong data-start=\"65\" data-end=\"75\">AUDREY<\/strong> LED mirror is one of the most elegant mirrors on the market today. It offers three lighting options to create a soothing, relaxing ambience or optimal illumination for your daily tasks. With its sleek design and contemporary styling, the AUDREY is perfect for any bathroom or powder room.  <\/p>\n<\/div>\n<p data-start=\"0\" data-end=\"392\"><img decoding=\"async\" class=\"alignnone wp-image-6582\" src=\"https:\/\/concept05design.com\/wp-content\/uploads\/2025\/07\/Untitled-104-251x300.png\" alt=\"\" width=\"296\" height=\"354\" srcset=\"https:\/\/concept05design.com\/wp-content\/uploads\/2025\/07\/Untitled-104-200x239.png 200w, https:\/\/concept05design.com\/wp-content\/uploads\/2025\/07\/Untitled-104-251x300.png 251w, https:\/\/concept05design.com\/wp-content\/uploads\/2025\/07\/Untitled-104.png 276w\" sizes=\"(max-width: 296px) 100vw, 296px\" \/><\/p>\n<div class=\"markdown prose dark:prose-invert w-full break-words dark\">\n<p data-start=\"394\" data-end=\"407\">\n<\/div>\n<\/div>\n<\/div>\n<\/div>\n<\/div>\n<\/div>\n","protected":false},"featured_media":6581,"template":"","meta":[],"product_brand":[],"product_cat":[418,456],"product_tag":[],"class_list":{"0":"post-6584","1":"product","2":"type-product","3":"status-publish","4":"has-post-thumbnail","6":"product_cat-bathroom","7":"product_cat-mirror","9":"first","10":"instock","11":"shipping-taxable","12":"product-type-simple"},"yoast_head":"<!-- This site is optimized with the Yoast SEO plugin v27.4 - https:\/\/yoast.com\/product\/yoast-seo-wordpress\/ -->\n<title>Audrey - Concept 05 Design<\/title>\n<meta name=\"robots\" content=\"index, follow, max-snippet:-1, max-image-preview:large, max-video-preview:-1\" \/>\n<link rel=\"canonical\" href=\"https:\/\/concept05design.com\/en\/produit\/audrey\/\" \/>\n<meta property=\"og:locale\" content=\"en_US\" \/>\n<meta property=\"og:type\" content=\"article\" \/>\n<meta property=\"og:title\" content=\"Audrey - Concept 05 Design\" \/>\n<meta property=\"og:description\" content=\"Inspired Design &amp; Exceptional Craftsmanship    The AUDREY LED mirror is one of the most elegant mirrors on the market today. It offers three lighting options to create a soothing, relaxing ambience or optimal illumination for your daily tasks. With its sleek design and contemporary styling, the AUDREY is perfect for any bathroom or powder room.\" \/>\n<meta property=\"og:url\" content=\"https:\/\/concept05design.com\/en\/produit\/audrey\/\" \/>\n<meta property=\"og:site_name\" content=\"Concept 05 Design\" \/>\n<meta property=\"article:modified_time\" content=\"2025-07-31T16:59:16+00:00\" \/>\n<meta property=\"og:image\" content=\"https:\/\/concept05design.com\/wp-content\/uploads\/2025\/07\/pearl-audrey-led-mirror-gma2432__94863.jpg\" \/>\n\t<meta property=\"og:image:width\" content=\"1280\" \/>\n\t<meta property=\"og:image:height\" content=\"1280\" \/>\n\t<meta property=\"og:image:type\" content=\"image\/jpeg\" \/>\n<meta name=\"twitter:card\" content=\"summary_large_image\" \/>\n<script type=\"application\/ld+json\" class=\"yoast-schema-graph\">{\"@context\":\"https:\\\/\\\/schema.org\",\"@graph\":[{\"@type\":\"WebPage\",\"@id\":\"https:\\\/\\\/concept05design.com\\\/en\\\/produit\\\/audrey\\\/\",\"url\":\"https:\\\/\\\/concept05design.com\\\/en\\\/produit\\\/audrey\\\/\",\"name\":\"Audrey - Concept 05 Design\",\"isPartOf\":{\"@id\":\"https:\\\/\\\/concept05design.com\\\/en\\\/#website\"},\"primaryImageOfPage\":{\"@id\":\"https:\\\/\\\/concept05design.com\\\/en\\\/produit\\\/audrey\\\/#primaryimage\"},\"image\":{\"@id\":\"https:\\\/\\\/concept05design.com\\\/en\\\/produit\\\/audrey\\\/#primaryimage\"},\"thumbnailUrl\":\"https:\\\/\\\/concept05design.com\\\/wp-content\\\/uploads\\\/2025\\\/07\\\/pearl-audrey-led-mirror-gma2432__94863.jpg\",\"datePublished\":\"2025-07-31T16:58:14+00:00\",\"dateModified\":\"2025-07-31T16:59:16+00:00\",\"breadcrumb\":{\"@id\":\"https:\\\/\\\/concept05design.com\\\/en\\\/produit\\\/audrey\\\/#breadcrumb\"},\"inLanguage\":\"en-US\",\"potentialAction\":[{\"@type\":\"ReadAction\",\"target\":[\"https:\\\/\\\/concept05design.com\\\/en\\\/produit\\\/audrey\\\/\"]}]},{\"@type\":\"ImageObject\",\"inLanguage\":\"en-US\",\"@id\":\"https:\\\/\\\/concept05design.com\\\/en\\\/produit\\\/audrey\\\/#primaryimage\",\"url\":\"https:\\\/\\\/concept05design.com\\\/wp-content\\\/uploads\\\/2025\\\/07\\\/pearl-audrey-led-mirror-gma2432__94863.jpg\",\"contentUrl\":\"https:\\\/\\\/concept05design.com\\\/wp-content\\\/uploads\\\/2025\\\/07\\\/pearl-audrey-led-mirror-gma2432__94863.jpg\",\"width\":1280,\"height\":1280},{\"@type\":\"BreadcrumbList\",\"@id\":\"https:\\\/\\\/concept05design.com\\\/en\\\/produit\\\/audrey\\\/#breadcrumb\",\"itemListElement\":[{\"@type\":\"ListItem\",\"position\":1,\"name\":\"Accueil\",\"item\":\"https:\\\/\\\/concept05design.com\\\/en\\\/\"},{\"@type\":\"ListItem\",\"position\":2,\"name\":\"Shop\",\"item\":\"https:\\\/\\\/concept05design.com\\\/shop\\\/\"},{\"@type\":\"ListItem\",\"position\":3,\"name\":\"Audrey\"}]},{\"@type\":\"WebSite\",\"@id\":\"https:\\\/\\\/concept05design.com\\\/en\\\/#website\",\"url\":\"https:\\\/\\\/concept05design.com\\\/en\\\/\",\"name\":\"Concept 05 Design\",\"description\":\"Du Concept \u00e0 la R\u00e9alit\u00e9 : Votre Vision, Notre Mission\",\"potentialAction\":[{\"@type\":\"SearchAction\",\"target\":{\"@type\":\"EntryPoint\",\"urlTemplate\":\"https:\\\/\\\/concept05design.com\\\/en\\\/?s={search_term_string}\"},\"query-input\":{\"@type\":\"PropertyValueSpecification\",\"valueRequired\":true,\"valueName\":\"search_term_string\"}}],\"inLanguage\":\"en-US\"}]}<\/script>\n<!-- \/ Yoast SEO plugin. -->","yoast_head_json":{"title":"Audrey - Concept 05 Design","robots":{"index":"index","follow":"follow","max-snippet":"max-snippet:-1","max-image-preview":"max-image-preview:large","max-video-preview":"max-video-preview:-1"},"canonical":"https:\/\/concept05design.com\/en\/produit\/audrey\/","og_locale":"en_US","og_type":"article","og_title":"Audrey - Concept 05 Design","og_description":"Inspired Design &amp; Exceptional Craftsmanship    The AUDREY LED mirror is one of the most elegant mirrors on the market today. It offers three lighting options to create a soothing, relaxing ambience or optimal illumination for your daily tasks. With its sleek design and contemporary styling, the AUDREY is perfect for any bathroom or powder room.","og_url":"https:\/\/concept05design.com\/en\/produit\/audrey\/","og_site_name":"Concept 05 Design","article_modified_time":"2025-07-31T16:59:16+00:00","og_image":[{"width":1280,"height":1280,"url":"https:\/\/concept05design.com\/wp-content\/uploads\/2025\/07\/pearl-audrey-led-mirror-gma2432__94863.jpg","type":"image\/jpeg"}],"twitter_card":"summary_large_image","schema":{"@context":"https:\/\/schema.org","@graph":[{"@type":"WebPage","@id":"https:\/\/concept05design.com\/en\/produit\/audrey\/","url":"https:\/\/concept05design.com\/en\/produit\/audrey\/","name":"Audrey - Concept 05 Design","isPartOf":{"@id":"https:\/\/concept05design.com\/en\/#website"},"primaryImageOfPage":{"@id":"https:\/\/concept05design.com\/en\/produit\/audrey\/#primaryimage"},"image":{"@id":"https:\/\/concept05design.com\/en\/produit\/audrey\/#primaryimage"},"thumbnailUrl":"https:\/\/concept05design.com\/wp-content\/uploads\/2025\/07\/pearl-audrey-led-mirror-gma2432__94863.jpg","datePublished":"2025-07-31T16:58:14+00:00","dateModified":"2025-07-31T16:59:16+00:00","breadcrumb":{"@id":"https:\/\/concept05design.com\/en\/produit\/audrey\/#breadcrumb"},"inLanguage":"en-US","potentialAction":[{"@type":"ReadAction","target":["https:\/\/concept05design.com\/en\/produit\/audrey\/"]}]},{"@type":"ImageObject","inLanguage":"en-US","@id":"https:\/\/concept05design.com\/en\/produit\/audrey\/#primaryimage","url":"https:\/\/concept05design.com\/wp-content\/uploads\/2025\/07\/pearl-audrey-led-mirror-gma2432__94863.jpg","contentUrl":"https:\/\/concept05design.com\/wp-content\/uploads\/2025\/07\/pearl-audrey-led-mirror-gma2432__94863.jpg","width":1280,"height":1280},{"@type":"BreadcrumbList","@id":"https:\/\/concept05design.com\/en\/produit\/audrey\/#breadcrumb","itemListElement":[{"@type":"ListItem","position":1,"name":"Accueil","item":"https:\/\/concept05design.com\/en\/"},{"@type":"ListItem","position":2,"name":"Shop","item":"https:\/\/concept05design.com\/shop\/"},{"@type":"ListItem","position":3,"name":"Audrey"}]},{"@type":"WebSite","@id":"https:\/\/concept05design.com\/en\/#website","url":"https:\/\/concept05design.com\/en\/","name":"Concept 05 Design","description":"Du Concept \u00e0 la R\u00e9alit\u00e9 : Votre Vision, Notre Mission","potentialAction":[{"@type":"SearchAction","target":{"@type":"EntryPoint","urlTemplate":"https:\/\/concept05design.com\/en\/?s={search_term_string}"},"query-input":{"@type":"PropertyValueSpecification","valueRequired":true,"valueName":"search_term_string"}}],"inLanguage":"en-US"}]}},"_links":{"self":[{"href":"https:\/\/concept05design.com\/en\/wp-json\/wp\/v2\/product\/6584","targetHints":{"allow":["GET"]}}],"collection":[{"href":"https:\/\/concept05design.com\/en\/wp-json\/wp\/v2\/product"}],"about":[{"href":"https:\/\/concept05design.com\/en\/wp-json\/wp\/v2\/types\/product"}],"wp:featuredmedia":[{"embeddable":true,"href":"https:\/\/concept05design.com\/en\/wp-json\/wp\/v2\/media\/6581"}],"wp:attachment":[{"href":"https:\/\/concept05design.com\/en\/wp-json\/wp\/v2\/media?parent=6584"}],"wp:term":[{"taxonomy":"product_brand","embeddable":true,"href":"https:\/\/concept05design.com\/en\/wp-json\/wp\/v2\/product_brand?post=6584"},{"taxonomy":"product_cat","embeddable":true,"href":"https:\/\/concept05design.com\/en\/wp-json\/wp\/v2\/product_cat?post=6584"},{"taxonomy":"product_tag","embeddable":true,"href":"https:\/\/concept05design.com\/en\/wp-json\/wp\/v2\/product_tag?post=6584"}],"curies":[{"name":"wp","href":"https:\/\/api.w.org\/{rel}","templated":true}]}}