{"id":6596,"date":"2025-07-31T17:04:44","date_gmt":"2025-07-31T17:04:44","guid":{"rendered":"https:\/\/concept05design.com\/produit\/danielle\/"},"modified":"2025-07-31T17:05:07","modified_gmt":"2025-07-31T17:05:07","slug":"danielle","status":"publish","type":"product","link":"https:\/\/concept05design.com\/en\/produit\/danielle\/","title":{"rendered":"Danielle"},"content":{"rendered":"<p data-start=\"371\" data-end=\"384\"><strong data-start=\"371\" data-end=\"382\">Details<\/strong><\/p>\n<ul data-start=\"385\" data-end=\"557\">\n<li data-start=\"385\" data-end=\"423\">\n<p data-start=\"387\" data-end=\"423\">LED mirror with touch control<\/p>\n<\/li>\n<li data-start=\"424\" data-end=\"473\">\n<p data-start=\"426\" data-end=\"473\">3 LED light shades: 3000K, 4000K and 6000K<\/p>\n<\/li>\n<li data-start=\"474\" data-end=\"513\">\n<p data-start=\"476\" data-end=\"513\">Suitable for humid environments<\/p>\n<\/li>\n<li data-start=\"514\" data-end=\"557\">\n<p data-start=\"516\" data-end=\"557\">For indoor wall mounting only<\/p>\n<\/li>\n<\/ul>\n<p data-start=\"559\" data-end=\"589\"><strong data-start=\"559\" data-end=\"587\">Electrical Information<\/strong><\/p>\n<ul data-start=\"590\" data-end=\"705\">\n<li data-start=\"590\" data-end=\"620\">\n<p data-start=\"592\" data-end=\"620\">12V DC LED strip light<\/p>\n<\/li>\n<li data-start=\"621\" data-end=\"634\">\n<p data-start=\"623\" data-end=\"634\">120 Volts<\/p>\n<\/li>\n<li data-start=\"635\" data-end=\"647\">\n<p data-start=\"637\" data-end=\"647\">24 Watts<\/p>\n<\/li>\n<li data-start=\"648\" data-end=\"657\">\n<p data-start=\"650\" data-end=\"657\">60 Hz<\/p>\n<\/li>\n<li data-start=\"658\" data-end=\"705\">\n<p data-start=\"660\" data-end=\"705\">Hardwire installation<\/p>\n<\/li>\n<\/ul>\n<p data-start=\"707\" data-end=\"731\"><strong data-start=\"707\" data-end=\"729\">Overall dimensions<\/strong><\/p>\n<ul data-start=\"732\" data-end=\"819\">\n<li data-start=\"732\" data-end=\"749\">\n<p data-start=\"734\" data-end=\"749\">Height: 48&#8243;<\/p>\n<\/li>\n<li data-start=\"750\" data-end=\"819\">\n<p data-start=\"752\" data-end=\"819\">Width: 18&#8243;<br data-start=\"765\" data-end=\"768\">*Shipping dimensions may differ.<\/p>\n<\/li>\n<\/ul>\n<p data-start=\"821\" data-end=\"875\" data-is-last-node=\"\" data-is-only-node=\"\"><strong data-start=\"821\" data-end=\"837\">Installation<\/strong><br data-start=\"837\" data-end=\"840\">Indoor wall mounting only.<\/p>\n","protected":false},"excerpt":{"rendered":"<p><strong data-start=\"0\" data-end=\"46\">Inspired Design &amp; Exceptional Craftsmanship<\/strong><br data-start=\"46\" data-end=\"49\">The <strong data-start=\"65\" data-end=\"77\">DANIELLE<\/strong> LED mirror offers three lighting options, allowing you to create a relaxing, soothing ambience or bright illumination ideal for everyday tasks. Thanks to its elegant design and contemporary styling, the DANIELLE is versatile and fits perfectly into any room. <\/p>\n<p>&nbsp;<\/p>\n<p><img decoding=\"async\" class=\"alignnone wp-image-6594\" src=\"https:\/\/concept05design.com\/wp-content\/uploads\/2025\/07\/Untitled-106-157x300.png\" alt=\"\" width=\"205\" height=\"392\" srcset=\"https:\/\/concept05design.com\/wp-content\/uploads\/2025\/07\/Untitled-106-157x300.png 157w, https:\/\/concept05design.com\/wp-content\/uploads\/2025\/07\/Untitled-106.png 181w\" sizes=\"(max-width: 205px) 100vw, 205px\" \/><\/p>\n","protected":false},"featured_media":6593,"template":"","meta":[],"product_brand":[],"product_cat":[418,456],"product_tag":[],"class_list":{"0":"post-6596","1":"product","2":"type-product","3":"status-publish","4":"has-post-thumbnail","6":"product_cat-bathroom","7":"product_cat-mirror","9":"first","10":"instock","11":"shipping-taxable","12":"purchasable","13":"product-type-simple"},"yoast_head":"<!-- This site is optimized with the Yoast SEO plugin v27.4 - https:\/\/yoast.com\/product\/yoast-seo-wordpress\/ -->\n<title>Danielle - Concept 05 Design<\/title>\n<meta name=\"robots\" content=\"index, follow, max-snippet:-1, max-image-preview:large, max-video-preview:-1\" \/>\n<link rel=\"canonical\" href=\"https:\/\/concept05design.com\/en\/produit\/danielle\/\" \/>\n<meta property=\"og:locale\" content=\"en_US\" \/>\n<meta property=\"og:type\" content=\"article\" \/>\n<meta property=\"og:title\" content=\"Danielle - Concept 05 Design\" \/>\n<meta property=\"og:description\" content=\"Inspired Design &amp; Exceptional CraftsmanshipThe DANIELLE LED mirror offers three lighting options, allowing you to create a relaxing, soothing ambience or bright illumination ideal for everyday tasks. Thanks to its elegant design and contemporary styling, the DANIELLE is versatile and fits perfectly into any room.  &nbsp;\" \/>\n<meta property=\"og:url\" content=\"https:\/\/concept05design.com\/en\/produit\/danielle\/\" \/>\n<meta property=\"og:site_name\" content=\"Concept 05 Design\" \/>\n<meta property=\"article:modified_time\" content=\"2025-07-31T17:05:07+00:00\" \/>\n<meta property=\"og:image\" content=\"https:\/\/concept05design.com\/wp-content\/uploads\/2025\/07\/pearl-danielle-led-mirror-gmd1848__03428.jpg\" \/>\n\t<meta property=\"og:image:width\" content=\"1280\" \/>\n\t<meta property=\"og:image:height\" content=\"1280\" \/>\n\t<meta property=\"og:image:type\" content=\"image\/jpeg\" \/>\n<meta name=\"twitter:card\" content=\"summary_large_image\" \/>\n<script type=\"application\/ld+json\" class=\"yoast-schema-graph\">{\"@context\":\"https:\\\/\\\/schema.org\",\"@graph\":[{\"@type\":\"WebPage\",\"@id\":\"https:\\\/\\\/concept05design.com\\\/en\\\/produit\\\/danielle\\\/\",\"url\":\"https:\\\/\\\/concept05design.com\\\/en\\\/produit\\\/danielle\\\/\",\"name\":\"Danielle - Concept 05 Design\",\"isPartOf\":{\"@id\":\"https:\\\/\\\/concept05design.com\\\/en\\\/#website\"},\"primaryImageOfPage\":{\"@id\":\"https:\\\/\\\/concept05design.com\\\/en\\\/produit\\\/danielle\\\/#primaryimage\"},\"image\":{\"@id\":\"https:\\\/\\\/concept05design.com\\\/en\\\/produit\\\/danielle\\\/#primaryimage\"},\"thumbnailUrl\":\"https:\\\/\\\/concept05design.com\\\/wp-content\\\/uploads\\\/2025\\\/07\\\/pearl-danielle-led-mirror-gmd1848__03428.jpg\",\"datePublished\":\"2025-07-31T17:04:44+00:00\",\"dateModified\":\"2025-07-31T17:05:07+00:00\",\"breadcrumb\":{\"@id\":\"https:\\\/\\\/concept05design.com\\\/en\\\/produit\\\/danielle\\\/#breadcrumb\"},\"inLanguage\":\"en-US\",\"potentialAction\":[{\"@type\":\"ReadAction\",\"target\":[\"https:\\\/\\\/concept05design.com\\\/en\\\/produit\\\/danielle\\\/\"]}]},{\"@type\":\"ImageObject\",\"inLanguage\":\"en-US\",\"@id\":\"https:\\\/\\\/concept05design.com\\\/en\\\/produit\\\/danielle\\\/#primaryimage\",\"url\":\"https:\\\/\\\/concept05design.com\\\/wp-content\\\/uploads\\\/2025\\\/07\\\/pearl-danielle-led-mirror-gmd1848__03428.jpg\",\"contentUrl\":\"https:\\\/\\\/concept05design.com\\\/wp-content\\\/uploads\\\/2025\\\/07\\\/pearl-danielle-led-mirror-gmd1848__03428.jpg\",\"width\":1280,\"height\":1280},{\"@type\":\"BreadcrumbList\",\"@id\":\"https:\\\/\\\/concept05design.com\\\/en\\\/produit\\\/danielle\\\/#breadcrumb\",\"itemListElement\":[{\"@type\":\"ListItem\",\"position\":1,\"name\":\"Accueil\",\"item\":\"https:\\\/\\\/concept05design.com\\\/en\\\/\"},{\"@type\":\"ListItem\",\"position\":2,\"name\":\"Shop\",\"item\":\"https:\\\/\\\/concept05design.com\\\/shop\\\/\"},{\"@type\":\"ListItem\",\"position\":3,\"name\":\"Danielle\"}]},{\"@type\":\"WebSite\",\"@id\":\"https:\\\/\\\/concept05design.com\\\/en\\\/#website\",\"url\":\"https:\\\/\\\/concept05design.com\\\/en\\\/\",\"name\":\"Concept 05 Design\",\"description\":\"Du Concept \u00e0 la R\u00e9alit\u00e9 : Votre Vision, Notre Mission\",\"potentialAction\":[{\"@type\":\"SearchAction\",\"target\":{\"@type\":\"EntryPoint\",\"urlTemplate\":\"https:\\\/\\\/concept05design.com\\\/en\\\/?s={search_term_string}\"},\"query-input\":{\"@type\":\"PropertyValueSpecification\",\"valueRequired\":true,\"valueName\":\"search_term_string\"}}],\"inLanguage\":\"en-US\"}]}<\/script>\n<!-- \/ Yoast SEO plugin. -->","yoast_head_json":{"title":"Danielle - Concept 05 Design","robots":{"index":"index","follow":"follow","max-snippet":"max-snippet:-1","max-image-preview":"max-image-preview:large","max-video-preview":"max-video-preview:-1"},"canonical":"https:\/\/concept05design.com\/en\/produit\/danielle\/","og_locale":"en_US","og_type":"article","og_title":"Danielle - Concept 05 Design","og_description":"Inspired Design &amp; Exceptional CraftsmanshipThe DANIELLE LED mirror offers three lighting options, allowing you to create a relaxing, soothing ambience or bright illumination ideal for everyday tasks. Thanks to its elegant design and contemporary styling, the DANIELLE is versatile and fits perfectly into any room.  &nbsp;","og_url":"https:\/\/concept05design.com\/en\/produit\/danielle\/","og_site_name":"Concept 05 Design","article_modified_time":"2025-07-31T17:05:07+00:00","og_image":[{"width":1280,"height":1280,"url":"https:\/\/concept05design.com\/wp-content\/uploads\/2025\/07\/pearl-danielle-led-mirror-gmd1848__03428.jpg","type":"image\/jpeg"}],"twitter_card":"summary_large_image","schema":{"@context":"https:\/\/schema.org","@graph":[{"@type":"WebPage","@id":"https:\/\/concept05design.com\/en\/produit\/danielle\/","url":"https:\/\/concept05design.com\/en\/produit\/danielle\/","name":"Danielle - Concept 05 Design","isPartOf":{"@id":"https:\/\/concept05design.com\/en\/#website"},"primaryImageOfPage":{"@id":"https:\/\/concept05design.com\/en\/produit\/danielle\/#primaryimage"},"image":{"@id":"https:\/\/concept05design.com\/en\/produit\/danielle\/#primaryimage"},"thumbnailUrl":"https:\/\/concept05design.com\/wp-content\/uploads\/2025\/07\/pearl-danielle-led-mirror-gmd1848__03428.jpg","datePublished":"2025-07-31T17:04:44+00:00","dateModified":"2025-07-31T17:05:07+00:00","breadcrumb":{"@id":"https:\/\/concept05design.com\/en\/produit\/danielle\/#breadcrumb"},"inLanguage":"en-US","potentialAction":[{"@type":"ReadAction","target":["https:\/\/concept05design.com\/en\/produit\/danielle\/"]}]},{"@type":"ImageObject","inLanguage":"en-US","@id":"https:\/\/concept05design.com\/en\/produit\/danielle\/#primaryimage","url":"https:\/\/concept05design.com\/wp-content\/uploads\/2025\/07\/pearl-danielle-led-mirror-gmd1848__03428.jpg","contentUrl":"https:\/\/concept05design.com\/wp-content\/uploads\/2025\/07\/pearl-danielle-led-mirror-gmd1848__03428.jpg","width":1280,"height":1280},{"@type":"BreadcrumbList","@id":"https:\/\/concept05design.com\/en\/produit\/danielle\/#breadcrumb","itemListElement":[{"@type":"ListItem","position":1,"name":"Accueil","item":"https:\/\/concept05design.com\/en\/"},{"@type":"ListItem","position":2,"name":"Shop","item":"https:\/\/concept05design.com\/shop\/"},{"@type":"ListItem","position":3,"name":"Danielle"}]},{"@type":"WebSite","@id":"https:\/\/concept05design.com\/en\/#website","url":"https:\/\/concept05design.com\/en\/","name":"Concept 05 Design","description":"Du Concept \u00e0 la R\u00e9alit\u00e9 : Votre Vision, Notre Mission","potentialAction":[{"@type":"SearchAction","target":{"@type":"EntryPoint","urlTemplate":"https:\/\/concept05design.com\/en\/?s={search_term_string}"},"query-input":{"@type":"PropertyValueSpecification","valueRequired":true,"valueName":"search_term_string"}}],"inLanguage":"en-US"}]}},"_links":{"self":[{"href":"https:\/\/concept05design.com\/en\/wp-json\/wp\/v2\/product\/6596","targetHints":{"allow":["GET"]}}],"collection":[{"href":"https:\/\/concept05design.com\/en\/wp-json\/wp\/v2\/product"}],"about":[{"href":"https:\/\/concept05design.com\/en\/wp-json\/wp\/v2\/types\/product"}],"wp:featuredmedia":[{"embeddable":true,"href":"https:\/\/concept05design.com\/en\/wp-json\/wp\/v2\/media\/6593"}],"wp:attachment":[{"href":"https:\/\/concept05design.com\/en\/wp-json\/wp\/v2\/media?parent=6596"}],"wp:term":[{"taxonomy":"product_brand","embeddable":true,"href":"https:\/\/concept05design.com\/en\/wp-json\/wp\/v2\/product_brand?post=6596"},{"taxonomy":"product_cat","embeddable":true,"href":"https:\/\/concept05design.com\/en\/wp-json\/wp\/v2\/product_cat?post=6596"},{"taxonomy":"product_tag","embeddable":true,"href":"https:\/\/concept05design.com\/en\/wp-json\/wp\/v2\/product_tag?post=6596"}],"curies":[{"name":"wp","href":"https:\/\/api.w.org\/{rel}","templated":true}]}}