{"id":6622,"date":"2025-07-25T18:40:14","date_gmt":"2025-07-25T18:40:14","guid":{"rendered":"https:\/\/concept05design.com\/produit\/raphael\/"},"modified":"2025-08-01T17:12:02","modified_gmt":"2025-08-01T17:12:02","slug":"raphael","status":"publish","type":"product","link":"https:\/\/concept05design.com\/en\/produit\/raphael\/","title":{"rendered":"Raphael"},"content":{"rendered":"<h3 data-start=\"460\" data-end=\"475\"><strong data-start=\"464\" data-end=\"475\">Details<\/strong><\/h3>\n<ul data-start=\"477\" data-end=\"696\">\n<li data-start=\"477\" data-end=\"571\">\n<p data-start=\"479\" data-end=\"571\">Available in Chrome and Matte Black<br data-start=\"511\" data-end=\"514\"><em data-start=\"516\" data-end=\"569\">(see separate sheets for other colors)<\/em><\/p>\n<\/li>\n<li data-start=\"572\" data-end=\"603\">\n<p data-start=\"574\" data-end=\"603\"><strong data-start=\"583\" data-end=\"601\">Double-handle<\/strong> design<\/p>\n<\/li>\n<li data-start=\"604\" data-end=\"620\">\n<p data-start=\"606\" data-end=\"620\">Direct flow<\/p>\n<\/li>\n<li data-start=\"621\" data-end=\"656\">\n<p data-start=\"623\" data-end=\"656\">Stainless steel internal components<\/p>\n<\/li>\n<li data-start=\"657\" data-end=\"696\">\n<p data-start=\"659\" data-end=\"696\">Long-life ceramic cartridge<\/p>\n<\/li>\n<\/ul>\n<hr data-start=\"698\" data-end=\"701\">\n<h3 data-start=\"703\" data-end=\"734\"><strong data-start=\"707\" data-end=\"734\">Materials &amp; Manufacturing<\/strong><\/h3>\n<ul data-start=\"736\" data-end=\"802\">\n<li data-start=\"736\" data-end=\"753\">\n<p data-start=\"738\" data-end=\"753\">Solid brass<\/p>\n<\/li>\n<li data-start=\"754\" data-end=\"802\">\n<p data-start=\"756\" data-end=\"802\">High-resistance PVD coating <em data-start=\"788\" data-end=\"800\">(Matte Black)<\/em><\/p>\n<\/li>\n<\/ul>\n<hr data-start=\"804\" data-end=\"807\">\n<h3 data-start=\"809\" data-end=\"823\"><strong data-start=\"813\" data-end=\"823\">Included<\/strong><\/h3>\n<ul data-start=\"825\" data-end=\"857\">\n<li data-start=\"825\" data-end=\"857\">\n<p data-start=\"827\" data-end=\"857\">Strainer with pop-up valve<\/p>\n<\/li>\n<\/ul>\n<hr data-start=\"859\" data-end=\"862\">\n<h3 data-start=\"864\" data-end=\"890\"><strong data-start=\"868\" data-end=\"890\">Overall dimensions<\/strong><\/h3>\n<ul data-start=\"892\" data-end=\"1072\">\n<li data-start=\"892\" data-end=\"926\">\n<p data-start=\"894\" data-end=\"926\"><strong data-start=\"894\" data-end=\"907\">Height:<\/strong> 6 3\/8&#8243; (16.2 cm)<\/p>\n<\/li>\n<li data-start=\"927\" data-end=\"964\">\n<p data-start=\"929\" data-end=\"964\"><strong data-start=\"929\" data-end=\"945\">Depth:<\/strong> 6 1\/2&#8243; (16.5 cm)<\/p>\n<\/li>\n<li data-start=\"965\" data-end=\"994\">\n<p data-start=\"967\" data-end=\"994\"><strong data-start=\"967\" data-end=\"980\">Width:<\/strong> 2&#8243; (5.1 cm)<\/p>\n<\/li>\n<li data-start=\"995\" data-end=\"1072\">\n<p data-start=\"997\" data-end=\"1072\"><strong data-start=\"997\" data-end=\"1008\">Weight:<\/strong> 4.5 lb (2 kg)<br data-start=\"1022\" data-end=\"1025\"><em data-start=\"1025\" data-end=\"1072\">Shipping dimensions may differ.<\/em><\/p>\n<\/li>\n<\/ul>\n<hr data-start=\"1074\" data-end=\"1077\">\n<h3 data-start=\"1079\" data-end=\"1099\"><strong data-start=\"1083\" data-end=\"1099\">Installation<\/strong><\/h3>\n<p data-start=\"1101\" data-end=\"1195\">Easy bathroom installation: standard <strong data-start=\"1159\" data-end=\"1171\">1 3\/8&#8243;<\/strong> hole with <strong data-start=\"1177\" data-end=\"1194\">tube and nut<\/strong>.<\/p>\n","protected":false},"excerpt":{"rendered":"<h3 data-start=\"98\" data-end=\"143\"><strong data-start=\"102\" data-end=\"143\">Inspired Design &amp; Exceptional Finish<\/strong><\/h3>\n<p data-start=\"145\" data-end=\"453\">The <strong data-start=\"148\" data-end=\"159\">RAPHAEL<\/strong> is carefully crafted with a <strong data-start=\"193\" data-end=\"211\">double handle<\/strong> and an assertive design. It features a cast spout and a <strong data-start=\"270\" data-end=\"304\">durable ceramic cartridge<\/strong>, tested for <strong data-start=\"318\" data-end=\"345\">at least 500,000 cycles<\/strong>. Its bold aesthetic adds character and personality to any bathroom or powder room.  <\/p>\n<p data-start=\"145\" data-end=\"453\"><img decoding=\"async\" class=\"alignnone size-medium wp-image-5729\" src=\"https:\/\/concept05design.com\/wp-content\/uploads\/2025\/07\/Untitled-21-300x298.png\" alt=\"\" width=\"300\" height=\"298\" srcset=\"https:\/\/concept05design.com\/wp-content\/uploads\/2025\/07\/Untitled-21-66x66.png 66w, https:\/\/concept05design.com\/wp-content\/uploads\/2025\/07\/Untitled-21-150x150.png 150w, https:\/\/concept05design.com\/wp-content\/uploads\/2025\/07\/Untitled-21-200x200.png 200w, https:\/\/concept05design.com\/wp-content\/uploads\/2025\/07\/Untitled-21-300x298.png 300w, https:\/\/concept05design.com\/wp-content\/uploads\/2025\/07\/Untitled-21.png 363w\" sizes=\"(max-width: 300px) 100vw, 300px\" \/><\/p>\n","protected":false},"featured_media":5734,"template":"","meta":[],"product_brand":[],"product_cat":[418,433],"product_tag":[],"class_list":{"0":"post-6622","1":"product","2":"type-product","3":"status-publish","4":"has-post-thumbnail","6":"product_cat-bathroom","7":"product_cat-faucet-en","9":"first","10":"instock","11":"shipping-taxable","12":"product-type-simple"},"yoast_head":"<!-- This site is optimized with the Yoast SEO plugin v27.4 - https:\/\/yoast.com\/product\/yoast-seo-wordpress\/ -->\n<title>Raphael - Concept 05 Design<\/title>\n<meta name=\"robots\" content=\"index, follow, max-snippet:-1, max-image-preview:large, max-video-preview:-1\" \/>\n<link rel=\"canonical\" href=\"https:\/\/concept05design.com\/en\/produit\/raphael\/\" \/>\n<meta property=\"og:locale\" content=\"en_US\" \/>\n<meta property=\"og:type\" content=\"article\" \/>\n<meta property=\"og:title\" content=\"Raphael - Concept 05 Design\" \/>\n<meta property=\"og:description\" content=\"Inspired Design &amp; Exceptional Finish The RAPHAEL is carefully crafted with a double handle and an assertive design. It features a cast spout and a durable ceramic cartridge, tested for at least 500,000 cycles. Its bold aesthetic adds character and personality to any bathroom or powder room.\" \/>\n<meta property=\"og:url\" content=\"https:\/\/concept05design.com\/en\/produit\/raphael\/\" \/>\n<meta property=\"og:site_name\" content=\"Concept 05 Design\" \/>\n<meta property=\"article:modified_time\" content=\"2025-08-01T17:12:02+00:00\" \/>\n<meta property=\"og:image\" content=\"https:\/\/concept05design.com\/wp-content\/uploads\/2025\/07\/Copy-of-Your-paragraph-text-10-10.png\" \/>\n\t<meta property=\"og:image:width\" content=\"640\" \/>\n\t<meta property=\"og:image:height\" content=\"640\" \/>\n\t<meta property=\"og:image:type\" content=\"image\/png\" \/>\n<meta name=\"twitter:card\" content=\"summary_large_image\" \/>\n<script type=\"application\/ld+json\" class=\"yoast-schema-graph\">{\"@context\":\"https:\\\/\\\/schema.org\",\"@graph\":[{\"@type\":\"WebPage\",\"@id\":\"https:\\\/\\\/concept05design.com\\\/en\\\/produit\\\/raphael\\\/\",\"url\":\"https:\\\/\\\/concept05design.com\\\/en\\\/produit\\\/raphael\\\/\",\"name\":\"Raphael - Concept 05 Design\",\"isPartOf\":{\"@id\":\"https:\\\/\\\/concept05design.com\\\/en\\\/#website\"},\"primaryImageOfPage\":{\"@id\":\"https:\\\/\\\/concept05design.com\\\/en\\\/produit\\\/raphael\\\/#primaryimage\"},\"image\":{\"@id\":\"https:\\\/\\\/concept05design.com\\\/en\\\/produit\\\/raphael\\\/#primaryimage\"},\"thumbnailUrl\":\"https:\\\/\\\/concept05design.com\\\/wp-content\\\/uploads\\\/2025\\\/07\\\/Copy-of-Your-paragraph-text-10-10.png\",\"datePublished\":\"2025-07-25T18:40:14+00:00\",\"dateModified\":\"2025-08-01T17:12:02+00:00\",\"breadcrumb\":{\"@id\":\"https:\\\/\\\/concept05design.com\\\/en\\\/produit\\\/raphael\\\/#breadcrumb\"},\"inLanguage\":\"en-US\",\"potentialAction\":[{\"@type\":\"ReadAction\",\"target\":[\"https:\\\/\\\/concept05design.com\\\/en\\\/produit\\\/raphael\\\/\"]}]},{\"@type\":\"ImageObject\",\"inLanguage\":\"en-US\",\"@id\":\"https:\\\/\\\/concept05design.com\\\/en\\\/produit\\\/raphael\\\/#primaryimage\",\"url\":\"https:\\\/\\\/concept05design.com\\\/wp-content\\\/uploads\\\/2025\\\/07\\\/Copy-of-Your-paragraph-text-10-10.png\",\"contentUrl\":\"https:\\\/\\\/concept05design.com\\\/wp-content\\\/uploads\\\/2025\\\/07\\\/Copy-of-Your-paragraph-text-10-10.png\",\"width\":640,\"height\":640},{\"@type\":\"BreadcrumbList\",\"@id\":\"https:\\\/\\\/concept05design.com\\\/en\\\/produit\\\/raphael\\\/#breadcrumb\",\"itemListElement\":[{\"@type\":\"ListItem\",\"position\":1,\"name\":\"Accueil\",\"item\":\"https:\\\/\\\/concept05design.com\\\/en\\\/\"},{\"@type\":\"ListItem\",\"position\":2,\"name\":\"Shop\",\"item\":\"https:\\\/\\\/concept05design.com\\\/shop\\\/\"},{\"@type\":\"ListItem\",\"position\":3,\"name\":\"Raphael\"}]},{\"@type\":\"WebSite\",\"@id\":\"https:\\\/\\\/concept05design.com\\\/en\\\/#website\",\"url\":\"https:\\\/\\\/concept05design.com\\\/en\\\/\",\"name\":\"Concept 05 Design\",\"description\":\"Du Concept \u00e0 la R\u00e9alit\u00e9 : Votre Vision, Notre Mission\",\"potentialAction\":[{\"@type\":\"SearchAction\",\"target\":{\"@type\":\"EntryPoint\",\"urlTemplate\":\"https:\\\/\\\/concept05design.com\\\/en\\\/?s={search_term_string}\"},\"query-input\":{\"@type\":\"PropertyValueSpecification\",\"valueRequired\":true,\"valueName\":\"search_term_string\"}}],\"inLanguage\":\"en-US\"}]}<\/script>\n<!-- \/ Yoast SEO plugin. -->","yoast_head_json":{"title":"Raphael - Concept 05 Design","robots":{"index":"index","follow":"follow","max-snippet":"max-snippet:-1","max-image-preview":"max-image-preview:large","max-video-preview":"max-video-preview:-1"},"canonical":"https:\/\/concept05design.com\/en\/produit\/raphael\/","og_locale":"en_US","og_type":"article","og_title":"Raphael - Concept 05 Design","og_description":"Inspired Design &amp; Exceptional Finish The RAPHAEL is carefully crafted with a double handle and an assertive design. It features a cast spout and a durable ceramic cartridge, tested for at least 500,000 cycles. Its bold aesthetic adds character and personality to any bathroom or powder room.","og_url":"https:\/\/concept05design.com\/en\/produit\/raphael\/","og_site_name":"Concept 05 Design","article_modified_time":"2025-08-01T17:12:02+00:00","og_image":[{"width":640,"height":640,"url":"https:\/\/concept05design.com\/wp-content\/uploads\/2025\/07\/Copy-of-Your-paragraph-text-10-10.png","type":"image\/png"}],"twitter_card":"summary_large_image","schema":{"@context":"https:\/\/schema.org","@graph":[{"@type":"WebPage","@id":"https:\/\/concept05design.com\/en\/produit\/raphael\/","url":"https:\/\/concept05design.com\/en\/produit\/raphael\/","name":"Raphael - Concept 05 Design","isPartOf":{"@id":"https:\/\/concept05design.com\/en\/#website"},"primaryImageOfPage":{"@id":"https:\/\/concept05design.com\/en\/produit\/raphael\/#primaryimage"},"image":{"@id":"https:\/\/concept05design.com\/en\/produit\/raphael\/#primaryimage"},"thumbnailUrl":"https:\/\/concept05design.com\/wp-content\/uploads\/2025\/07\/Copy-of-Your-paragraph-text-10-10.png","datePublished":"2025-07-25T18:40:14+00:00","dateModified":"2025-08-01T17:12:02+00:00","breadcrumb":{"@id":"https:\/\/concept05design.com\/en\/produit\/raphael\/#breadcrumb"},"inLanguage":"en-US","potentialAction":[{"@type":"ReadAction","target":["https:\/\/concept05design.com\/en\/produit\/raphael\/"]}]},{"@type":"ImageObject","inLanguage":"en-US","@id":"https:\/\/concept05design.com\/en\/produit\/raphael\/#primaryimage","url":"https:\/\/concept05design.com\/wp-content\/uploads\/2025\/07\/Copy-of-Your-paragraph-text-10-10.png","contentUrl":"https:\/\/concept05design.com\/wp-content\/uploads\/2025\/07\/Copy-of-Your-paragraph-text-10-10.png","width":640,"height":640},{"@type":"BreadcrumbList","@id":"https:\/\/concept05design.com\/en\/produit\/raphael\/#breadcrumb","itemListElement":[{"@type":"ListItem","position":1,"name":"Accueil","item":"https:\/\/concept05design.com\/en\/"},{"@type":"ListItem","position":2,"name":"Shop","item":"https:\/\/concept05design.com\/shop\/"},{"@type":"ListItem","position":3,"name":"Raphael"}]},{"@type":"WebSite","@id":"https:\/\/concept05design.com\/en\/#website","url":"https:\/\/concept05design.com\/en\/","name":"Concept 05 Design","description":"Du Concept \u00e0 la R\u00e9alit\u00e9 : Votre Vision, Notre Mission","potentialAction":[{"@type":"SearchAction","target":{"@type":"EntryPoint","urlTemplate":"https:\/\/concept05design.com\/en\/?s={search_term_string}"},"query-input":{"@type":"PropertyValueSpecification","valueRequired":true,"valueName":"search_term_string"}}],"inLanguage":"en-US"}]}},"_links":{"self":[{"href":"https:\/\/concept05design.com\/en\/wp-json\/wp\/v2\/product\/6622","targetHints":{"allow":["GET"]}}],"collection":[{"href":"https:\/\/concept05design.com\/en\/wp-json\/wp\/v2\/product"}],"about":[{"href":"https:\/\/concept05design.com\/en\/wp-json\/wp\/v2\/types\/product"}],"wp:featuredmedia":[{"embeddable":true,"href":"https:\/\/concept05design.com\/en\/wp-json\/wp\/v2\/media\/5734"}],"wp:attachment":[{"href":"https:\/\/concept05design.com\/en\/wp-json\/wp\/v2\/media?parent=6622"}],"wp:term":[{"taxonomy":"product_brand","embeddable":true,"href":"https:\/\/concept05design.com\/en\/wp-json\/wp\/v2\/product_brand?post=6622"},{"taxonomy":"product_cat","embeddable":true,"href":"https:\/\/concept05design.com\/en\/wp-json\/wp\/v2\/product_cat?post=6622"},{"taxonomy":"product_tag","embeddable":true,"href":"https:\/\/concept05design.com\/en\/wp-json\/wp\/v2\/product_tag?post=6622"}],"curies":[{"name":"wp","href":"https:\/\/api.w.org\/{rel}","templated":true}]}}