{"id":6698,"date":"2025-08-06T14:56:56","date_gmt":"2025-08-06T14:56:56","guid":{"rendered":"https:\/\/concept05design.com\/produit\/silver-zenith\/"},"modified":"2025-08-06T15:45:49","modified_gmt":"2025-08-06T15:45:49","slug":"silver-zenith","status":"publish","type":"product","link":"https:\/\/concept05design.com\/en\/produit\/silver-zenith\/","title":{"rendered":"Silver Zenith"},"content":{"rendered":"<p data-start=\"333\" data-end=\"456\"><strong data-start=\"333\" data-end=\"351\">SPECIFICATIONS<\/strong><\/p>\n<ul>\n<li data-start=\"333\" data-end=\"456\">Finish: Polished<\/li>\n<li data-start=\"333\" data-end=\"456\">Thickness: 2 cm<\/li>\n<li data-start=\"333\" data-end=\"456\">Color shades: Blue, Brown, Taupe, White<\/li>\n<li data-start=\"333\" data-end=\"456\">Style : Bookmatch<\/li>\n<\/ul>\n<p data-start=\"458\" data-end=\"532\"><strong data-start=\"458\" data-end=\"474\">APPLICATIONS<\/strong><\/p>\n<ul>\n<li data-start=\"458\" data-end=\"532\">Bathroom<\/li>\n<li data-start=\"458\" data-end=\"532\">Counter<\/li>\n<li data-start=\"458\" data-end=\"532\">Home<\/li>\n<li data-start=\"458\" data-end=\"532\">Furniture<\/li>\n<li data-start=\"458\" data-end=\"532\">Wall &amp; Floor<\/li>\n<\/ul>\n","protected":false},"excerpt":{"rendered":"<p data-start=\"37\" data-end=\"331\"><strong data-start=\"47\" data-end=\"64\">Silver Zenith<\/strong> marble exudes timeless elegance, with its silver-grey base and delicate veins running harmoniously across the entire surface. Touches of white and subtle metallic nuances add depth and refinement to this exceptional natural stone. <\/p>\n","protected":false},"featured_media":6697,"template":"","meta":[],"product_brand":[],"product_cat":[474,471],"product_tag":[],"class_list":{"0":"post-6698","1":"product","2":"type-product","3":"status-publish","4":"has-post-thumbnail","6":"product_cat-marble","7":"product_cat-natural-stone","9":"first","10":"instock","11":"shipping-taxable","12":"product-type-simple"},"yoast_head":"<!-- This site is optimized with the Yoast SEO plugin v27.6 - https:\/\/yoast.com\/product\/yoast-seo-wordpress\/ -->\n<title>Silver Zenith - Concept 05 Design<\/title>\n<meta name=\"robots\" content=\"index, follow, max-snippet:-1, max-image-preview:large, max-video-preview:-1\" \/>\n<link rel=\"canonical\" href=\"https:\/\/concept05design.com\/en\/produit\/silver-zenith\/\" \/>\n<meta property=\"og:locale\" content=\"en_US\" \/>\n<meta property=\"og:type\" content=\"article\" \/>\n<meta property=\"og:title\" content=\"Silver Zenith - Concept 05 Design\" \/>\n<meta property=\"og:description\" content=\"Silver Zenith marble exudes timeless elegance, with its silver-grey base and delicate veins running harmoniously across the entire surface. Touches of white and subtle metallic nuances add depth and refinement to this exceptional natural stone.\" \/>\n<meta property=\"og:url\" content=\"https:\/\/concept05design.com\/en\/produit\/silver-zenith\/\" \/>\n<meta property=\"og:site_name\" content=\"Concept 05 Design\" \/>\n<meta property=\"article:modified_time\" content=\"2025-08-06T15:45:49+00:00\" \/>\n<meta property=\"og:image\" content=\"https:\/\/concept05design.com\/wp-content\/uploads\/2025\/08\/Copy-of-Copy-of-Your-paragraph-text-2.png\" \/>\n\t<meta property=\"og:image:width\" content=\"640\" \/>\n\t<meta property=\"og:image:height\" content=\"640\" \/>\n\t<meta property=\"og:image:type\" content=\"image\/png\" \/>\n<meta name=\"twitter:card\" content=\"summary_large_image\" \/>\n<script type=\"application\/ld+json\" class=\"yoast-schema-graph\">{\"@context\":\"https:\\\/\\\/schema.org\",\"@graph\":[{\"@type\":\"WebPage\",\"@id\":\"https:\\\/\\\/concept05design.com\\\/en\\\/produit\\\/silver-zenith\\\/\",\"url\":\"https:\\\/\\\/concept05design.com\\\/en\\\/produit\\\/silver-zenith\\\/\",\"name\":\"Silver Zenith - Concept 05 Design\",\"isPartOf\":{\"@id\":\"https:\\\/\\\/concept05design.com\\\/en\\\/#website\"},\"primaryImageOfPage\":{\"@id\":\"https:\\\/\\\/concept05design.com\\\/en\\\/produit\\\/silver-zenith\\\/#primaryimage\"},\"image\":{\"@id\":\"https:\\\/\\\/concept05design.com\\\/en\\\/produit\\\/silver-zenith\\\/#primaryimage\"},\"thumbnailUrl\":\"https:\\\/\\\/concept05design.com\\\/wp-content\\\/uploads\\\/2025\\\/08\\\/Copy-of-Copy-of-Your-paragraph-text-2.png\",\"datePublished\":\"2025-08-06T14:56:56+00:00\",\"dateModified\":\"2025-08-06T15:45:49+00:00\",\"breadcrumb\":{\"@id\":\"https:\\\/\\\/concept05design.com\\\/en\\\/produit\\\/silver-zenith\\\/#breadcrumb\"},\"inLanguage\":\"en-US\",\"potentialAction\":[{\"@type\":\"ReadAction\",\"target\":[\"https:\\\/\\\/concept05design.com\\\/en\\\/produit\\\/silver-zenith\\\/\"]}]},{\"@type\":\"ImageObject\",\"inLanguage\":\"en-US\",\"@id\":\"https:\\\/\\\/concept05design.com\\\/en\\\/produit\\\/silver-zenith\\\/#primaryimage\",\"url\":\"https:\\\/\\\/concept05design.com\\\/wp-content\\\/uploads\\\/2025\\\/08\\\/Copy-of-Copy-of-Your-paragraph-text-2.png\",\"contentUrl\":\"https:\\\/\\\/concept05design.com\\\/wp-content\\\/uploads\\\/2025\\\/08\\\/Copy-of-Copy-of-Your-paragraph-text-2.png\",\"width\":640,\"height\":640},{\"@type\":\"BreadcrumbList\",\"@id\":\"https:\\\/\\\/concept05design.com\\\/en\\\/produit\\\/silver-zenith\\\/#breadcrumb\",\"itemListElement\":[{\"@type\":\"ListItem\",\"position\":1,\"name\":\"Accueil\",\"item\":\"https:\\\/\\\/concept05design.com\\\/en\\\/\"},{\"@type\":\"ListItem\",\"position\":2,\"name\":\"Shop\",\"item\":\"https:\\\/\\\/concept05design.com\\\/shop\\\/\"},{\"@type\":\"ListItem\",\"position\":3,\"name\":\"Silver Zenith\"}]},{\"@type\":\"WebSite\",\"@id\":\"https:\\\/\\\/concept05design.com\\\/en\\\/#website\",\"url\":\"https:\\\/\\\/concept05design.com\\\/en\\\/\",\"name\":\"Concept 05 Design\",\"description\":\"Du Concept \u00e0 la R\u00e9alit\u00e9 : Votre Vision, Notre Mission\",\"potentialAction\":[{\"@type\":\"SearchAction\",\"target\":{\"@type\":\"EntryPoint\",\"urlTemplate\":\"https:\\\/\\\/concept05design.com\\\/en\\\/?s={search_term_string}\"},\"query-input\":{\"@type\":\"PropertyValueSpecification\",\"valueRequired\":true,\"valueName\":\"search_term_string\"}}],\"inLanguage\":\"en-US\"}]}<\/script>\n<!-- \/ Yoast SEO plugin. -->","yoast_head_json":{"title":"Silver Zenith - Concept 05 Design","robots":{"index":"index","follow":"follow","max-snippet":"max-snippet:-1","max-image-preview":"max-image-preview:large","max-video-preview":"max-video-preview:-1"},"canonical":"https:\/\/concept05design.com\/en\/produit\/silver-zenith\/","og_locale":"en_US","og_type":"article","og_title":"Silver Zenith - Concept 05 Design","og_description":"Silver Zenith marble exudes timeless elegance, with its silver-grey base and delicate veins running harmoniously across the entire surface. Touches of white and subtle metallic nuances add depth and refinement to this exceptional natural stone.","og_url":"https:\/\/concept05design.com\/en\/produit\/silver-zenith\/","og_site_name":"Concept 05 Design","article_modified_time":"2025-08-06T15:45:49+00:00","og_image":[{"width":640,"height":640,"url":"https:\/\/concept05design.com\/wp-content\/uploads\/2025\/08\/Copy-of-Copy-of-Your-paragraph-text-2.png","type":"image\/png"}],"twitter_card":"summary_large_image","schema":{"@context":"https:\/\/schema.org","@graph":[{"@type":"WebPage","@id":"https:\/\/concept05design.com\/en\/produit\/silver-zenith\/","url":"https:\/\/concept05design.com\/en\/produit\/silver-zenith\/","name":"Silver Zenith - Concept 05 Design","isPartOf":{"@id":"https:\/\/concept05design.com\/en\/#website"},"primaryImageOfPage":{"@id":"https:\/\/concept05design.com\/en\/produit\/silver-zenith\/#primaryimage"},"image":{"@id":"https:\/\/concept05design.com\/en\/produit\/silver-zenith\/#primaryimage"},"thumbnailUrl":"https:\/\/concept05design.com\/wp-content\/uploads\/2025\/08\/Copy-of-Copy-of-Your-paragraph-text-2.png","datePublished":"2025-08-06T14:56:56+00:00","dateModified":"2025-08-06T15:45:49+00:00","breadcrumb":{"@id":"https:\/\/concept05design.com\/en\/produit\/silver-zenith\/#breadcrumb"},"inLanguage":"en-US","potentialAction":[{"@type":"ReadAction","target":["https:\/\/concept05design.com\/en\/produit\/silver-zenith\/"]}]},{"@type":"ImageObject","inLanguage":"en-US","@id":"https:\/\/concept05design.com\/en\/produit\/silver-zenith\/#primaryimage","url":"https:\/\/concept05design.com\/wp-content\/uploads\/2025\/08\/Copy-of-Copy-of-Your-paragraph-text-2.png","contentUrl":"https:\/\/concept05design.com\/wp-content\/uploads\/2025\/08\/Copy-of-Copy-of-Your-paragraph-text-2.png","width":640,"height":640},{"@type":"BreadcrumbList","@id":"https:\/\/concept05design.com\/en\/produit\/silver-zenith\/#breadcrumb","itemListElement":[{"@type":"ListItem","position":1,"name":"Accueil","item":"https:\/\/concept05design.com\/en\/"},{"@type":"ListItem","position":2,"name":"Shop","item":"https:\/\/concept05design.com\/shop\/"},{"@type":"ListItem","position":3,"name":"Silver Zenith"}]},{"@type":"WebSite","@id":"https:\/\/concept05design.com\/en\/#website","url":"https:\/\/concept05design.com\/en\/","name":"Concept 05 Design","description":"Du Concept \u00e0 la R\u00e9alit\u00e9 : Votre Vision, Notre Mission","potentialAction":[{"@type":"SearchAction","target":{"@type":"EntryPoint","urlTemplate":"https:\/\/concept05design.com\/en\/?s={search_term_string}"},"query-input":{"@type":"PropertyValueSpecification","valueRequired":true,"valueName":"search_term_string"}}],"inLanguage":"en-US"}]}},"_links":{"self":[{"href":"https:\/\/concept05design.com\/en\/wp-json\/wp\/v2\/product\/6698","targetHints":{"allow":["GET"]}}],"collection":[{"href":"https:\/\/concept05design.com\/en\/wp-json\/wp\/v2\/product"}],"about":[{"href":"https:\/\/concept05design.com\/en\/wp-json\/wp\/v2\/types\/product"}],"wp:featuredmedia":[{"embeddable":true,"href":"https:\/\/concept05design.com\/en\/wp-json\/wp\/v2\/media\/6697"}],"wp:attachment":[{"href":"https:\/\/concept05design.com\/en\/wp-json\/wp\/v2\/media?parent=6698"}],"wp:term":[{"taxonomy":"product_brand","embeddable":true,"href":"https:\/\/concept05design.com\/en\/wp-json\/wp\/v2\/product_brand?post=6698"},{"taxonomy":"product_cat","embeddable":true,"href":"https:\/\/concept05design.com\/en\/wp-json\/wp\/v2\/product_cat?post=6698"},{"taxonomy":"product_tag","embeddable":true,"href":"https:\/\/concept05design.com\/en\/wp-json\/wp\/v2\/product_tag?post=6698"}],"curies":[{"name":"wp","href":"https:\/\/api.w.org\/{rel}","templated":true}]}}