{"id":6702,"date":"2025-08-06T15:04:10","date_gmt":"2025-08-06T15:04:10","guid":{"rendered":"https:\/\/concept05design.com\/produit\/calacatta-oro\/"},"modified":"2025-08-06T15:45:02","modified_gmt":"2025-08-06T15:45:02","slug":"calacatta-oro","status":"publish","type":"product","link":"https:\/\/concept05design.com\/en\/produit\/calacatta-oro\/","title":{"rendered":"Calacatta Oro"},"content":{"rendered":"<div class=\"elementor-element elementor-element-285c6a9 elementor-widget elementor-widget-shopengine-product-description\" data-id=\"285c6a9\" data-element_type=\"widget\" data-widget_type=\"shopengine-product-description.default\">\n<div class=\"elementor-widget-container optml-bg-lazyloaded\">\n<div class=\"shopengine shopengine-widget\">\n<div class=\"shopengine-product-description\">\n<p><strong data-start=\"348\" data-end=\"366\">SPECIFICATIONS<\/strong><\/p>\n<\/div>\n<\/div>\n<\/div>\n<\/div>\n<div class=\"elementor-element elementor-element-af48d7e shop_attributes elementor-widget elementor-widget-shopengine-additional-information\" data-id=\"af48d7e\" data-element_type=\"widget\" data-widget_type=\"shopengine-additional-information.default\">\n<div class=\"elementor-widget-container optml-bg-lazyloaded\">\n<div class=\"shopengine shopengine-widget\">\n<ul>\n<li class=\"shopengine\">Style : Bookmatch<\/li>\n<li class=\"shopengine\">Dimensions: 124&#8243; x 76&#8243;<\/li>\n<li class=\"shopengine\">Thickness: 2 cm<\/li>\n<li class=\"shopengine\">Color: Beige<\/li>\n<\/ul>\n<\/div>\n<\/div>\n<\/div>\n","protected":false},"excerpt":{"rendered":"<p data-start=\"37\" data-end=\"346\">Let yourself be seduced by the charm of this sumptuous beige-white marble slab, where sophistication meets natural beauty. Adorned with bewitching veins in shades of brown and gold, each piece becomes a timeless work of art, bringing a touch of opulence to any space &#8211; Bloc 2893. <\/p>\n","protected":false},"featured_media":6701,"template":"","meta":[],"product_brand":[],"product_cat":[474,471],"product_tag":[],"class_list":{"0":"post-6702","1":"product","2":"type-product","3":"status-publish","4":"has-post-thumbnail","6":"product_cat-marble","7":"product_cat-natural-stone","9":"first","10":"instock","11":"shipping-taxable","12":"product-type-simple"},"yoast_head":"<!-- This site is optimized with the Yoast SEO plugin v27.6 - https:\/\/yoast.com\/product\/yoast-seo-wordpress\/ -->\n<title>Calacatta Oro - Concept 05 Design<\/title>\n<meta name=\"robots\" content=\"index, follow, max-snippet:-1, max-image-preview:large, max-video-preview:-1\" \/>\n<link rel=\"canonical\" href=\"https:\/\/concept05design.com\/en\/produit\/calacatta-oro\/\" \/>\n<meta property=\"og:locale\" content=\"en_US\" \/>\n<meta property=\"og:type\" content=\"article\" \/>\n<meta property=\"og:title\" content=\"Calacatta Oro - Concept 05 Design\" \/>\n<meta property=\"og:description\" content=\"Let yourself be seduced by the charm of this sumptuous beige-white marble slab, where sophistication meets natural beauty. Adorned with bewitching veins in shades of brown and gold, each piece becomes a timeless work of art, bringing a touch of opulence to any space - Bloc 2893.\" \/>\n<meta property=\"og:url\" content=\"https:\/\/concept05design.com\/en\/produit\/calacatta-oro\/\" \/>\n<meta property=\"og:site_name\" content=\"Concept 05 Design\" \/>\n<meta property=\"article:modified_time\" content=\"2025-08-06T15:45:02+00:00\" \/>\n<meta property=\"og:image\" content=\"https:\/\/concept05design.com\/wp-content\/uploads\/2025\/08\/Copy-of-Copy-of-Your-paragraph-text-3.png\" \/>\n\t<meta property=\"og:image:width\" content=\"640\" \/>\n\t<meta property=\"og:image:height\" content=\"640\" \/>\n\t<meta property=\"og:image:type\" content=\"image\/png\" \/>\n<meta name=\"twitter:card\" content=\"summary_large_image\" \/>\n<script type=\"application\/ld+json\" class=\"yoast-schema-graph\">{\"@context\":\"https:\\\/\\\/schema.org\",\"@graph\":[{\"@type\":\"WebPage\",\"@id\":\"https:\\\/\\\/concept05design.com\\\/en\\\/produit\\\/calacatta-oro\\\/\",\"url\":\"https:\\\/\\\/concept05design.com\\\/en\\\/produit\\\/calacatta-oro\\\/\",\"name\":\"Calacatta Oro - Concept 05 Design\",\"isPartOf\":{\"@id\":\"https:\\\/\\\/concept05design.com\\\/en\\\/#website\"},\"primaryImageOfPage\":{\"@id\":\"https:\\\/\\\/concept05design.com\\\/en\\\/produit\\\/calacatta-oro\\\/#primaryimage\"},\"image\":{\"@id\":\"https:\\\/\\\/concept05design.com\\\/en\\\/produit\\\/calacatta-oro\\\/#primaryimage\"},\"thumbnailUrl\":\"https:\\\/\\\/concept05design.com\\\/wp-content\\\/uploads\\\/2025\\\/08\\\/Copy-of-Copy-of-Your-paragraph-text-3.png\",\"datePublished\":\"2025-08-06T15:04:10+00:00\",\"dateModified\":\"2025-08-06T15:45:02+00:00\",\"breadcrumb\":{\"@id\":\"https:\\\/\\\/concept05design.com\\\/en\\\/produit\\\/calacatta-oro\\\/#breadcrumb\"},\"inLanguage\":\"en-US\",\"potentialAction\":[{\"@type\":\"ReadAction\",\"target\":[\"https:\\\/\\\/concept05design.com\\\/en\\\/produit\\\/calacatta-oro\\\/\"]}]},{\"@type\":\"ImageObject\",\"inLanguage\":\"en-US\",\"@id\":\"https:\\\/\\\/concept05design.com\\\/en\\\/produit\\\/calacatta-oro\\\/#primaryimage\",\"url\":\"https:\\\/\\\/concept05design.com\\\/wp-content\\\/uploads\\\/2025\\\/08\\\/Copy-of-Copy-of-Your-paragraph-text-3.png\",\"contentUrl\":\"https:\\\/\\\/concept05design.com\\\/wp-content\\\/uploads\\\/2025\\\/08\\\/Copy-of-Copy-of-Your-paragraph-text-3.png\",\"width\":640,\"height\":640},{\"@type\":\"BreadcrumbList\",\"@id\":\"https:\\\/\\\/concept05design.com\\\/en\\\/produit\\\/calacatta-oro\\\/#breadcrumb\",\"itemListElement\":[{\"@type\":\"ListItem\",\"position\":1,\"name\":\"Accueil\",\"item\":\"https:\\\/\\\/concept05design.com\\\/en\\\/\"},{\"@type\":\"ListItem\",\"position\":2,\"name\":\"Shop\",\"item\":\"https:\\\/\\\/concept05design.com\\\/shop\\\/\"},{\"@type\":\"ListItem\",\"position\":3,\"name\":\"Calacatta Oro\"}]},{\"@type\":\"WebSite\",\"@id\":\"https:\\\/\\\/concept05design.com\\\/en\\\/#website\",\"url\":\"https:\\\/\\\/concept05design.com\\\/en\\\/\",\"name\":\"Concept 05 Design\",\"description\":\"Du Concept \u00e0 la R\u00e9alit\u00e9 : Votre Vision, Notre Mission\",\"potentialAction\":[{\"@type\":\"SearchAction\",\"target\":{\"@type\":\"EntryPoint\",\"urlTemplate\":\"https:\\\/\\\/concept05design.com\\\/en\\\/?s={search_term_string}\"},\"query-input\":{\"@type\":\"PropertyValueSpecification\",\"valueRequired\":true,\"valueName\":\"search_term_string\"}}],\"inLanguage\":\"en-US\"}]}<\/script>\n<!-- \/ Yoast SEO plugin. -->","yoast_head_json":{"title":"Calacatta Oro - Concept 05 Design","robots":{"index":"index","follow":"follow","max-snippet":"max-snippet:-1","max-image-preview":"max-image-preview:large","max-video-preview":"max-video-preview:-1"},"canonical":"https:\/\/concept05design.com\/en\/produit\/calacatta-oro\/","og_locale":"en_US","og_type":"article","og_title":"Calacatta Oro - Concept 05 Design","og_description":"Let yourself be seduced by the charm of this sumptuous beige-white marble slab, where sophistication meets natural beauty. Adorned with bewitching veins in shades of brown and gold, each piece becomes a timeless work of art, bringing a touch of opulence to any space - Bloc 2893.","og_url":"https:\/\/concept05design.com\/en\/produit\/calacatta-oro\/","og_site_name":"Concept 05 Design","article_modified_time":"2025-08-06T15:45:02+00:00","og_image":[{"width":640,"height":640,"url":"https:\/\/concept05design.com\/wp-content\/uploads\/2025\/08\/Copy-of-Copy-of-Your-paragraph-text-3.png","type":"image\/png"}],"twitter_card":"summary_large_image","schema":{"@context":"https:\/\/schema.org","@graph":[{"@type":"WebPage","@id":"https:\/\/concept05design.com\/en\/produit\/calacatta-oro\/","url":"https:\/\/concept05design.com\/en\/produit\/calacatta-oro\/","name":"Calacatta Oro - Concept 05 Design","isPartOf":{"@id":"https:\/\/concept05design.com\/en\/#website"},"primaryImageOfPage":{"@id":"https:\/\/concept05design.com\/en\/produit\/calacatta-oro\/#primaryimage"},"image":{"@id":"https:\/\/concept05design.com\/en\/produit\/calacatta-oro\/#primaryimage"},"thumbnailUrl":"https:\/\/concept05design.com\/wp-content\/uploads\/2025\/08\/Copy-of-Copy-of-Your-paragraph-text-3.png","datePublished":"2025-08-06T15:04:10+00:00","dateModified":"2025-08-06T15:45:02+00:00","breadcrumb":{"@id":"https:\/\/concept05design.com\/en\/produit\/calacatta-oro\/#breadcrumb"},"inLanguage":"en-US","potentialAction":[{"@type":"ReadAction","target":["https:\/\/concept05design.com\/en\/produit\/calacatta-oro\/"]}]},{"@type":"ImageObject","inLanguage":"en-US","@id":"https:\/\/concept05design.com\/en\/produit\/calacatta-oro\/#primaryimage","url":"https:\/\/concept05design.com\/wp-content\/uploads\/2025\/08\/Copy-of-Copy-of-Your-paragraph-text-3.png","contentUrl":"https:\/\/concept05design.com\/wp-content\/uploads\/2025\/08\/Copy-of-Copy-of-Your-paragraph-text-3.png","width":640,"height":640},{"@type":"BreadcrumbList","@id":"https:\/\/concept05design.com\/en\/produit\/calacatta-oro\/#breadcrumb","itemListElement":[{"@type":"ListItem","position":1,"name":"Accueil","item":"https:\/\/concept05design.com\/en\/"},{"@type":"ListItem","position":2,"name":"Shop","item":"https:\/\/concept05design.com\/shop\/"},{"@type":"ListItem","position":3,"name":"Calacatta Oro"}]},{"@type":"WebSite","@id":"https:\/\/concept05design.com\/en\/#website","url":"https:\/\/concept05design.com\/en\/","name":"Concept 05 Design","description":"Du Concept \u00e0 la R\u00e9alit\u00e9 : Votre Vision, Notre Mission","potentialAction":[{"@type":"SearchAction","target":{"@type":"EntryPoint","urlTemplate":"https:\/\/concept05design.com\/en\/?s={search_term_string}"},"query-input":{"@type":"PropertyValueSpecification","valueRequired":true,"valueName":"search_term_string"}}],"inLanguage":"en-US"}]}},"_links":{"self":[{"href":"https:\/\/concept05design.com\/en\/wp-json\/wp\/v2\/product\/6702","targetHints":{"allow":["GET"]}}],"collection":[{"href":"https:\/\/concept05design.com\/en\/wp-json\/wp\/v2\/product"}],"about":[{"href":"https:\/\/concept05design.com\/en\/wp-json\/wp\/v2\/types\/product"}],"wp:featuredmedia":[{"embeddable":true,"href":"https:\/\/concept05design.com\/en\/wp-json\/wp\/v2\/media\/6701"}],"wp:attachment":[{"href":"https:\/\/concept05design.com\/en\/wp-json\/wp\/v2\/media?parent=6702"}],"wp:term":[{"taxonomy":"product_brand","embeddable":true,"href":"https:\/\/concept05design.com\/en\/wp-json\/wp\/v2\/product_brand?post=6702"},{"taxonomy":"product_cat","embeddable":true,"href":"https:\/\/concept05design.com\/en\/wp-json\/wp\/v2\/product_cat?post=6702"},{"taxonomy":"product_tag","embeddable":true,"href":"https:\/\/concept05design.com\/en\/wp-json\/wp\/v2\/product_tag?post=6702"}],"curies":[{"name":"wp","href":"https:\/\/api.w.org\/{rel}","templated":true}]}}