{"id":6710,"date":"2025-08-06T15:17:57","date_gmt":"2025-08-06T15:17:57","guid":{"rendered":"https:\/\/concept05design.com\/produit\/calacatta-picasso\/"},"modified":"2025-08-06T15:41:48","modified_gmt":"2025-08-06T15:41:48","slug":"calacatta-picasso","status":"publish","type":"product","link":"https:\/\/concept05design.com\/en\/produit\/calacatta-picasso\/","title":{"rendered":"Calacatta Picasso"},"content":{"rendered":"<p><strong data-start=\"503\" data-end=\"521\">SPECIFICATIONS<\/strong><\/p>\n<ul>\n<li>Finish: Polished<\/li>\n<li>Thickness: 2 cm<\/li>\n<li>Dimensions: 130&#8243; x 78&#8243;<\/li>\n<\/ul>\n","protected":false},"excerpt":{"rendered":"<p data-start=\"51\" data-end=\"501\"><strong data-start=\"54\" data-end=\"82\">Calacatta Picasso marble<\/strong> is the epitome of opulence in the world of natural stone, showcasing a luminous white background enhanced by bold, artistic gray veins. Its timeless beauty and versatility make it an ideal choice for a variety of interior and exterior applications, from countertops to wall cladding. Enhance your space with the artistic elegance of Calacatta Picasso marble &#8211; Block AB1507.  <\/p>\n","protected":false},"featured_media":6709,"template":"","meta":[],"product_brand":[],"product_cat":[479,474,471],"product_tag":[],"class_list":{"0":"post-6710","1":"product","2":"type-product","3":"status-publish","4":"has-post-thumbnail","6":"product_cat-featured-marble","7":"product_cat-marble","8":"product_cat-natural-stone","10":"first","11":"instock","12":"shipping-taxable","13":"product-type-simple"},"yoast_head":"<!-- This site is optimized with the Yoast SEO plugin v27.6 - https:\/\/yoast.com\/product\/yoast-seo-wordpress\/ -->\n<title>Calacatta Picasso - Concept 05 Design<\/title>\n<meta name=\"robots\" content=\"index, follow, max-snippet:-1, max-image-preview:large, max-video-preview:-1\" \/>\n<link rel=\"canonical\" href=\"https:\/\/concept05design.com\/en\/produit\/calacatta-picasso\/\" \/>\n<meta property=\"og:locale\" content=\"en_US\" \/>\n<meta property=\"og:type\" content=\"article\" \/>\n<meta property=\"og:title\" content=\"Calacatta Picasso - Concept 05 Design\" \/>\n<meta property=\"og:description\" content=\"Calacatta Picasso marble is the epitome of opulence in the world of natural stone, showcasing a luminous white background enhanced by bold, artistic gray veins. Its timeless beauty and versatility make it an ideal choice for a variety of interior and exterior applications, from countertops to wall cladding. Enhance your space with the artistic elegance of Calacatta Picasso marble - Block AB1507.\" \/>\n<meta property=\"og:url\" content=\"https:\/\/concept05design.com\/en\/produit\/calacatta-picasso\/\" \/>\n<meta property=\"og:site_name\" content=\"Concept 05 Design\" \/>\n<meta property=\"article:modified_time\" content=\"2025-08-06T15:41:48+00:00\" \/>\n<meta property=\"og:image\" content=\"https:\/\/concept05design.com\/wp-content\/uploads\/2025\/08\/Copy-of-Copy-of-Your-paragraph-text-5.png\" \/>\n\t<meta property=\"og:image:width\" content=\"640\" \/>\n\t<meta property=\"og:image:height\" content=\"640\" \/>\n\t<meta property=\"og:image:type\" content=\"image\/png\" \/>\n<meta name=\"twitter:card\" content=\"summary_large_image\" \/>\n<script type=\"application\/ld+json\" class=\"yoast-schema-graph\">{\"@context\":\"https:\\\/\\\/schema.org\",\"@graph\":[{\"@type\":\"WebPage\",\"@id\":\"https:\\\/\\\/concept05design.com\\\/en\\\/produit\\\/calacatta-picasso\\\/\",\"url\":\"https:\\\/\\\/concept05design.com\\\/en\\\/produit\\\/calacatta-picasso\\\/\",\"name\":\"Calacatta Picasso - Concept 05 Design\",\"isPartOf\":{\"@id\":\"https:\\\/\\\/concept05design.com\\\/en\\\/#website\"},\"primaryImageOfPage\":{\"@id\":\"https:\\\/\\\/concept05design.com\\\/en\\\/produit\\\/calacatta-picasso\\\/#primaryimage\"},\"image\":{\"@id\":\"https:\\\/\\\/concept05design.com\\\/en\\\/produit\\\/calacatta-picasso\\\/#primaryimage\"},\"thumbnailUrl\":\"https:\\\/\\\/concept05design.com\\\/wp-content\\\/uploads\\\/2025\\\/08\\\/Copy-of-Copy-of-Your-paragraph-text-5.png\",\"datePublished\":\"2025-08-06T15:17:57+00:00\",\"dateModified\":\"2025-08-06T15:41:48+00:00\",\"breadcrumb\":{\"@id\":\"https:\\\/\\\/concept05design.com\\\/en\\\/produit\\\/calacatta-picasso\\\/#breadcrumb\"},\"inLanguage\":\"en-US\",\"potentialAction\":[{\"@type\":\"ReadAction\",\"target\":[\"https:\\\/\\\/concept05design.com\\\/en\\\/produit\\\/calacatta-picasso\\\/\"]}]},{\"@type\":\"ImageObject\",\"inLanguage\":\"en-US\",\"@id\":\"https:\\\/\\\/concept05design.com\\\/en\\\/produit\\\/calacatta-picasso\\\/#primaryimage\",\"url\":\"https:\\\/\\\/concept05design.com\\\/wp-content\\\/uploads\\\/2025\\\/08\\\/Copy-of-Copy-of-Your-paragraph-text-5.png\",\"contentUrl\":\"https:\\\/\\\/concept05design.com\\\/wp-content\\\/uploads\\\/2025\\\/08\\\/Copy-of-Copy-of-Your-paragraph-text-5.png\",\"width\":640,\"height\":640},{\"@type\":\"BreadcrumbList\",\"@id\":\"https:\\\/\\\/concept05design.com\\\/en\\\/produit\\\/calacatta-picasso\\\/#breadcrumb\",\"itemListElement\":[{\"@type\":\"ListItem\",\"position\":1,\"name\":\"Accueil\",\"item\":\"https:\\\/\\\/concept05design.com\\\/en\\\/\"},{\"@type\":\"ListItem\",\"position\":2,\"name\":\"Shop\",\"item\":\"https:\\\/\\\/concept05design.com\\\/shop\\\/\"},{\"@type\":\"ListItem\",\"position\":3,\"name\":\"Calacatta Picasso\"}]},{\"@type\":\"WebSite\",\"@id\":\"https:\\\/\\\/concept05design.com\\\/en\\\/#website\",\"url\":\"https:\\\/\\\/concept05design.com\\\/en\\\/\",\"name\":\"Concept 05 Design\",\"description\":\"Du Concept \u00e0 la R\u00e9alit\u00e9 : Votre Vision, Notre Mission\",\"potentialAction\":[{\"@type\":\"SearchAction\",\"target\":{\"@type\":\"EntryPoint\",\"urlTemplate\":\"https:\\\/\\\/concept05design.com\\\/en\\\/?s={search_term_string}\"},\"query-input\":{\"@type\":\"PropertyValueSpecification\",\"valueRequired\":true,\"valueName\":\"search_term_string\"}}],\"inLanguage\":\"en-US\"}]}<\/script>\n<!-- \/ Yoast SEO plugin. -->","yoast_head_json":{"title":"Calacatta Picasso - Concept 05 Design","robots":{"index":"index","follow":"follow","max-snippet":"max-snippet:-1","max-image-preview":"max-image-preview:large","max-video-preview":"max-video-preview:-1"},"canonical":"https:\/\/concept05design.com\/en\/produit\/calacatta-picasso\/","og_locale":"en_US","og_type":"article","og_title":"Calacatta Picasso - Concept 05 Design","og_description":"Calacatta Picasso marble is the epitome of opulence in the world of natural stone, showcasing a luminous white background enhanced by bold, artistic gray veins. Its timeless beauty and versatility make it an ideal choice for a variety of interior and exterior applications, from countertops to wall cladding. Enhance your space with the artistic elegance of Calacatta Picasso marble - Block AB1507.","og_url":"https:\/\/concept05design.com\/en\/produit\/calacatta-picasso\/","og_site_name":"Concept 05 Design","article_modified_time":"2025-08-06T15:41:48+00:00","og_image":[{"width":640,"height":640,"url":"https:\/\/concept05design.com\/wp-content\/uploads\/2025\/08\/Copy-of-Copy-of-Your-paragraph-text-5.png","type":"image\/png"}],"twitter_card":"summary_large_image","schema":{"@context":"https:\/\/schema.org","@graph":[{"@type":"WebPage","@id":"https:\/\/concept05design.com\/en\/produit\/calacatta-picasso\/","url":"https:\/\/concept05design.com\/en\/produit\/calacatta-picasso\/","name":"Calacatta Picasso - Concept 05 Design","isPartOf":{"@id":"https:\/\/concept05design.com\/en\/#website"},"primaryImageOfPage":{"@id":"https:\/\/concept05design.com\/en\/produit\/calacatta-picasso\/#primaryimage"},"image":{"@id":"https:\/\/concept05design.com\/en\/produit\/calacatta-picasso\/#primaryimage"},"thumbnailUrl":"https:\/\/concept05design.com\/wp-content\/uploads\/2025\/08\/Copy-of-Copy-of-Your-paragraph-text-5.png","datePublished":"2025-08-06T15:17:57+00:00","dateModified":"2025-08-06T15:41:48+00:00","breadcrumb":{"@id":"https:\/\/concept05design.com\/en\/produit\/calacatta-picasso\/#breadcrumb"},"inLanguage":"en-US","potentialAction":[{"@type":"ReadAction","target":["https:\/\/concept05design.com\/en\/produit\/calacatta-picasso\/"]}]},{"@type":"ImageObject","inLanguage":"en-US","@id":"https:\/\/concept05design.com\/en\/produit\/calacatta-picasso\/#primaryimage","url":"https:\/\/concept05design.com\/wp-content\/uploads\/2025\/08\/Copy-of-Copy-of-Your-paragraph-text-5.png","contentUrl":"https:\/\/concept05design.com\/wp-content\/uploads\/2025\/08\/Copy-of-Copy-of-Your-paragraph-text-5.png","width":640,"height":640},{"@type":"BreadcrumbList","@id":"https:\/\/concept05design.com\/en\/produit\/calacatta-picasso\/#breadcrumb","itemListElement":[{"@type":"ListItem","position":1,"name":"Accueil","item":"https:\/\/concept05design.com\/en\/"},{"@type":"ListItem","position":2,"name":"Shop","item":"https:\/\/concept05design.com\/shop\/"},{"@type":"ListItem","position":3,"name":"Calacatta Picasso"}]},{"@type":"WebSite","@id":"https:\/\/concept05design.com\/en\/#website","url":"https:\/\/concept05design.com\/en\/","name":"Concept 05 Design","description":"Du Concept \u00e0 la R\u00e9alit\u00e9 : Votre Vision, Notre Mission","potentialAction":[{"@type":"SearchAction","target":{"@type":"EntryPoint","urlTemplate":"https:\/\/concept05design.com\/en\/?s={search_term_string}"},"query-input":{"@type":"PropertyValueSpecification","valueRequired":true,"valueName":"search_term_string"}}],"inLanguage":"en-US"}]}},"_links":{"self":[{"href":"https:\/\/concept05design.com\/en\/wp-json\/wp\/v2\/product\/6710","targetHints":{"allow":["GET"]}}],"collection":[{"href":"https:\/\/concept05design.com\/en\/wp-json\/wp\/v2\/product"}],"about":[{"href":"https:\/\/concept05design.com\/en\/wp-json\/wp\/v2\/types\/product"}],"wp:featuredmedia":[{"embeddable":true,"href":"https:\/\/concept05design.com\/en\/wp-json\/wp\/v2\/media\/6709"}],"wp:attachment":[{"href":"https:\/\/concept05design.com\/en\/wp-json\/wp\/v2\/media?parent=6710"}],"wp:term":[{"taxonomy":"product_brand","embeddable":true,"href":"https:\/\/concept05design.com\/en\/wp-json\/wp\/v2\/product_brand?post=6710"},{"taxonomy":"product_cat","embeddable":true,"href":"https:\/\/concept05design.com\/en\/wp-json\/wp\/v2\/product_cat?post=6710"},{"taxonomy":"product_tag","embeddable":true,"href":"https:\/\/concept05design.com\/en\/wp-json\/wp\/v2\/product_tag?post=6710"}],"curies":[{"name":"wp","href":"https:\/\/api.w.org\/{rel}","templated":true}]}}