{"id":6724,"date":"2025-08-06T15:28:57","date_gmt":"2025-08-06T15:28:57","guid":{"rendered":"https:\/\/concept05design.com\/produit\/taj-mahal\/"},"modified":"2025-08-06T15:35:38","modified_gmt":"2025-08-06T15:35:38","slug":"taj-mahal","status":"publish","type":"product","link":"https:\/\/concept05design.com\/en\/produit\/taj-mahal\/","title":{"rendered":"Taj Mahal"},"content":{"rendered":"<p data-start=\"439\" data-end=\"585\"><strong data-start=\"439\" data-end=\"457\">SPECIFICATIONS<\/strong><\/p>\n<ul>\n<li data-start=\"439\" data-end=\"585\">Thickness: 12 mm<\/li>\n<li data-start=\"439\" data-end=\"585\">Dimensions: 63&#8243; x 126&#8243;<\/li>\n<li data-start=\"439\" data-end=\"585\">Finish: Honed<\/li>\n<li data-start=\"439\" data-end=\"585\">Style : Bookmatch<\/li>\n<li data-start=\"439\" data-end=\"585\">Color shades: Gold, Ivory, White<\/li>\n<\/ul>\n<p><strong data-start=\"587\" data-end=\"603\">APPLICATIONS<\/strong><\/p>\n<ul>\n<li>Bathroom<\/li>\n<li>Counter<\/li>\n<li>Exterior<\/li>\n<li>Home<\/li>\n<li>Furniture<\/li>\n<li>Wall &amp; Floor<\/li>\n<\/ul>\n","protected":false},"excerpt":{"rendered":"<p>Discover the majestic elegance of the <strong data-start=\"86\" data-end=\"113\">Taj Mahal in porcelain<\/strong>. With its soft, creamy tones and subtle veining, this exceptional porcelain brings a touch of classic luxury to any space. Ideal for countertops, floors and accent walls, Taj Mahal porcelain combines timeless beauty with exceptional durability, creating refined, long-lasting interiors.  <\/p>\n","protected":false},"featured_media":6723,"template":"","meta":[],"product_brand":[],"product_cat":[480,471,473],"product_tag":[],"class_list":{"0":"post-6724","1":"product","2":"type-product","3":"status-publish","4":"has-post-thumbnail","6":"product_cat-featured-quartzite","7":"product_cat-natural-stone","8":"product_cat-quartzite-en","10":"first","11":"instock","12":"shipping-taxable","13":"product-type-simple"},"yoast_head":"<!-- This site is optimized with the Yoast SEO plugin v27.6 - https:\/\/yoast.com\/product\/yoast-seo-wordpress\/ -->\n<title>Taj Mahal - Concept 05 Design<\/title>\n<meta name=\"robots\" content=\"index, follow, max-snippet:-1, max-image-preview:large, max-video-preview:-1\" \/>\n<link rel=\"canonical\" href=\"https:\/\/concept05design.com\/en\/produit\/taj-mahal\/\" \/>\n<meta property=\"og:locale\" content=\"en_US\" \/>\n<meta property=\"og:type\" content=\"article\" \/>\n<meta property=\"og:title\" content=\"Taj Mahal - Concept 05 Design\" \/>\n<meta property=\"og:description\" content=\"Discover the majestic elegance of the Taj Mahal in porcelain. With its soft, creamy tones and subtle veining, this exceptional porcelain brings a touch of classic luxury to any space. Ideal for countertops, floors and accent walls, Taj Mahal porcelain combines timeless beauty with exceptional durability, creating refined, long-lasting interiors.\" \/>\n<meta property=\"og:url\" content=\"https:\/\/concept05design.com\/en\/produit\/taj-mahal\/\" \/>\n<meta property=\"og:site_name\" content=\"Concept 05 Design\" \/>\n<meta property=\"article:modified_time\" content=\"2025-08-06T15:35:38+00:00\" \/>\n<meta property=\"og:image\" content=\"https:\/\/concept05design.com\/wp-content\/uploads\/2025\/08\/Copy-of-Copy-of-Your-paragraph-text-8.png\" \/>\n\t<meta property=\"og:image:width\" content=\"640\" \/>\n\t<meta property=\"og:image:height\" content=\"640\" \/>\n\t<meta property=\"og:image:type\" content=\"image\/png\" \/>\n<meta name=\"twitter:card\" content=\"summary_large_image\" \/>\n<script type=\"application\/ld+json\" class=\"yoast-schema-graph\">{\"@context\":\"https:\\\/\\\/schema.org\",\"@graph\":[{\"@type\":\"WebPage\",\"@id\":\"https:\\\/\\\/concept05design.com\\\/en\\\/produit\\\/taj-mahal\\\/\",\"url\":\"https:\\\/\\\/concept05design.com\\\/en\\\/produit\\\/taj-mahal\\\/\",\"name\":\"Taj Mahal - Concept 05 Design\",\"isPartOf\":{\"@id\":\"https:\\\/\\\/concept05design.com\\\/en\\\/#website\"},\"primaryImageOfPage\":{\"@id\":\"https:\\\/\\\/concept05design.com\\\/en\\\/produit\\\/taj-mahal\\\/#primaryimage\"},\"image\":{\"@id\":\"https:\\\/\\\/concept05design.com\\\/en\\\/produit\\\/taj-mahal\\\/#primaryimage\"},\"thumbnailUrl\":\"https:\\\/\\\/concept05design.com\\\/wp-content\\\/uploads\\\/2025\\\/08\\\/Copy-of-Copy-of-Your-paragraph-text-8.png\",\"datePublished\":\"2025-08-06T15:28:57+00:00\",\"dateModified\":\"2025-08-06T15:35:38+00:00\",\"breadcrumb\":{\"@id\":\"https:\\\/\\\/concept05design.com\\\/en\\\/produit\\\/taj-mahal\\\/#breadcrumb\"},\"inLanguage\":\"en-US\",\"potentialAction\":[{\"@type\":\"ReadAction\",\"target\":[\"https:\\\/\\\/concept05design.com\\\/en\\\/produit\\\/taj-mahal\\\/\"]}]},{\"@type\":\"ImageObject\",\"inLanguage\":\"en-US\",\"@id\":\"https:\\\/\\\/concept05design.com\\\/en\\\/produit\\\/taj-mahal\\\/#primaryimage\",\"url\":\"https:\\\/\\\/concept05design.com\\\/wp-content\\\/uploads\\\/2025\\\/08\\\/Copy-of-Copy-of-Your-paragraph-text-8.png\",\"contentUrl\":\"https:\\\/\\\/concept05design.com\\\/wp-content\\\/uploads\\\/2025\\\/08\\\/Copy-of-Copy-of-Your-paragraph-text-8.png\",\"width\":640,\"height\":640},{\"@type\":\"BreadcrumbList\",\"@id\":\"https:\\\/\\\/concept05design.com\\\/en\\\/produit\\\/taj-mahal\\\/#breadcrumb\",\"itemListElement\":[{\"@type\":\"ListItem\",\"position\":1,\"name\":\"Accueil\",\"item\":\"https:\\\/\\\/concept05design.com\\\/en\\\/\"},{\"@type\":\"ListItem\",\"position\":2,\"name\":\"Shop\",\"item\":\"https:\\\/\\\/concept05design.com\\\/shop\\\/\"},{\"@type\":\"ListItem\",\"position\":3,\"name\":\"Taj Mahal\"}]},{\"@type\":\"WebSite\",\"@id\":\"https:\\\/\\\/concept05design.com\\\/en\\\/#website\",\"url\":\"https:\\\/\\\/concept05design.com\\\/en\\\/\",\"name\":\"Concept 05 Design\",\"description\":\"Du Concept \u00e0 la R\u00e9alit\u00e9 : Votre Vision, Notre Mission\",\"potentialAction\":[{\"@type\":\"SearchAction\",\"target\":{\"@type\":\"EntryPoint\",\"urlTemplate\":\"https:\\\/\\\/concept05design.com\\\/en\\\/?s={search_term_string}\"},\"query-input\":{\"@type\":\"PropertyValueSpecification\",\"valueRequired\":true,\"valueName\":\"search_term_string\"}}],\"inLanguage\":\"en-US\"}]}<\/script>\n<!-- \/ Yoast SEO plugin. -->","yoast_head_json":{"title":"Taj Mahal - Concept 05 Design","robots":{"index":"index","follow":"follow","max-snippet":"max-snippet:-1","max-image-preview":"max-image-preview:large","max-video-preview":"max-video-preview:-1"},"canonical":"https:\/\/concept05design.com\/en\/produit\/taj-mahal\/","og_locale":"en_US","og_type":"article","og_title":"Taj Mahal - Concept 05 Design","og_description":"Discover the majestic elegance of the Taj Mahal in porcelain. With its soft, creamy tones and subtle veining, this exceptional porcelain brings a touch of classic luxury to any space. Ideal for countertops, floors and accent walls, Taj Mahal porcelain combines timeless beauty with exceptional durability, creating refined, long-lasting interiors.","og_url":"https:\/\/concept05design.com\/en\/produit\/taj-mahal\/","og_site_name":"Concept 05 Design","article_modified_time":"2025-08-06T15:35:38+00:00","og_image":[{"width":640,"height":640,"url":"https:\/\/concept05design.com\/wp-content\/uploads\/2025\/08\/Copy-of-Copy-of-Your-paragraph-text-8.png","type":"image\/png"}],"twitter_card":"summary_large_image","schema":{"@context":"https:\/\/schema.org","@graph":[{"@type":"WebPage","@id":"https:\/\/concept05design.com\/en\/produit\/taj-mahal\/","url":"https:\/\/concept05design.com\/en\/produit\/taj-mahal\/","name":"Taj Mahal - Concept 05 Design","isPartOf":{"@id":"https:\/\/concept05design.com\/en\/#website"},"primaryImageOfPage":{"@id":"https:\/\/concept05design.com\/en\/produit\/taj-mahal\/#primaryimage"},"image":{"@id":"https:\/\/concept05design.com\/en\/produit\/taj-mahal\/#primaryimage"},"thumbnailUrl":"https:\/\/concept05design.com\/wp-content\/uploads\/2025\/08\/Copy-of-Copy-of-Your-paragraph-text-8.png","datePublished":"2025-08-06T15:28:57+00:00","dateModified":"2025-08-06T15:35:38+00:00","breadcrumb":{"@id":"https:\/\/concept05design.com\/en\/produit\/taj-mahal\/#breadcrumb"},"inLanguage":"en-US","potentialAction":[{"@type":"ReadAction","target":["https:\/\/concept05design.com\/en\/produit\/taj-mahal\/"]}]},{"@type":"ImageObject","inLanguage":"en-US","@id":"https:\/\/concept05design.com\/en\/produit\/taj-mahal\/#primaryimage","url":"https:\/\/concept05design.com\/wp-content\/uploads\/2025\/08\/Copy-of-Copy-of-Your-paragraph-text-8.png","contentUrl":"https:\/\/concept05design.com\/wp-content\/uploads\/2025\/08\/Copy-of-Copy-of-Your-paragraph-text-8.png","width":640,"height":640},{"@type":"BreadcrumbList","@id":"https:\/\/concept05design.com\/en\/produit\/taj-mahal\/#breadcrumb","itemListElement":[{"@type":"ListItem","position":1,"name":"Accueil","item":"https:\/\/concept05design.com\/en\/"},{"@type":"ListItem","position":2,"name":"Shop","item":"https:\/\/concept05design.com\/shop\/"},{"@type":"ListItem","position":3,"name":"Taj Mahal"}]},{"@type":"WebSite","@id":"https:\/\/concept05design.com\/en\/#website","url":"https:\/\/concept05design.com\/en\/","name":"Concept 05 Design","description":"Du Concept \u00e0 la R\u00e9alit\u00e9 : Votre Vision, Notre Mission","potentialAction":[{"@type":"SearchAction","target":{"@type":"EntryPoint","urlTemplate":"https:\/\/concept05design.com\/en\/?s={search_term_string}"},"query-input":{"@type":"PropertyValueSpecification","valueRequired":true,"valueName":"search_term_string"}}],"inLanguage":"en-US"}]}},"_links":{"self":[{"href":"https:\/\/concept05design.com\/en\/wp-json\/wp\/v2\/product\/6724","targetHints":{"allow":["GET"]}}],"collection":[{"href":"https:\/\/concept05design.com\/en\/wp-json\/wp\/v2\/product"}],"about":[{"href":"https:\/\/concept05design.com\/en\/wp-json\/wp\/v2\/types\/product"}],"wp:featuredmedia":[{"embeddable":true,"href":"https:\/\/concept05design.com\/en\/wp-json\/wp\/v2\/media\/6723"}],"wp:attachment":[{"href":"https:\/\/concept05design.com\/en\/wp-json\/wp\/v2\/media?parent=6724"}],"wp:term":[{"taxonomy":"product_brand","embeddable":true,"href":"https:\/\/concept05design.com\/en\/wp-json\/wp\/v2\/product_brand?post=6724"},{"taxonomy":"product_cat","embeddable":true,"href":"https:\/\/concept05design.com\/en\/wp-json\/wp\/v2\/product_cat?post=6724"},{"taxonomy":"product_tag","embeddable":true,"href":"https:\/\/concept05design.com\/en\/wp-json\/wp\/v2\/product_tag?post=6724"}],"curies":[{"name":"wp","href":"https:\/\/api.w.org\/{rel}","templated":true}]}}