{"id":6778,"date":"2025-08-06T16:54:19","date_gmt":"2025-08-06T16:54:19","guid":{"rendered":"https:\/\/concept05design.com\/produit\/silver-grey-honed\/"},"modified":"2025-08-06T16:55:29","modified_gmt":"2025-08-06T16:55:29","slug":"silver-grey-honed","status":"publish","type":"product","link":"https:\/\/concept05design.com\/en\/produit\/silver-grey-honed\/","title":{"rendered":"Silver Grey Honed"},"content":{"rendered":"<p><img decoding=\"async\" class=\"alignnone wp-image-6731\" src=\"https:\/\/concept05design.com\/wp-content\/uploads\/2025\/08\/Untitled1.png\" alt=\"\" width=\"70\" height=\"82\"><\/p>\n<p data-start=\"0\" data-end=\"136\"><strong>Premium quality<\/strong><br data-start=\"15\" data-end=\"18\">Our natural stones come from the best quarries, ensuring that each piece is a unique work of art.<\/p>\n<hr data-start=\"138\" data-end=\"141\">\n<p><img decoding=\"async\" class=\"alignnone wp-image-6733\" src=\"https:\/\/concept05design.com\/wp-content\/uploads\/2025\/08\/Untitled2.png\" alt=\"\" width=\"94\" height=\"70\"><\/p>\n<p data-start=\"143\" data-end=\"326\"><strong>Strong and durable<\/strong><br data-start=\"160\" data-end=\"163\">Resistant to wear, heat and moisture, it&#8217;s built to last, giving you a durable investment that will retain its beauty for years to come.<\/p>\n<hr data-start=\"328\" data-end=\"331\">\n<p data-start=\"333\" data-end=\"532\"><img decoding=\"async\" class=\"alignnone wp-image-6735\" src=\"https:\/\/concept05design.com\/wp-content\/uploads\/2025\/08\/Untitled3.png\" alt=\"\" width=\"81\" height=\"75\"><\/p>\n<p data-start=\"333\" data-end=\"532\"><strong>Versatile Design Options<\/strong><br data-start=\"363\" data-end=\"366\">From sleek, modern finishes to rustic, natural tones, our natural stone collection offers a range of options to suit every style.<\/p>\n<hr data-start=\"534\" data-end=\"537\">\n<p data-start=\"333\" data-end=\"532\"><img decoding=\"async\" class=\"alignnone wp-image-6737\" src=\"https:\/\/concept05design.com\/wp-content\/uploads\/2025\/08\/4.png\" alt=\"\" width=\"68\" height=\"88\"><\/p>\n<p data-start=\"539\" data-end=\"806\" data-is-last-node=\"\" data-is-only-node=\"\"><strong>Ecological choice<\/strong><br data-start=\"555\" data-end=\"558\">A renewable and sustainable material, natural stone is an environmentally-friendly option. It requires little processing and is naturally abundant, reducing the carbon footprint associated with its extraction and use. <\/p>\n","protected":false},"excerpt":{"rendered":"<p><strong>Silver Grey granite<\/strong> is a premium natural stone <strong>3.18 cm thick<\/strong>, durable and resistant to heat and humidity. Its elegant, versatile design complements any style. Ecological and durable, it represents an environmentally-friendly choice.  <\/p>\n<p><img decoding=\"async\" class=\"alignnone wp-image-6731\" src=\"https:\/\/concept05design.com\/wp-content\/uploads\/2025\/08\/Untitled1.png\" alt=\"\" width=\"70\" height=\"82\"> <img decoding=\"async\" class=\"alignnone wp-image-6733\" src=\"https:\/\/concept05design.com\/wp-content\/uploads\/2025\/08\/Untitled2.png\" alt=\"\" width=\"94\" height=\"70\"> <img decoding=\"async\" class=\"alignnone wp-image-6735\" src=\"https:\/\/concept05design.com\/wp-content\/uploads\/2025\/08\/Untitled3.png\" alt=\"\" width=\"81\" height=\"75\"> <img decoding=\"async\" class=\"alignnone wp-image-6737\" src=\"https:\/\/concept05design.com\/wp-content\/uploads\/2025\/08\/4.png\" alt=\"\" width=\"68\" height=\"88\"><\/p>\n<p>&nbsp;<\/p>\n","protected":false},"featured_media":6777,"template":"","meta":[],"product_brand":[],"product_cat":[472,471],"product_tag":[],"class_list":{"0":"post-6778","1":"product","2":"type-product","3":"status-publish","4":"has-post-thumbnail","6":"product_cat-granit-en","7":"product_cat-natural-stone","9":"first","10":"instock","11":"shipping-taxable","12":"product-type-simple"},"yoast_head":"<!-- This site is optimized with the Yoast SEO plugin v27.6 - https:\/\/yoast.com\/product\/yoast-seo-wordpress\/ -->\n<title>Silver Grey Honed - Concept 05 Design<\/title>\n<meta name=\"robots\" content=\"index, follow, max-snippet:-1, max-image-preview:large, max-video-preview:-1\" \/>\n<link rel=\"canonical\" href=\"https:\/\/concept05design.com\/en\/produit\/silver-grey-honed\/\" \/>\n<meta property=\"og:locale\" content=\"en_US\" \/>\n<meta property=\"og:type\" content=\"article\" \/>\n<meta property=\"og:title\" content=\"Silver Grey Honed - Concept 05 Design\" \/>\n<meta property=\"og:description\" content=\"Silver Grey granite is a premium natural stone 3.18 cm thick, durable and resistant to heat and humidity. Its elegant, versatile design complements any style. Ecological and durable, it represents an environmentally-friendly choice.     &nbsp;\" \/>\n<meta property=\"og:url\" content=\"https:\/\/concept05design.com\/en\/produit\/silver-grey-honed\/\" \/>\n<meta property=\"og:site_name\" content=\"Concept 05 Design\" \/>\n<meta property=\"article:modified_time\" content=\"2025-08-06T16:55:29+00:00\" \/>\n<meta property=\"og:image\" content=\"https:\/\/concept05design.com\/wp-content\/uploads\/2025\/08\/Copy-of-Copy-of-Your-paragraph-text-19.png\" \/>\n\t<meta property=\"og:image:width\" content=\"640\" \/>\n\t<meta property=\"og:image:height\" content=\"640\" \/>\n\t<meta property=\"og:image:type\" content=\"image\/png\" \/>\n<meta name=\"twitter:card\" content=\"summary_large_image\" \/>\n<script type=\"application\/ld+json\" class=\"yoast-schema-graph\">{\"@context\":\"https:\\\/\\\/schema.org\",\"@graph\":[{\"@type\":\"WebPage\",\"@id\":\"https:\\\/\\\/concept05design.com\\\/en\\\/produit\\\/silver-grey-honed\\\/\",\"url\":\"https:\\\/\\\/concept05design.com\\\/en\\\/produit\\\/silver-grey-honed\\\/\",\"name\":\"Silver Grey Honed - Concept 05 Design\",\"isPartOf\":{\"@id\":\"https:\\\/\\\/concept05design.com\\\/en\\\/#website\"},\"primaryImageOfPage\":{\"@id\":\"https:\\\/\\\/concept05design.com\\\/en\\\/produit\\\/silver-grey-honed\\\/#primaryimage\"},\"image\":{\"@id\":\"https:\\\/\\\/concept05design.com\\\/en\\\/produit\\\/silver-grey-honed\\\/#primaryimage\"},\"thumbnailUrl\":\"https:\\\/\\\/concept05design.com\\\/wp-content\\\/uploads\\\/2025\\\/08\\\/Copy-of-Copy-of-Your-paragraph-text-19.png\",\"datePublished\":\"2025-08-06T16:54:19+00:00\",\"dateModified\":\"2025-08-06T16:55:29+00:00\",\"breadcrumb\":{\"@id\":\"https:\\\/\\\/concept05design.com\\\/en\\\/produit\\\/silver-grey-honed\\\/#breadcrumb\"},\"inLanguage\":\"en-US\",\"potentialAction\":[{\"@type\":\"ReadAction\",\"target\":[\"https:\\\/\\\/concept05design.com\\\/en\\\/produit\\\/silver-grey-honed\\\/\"]}]},{\"@type\":\"ImageObject\",\"inLanguage\":\"en-US\",\"@id\":\"https:\\\/\\\/concept05design.com\\\/en\\\/produit\\\/silver-grey-honed\\\/#primaryimage\",\"url\":\"https:\\\/\\\/concept05design.com\\\/wp-content\\\/uploads\\\/2025\\\/08\\\/Copy-of-Copy-of-Your-paragraph-text-19.png\",\"contentUrl\":\"https:\\\/\\\/concept05design.com\\\/wp-content\\\/uploads\\\/2025\\\/08\\\/Copy-of-Copy-of-Your-paragraph-text-19.png\",\"width\":640,\"height\":640},{\"@type\":\"BreadcrumbList\",\"@id\":\"https:\\\/\\\/concept05design.com\\\/en\\\/produit\\\/silver-grey-honed\\\/#breadcrumb\",\"itemListElement\":[{\"@type\":\"ListItem\",\"position\":1,\"name\":\"Accueil\",\"item\":\"https:\\\/\\\/concept05design.com\\\/en\\\/\"},{\"@type\":\"ListItem\",\"position\":2,\"name\":\"Shop\",\"item\":\"https:\\\/\\\/concept05design.com\\\/shop\\\/\"},{\"@type\":\"ListItem\",\"position\":3,\"name\":\"Silver Grey Honed\"}]},{\"@type\":\"WebSite\",\"@id\":\"https:\\\/\\\/concept05design.com\\\/en\\\/#website\",\"url\":\"https:\\\/\\\/concept05design.com\\\/en\\\/\",\"name\":\"Concept 05 Design\",\"description\":\"Du Concept \u00e0 la R\u00e9alit\u00e9 : Votre Vision, Notre Mission\",\"potentialAction\":[{\"@type\":\"SearchAction\",\"target\":{\"@type\":\"EntryPoint\",\"urlTemplate\":\"https:\\\/\\\/concept05design.com\\\/en\\\/?s={search_term_string}\"},\"query-input\":{\"@type\":\"PropertyValueSpecification\",\"valueRequired\":true,\"valueName\":\"search_term_string\"}}],\"inLanguage\":\"en-US\"}]}<\/script>\n<!-- \/ Yoast SEO plugin. -->","yoast_head_json":{"title":"Silver Grey Honed - Concept 05 Design","robots":{"index":"index","follow":"follow","max-snippet":"max-snippet:-1","max-image-preview":"max-image-preview:large","max-video-preview":"max-video-preview:-1"},"canonical":"https:\/\/concept05design.com\/en\/produit\/silver-grey-honed\/","og_locale":"en_US","og_type":"article","og_title":"Silver Grey Honed - Concept 05 Design","og_description":"Silver Grey granite is a premium natural stone 3.18 cm thick, durable and resistant to heat and humidity. Its elegant, versatile design complements any style. Ecological and durable, it represents an environmentally-friendly choice.     &nbsp;","og_url":"https:\/\/concept05design.com\/en\/produit\/silver-grey-honed\/","og_site_name":"Concept 05 Design","article_modified_time":"2025-08-06T16:55:29+00:00","og_image":[{"width":640,"height":640,"url":"https:\/\/concept05design.com\/wp-content\/uploads\/2025\/08\/Copy-of-Copy-of-Your-paragraph-text-19.png","type":"image\/png"}],"twitter_card":"summary_large_image","schema":{"@context":"https:\/\/schema.org","@graph":[{"@type":"WebPage","@id":"https:\/\/concept05design.com\/en\/produit\/silver-grey-honed\/","url":"https:\/\/concept05design.com\/en\/produit\/silver-grey-honed\/","name":"Silver Grey Honed - Concept 05 Design","isPartOf":{"@id":"https:\/\/concept05design.com\/en\/#website"},"primaryImageOfPage":{"@id":"https:\/\/concept05design.com\/en\/produit\/silver-grey-honed\/#primaryimage"},"image":{"@id":"https:\/\/concept05design.com\/en\/produit\/silver-grey-honed\/#primaryimage"},"thumbnailUrl":"https:\/\/concept05design.com\/wp-content\/uploads\/2025\/08\/Copy-of-Copy-of-Your-paragraph-text-19.png","datePublished":"2025-08-06T16:54:19+00:00","dateModified":"2025-08-06T16:55:29+00:00","breadcrumb":{"@id":"https:\/\/concept05design.com\/en\/produit\/silver-grey-honed\/#breadcrumb"},"inLanguage":"en-US","potentialAction":[{"@type":"ReadAction","target":["https:\/\/concept05design.com\/en\/produit\/silver-grey-honed\/"]}]},{"@type":"ImageObject","inLanguage":"en-US","@id":"https:\/\/concept05design.com\/en\/produit\/silver-grey-honed\/#primaryimage","url":"https:\/\/concept05design.com\/wp-content\/uploads\/2025\/08\/Copy-of-Copy-of-Your-paragraph-text-19.png","contentUrl":"https:\/\/concept05design.com\/wp-content\/uploads\/2025\/08\/Copy-of-Copy-of-Your-paragraph-text-19.png","width":640,"height":640},{"@type":"BreadcrumbList","@id":"https:\/\/concept05design.com\/en\/produit\/silver-grey-honed\/#breadcrumb","itemListElement":[{"@type":"ListItem","position":1,"name":"Accueil","item":"https:\/\/concept05design.com\/en\/"},{"@type":"ListItem","position":2,"name":"Shop","item":"https:\/\/concept05design.com\/shop\/"},{"@type":"ListItem","position":3,"name":"Silver Grey Honed"}]},{"@type":"WebSite","@id":"https:\/\/concept05design.com\/en\/#website","url":"https:\/\/concept05design.com\/en\/","name":"Concept 05 Design","description":"Du Concept \u00e0 la R\u00e9alit\u00e9 : Votre Vision, Notre Mission","potentialAction":[{"@type":"SearchAction","target":{"@type":"EntryPoint","urlTemplate":"https:\/\/concept05design.com\/en\/?s={search_term_string}"},"query-input":{"@type":"PropertyValueSpecification","valueRequired":true,"valueName":"search_term_string"}}],"inLanguage":"en-US"}]}},"_links":{"self":[{"href":"https:\/\/concept05design.com\/en\/wp-json\/wp\/v2\/product\/6778","targetHints":{"allow":["GET"]}}],"collection":[{"href":"https:\/\/concept05design.com\/en\/wp-json\/wp\/v2\/product"}],"about":[{"href":"https:\/\/concept05design.com\/en\/wp-json\/wp\/v2\/types\/product"}],"wp:featuredmedia":[{"embeddable":true,"href":"https:\/\/concept05design.com\/en\/wp-json\/wp\/v2\/media\/6777"}],"wp:attachment":[{"href":"https:\/\/concept05design.com\/en\/wp-json\/wp\/v2\/media?parent=6778"}],"wp:term":[{"taxonomy":"product_brand","embeddable":true,"href":"https:\/\/concept05design.com\/en\/wp-json\/wp\/v2\/product_brand?post=6778"},{"taxonomy":"product_cat","embeddable":true,"href":"https:\/\/concept05design.com\/en\/wp-json\/wp\/v2\/product_cat?post=6778"},{"taxonomy":"product_tag","embeddable":true,"href":"https:\/\/concept05design.com\/en\/wp-json\/wp\/v2\/product_tag?post=6778"}],"curies":[{"name":"wp","href":"https:\/\/api.w.org\/{rel}","templated":true}]}}