{"id":6944,"date":"2025-08-07T18:53:04","date_gmt":"2025-08-07T18:53:04","guid":{"rendered":"https:\/\/concept05design.com\/produit\/511-smokestone\/"},"modified":"2025-08-07T18:54:09","modified_gmt":"2025-08-07T18:54:09","slug":"511-smokestone","status":"publish","type":"product","link":"https:\/\/concept05design.com\/en\/produit\/511-smokestone\/","title":{"rendered":"511 Smokestone"},"content":{"rendered":"<ul>\n<li data-start=\"62\" data-end=\"95\">\n<p data-start=\"64\" data-end=\"95\"><strong data-start=\"64\" data-end=\"76\">Finish<\/strong>: Ultra rough<\/p>\n<\/li>\n<li data-start=\"96\" data-end=\"130\">\n<p data-start=\"98\" data-end=\"130\"><strong data-start=\"98\" data-end=\"111\">Thickness<\/strong>: 12 mm \/ 1.2 cm<\/p>\n<\/li>\n<li data-start=\"131\" data-end=\"182\">\n<p data-start=\"133\" data-end=\"182\"><strong data-start=\"133\" data-end=\"143\">Size<\/strong>: Jumbo = 124.5&#8243; x 61.5&#8243; &#8211; 53.17 ft\u00b2<\/p>\n<\/li>\n<li data-start=\"183\" data-end=\"233\">\n<p data-start=\"185\" data-end=\"233\"><strong data-start=\"185\" data-end=\"199\">Collection<\/strong>: Supernatural Ultra Collection<\/p>\n<\/li>\n<li data-start=\"234\" data-end=\"263\">\n<p data-start=\"236\" data-end=\"263\"><strong data-start=\"236\" data-end=\"248\">Material<\/strong>: Porcelain<\/p>\n<\/li>\n<li data-start=\"264\" data-end=\"295\">\n<p data-start=\"266\" data-end=\"295\"><strong data-start=\"266\" data-end=\"281\">Application<\/strong>: Indoors<\/p>\n<\/li>\n<li data-start=\"296\" data-end=\"325\">\n<p data-start=\"298\" data-end=\"325\"><strong data-start=\"298\" data-end=\"311\">Exterior<\/strong>: Exterior<\/p>\n<\/li>\n<li data-start=\"326\" data-end=\"358\">\n<p data-start=\"328\" data-end=\"358\"><strong data-start=\"328\" data-end=\"349\">Color range<\/strong>: Black<\/p>\n<\/li>\n<li data-start=\"359\" data-end=\"380\">\n<p data-start=\"361\" data-end=\"380\"><strong data-start=\"361\" data-end=\"370\">Pattern<\/strong>: Veined<\/p>\n<\/li>\n<li data-start=\"381\" data-end=\"413\" data-is-last-node=\"\">\n<p data-start=\"383\" data-end=\"413\" data-is-last-node=\"\"><strong data-start=\"383\" data-end=\"392\">Range<\/strong>: Supernatural Ultra<\/p>\n<\/li>\n<\/ul>\n<p data-start=\"33\" data-end=\"547\">All Caesarstone panels come with a standard factory cut, ready to be shaped by experienced fabricators to your specifications, after perimeter cutting. The edge profile of your surface can be custom-designed by any fabricator, in various thicknesses to suit your design style. Choosing the right edge profile for your specific style and aesthetic provides the essential finishing touch to your surface and optimizes your design.  <\/p>\n<ul data-start=\"549\" data-end=\"656\" data-is-last-node=\"\" data-is-only-node=\"\">\n<li data-start=\"582\" data-end=\"594\">\n<p data-start=\"584\" data-end=\"594\"><strong data-start=\"584\" data-end=\"592\">Aris<\/strong><\/p>\n<\/li>\n<li data-start=\"626\" data-end=\"656\" data-is-last-node=\"\">\n<p data-start=\"628\" data-end=\"656\" data-is-last-node=\"\"><strong data-start=\"628\" data-end=\"656\" data-is-last-node=\"\">Assembled tab (Mitred)<\/strong><\/p>\n<\/li>\n<\/ul>\n","protected":false},"excerpt":{"rendered":"<p>A midnight-black base traversed by chalky white lightning-like lines, interlaced with finer veins running through its expressive black base, all layered with earthy impurities with crystalline textures that evolve over time like natural marble, with an ultra-rough tactile finish.<\/p>\n","protected":false},"featured_media":6935,"template":"","meta":[],"product_brand":[],"product_cat":[486,484],"product_tag":[],"class_list":{"0":"post-6944","1":"product","2":"type-product","3":"status-publish","4":"has-post-thumbnail","6":"product_cat-porcelain-en","7":"product_cat-quartz-porcelain-en","9":"first","10":"instock","11":"shipping-taxable","12":"product-type-simple"},"yoast_head":"<!-- This site is optimized with the Yoast SEO plugin v27.4 - https:\/\/yoast.com\/product\/yoast-seo-wordpress\/ -->\n<title>511 Smokestone - Concept 05 Design<\/title>\n<meta name=\"robots\" content=\"index, follow, max-snippet:-1, max-image-preview:large, max-video-preview:-1\" \/>\n<link rel=\"canonical\" href=\"https:\/\/concept05design.com\/en\/produit\/511-smokestone\/\" \/>\n<meta property=\"og:locale\" content=\"en_US\" \/>\n<meta property=\"og:type\" content=\"article\" \/>\n<meta property=\"og:title\" content=\"511 Smokestone - Concept 05 Design\" \/>\n<meta property=\"og:description\" content=\"A midnight-black base traversed by chalky white lightning-like lines, interlaced with finer veins running through its expressive black base, all layered with earthy impurities with crystalline textures that evolve over time like natural marble, with an ultra-rough tactile finish.\" \/>\n<meta property=\"og:url\" content=\"https:\/\/concept05design.com\/en\/produit\/511-smokestone\/\" \/>\n<meta property=\"og:site_name\" content=\"Concept 05 Design\" \/>\n<meta property=\"article:modified_time\" content=\"2025-08-07T18:54:09+00:00\" \/>\n<meta property=\"og:image\" content=\"https:\/\/concept05design.com\/wp-content\/uploads\/2025\/08\/Copy-of-Copy-of-Your-paragraph-text-30.png\" \/>\n\t<meta property=\"og:image:width\" content=\"640\" \/>\n\t<meta property=\"og:image:height\" content=\"640\" \/>\n\t<meta property=\"og:image:type\" content=\"image\/png\" \/>\n<meta name=\"twitter:card\" content=\"summary_large_image\" \/>\n<script type=\"application\/ld+json\" class=\"yoast-schema-graph\">{\"@context\":\"https:\\\/\\\/schema.org\",\"@graph\":[{\"@type\":\"WebPage\",\"@id\":\"https:\\\/\\\/concept05design.com\\\/en\\\/produit\\\/511-smokestone\\\/\",\"url\":\"https:\\\/\\\/concept05design.com\\\/en\\\/produit\\\/511-smokestone\\\/\",\"name\":\"511 Smokestone - Concept 05 Design\",\"isPartOf\":{\"@id\":\"https:\\\/\\\/concept05design.com\\\/en\\\/#website\"},\"primaryImageOfPage\":{\"@id\":\"https:\\\/\\\/concept05design.com\\\/en\\\/produit\\\/511-smokestone\\\/#primaryimage\"},\"image\":{\"@id\":\"https:\\\/\\\/concept05design.com\\\/en\\\/produit\\\/511-smokestone\\\/#primaryimage\"},\"thumbnailUrl\":\"https:\\\/\\\/concept05design.com\\\/wp-content\\\/uploads\\\/2025\\\/08\\\/Copy-of-Copy-of-Your-paragraph-text-30.png\",\"datePublished\":\"2025-08-07T18:53:04+00:00\",\"dateModified\":\"2025-08-07T18:54:09+00:00\",\"breadcrumb\":{\"@id\":\"https:\\\/\\\/concept05design.com\\\/en\\\/produit\\\/511-smokestone\\\/#breadcrumb\"},\"inLanguage\":\"en-US\",\"potentialAction\":[{\"@type\":\"ReadAction\",\"target\":[\"https:\\\/\\\/concept05design.com\\\/en\\\/produit\\\/511-smokestone\\\/\"]}]},{\"@type\":\"ImageObject\",\"inLanguage\":\"en-US\",\"@id\":\"https:\\\/\\\/concept05design.com\\\/en\\\/produit\\\/511-smokestone\\\/#primaryimage\",\"url\":\"https:\\\/\\\/concept05design.com\\\/wp-content\\\/uploads\\\/2025\\\/08\\\/Copy-of-Copy-of-Your-paragraph-text-30.png\",\"contentUrl\":\"https:\\\/\\\/concept05design.com\\\/wp-content\\\/uploads\\\/2025\\\/08\\\/Copy-of-Copy-of-Your-paragraph-text-30.png\",\"width\":640,\"height\":640},{\"@type\":\"BreadcrumbList\",\"@id\":\"https:\\\/\\\/concept05design.com\\\/en\\\/produit\\\/511-smokestone\\\/#breadcrumb\",\"itemListElement\":[{\"@type\":\"ListItem\",\"position\":1,\"name\":\"Accueil\",\"item\":\"https:\\\/\\\/concept05design.com\\\/en\\\/\"},{\"@type\":\"ListItem\",\"position\":2,\"name\":\"Shop\",\"item\":\"https:\\\/\\\/concept05design.com\\\/shop\\\/\"},{\"@type\":\"ListItem\",\"position\":3,\"name\":\"511 Smokestone\"}]},{\"@type\":\"WebSite\",\"@id\":\"https:\\\/\\\/concept05design.com\\\/en\\\/#website\",\"url\":\"https:\\\/\\\/concept05design.com\\\/en\\\/\",\"name\":\"Concept 05 Design\",\"description\":\"Du Concept \u00e0 la R\u00e9alit\u00e9 : Votre Vision, Notre Mission\",\"potentialAction\":[{\"@type\":\"SearchAction\",\"target\":{\"@type\":\"EntryPoint\",\"urlTemplate\":\"https:\\\/\\\/concept05design.com\\\/en\\\/?s={search_term_string}\"},\"query-input\":{\"@type\":\"PropertyValueSpecification\",\"valueRequired\":true,\"valueName\":\"search_term_string\"}}],\"inLanguage\":\"en-US\"}]}<\/script>\n<!-- \/ Yoast SEO plugin. -->","yoast_head_json":{"title":"511 Smokestone - Concept 05 Design","robots":{"index":"index","follow":"follow","max-snippet":"max-snippet:-1","max-image-preview":"max-image-preview:large","max-video-preview":"max-video-preview:-1"},"canonical":"https:\/\/concept05design.com\/en\/produit\/511-smokestone\/","og_locale":"en_US","og_type":"article","og_title":"511 Smokestone - Concept 05 Design","og_description":"A midnight-black base traversed by chalky white lightning-like lines, interlaced with finer veins running through its expressive black base, all layered with earthy impurities with crystalline textures that evolve over time like natural marble, with an ultra-rough tactile finish.","og_url":"https:\/\/concept05design.com\/en\/produit\/511-smokestone\/","og_site_name":"Concept 05 Design","article_modified_time":"2025-08-07T18:54:09+00:00","og_image":[{"width":640,"height":640,"url":"https:\/\/concept05design.com\/wp-content\/uploads\/2025\/08\/Copy-of-Copy-of-Your-paragraph-text-30.png","type":"image\/png"}],"twitter_card":"summary_large_image","schema":{"@context":"https:\/\/schema.org","@graph":[{"@type":"WebPage","@id":"https:\/\/concept05design.com\/en\/produit\/511-smokestone\/","url":"https:\/\/concept05design.com\/en\/produit\/511-smokestone\/","name":"511 Smokestone - Concept 05 Design","isPartOf":{"@id":"https:\/\/concept05design.com\/en\/#website"},"primaryImageOfPage":{"@id":"https:\/\/concept05design.com\/en\/produit\/511-smokestone\/#primaryimage"},"image":{"@id":"https:\/\/concept05design.com\/en\/produit\/511-smokestone\/#primaryimage"},"thumbnailUrl":"https:\/\/concept05design.com\/wp-content\/uploads\/2025\/08\/Copy-of-Copy-of-Your-paragraph-text-30.png","datePublished":"2025-08-07T18:53:04+00:00","dateModified":"2025-08-07T18:54:09+00:00","breadcrumb":{"@id":"https:\/\/concept05design.com\/en\/produit\/511-smokestone\/#breadcrumb"},"inLanguage":"en-US","potentialAction":[{"@type":"ReadAction","target":["https:\/\/concept05design.com\/en\/produit\/511-smokestone\/"]}]},{"@type":"ImageObject","inLanguage":"en-US","@id":"https:\/\/concept05design.com\/en\/produit\/511-smokestone\/#primaryimage","url":"https:\/\/concept05design.com\/wp-content\/uploads\/2025\/08\/Copy-of-Copy-of-Your-paragraph-text-30.png","contentUrl":"https:\/\/concept05design.com\/wp-content\/uploads\/2025\/08\/Copy-of-Copy-of-Your-paragraph-text-30.png","width":640,"height":640},{"@type":"BreadcrumbList","@id":"https:\/\/concept05design.com\/en\/produit\/511-smokestone\/#breadcrumb","itemListElement":[{"@type":"ListItem","position":1,"name":"Accueil","item":"https:\/\/concept05design.com\/en\/"},{"@type":"ListItem","position":2,"name":"Shop","item":"https:\/\/concept05design.com\/shop\/"},{"@type":"ListItem","position":3,"name":"511 Smokestone"}]},{"@type":"WebSite","@id":"https:\/\/concept05design.com\/en\/#website","url":"https:\/\/concept05design.com\/en\/","name":"Concept 05 Design","description":"Du Concept \u00e0 la R\u00e9alit\u00e9 : Votre Vision, Notre Mission","potentialAction":[{"@type":"SearchAction","target":{"@type":"EntryPoint","urlTemplate":"https:\/\/concept05design.com\/en\/?s={search_term_string}"},"query-input":{"@type":"PropertyValueSpecification","valueRequired":true,"valueName":"search_term_string"}}],"inLanguage":"en-US"}]}},"_links":{"self":[{"href":"https:\/\/concept05design.com\/en\/wp-json\/wp\/v2\/product\/6944","targetHints":{"allow":["GET"]}}],"collection":[{"href":"https:\/\/concept05design.com\/en\/wp-json\/wp\/v2\/product"}],"about":[{"href":"https:\/\/concept05design.com\/en\/wp-json\/wp\/v2\/types\/product"}],"wp:featuredmedia":[{"embeddable":true,"href":"https:\/\/concept05design.com\/en\/wp-json\/wp\/v2\/media\/6935"}],"wp:attachment":[{"href":"https:\/\/concept05design.com\/en\/wp-json\/wp\/v2\/media?parent=6944"}],"wp:term":[{"taxonomy":"product_brand","embeddable":true,"href":"https:\/\/concept05design.com\/en\/wp-json\/wp\/v2\/product_brand?post=6944"},{"taxonomy":"product_cat","embeddable":true,"href":"https:\/\/concept05design.com\/en\/wp-json\/wp\/v2\/product_cat?post=6944"},{"taxonomy":"product_tag","embeddable":true,"href":"https:\/\/concept05design.com\/en\/wp-json\/wp\/v2\/product_tag?post=6944"}],"curies":[{"name":"wp","href":"https:\/\/api.w.org\/{rel}","templated":true}]}}