{"id":7051,"date":"2025-08-08T16:52:44","date_gmt":"2025-08-08T16:52:44","guid":{"rendered":"https:\/\/concept05design.com\/produit\/512-transcenda\/"},"modified":"2025-08-08T16:53:40","modified_gmt":"2025-08-08T16:53:40","slug":"512-transcenda","status":"publish","type":"product","link":"https:\/\/concept05design.com\/en\/produit\/512-transcenda\/","title":{"rendered":"512 Transcenda"},"content":{"rendered":"<ul>\n<li data-start=\"40\" data-end=\"90\">\n<p data-start=\"42\" data-end=\"90\"><strong data-start=\"42\" data-end=\"56\">Collection<\/strong>: Supernatural Ultra Collection<\/p>\n<\/li>\n<li data-start=\"91\" data-end=\"120\">\n<p data-start=\"93\" data-end=\"120\"><strong data-start=\"93\" data-end=\"105\">Material<\/strong>: Porcelain<\/p>\n<\/li>\n<li data-start=\"121\" data-end=\"152\">\n<p data-start=\"123\" data-end=\"152\"><strong data-start=\"123\" data-end=\"138\">Application<\/strong>: Indoors<\/p>\n<\/li>\n<li data-start=\"153\" data-end=\"184\">\n<p data-start=\"155\" data-end=\"184\"><strong data-start=\"155\" data-end=\"170\">Application<\/strong>: Outdoor<\/p>\n<\/li>\n<li data-start=\"185\" data-end=\"217\">\n<p data-start=\"187\" data-end=\"217\"><strong data-start=\"187\" data-end=\"208\">Color range<\/strong>: Gray<\/p>\n<\/li>\n<li data-start=\"218\" data-end=\"239\">\n<p data-start=\"220\" data-end=\"239\"><strong data-start=\"220\" data-end=\"229\">Pattern<\/strong>: Veined<\/p>\n<\/li>\n<li data-start=\"240\" data-end=\"268\" data-is-last-node=\"\">\n<p data-start=\"242\" data-end=\"268\" data-is-last-node=\"\"><strong data-start=\"242\" data-end=\"251\">Range<\/strong>: Supernatural<\/p>\n<\/li>\n<\/ul>\n<p data-start=\"33\" data-end=\"547\">All Caesarstone panels come with a standard factory cut, ready to be shaped by experienced fabricators to your specifications, after perimeter cutting. The edge profile of your surface can be custom-designed by any fabricator, in various thicknesses to suit your design style. Choosing the right edge profile for your specific style and aesthetic provides the essential finishing touch to your surface and optimizes your design.  <\/p>\n<ul data-start=\"549\" data-end=\"656\" data-is-last-node=\"\" data-is-only-node=\"\">\n<li data-start=\"582\" data-end=\"594\">\n<p data-start=\"584\" data-end=\"594\"><strong data-start=\"584\" data-end=\"592\">Aris<\/strong><\/p>\n<\/li>\n<li data-start=\"626\" data-end=\"656\" data-is-last-node=\"\">\n<p data-start=\"628\" data-end=\"656\" data-is-last-node=\"\"><strong data-start=\"628\" data-end=\"656\" data-is-last-node=\"\">Assembled tab (Mitred)<\/strong><\/p>\n<\/li>\n<\/ul>\n","protected":false},"excerpt":{"rendered":"<p>Oversized marbling and intense veining in an organic aesthetic of dusty grey shades forming clusters, surrounded by whiter areas, in a bold neutral tone inspired by nature and softened by subtle shades punctuated by white reflections, with an Ultra-Rugueuse finish.<br data-start=\"338\" data-end=\"341\">Lifetime warranty<\/p>\n","protected":false},"featured_media":7048,"template":"","meta":[],"product_brand":[],"product_cat":[486,484],"product_tag":[],"class_list":{"0":"post-7051","1":"product","2":"type-product","3":"status-publish","4":"has-post-thumbnail","6":"product_cat-porcelain-en","7":"product_cat-quartz-porcelain-en","9":"first","10":"instock","11":"shipping-taxable","12":"product-type-simple"},"yoast_head":"<!-- This site is optimized with the Yoast SEO plugin v27.4 - https:\/\/yoast.com\/product\/yoast-seo-wordpress\/ -->\n<title>512 Transcenda - Concept 05 Design<\/title>\n<meta name=\"robots\" content=\"index, follow, max-snippet:-1, max-image-preview:large, max-video-preview:-1\" \/>\n<link rel=\"canonical\" href=\"https:\/\/concept05design.com\/en\/produit\/512-transcenda\/\" \/>\n<meta property=\"og:locale\" content=\"en_US\" \/>\n<meta property=\"og:type\" content=\"article\" \/>\n<meta property=\"og:title\" content=\"512 Transcenda - Concept 05 Design\" \/>\n<meta property=\"og:description\" content=\"Oversized marbling and intense veining in an organic aesthetic of dusty grey shades forming clusters, surrounded by whiter areas, in a bold neutral tone inspired by nature and softened by subtle shades punctuated by white reflections, with an Ultra-Rugueuse finish.Lifetime warranty\" \/>\n<meta property=\"og:url\" content=\"https:\/\/concept05design.com\/en\/produit\/512-transcenda\/\" \/>\n<meta property=\"og:site_name\" content=\"Concept 05 Design\" \/>\n<meta property=\"article:modified_time\" content=\"2025-08-08T16:53:40+00:00\" \/>\n<meta property=\"og:image\" content=\"https:\/\/concept05design.com\/wp-content\/uploads\/2025\/08\/Copy-of-Copy-of-Your-paragraph-text-4-1.png\" \/>\n\t<meta property=\"og:image:width\" content=\"640\" \/>\n\t<meta property=\"og:image:height\" content=\"640\" \/>\n\t<meta property=\"og:image:type\" content=\"image\/png\" \/>\n<meta name=\"twitter:card\" content=\"summary_large_image\" \/>\n<script type=\"application\/ld+json\" class=\"yoast-schema-graph\">{\"@context\":\"https:\\\/\\\/schema.org\",\"@graph\":[{\"@type\":\"WebPage\",\"@id\":\"https:\\\/\\\/concept05design.com\\\/en\\\/produit\\\/512-transcenda\\\/\",\"url\":\"https:\\\/\\\/concept05design.com\\\/en\\\/produit\\\/512-transcenda\\\/\",\"name\":\"512 Transcenda - Concept 05 Design\",\"isPartOf\":{\"@id\":\"https:\\\/\\\/concept05design.com\\\/en\\\/#website\"},\"primaryImageOfPage\":{\"@id\":\"https:\\\/\\\/concept05design.com\\\/en\\\/produit\\\/512-transcenda\\\/#primaryimage\"},\"image\":{\"@id\":\"https:\\\/\\\/concept05design.com\\\/en\\\/produit\\\/512-transcenda\\\/#primaryimage\"},\"thumbnailUrl\":\"https:\\\/\\\/concept05design.com\\\/wp-content\\\/uploads\\\/2025\\\/08\\\/Copy-of-Copy-of-Your-paragraph-text-4-1.png\",\"datePublished\":\"2025-08-08T16:52:44+00:00\",\"dateModified\":\"2025-08-08T16:53:40+00:00\",\"breadcrumb\":{\"@id\":\"https:\\\/\\\/concept05design.com\\\/en\\\/produit\\\/512-transcenda\\\/#breadcrumb\"},\"inLanguage\":\"en-US\",\"potentialAction\":[{\"@type\":\"ReadAction\",\"target\":[\"https:\\\/\\\/concept05design.com\\\/en\\\/produit\\\/512-transcenda\\\/\"]}]},{\"@type\":\"ImageObject\",\"inLanguage\":\"en-US\",\"@id\":\"https:\\\/\\\/concept05design.com\\\/en\\\/produit\\\/512-transcenda\\\/#primaryimage\",\"url\":\"https:\\\/\\\/concept05design.com\\\/wp-content\\\/uploads\\\/2025\\\/08\\\/Copy-of-Copy-of-Your-paragraph-text-4-1.png\",\"contentUrl\":\"https:\\\/\\\/concept05design.com\\\/wp-content\\\/uploads\\\/2025\\\/08\\\/Copy-of-Copy-of-Your-paragraph-text-4-1.png\",\"width\":640,\"height\":640},{\"@type\":\"BreadcrumbList\",\"@id\":\"https:\\\/\\\/concept05design.com\\\/en\\\/produit\\\/512-transcenda\\\/#breadcrumb\",\"itemListElement\":[{\"@type\":\"ListItem\",\"position\":1,\"name\":\"Accueil\",\"item\":\"https:\\\/\\\/concept05design.com\\\/en\\\/\"},{\"@type\":\"ListItem\",\"position\":2,\"name\":\"Shop\",\"item\":\"https:\\\/\\\/concept05design.com\\\/shop\\\/\"},{\"@type\":\"ListItem\",\"position\":3,\"name\":\"512 Transcenda\"}]},{\"@type\":\"WebSite\",\"@id\":\"https:\\\/\\\/concept05design.com\\\/en\\\/#website\",\"url\":\"https:\\\/\\\/concept05design.com\\\/en\\\/\",\"name\":\"Concept 05 Design\",\"description\":\"Du Concept \u00e0 la R\u00e9alit\u00e9 : Votre Vision, Notre Mission\",\"potentialAction\":[{\"@type\":\"SearchAction\",\"target\":{\"@type\":\"EntryPoint\",\"urlTemplate\":\"https:\\\/\\\/concept05design.com\\\/en\\\/?s={search_term_string}\"},\"query-input\":{\"@type\":\"PropertyValueSpecification\",\"valueRequired\":true,\"valueName\":\"search_term_string\"}}],\"inLanguage\":\"en-US\"}]}<\/script>\n<!-- \/ Yoast SEO plugin. -->","yoast_head_json":{"title":"512 Transcenda - Concept 05 Design","robots":{"index":"index","follow":"follow","max-snippet":"max-snippet:-1","max-image-preview":"max-image-preview:large","max-video-preview":"max-video-preview:-1"},"canonical":"https:\/\/concept05design.com\/en\/produit\/512-transcenda\/","og_locale":"en_US","og_type":"article","og_title":"512 Transcenda - Concept 05 Design","og_description":"Oversized marbling and intense veining in an organic aesthetic of dusty grey shades forming clusters, surrounded by whiter areas, in a bold neutral tone inspired by nature and softened by subtle shades punctuated by white reflections, with an Ultra-Rugueuse finish.Lifetime warranty","og_url":"https:\/\/concept05design.com\/en\/produit\/512-transcenda\/","og_site_name":"Concept 05 Design","article_modified_time":"2025-08-08T16:53:40+00:00","og_image":[{"width":640,"height":640,"url":"https:\/\/concept05design.com\/wp-content\/uploads\/2025\/08\/Copy-of-Copy-of-Your-paragraph-text-4-1.png","type":"image\/png"}],"twitter_card":"summary_large_image","schema":{"@context":"https:\/\/schema.org","@graph":[{"@type":"WebPage","@id":"https:\/\/concept05design.com\/en\/produit\/512-transcenda\/","url":"https:\/\/concept05design.com\/en\/produit\/512-transcenda\/","name":"512 Transcenda - Concept 05 Design","isPartOf":{"@id":"https:\/\/concept05design.com\/en\/#website"},"primaryImageOfPage":{"@id":"https:\/\/concept05design.com\/en\/produit\/512-transcenda\/#primaryimage"},"image":{"@id":"https:\/\/concept05design.com\/en\/produit\/512-transcenda\/#primaryimage"},"thumbnailUrl":"https:\/\/concept05design.com\/wp-content\/uploads\/2025\/08\/Copy-of-Copy-of-Your-paragraph-text-4-1.png","datePublished":"2025-08-08T16:52:44+00:00","dateModified":"2025-08-08T16:53:40+00:00","breadcrumb":{"@id":"https:\/\/concept05design.com\/en\/produit\/512-transcenda\/#breadcrumb"},"inLanguage":"en-US","potentialAction":[{"@type":"ReadAction","target":["https:\/\/concept05design.com\/en\/produit\/512-transcenda\/"]}]},{"@type":"ImageObject","inLanguage":"en-US","@id":"https:\/\/concept05design.com\/en\/produit\/512-transcenda\/#primaryimage","url":"https:\/\/concept05design.com\/wp-content\/uploads\/2025\/08\/Copy-of-Copy-of-Your-paragraph-text-4-1.png","contentUrl":"https:\/\/concept05design.com\/wp-content\/uploads\/2025\/08\/Copy-of-Copy-of-Your-paragraph-text-4-1.png","width":640,"height":640},{"@type":"BreadcrumbList","@id":"https:\/\/concept05design.com\/en\/produit\/512-transcenda\/#breadcrumb","itemListElement":[{"@type":"ListItem","position":1,"name":"Accueil","item":"https:\/\/concept05design.com\/en\/"},{"@type":"ListItem","position":2,"name":"Shop","item":"https:\/\/concept05design.com\/shop\/"},{"@type":"ListItem","position":3,"name":"512 Transcenda"}]},{"@type":"WebSite","@id":"https:\/\/concept05design.com\/en\/#website","url":"https:\/\/concept05design.com\/en\/","name":"Concept 05 Design","description":"Du Concept \u00e0 la R\u00e9alit\u00e9 : Votre Vision, Notre Mission","potentialAction":[{"@type":"SearchAction","target":{"@type":"EntryPoint","urlTemplate":"https:\/\/concept05design.com\/en\/?s={search_term_string}"},"query-input":{"@type":"PropertyValueSpecification","valueRequired":true,"valueName":"search_term_string"}}],"inLanguage":"en-US"}]}},"_links":{"self":[{"href":"https:\/\/concept05design.com\/en\/wp-json\/wp\/v2\/product\/7051","targetHints":{"allow":["GET"]}}],"collection":[{"href":"https:\/\/concept05design.com\/en\/wp-json\/wp\/v2\/product"}],"about":[{"href":"https:\/\/concept05design.com\/en\/wp-json\/wp\/v2\/types\/product"}],"wp:featuredmedia":[{"embeddable":true,"href":"https:\/\/concept05design.com\/en\/wp-json\/wp\/v2\/media\/7048"}],"wp:attachment":[{"href":"https:\/\/concept05design.com\/en\/wp-json\/wp\/v2\/media?parent=7051"}],"wp:term":[{"taxonomy":"product_brand","embeddable":true,"href":"https:\/\/concept05design.com\/en\/wp-json\/wp\/v2\/product_brand?post=7051"},{"taxonomy":"product_cat","embeddable":true,"href":"https:\/\/concept05design.com\/en\/wp-json\/wp\/v2\/product_cat?post=7051"},{"taxonomy":"product_tag","embeddable":true,"href":"https:\/\/concept05design.com\/en\/wp-json\/wp\/v2\/product_tag?post=7051"}],"curies":[{"name":"wp","href":"https:\/\/api.w.org\/{rel}","templated":true}]}}