{"id":7069,"date":"2025-08-08T17:19:14","date_gmt":"2025-08-08T17:19:14","guid":{"rendered":"https:\/\/concept05design.com\/produit\/540-monumental\/"},"modified":"2025-08-08T17:20:45","modified_gmt":"2025-08-08T17:20:45","slug":"540-monumental","status":"publish","type":"product","link":"https:\/\/concept05design.com\/en\/produit\/540-monumental\/","title":{"rendered":"540 Monumental"},"content":{"rendered":"<ul>\n<li data-start=\"52\" data-end=\"96\">\n<p data-start=\"54\" data-end=\"96\"><strong data-start=\"54\" data-end=\"68\">Collection<\/strong>: Supernatural Collection<\/p>\n<\/li>\n<li data-start=\"97\" data-end=\"126\">\n<p data-start=\"99\" data-end=\"126\"><strong data-start=\"99\" data-end=\"111\">Material<\/strong>: Porcelain<\/p>\n<\/li>\n<li data-start=\"127\" data-end=\"158\">\n<p data-start=\"129\" data-end=\"158\"><strong data-start=\"129\" data-end=\"144\">Application<\/strong>: Outdoor<\/p>\n<\/li>\n<li data-start=\"159\" data-end=\"188\">\n<p data-start=\"161\" data-end=\"188\"><strong data-start=\"161\" data-end=\"174\">Interior<\/strong>: Interior<\/p>\n<\/li>\n<li data-start=\"189\" data-end=\"221\">\n<p data-start=\"191\" data-end=\"221\"><strong data-start=\"191\" data-end=\"212\">Color range<\/strong>: Gray<\/p>\n<\/li>\n<li data-start=\"222\" data-end=\"243\">\n<p data-start=\"224\" data-end=\"243\"><strong data-start=\"224\" data-end=\"233\">Pattern<\/strong>: Veined<\/p>\n<\/li>\n<li data-start=\"244\" data-end=\"272\" data-is-last-node=\"\">\n<p data-start=\"246\" data-end=\"272\" data-is-last-node=\"\"><strong data-start=\"246\" data-end=\"255\">Range<\/strong>: Supernatural<\/p>\n<\/li>\n<\/ul>\n<p data-start=\"33\" data-end=\"547\">All Caesarstone panels come with a standard factory cut, ready to be shaped by experienced fabricators to your specifications, after perimeter cutting. The edge profile of your surface can be custom-designed by any fabricator, in various thicknesses to suit your design style. Choosing the right edge profile for your specific style and aesthetic provides the essential finishing touch to your surface and optimizes your design.  <\/p>\n<ul data-start=\"549\" data-end=\"656\" data-is-last-node=\"\" data-is-only-node=\"\">\n<li data-start=\"582\" data-end=\"594\">\n<p data-start=\"584\" data-end=\"594\"><strong data-start=\"584\" data-end=\"592\">Aris<\/strong><\/p>\n<\/li>\n<li data-start=\"626\" data-end=\"656\" data-is-last-node=\"\">\n<p data-start=\"628\" data-end=\"656\" data-is-last-node=\"\"><strong data-start=\"628\" data-end=\"656\" data-is-last-node=\"\">Assembled tab (Mitred)<\/strong><\/p>\n<\/li>\n<\/ul>\n","protected":false},"excerpt":{"rendered":"<p data-start=\"35\" data-end=\"309\">An elephant-gray base, adorned with soft off-white markings combined with the oxidized aspects of the stone, its rough grain and dark gray veins forming the organic textured patterns typical of natural stone, with an Ultra Rough finish.<\/p>\n<p data-start=\"311\" data-end=\"331\" data-is-last-node=\"\" data-is-only-node=\"\">Lifetime warranty<\/p>\n","protected":false},"featured_media":7068,"template":"","meta":[],"product_brand":[],"product_cat":[486,484],"product_tag":[],"class_list":{"0":"post-7069","1":"product","2":"type-product","3":"status-publish","4":"has-post-thumbnail","6":"product_cat-porcelain-en","7":"product_cat-quartz-porcelain-en","9":"first","10":"instock","11":"shipping-taxable","12":"product-type-simple"},"yoast_head":"<!-- This site is optimized with the Yoast SEO plugin v27.4 - https:\/\/yoast.com\/product\/yoast-seo-wordpress\/ -->\n<title>540 Monumental - Concept 05 Design<\/title>\n<meta name=\"robots\" content=\"index, follow, max-snippet:-1, max-image-preview:large, max-video-preview:-1\" \/>\n<link rel=\"canonical\" href=\"https:\/\/concept05design.com\/en\/produit\/540-monumental\/\" \/>\n<meta property=\"og:locale\" content=\"en_US\" \/>\n<meta property=\"og:type\" content=\"article\" \/>\n<meta property=\"og:title\" content=\"540 Monumental - Concept 05 Design\" \/>\n<meta property=\"og:description\" content=\"An elephant-gray base, adorned with soft off-white markings combined with the oxidized aspects of the stone, its rough grain and dark gray veins forming the organic textured patterns typical of natural stone, with an Ultra Rough finish. Lifetime warranty\" \/>\n<meta property=\"og:url\" content=\"https:\/\/concept05design.com\/en\/produit\/540-monumental\/\" \/>\n<meta property=\"og:site_name\" content=\"Concept 05 Design\" \/>\n<meta property=\"article:modified_time\" content=\"2025-08-08T17:20:45+00:00\" \/>\n<meta property=\"og:image\" content=\"https:\/\/concept05design.com\/wp-content\/uploads\/2025\/08\/Copy-of-Copy-of-Your-paragraph-text-33.png\" \/>\n\t<meta property=\"og:image:width\" content=\"640\" \/>\n\t<meta property=\"og:image:height\" content=\"640\" \/>\n\t<meta property=\"og:image:type\" content=\"image\/png\" \/>\n<meta name=\"twitter:card\" content=\"summary_large_image\" \/>\n<script type=\"application\/ld+json\" class=\"yoast-schema-graph\">{\"@context\":\"https:\\\/\\\/schema.org\",\"@graph\":[{\"@type\":\"WebPage\",\"@id\":\"https:\\\/\\\/concept05design.com\\\/en\\\/produit\\\/540-monumental\\\/\",\"url\":\"https:\\\/\\\/concept05design.com\\\/en\\\/produit\\\/540-monumental\\\/\",\"name\":\"540 Monumental - Concept 05 Design\",\"isPartOf\":{\"@id\":\"https:\\\/\\\/concept05design.com\\\/en\\\/#website\"},\"primaryImageOfPage\":{\"@id\":\"https:\\\/\\\/concept05design.com\\\/en\\\/produit\\\/540-monumental\\\/#primaryimage\"},\"image\":{\"@id\":\"https:\\\/\\\/concept05design.com\\\/en\\\/produit\\\/540-monumental\\\/#primaryimage\"},\"thumbnailUrl\":\"https:\\\/\\\/concept05design.com\\\/wp-content\\\/uploads\\\/2025\\\/08\\\/Copy-of-Copy-of-Your-paragraph-text-33.png\",\"datePublished\":\"2025-08-08T17:19:14+00:00\",\"dateModified\":\"2025-08-08T17:20:45+00:00\",\"breadcrumb\":{\"@id\":\"https:\\\/\\\/concept05design.com\\\/en\\\/produit\\\/540-monumental\\\/#breadcrumb\"},\"inLanguage\":\"en-US\",\"potentialAction\":[{\"@type\":\"ReadAction\",\"target\":[\"https:\\\/\\\/concept05design.com\\\/en\\\/produit\\\/540-monumental\\\/\"]}]},{\"@type\":\"ImageObject\",\"inLanguage\":\"en-US\",\"@id\":\"https:\\\/\\\/concept05design.com\\\/en\\\/produit\\\/540-monumental\\\/#primaryimage\",\"url\":\"https:\\\/\\\/concept05design.com\\\/wp-content\\\/uploads\\\/2025\\\/08\\\/Copy-of-Copy-of-Your-paragraph-text-33.png\",\"contentUrl\":\"https:\\\/\\\/concept05design.com\\\/wp-content\\\/uploads\\\/2025\\\/08\\\/Copy-of-Copy-of-Your-paragraph-text-33.png\",\"width\":640,\"height\":640},{\"@type\":\"BreadcrumbList\",\"@id\":\"https:\\\/\\\/concept05design.com\\\/en\\\/produit\\\/540-monumental\\\/#breadcrumb\",\"itemListElement\":[{\"@type\":\"ListItem\",\"position\":1,\"name\":\"Accueil\",\"item\":\"https:\\\/\\\/concept05design.com\\\/en\\\/\"},{\"@type\":\"ListItem\",\"position\":2,\"name\":\"Shop\",\"item\":\"https:\\\/\\\/concept05design.com\\\/shop\\\/\"},{\"@type\":\"ListItem\",\"position\":3,\"name\":\"540 Monumental\"}]},{\"@type\":\"WebSite\",\"@id\":\"https:\\\/\\\/concept05design.com\\\/en\\\/#website\",\"url\":\"https:\\\/\\\/concept05design.com\\\/en\\\/\",\"name\":\"Concept 05 Design\",\"description\":\"Du Concept \u00e0 la R\u00e9alit\u00e9 : Votre Vision, Notre Mission\",\"potentialAction\":[{\"@type\":\"SearchAction\",\"target\":{\"@type\":\"EntryPoint\",\"urlTemplate\":\"https:\\\/\\\/concept05design.com\\\/en\\\/?s={search_term_string}\"},\"query-input\":{\"@type\":\"PropertyValueSpecification\",\"valueRequired\":true,\"valueName\":\"search_term_string\"}}],\"inLanguage\":\"en-US\"}]}<\/script>\n<!-- \/ Yoast SEO plugin. -->","yoast_head_json":{"title":"540 Monumental - Concept 05 Design","robots":{"index":"index","follow":"follow","max-snippet":"max-snippet:-1","max-image-preview":"max-image-preview:large","max-video-preview":"max-video-preview:-1"},"canonical":"https:\/\/concept05design.com\/en\/produit\/540-monumental\/","og_locale":"en_US","og_type":"article","og_title":"540 Monumental - Concept 05 Design","og_description":"An elephant-gray base, adorned with soft off-white markings combined with the oxidized aspects of the stone, its rough grain and dark gray veins forming the organic textured patterns typical of natural stone, with an Ultra Rough finish. Lifetime warranty","og_url":"https:\/\/concept05design.com\/en\/produit\/540-monumental\/","og_site_name":"Concept 05 Design","article_modified_time":"2025-08-08T17:20:45+00:00","og_image":[{"width":640,"height":640,"url":"https:\/\/concept05design.com\/wp-content\/uploads\/2025\/08\/Copy-of-Copy-of-Your-paragraph-text-33.png","type":"image\/png"}],"twitter_card":"summary_large_image","schema":{"@context":"https:\/\/schema.org","@graph":[{"@type":"WebPage","@id":"https:\/\/concept05design.com\/en\/produit\/540-monumental\/","url":"https:\/\/concept05design.com\/en\/produit\/540-monumental\/","name":"540 Monumental - Concept 05 Design","isPartOf":{"@id":"https:\/\/concept05design.com\/en\/#website"},"primaryImageOfPage":{"@id":"https:\/\/concept05design.com\/en\/produit\/540-monumental\/#primaryimage"},"image":{"@id":"https:\/\/concept05design.com\/en\/produit\/540-monumental\/#primaryimage"},"thumbnailUrl":"https:\/\/concept05design.com\/wp-content\/uploads\/2025\/08\/Copy-of-Copy-of-Your-paragraph-text-33.png","datePublished":"2025-08-08T17:19:14+00:00","dateModified":"2025-08-08T17:20:45+00:00","breadcrumb":{"@id":"https:\/\/concept05design.com\/en\/produit\/540-monumental\/#breadcrumb"},"inLanguage":"en-US","potentialAction":[{"@type":"ReadAction","target":["https:\/\/concept05design.com\/en\/produit\/540-monumental\/"]}]},{"@type":"ImageObject","inLanguage":"en-US","@id":"https:\/\/concept05design.com\/en\/produit\/540-monumental\/#primaryimage","url":"https:\/\/concept05design.com\/wp-content\/uploads\/2025\/08\/Copy-of-Copy-of-Your-paragraph-text-33.png","contentUrl":"https:\/\/concept05design.com\/wp-content\/uploads\/2025\/08\/Copy-of-Copy-of-Your-paragraph-text-33.png","width":640,"height":640},{"@type":"BreadcrumbList","@id":"https:\/\/concept05design.com\/en\/produit\/540-monumental\/#breadcrumb","itemListElement":[{"@type":"ListItem","position":1,"name":"Accueil","item":"https:\/\/concept05design.com\/en\/"},{"@type":"ListItem","position":2,"name":"Shop","item":"https:\/\/concept05design.com\/shop\/"},{"@type":"ListItem","position":3,"name":"540 Monumental"}]},{"@type":"WebSite","@id":"https:\/\/concept05design.com\/en\/#website","url":"https:\/\/concept05design.com\/en\/","name":"Concept 05 Design","description":"Du Concept \u00e0 la R\u00e9alit\u00e9 : Votre Vision, Notre Mission","potentialAction":[{"@type":"SearchAction","target":{"@type":"EntryPoint","urlTemplate":"https:\/\/concept05design.com\/en\/?s={search_term_string}"},"query-input":{"@type":"PropertyValueSpecification","valueRequired":true,"valueName":"search_term_string"}}],"inLanguage":"en-US"}]}},"_links":{"self":[{"href":"https:\/\/concept05design.com\/en\/wp-json\/wp\/v2\/product\/7069","targetHints":{"allow":["GET"]}}],"collection":[{"href":"https:\/\/concept05design.com\/en\/wp-json\/wp\/v2\/product"}],"about":[{"href":"https:\/\/concept05design.com\/en\/wp-json\/wp\/v2\/types\/product"}],"wp:featuredmedia":[{"embeddable":true,"href":"https:\/\/concept05design.com\/en\/wp-json\/wp\/v2\/media\/7068"}],"wp:attachment":[{"href":"https:\/\/concept05design.com\/en\/wp-json\/wp\/v2\/media?parent=7069"}],"wp:term":[{"taxonomy":"product_brand","embeddable":true,"href":"https:\/\/concept05design.com\/en\/wp-json\/wp\/v2\/product_brand?post=7069"},{"taxonomy":"product_cat","embeddable":true,"href":"https:\/\/concept05design.com\/en\/wp-json\/wp\/v2\/product_cat?post=7069"},{"taxonomy":"product_tag","embeddable":true,"href":"https:\/\/concept05design.com\/en\/wp-json\/wp\/v2\/product_tag?post=7069"}],"curies":[{"name":"wp","href":"https:\/\/api.w.org\/{rel}","templated":true}]}}