{"id":7077,"date":"2025-08-08T17:24:51","date_gmt":"2025-08-08T17:24:51","guid":{"rendered":"https:\/\/concept05design.com\/produit\/542-mosstone\/"},"modified":"2025-08-08T17:34:09","modified_gmt":"2025-08-08T17:34:09","slug":"542-mosstone","status":"publish","type":"product","link":"https:\/\/concept05design.com\/en\/produit\/542-mosstone\/","title":{"rendered":"542 Mosstone"},"content":{"rendered":"<ul>\n<li data-start=\"52\" data-end=\"96\">\n<p data-start=\"54\" data-end=\"96\"><strong data-start=\"54\" data-end=\"68\">Collection<\/strong>: Supernatural Collection<\/p>\n<\/li>\n<li data-start=\"97\" data-end=\"126\">\n<p data-start=\"99\" data-end=\"126\"><strong data-start=\"99\" data-end=\"111\">Material<\/strong>: Porcelain<\/p>\n<\/li>\n<li data-start=\"127\" data-end=\"158\">\n<p data-start=\"129\" data-end=\"158\"><strong data-start=\"129\" data-end=\"144\">Application<\/strong>: Indoors<\/p>\n<\/li>\n<li data-start=\"159\" data-end=\"188\">\n<p data-start=\"161\" data-end=\"188\"><strong data-start=\"161\" data-end=\"174\">Exterior<\/strong>: Exterior<\/p>\n<\/li>\n<li data-start=\"189\" data-end=\"221\">\n<p data-start=\"191\" data-end=\"221\"><strong data-start=\"191\" data-end=\"212\">Color range<\/strong>: Gray<\/p>\n<\/li>\n<li data-start=\"222\" data-end=\"243\">\n<p data-start=\"224\" data-end=\"243\"><strong data-start=\"224\" data-end=\"233\">Pattern<\/strong>: Veined<\/p>\n<\/li>\n<li data-start=\"244\" data-end=\"272\" data-is-last-node=\"\">\n<p data-start=\"246\" data-end=\"272\" data-is-last-node=\"\"><strong data-start=\"246\" data-end=\"255\">Range<\/strong>: Supernatural<\/p>\n<\/li>\n<\/ul>\n<p data-start=\"33\" data-end=\"547\">All Caesarstone panels come with a standard factory cut, ready to be shaped by experienced fabricators to your specifications, after perimeter cutting. The edge profile of your surface can be custom-designed by any fabricator, in various thicknesses to suit your design style. Choosing the right edge profile for your specific style and aesthetic provides the essential finishing touch to your surface and optimizes your design.  <\/p>\n<ul data-start=\"549\" data-end=\"656\" data-is-last-node=\"\" data-is-only-node=\"\">\n<li data-start=\"582\" data-end=\"594\">\n<p data-start=\"584\" data-end=\"594\"><strong data-start=\"584\" data-end=\"592\">Aris<\/strong><\/p>\n<\/li>\n<li data-start=\"626\" data-end=\"656\" data-is-last-node=\"\">\n<p data-start=\"628\" data-end=\"656\" data-is-last-node=\"\"><strong data-start=\"628\" data-end=\"656\" data-is-last-node=\"\">Assembled tab (Mitred)<\/strong><\/p>\n<\/li>\n<\/ul>\n","protected":false},"excerpt":{"rendered":"<p data-start=\"35\" data-end=\"411\">A milky base marbled with muted sage nuances and darker moss-colored infusions, capturing the passage of time on natural stone. Lighter areas are enlivened by large, dynamic aggregates, iodine impurities and rust-colored veins that add warmth and depth to this inspiring surface with a Stone finish. <\/p>\n<p data-start=\"413\" data-end=\"433\" data-is-last-node=\"\" data-is-only-node=\"\">Lifetime warranty<\/p>\n","protected":false},"featured_media":7076,"template":"","meta":[],"product_brand":[],"product_cat":[486,484],"product_tag":[],"class_list":{"0":"post-7077","1":"product","2":"type-product","3":"status-publish","4":"has-post-thumbnail","6":"product_cat-porcelain-en","7":"product_cat-quartz-porcelain-en","9":"first","10":"instock","11":"shipping-taxable","12":"product-type-simple"},"yoast_head":"<!-- This site is optimized with the Yoast SEO plugin v27.4 - https:\/\/yoast.com\/product\/yoast-seo-wordpress\/ -->\n<title>542 Mosstone - Concept 05 Design<\/title>\n<meta name=\"robots\" content=\"index, follow, max-snippet:-1, max-image-preview:large, max-video-preview:-1\" \/>\n<link rel=\"canonical\" href=\"https:\/\/concept05design.com\/en\/produit\/542-mosstone\/\" \/>\n<meta property=\"og:locale\" content=\"en_US\" \/>\n<meta property=\"og:type\" content=\"article\" \/>\n<meta property=\"og:title\" content=\"542 Mosstone - Concept 05 Design\" \/>\n<meta property=\"og:description\" content=\"A milky base marbled with muted sage nuances and darker moss-colored infusions, capturing the passage of time on natural stone. Lighter areas are enlivened by large, dynamic aggregates, iodine impurities and rust-colored veins that add warmth and depth to this inspiring surface with a Stone finish. Lifetime warranty\" \/>\n<meta property=\"og:url\" content=\"https:\/\/concept05design.com\/en\/produit\/542-mosstone\/\" \/>\n<meta property=\"og:site_name\" content=\"Concept 05 Design\" \/>\n<meta property=\"article:modified_time\" content=\"2025-08-08T17:34:09+00:00\" \/>\n<meta property=\"og:image\" content=\"https:\/\/concept05design.com\/wp-content\/uploads\/2025\/08\/Copy-of-Copy-of-Your-paragraph-text-34.png\" \/>\n\t<meta property=\"og:image:width\" content=\"640\" \/>\n\t<meta property=\"og:image:height\" content=\"640\" \/>\n\t<meta property=\"og:image:type\" content=\"image\/png\" \/>\n<meta name=\"twitter:card\" content=\"summary_large_image\" \/>\n<script type=\"application\/ld+json\" class=\"yoast-schema-graph\">{\"@context\":\"https:\\\/\\\/schema.org\",\"@graph\":[{\"@type\":\"WebPage\",\"@id\":\"https:\\\/\\\/concept05design.com\\\/en\\\/produit\\\/542-mosstone\\\/\",\"url\":\"https:\\\/\\\/concept05design.com\\\/en\\\/produit\\\/542-mosstone\\\/\",\"name\":\"542 Mosstone - Concept 05 Design\",\"isPartOf\":{\"@id\":\"https:\\\/\\\/concept05design.com\\\/en\\\/#website\"},\"primaryImageOfPage\":{\"@id\":\"https:\\\/\\\/concept05design.com\\\/en\\\/produit\\\/542-mosstone\\\/#primaryimage\"},\"image\":{\"@id\":\"https:\\\/\\\/concept05design.com\\\/en\\\/produit\\\/542-mosstone\\\/#primaryimage\"},\"thumbnailUrl\":\"https:\\\/\\\/concept05design.com\\\/wp-content\\\/uploads\\\/2025\\\/08\\\/Copy-of-Copy-of-Your-paragraph-text-34.png\",\"datePublished\":\"2025-08-08T17:24:51+00:00\",\"dateModified\":\"2025-08-08T17:34:09+00:00\",\"breadcrumb\":{\"@id\":\"https:\\\/\\\/concept05design.com\\\/en\\\/produit\\\/542-mosstone\\\/#breadcrumb\"},\"inLanguage\":\"en-US\",\"potentialAction\":[{\"@type\":\"ReadAction\",\"target\":[\"https:\\\/\\\/concept05design.com\\\/en\\\/produit\\\/542-mosstone\\\/\"]}]},{\"@type\":\"ImageObject\",\"inLanguage\":\"en-US\",\"@id\":\"https:\\\/\\\/concept05design.com\\\/en\\\/produit\\\/542-mosstone\\\/#primaryimage\",\"url\":\"https:\\\/\\\/concept05design.com\\\/wp-content\\\/uploads\\\/2025\\\/08\\\/Copy-of-Copy-of-Your-paragraph-text-34.png\",\"contentUrl\":\"https:\\\/\\\/concept05design.com\\\/wp-content\\\/uploads\\\/2025\\\/08\\\/Copy-of-Copy-of-Your-paragraph-text-34.png\",\"width\":640,\"height\":640},{\"@type\":\"BreadcrumbList\",\"@id\":\"https:\\\/\\\/concept05design.com\\\/en\\\/produit\\\/542-mosstone\\\/#breadcrumb\",\"itemListElement\":[{\"@type\":\"ListItem\",\"position\":1,\"name\":\"Accueil\",\"item\":\"https:\\\/\\\/concept05design.com\\\/en\\\/\"},{\"@type\":\"ListItem\",\"position\":2,\"name\":\"Shop\",\"item\":\"https:\\\/\\\/concept05design.com\\\/shop\\\/\"},{\"@type\":\"ListItem\",\"position\":3,\"name\":\"542 Mosstone\"}]},{\"@type\":\"WebSite\",\"@id\":\"https:\\\/\\\/concept05design.com\\\/en\\\/#website\",\"url\":\"https:\\\/\\\/concept05design.com\\\/en\\\/\",\"name\":\"Concept 05 Design\",\"description\":\"Du Concept \u00e0 la R\u00e9alit\u00e9 : Votre Vision, Notre Mission\",\"potentialAction\":[{\"@type\":\"SearchAction\",\"target\":{\"@type\":\"EntryPoint\",\"urlTemplate\":\"https:\\\/\\\/concept05design.com\\\/en\\\/?s={search_term_string}\"},\"query-input\":{\"@type\":\"PropertyValueSpecification\",\"valueRequired\":true,\"valueName\":\"search_term_string\"}}],\"inLanguage\":\"en-US\"}]}<\/script>\n<!-- \/ Yoast SEO plugin. -->","yoast_head_json":{"title":"542 Mosstone - Concept 05 Design","robots":{"index":"index","follow":"follow","max-snippet":"max-snippet:-1","max-image-preview":"max-image-preview:large","max-video-preview":"max-video-preview:-1"},"canonical":"https:\/\/concept05design.com\/en\/produit\/542-mosstone\/","og_locale":"en_US","og_type":"article","og_title":"542 Mosstone - Concept 05 Design","og_description":"A milky base marbled with muted sage nuances and darker moss-colored infusions, capturing the passage of time on natural stone. Lighter areas are enlivened by large, dynamic aggregates, iodine impurities and rust-colored veins that add warmth and depth to this inspiring surface with a Stone finish. Lifetime warranty","og_url":"https:\/\/concept05design.com\/en\/produit\/542-mosstone\/","og_site_name":"Concept 05 Design","article_modified_time":"2025-08-08T17:34:09+00:00","og_image":[{"width":640,"height":640,"url":"https:\/\/concept05design.com\/wp-content\/uploads\/2025\/08\/Copy-of-Copy-of-Your-paragraph-text-34.png","type":"image\/png"}],"twitter_card":"summary_large_image","schema":{"@context":"https:\/\/schema.org","@graph":[{"@type":"WebPage","@id":"https:\/\/concept05design.com\/en\/produit\/542-mosstone\/","url":"https:\/\/concept05design.com\/en\/produit\/542-mosstone\/","name":"542 Mosstone - Concept 05 Design","isPartOf":{"@id":"https:\/\/concept05design.com\/en\/#website"},"primaryImageOfPage":{"@id":"https:\/\/concept05design.com\/en\/produit\/542-mosstone\/#primaryimage"},"image":{"@id":"https:\/\/concept05design.com\/en\/produit\/542-mosstone\/#primaryimage"},"thumbnailUrl":"https:\/\/concept05design.com\/wp-content\/uploads\/2025\/08\/Copy-of-Copy-of-Your-paragraph-text-34.png","datePublished":"2025-08-08T17:24:51+00:00","dateModified":"2025-08-08T17:34:09+00:00","breadcrumb":{"@id":"https:\/\/concept05design.com\/en\/produit\/542-mosstone\/#breadcrumb"},"inLanguage":"en-US","potentialAction":[{"@type":"ReadAction","target":["https:\/\/concept05design.com\/en\/produit\/542-mosstone\/"]}]},{"@type":"ImageObject","inLanguage":"en-US","@id":"https:\/\/concept05design.com\/en\/produit\/542-mosstone\/#primaryimage","url":"https:\/\/concept05design.com\/wp-content\/uploads\/2025\/08\/Copy-of-Copy-of-Your-paragraph-text-34.png","contentUrl":"https:\/\/concept05design.com\/wp-content\/uploads\/2025\/08\/Copy-of-Copy-of-Your-paragraph-text-34.png","width":640,"height":640},{"@type":"BreadcrumbList","@id":"https:\/\/concept05design.com\/en\/produit\/542-mosstone\/#breadcrumb","itemListElement":[{"@type":"ListItem","position":1,"name":"Accueil","item":"https:\/\/concept05design.com\/en\/"},{"@type":"ListItem","position":2,"name":"Shop","item":"https:\/\/concept05design.com\/shop\/"},{"@type":"ListItem","position":3,"name":"542 Mosstone"}]},{"@type":"WebSite","@id":"https:\/\/concept05design.com\/en\/#website","url":"https:\/\/concept05design.com\/en\/","name":"Concept 05 Design","description":"Du Concept \u00e0 la R\u00e9alit\u00e9 : Votre Vision, Notre Mission","potentialAction":[{"@type":"SearchAction","target":{"@type":"EntryPoint","urlTemplate":"https:\/\/concept05design.com\/en\/?s={search_term_string}"},"query-input":{"@type":"PropertyValueSpecification","valueRequired":true,"valueName":"search_term_string"}}],"inLanguage":"en-US"}]}},"_links":{"self":[{"href":"https:\/\/concept05design.com\/en\/wp-json\/wp\/v2\/product\/7077","targetHints":{"allow":["GET"]}}],"collection":[{"href":"https:\/\/concept05design.com\/en\/wp-json\/wp\/v2\/product"}],"about":[{"href":"https:\/\/concept05design.com\/en\/wp-json\/wp\/v2\/types\/product"}],"wp:featuredmedia":[{"embeddable":true,"href":"https:\/\/concept05design.com\/en\/wp-json\/wp\/v2\/media\/7076"}],"wp:attachment":[{"href":"https:\/\/concept05design.com\/en\/wp-json\/wp\/v2\/media?parent=7077"}],"wp:term":[{"taxonomy":"product_brand","embeddable":true,"href":"https:\/\/concept05design.com\/en\/wp-json\/wp\/v2\/product_brand?post=7077"},{"taxonomy":"product_cat","embeddable":true,"href":"https:\/\/concept05design.com\/en\/wp-json\/wp\/v2\/product_cat?post=7077"},{"taxonomy":"product_tag","embeddable":true,"href":"https:\/\/concept05design.com\/en\/wp-json\/wp\/v2\/product_tag?post=7077"}],"curies":[{"name":"wp","href":"https:\/\/api.w.org\/{rel}","templated":true}]}}